{"id":4250,"date":"2018-12-17T15:36:00","date_gmt":"2018-12-17T15:36:00","guid":{"rendered":"https:\/\/www.stvvalves.com\/?post_type=product&#038;p=4250"},"modified":"2025-02-17T18:19:17","modified_gmt":"2025-02-17T10:19:17","slug":"globe-valve-class-2500lb-f22-body-304-trim-flange-end","status":"publish","type":"product","link":"https:\/\/www.stvvalves.com\/fr\/products\/globe-valve-class-2500lb-f22-body-304-trim-flange-end\/","title":{"rendered":"Vanne \u00e0 soupape classe 2500LB, corps F22, garniture 304, extr\u00e9mit\u00e9 \u00e0 bride"},"content":{"rendered":"<p>Sp\u00e9cification des param\u00e8tres principaux\u00a0:<br \/>\nConception et fabrication conformes \u00e0 BS 5352, ANSI B16.34<\/p>\n<p>Les extr\u00e9mit\u00e9s de connexion sont conformes \u00e0\u00a0:<\/p>\n<p>1. Les extr\u00e9mit\u00e9s soud\u00e9es sont conformes \u00e0 la norme ANSI B16.11.<\/p>\n<p>2. Les extr\u00e9mit\u00e9s des vis sont conformes \u00e0 ANSI B1.20.1<\/p>\n<p>3. Les extr\u00e9mit\u00e9s soud\u00e9es bout \u00e0 bout sont conformes \u00e0 la norme ANSI B16.25.<\/p>\n<p>4. Les extr\u00e9mit\u00e9s \u00e0 bride sont conformes \u00e0 ANSI B16.5, JB79<\/p>\n<p>Test et inspection conformes \u00e0 :API 598<\/p>\n<p>Caract\u00e9ristiques de la structure\u00a0:\u00a0chapeau boulonn\u00e9, capot soud\u00e9, capot \u00e0 joint sous pression, vis et joug ext\u00e9rieurs<\/p>\n<p>Gamme de produits<\/p>\n<p>Mat\u00e9riau du corps : acier au carbone, acier inoxydable, acier alli\u00e9<\/p>\n<p>Diam\u00e8tre nominal\u00a0: 1\/2\u2033\uff5e2\u2033\uff08DN15~DN50\uff09<\/p>\n<p>Connexion d&#039;extr\u00e9mit\u00e9\u00a0: THR, SW, BW, RF, RTJ<\/p>\n<p>Plage de pression\u00a0: Classe 150 ~ 2\u00a0500 (PN16 ~ PN420)<\/p>\n<p>Temp\u00e9rature de fonctionnement\u00a0: -196 \u2103 ~ + 560 \u2103<\/p>\n<p>Fonctionnement\u00a0: Volant<\/p>\n<p><img loading=\"lazy\" decoding=\"async\" class=\"alignnone size-full wp-image-4251\" src=\"https:\/\/www.stvvalves.com\/wp-content\/uploads\/2018\/12\/globe-valve-class-2500lb-f22-body-304-trim-flange-end-DRAWING.jpg\" alt=\"\" width=\"2338\" height=\"1653\" srcset=\"https:\/\/www.stvvalves.com\/wp-content\/uploads\/2018\/12\/globe-valve-class-2500lb-f22-body-304-trim-flange-end-DRAWING.jpg 2338w, https:\/\/www.stvvalves.com\/wp-content\/uploads\/2018\/12\/globe-valve-class-2500lb-f22-body-304-trim-flange-end-DRAWING-600x424.jpg 600w, https:\/\/www.stvvalves.com\/wp-content\/uploads\/2018\/12\/globe-valve-class-2500lb-f22-body-304-trim-flange-end-DRAWING-300x212.jpg 300w, https:\/\/www.stvvalves.com\/wp-content\/uploads\/2018\/12\/globe-valve-class-2500lb-f22-body-304-trim-flange-end-DRAWING-768x543.jpg 768w, https:\/\/www.stvvalves.com\/wp-content\/uploads\/2018\/12\/globe-valve-class-2500lb-f22-body-304-trim-flange-end-DRAWING-1030x728.jpg 1030w, https:\/\/www.stvvalves.com\/wp-content\/uploads\/2018\/12\/globe-valve-class-2500lb-f22-body-304-trim-flange-end-DRAWING-1500x1061.jpg 1500w, https:\/\/www.stvvalves.com\/wp-content\/uploads\/2018\/12\/globe-valve-class-2500lb-f22-body-304-trim-flange-end-DRAWING-260x185.jpg 260w, https:\/\/www.stvvalves.com\/wp-content\/uploads\/2018\/12\/globe-valve-class-2500lb-f22-body-304-trim-flange-end-DRAWING-705x498.jpg 705w\" sizes=\"auto, (max-width: 2338px) 100vw, 2338px\" \/><\/p>","protected":false},"excerpt":{"rendered":"<p>Mod\u00e8le\u00a0: j41y-2500lb-F22<\/p>\n<p>Caract\u00e9ristiques de la structure du produit\u00a0:<br \/>\n1. Le produit est con\u00e7u et fabriqu\u00e9 selon les normes ANSIB16.34 et E101 et peut \u00eatre utilis\u00e9 avec des \u00e9quipements import\u00e9s.<br \/>\n2. La cavit\u00e9 de la valve adopte une structure d&#039;\u00e9tanch\u00e9it\u00e9 auto-serrante, et plus la pression interne de la cavit\u00e9 est \u00e9lev\u00e9e, meilleures sont les performances d&#039;\u00e9tanch\u00e9it\u00e9. Les extr\u00e9mit\u00e9s du tuyau de d\u00e9rivation sont au nombre de 4. La densit\u00e9 du disque de vanne et du si\u00e8ge de vanne<br \/>\nLe couvercle est en alliage dur \u00e0 base de cobalt stellite et la surface d&#039;\u00e9tanch\u00e9it\u00e9 est de 6. La profondeur de la bo\u00eete \u00e0 garniture du chapeau est raisonnable et la charge est ajout\u00e9e avec une inhibition de la corrosion.<br \/>\nL&#039;agent est fiable en termes d&#039;\u00e9tanch\u00e9it\u00e9 et le commutateur est stable.<br \/>\n7. La valve a une structure d&#039;\u00e9tanch\u00e9it\u00e9 sup\u00e9rieure pour garantir que la valve ne fuit pas \u00e0 l&#039;ext\u00e9rieur de la tige de valve lorsqu&#039;elle est ouverte.<br \/>\n8. L&#039;ouverture et la fermeture de la vanne d&#039;arr\u00eat \u00e9lectrique sont contr\u00f4l\u00e9es par un dispositif \u00e9lectrique, et le dispositif \u00e9lectrique est respectivement \u00e9quip\u00e9 d&#039;un moteur sp\u00e9cial, d&#039;un r\u00e9ducteur de vitesse et d&#039;un m\u00e9canisme de contr\u00f4le de couple.<br \/>\nCommande sur site, manuelle, m\u00e9canisme de commutation \u00e9lectrique. En plus des op\u00e9rations locales, une op\u00e9ration \u00e0 distance est \u00e9galement possible.<\/p>\n<p>STV Valve Technology Group Co., Ltd est un leader professionnel en Chine Vanne \u00e0 soupape 2500LB, Vanne \u00e0 soupape API 602, Vanne \u00e0 soupape en acier forg\u00e9, Vanne en acier forg\u00e9, Vanne \u00e0 soupape \u00e0 joint de pression, Vanne \u00e0 soupape F22, Fabricant de vanne \u00e0 globe \u00e0 bride de soudure de haute qualit\u00e9 et comp\u00e9titif. prix.<\/p>\n<p>Veuillez contacter notre sales@stvvalve.com pour d&#039;autres mat\u00e9riaux et d\u00e9tails.<\/p>\n<p>Feuille de dates\u00a0:<a href=\"https:\/\/www.stvvalves.com\/wp-content\/uploads\/2018\/12\/globe-valve-class-2500lb-f22-body-304-trim-flange-end-DRAWING.jpg\">Vanne \u00e0 soupape classe 2500LB, corps F22, garniture 304, extr\u00e9mit\u00e9 \u00e0 bride<\/a><\/p>","protected":false},"featured_media":4252,"template":"","meta":[],"product_brand":[],"product_cat":[64,45],"product_tag":[210,212,591,197,420,321,1017],"class_list":{"0":"post-4250","1":"product","2":"type-product","3":"status-publish","4":"has-post-thumbnail","6":"product_cat-foreged-steel-globe-valve","7":"product_cat-globe-valve","8":"product_tag-2500lb-globe-valve","9":"product_tag-api-602-globe-valve","10":"product_tag-f22-globe-valve","11":"product_tag-forged-steel-globe-valve","12":"product_tag-forged-steel-valve","13":"product_tag-pressure-seal-globe-valve","14":"product_tag-welding-flange-globe-valve","16":"first","17":"instock","18":"shipping-taxable","19":"product-type-simple"},"_links":{"self":[{"href":"https:\/\/www.stvvalves.com\/fr\/wp-json\/wp\/v2\/product\/4250","targetHints":{"allow":["GET"]}}],"collection":[{"href":"https:\/\/www.stvvalves.com\/fr\/wp-json\/wp\/v2\/product"}],"about":[{"href":"https:\/\/www.stvvalves.com\/fr\/wp-json\/wp\/v2\/types\/product"}],"wp:featuredmedia":[{"embeddable":true,"href":"https:\/\/www.stvvalves.com\/fr\/wp-json\/wp\/v2\/media\/4252"}],"wp:attachment":[{"href":"https:\/\/www.stvvalves.com\/fr\/wp-json\/wp\/v2\/media?parent=4250"}],"wp:term":[{"taxonomy":"product_brand","embeddable":true,"href":"https:\/\/www.stvvalves.com\/fr\/wp-json\/wp\/v2\/product_brand?post=4250"},{"taxonomy":"product_cat","embeddable":true,"href":"https:\/\/www.stvvalves.com\/fr\/wp-json\/wp\/v2\/product_cat?post=4250"},{"taxonomy":"product_tag","embeddable":true,"href":"https:\/\/www.stvvalves.com\/fr\/wp-json\/wp\/v2\/product_tag?post=4250"}],"curies":[{"name":"wp","href":"https:\/\/api.w.org\/{rel}","templated":true}]}}