{"id":4254,"date":"2018-12-18T02:46:04","date_gmt":"2018-12-18T02:46:04","guid":{"rendered":"https:\/\/www.stvvalves.com\/?post_type=product&#038;p=4254"},"modified":"2025-02-17T18:19:18","modified_gmt":"2025-02-17T10:19:18","slug":"316-thin-wafer-ball-valve-with-iso-direct-mounting-pad-pn16-flange-end","status":"publish","type":"product","link":"https:\/\/www.stvvalves.com\/fr\/products\/316-thin-wafer-ball-valve-with-iso-direct-mounting-pad-pn16-flange-end\/","title":{"rendered":"Robinet \u00e0 boisseau sph\u00e9rique mince 316 avec support de montage direct ISO, PN16, extr\u00e9mit\u00e9 de bride"},"content":{"rendered":"<p>Norme de conception\u00a0: ASME B16.34\/API 608<br \/>\nExtr\u00e9mit\u00e9s \u00e0 bride\u00a0: ANSI B16.5 JIS B2220 BS 4504 DIN2543<br \/>\nFace \u00e0 face\u00a0: ANSI B16.10 JIS B2002<br \/>\nSupport de montage\u00a0: ISO5211<br \/>\nFace \u00e0 face\u00a0: ANSI B16.10 JIS B2002<br \/>\nConception s\u00e9curis\u00e9e contre le feu\u00a0: API607<br \/>\nPression de service\u00a0: PN16\/PN25\/PN40\/PN63<br \/>\nAl\u00e9sage du r\u00e9ducteur standard<br \/>\nTaille: 1\/2 pouces-8 pouces<br \/>\nMat\u00e9riel\u00a0:\u00a0CF8(SS304)\/CF8M(SS316)\/CF3M(SS316L)\/WCB<br \/>\nCorps en acier forg\u00e9 ou en moulage de pr\u00e9cision<br \/>\nTemp\u00e9rature appropri\u00e9e\u00a0: \uff1c150 \u2103 (PPL \uff1c300 \u2103)<br \/>\nMilieu appropri\u00e9\u00a0: eau, gaz, huile, acide nitrique, acide ac\u00e9tique, etc.<br \/>\nExtr\u00e9mit\u00e9s filet\u00e9es\u00a0: BSPT.NPT.DIN2999.ISO 228\/1&amp;ISO\/1<br \/>\nInspection et tests\u00a0: API598<br \/>\nOptions : Dispositif de verrouillage disponible<\/p>\n<p>&nbsp;<\/p>\n<table>\n<tbody>\n<tr>\n<td width=\"200\"><strong>Nom du produit<\/strong><\/td>\n<td width=\"481\">Robinet \u00e0 boisseau sph\u00e9rique mince 316 avec support de montage direct ISO, PN16, extr\u00e9mit\u00e9 de bride<\/td>\n<\/tr>\n<tr>\n<td width=\"200\">1. Mat\u00e9riel<\/td>\n<td width=\"481\">316<\/td>\n<\/tr>\n<tr>\n<td width=\"200\">2. Taille<\/td>\n<td width=\"481\">1&quot;<\/td>\n<\/tr>\n<tr>\n<td width=\"200\">4. Port<\/td>\n<td width=\"481\">\u00a0Port r\u00e9ducteur<\/td>\n<\/tr>\n<tr>\n<td width=\"200\">5. Pression de travail<\/td>\n<td width=\"481\">PN16<\/td>\n<\/tr>\n<tr>\n<td width=\"200\">6. Fin de la connexion<\/td>\n<td width=\"481\">RF<\/td>\n<\/tr>\n<tr>\n<td width=\"200\">7. Temp\u00e9rature de travail.<\/td>\n<td width=\"481\">-29~120\u00baC,<\/td>\n<\/tr>\n<tr>\n<td width=\"200\">8. Support appropri\u00e9<\/td>\n<td width=\"481\">Eau, gaz naturel, p\u00e9trole et certains liquides corrosifs<\/td>\n<\/tr>\n<tr>\n<td width=\"200\">9. Exploit\u00e9<\/td>\n<td width=\"481\">Volant<\/td>\n<\/tr>\n<tr>\n<td width=\"200\">10. Inspection et tests<\/td>\n<td width=\"481\">Selon API 598<\/td>\n<\/tr>\n<tr>\n<td width=\"200\"><strong>Exp\u00e9dition<\/strong><\/td>\n<td width=\"481\"><\/td>\n<\/tr>\n<tr>\n<td width=\"200\">D\u00e9lai de livraison<\/td>\n<td width=\"481\">30 jours<\/td>\n<\/tr>\n<tr>\n<td width=\"200\">Emballer<\/td>\n<td width=\"481\">Caisse en contreplaqu\u00e9 d&#039;exportation standard<\/td>\n<\/tr>\n<tr>\n<td width=\"200\">Port d&#039;exp\u00e9dition<\/td>\n<td width=\"481\">Ningbo\/Shanghai, Chine<\/td>\n<\/tr>\n<tr>\n<td width=\"200\">Conditions d&#039;exp\u00e9dition<\/td>\n<td width=\"481\">Exw, FOB, CFR, CIF, etc.<\/td>\n<\/tr>\n<tr>\n<td width=\"200\">Modalit\u00e9s de paiement<\/td>\n<td width=\"481\">T\/T, Western Union, PayPal, etc.<\/td>\n<\/tr>\n<tr>\n<td width=\"200\"><\/td>\n<td width=\"481\">Pr\u00e9paiement 30%, solde 70% pay\u00e9 avant l&#039;exp\u00e9dition<\/td>\n<\/tr>\n<tr>\n<td width=\"200\">Pays d&#039;origine<\/td>\n<td width=\"481\">Ville de Wenzhou, Chine<\/td>\n<\/tr>\n<tr>\n<td width=\"200\">Capacit\u00e9 de production<\/td>\n<td width=\"481\">6000 tonnes\/an<\/td>\n<\/tr>\n<tr>\n<td width=\"200\">MOQ<\/td>\n<td width=\"481\">10 pi\u00e8ces\/taille<\/td>\n<\/tr>\n<\/tbody>\n<\/table>","protected":false},"excerpt":{"rendered":"<p>Mod\u00e8le\u00a0: Q71F-PN16-DN80<\/p>\n<p>Notre robinet \u00e0 tournant sph\u00e9rique de type plaquette est con\u00e7u pour \u00eatre utilis\u00e9<br \/>\ndans un syst\u00e8me de canalisations compact, o\u00f9 les espaces, le poids et la facilit\u00e9 de<br \/>\nl&#039;installation sont des questions prioritaires. \u00e7a a la m\u00eame chose<br \/>\ncaract\u00e9ristiques comme les autres robinets \u00e0 tournant sph\u00e9rique monocorps, y compris une conception ignifuge et<br \/>\nla conception standard de la tige anti-\u00e9ruption.<br \/>\nLa conception du support de montage ISO 5211 permet \u00e9galement<br \/>\npour se connecter parfaitement aux produits d&#039;automatisation de vannes<br \/>\nDans la situation o\u00f9 le syst\u00e8me de canalisation est compact, la longueur r\u00e9duite du corps de vanne non seulement<br \/>\nFournit une distance plus courte, il diminue \u00e9galement le poids de la valve de<br \/>\nmaximum de 40 pouces par rapport aux autres extr\u00e9mit\u00e9s de bride conventionnelles<br \/>\nrobinet \u00e0 tournant sph\u00e9rique monocorps. La vanne peut \u00eatre install\u00e9e sur un syst\u00e8me de canalisation<br \/>\nsans aucun support suppl\u00e9mentaire, quelle que soit la longueur du pipeline. L&#039;unit\u00e9<br \/>\nla conception du corps \u00e9vite l&#039;utilisation de faces de joint inutiles et, par cons\u00e9quent,<br \/>\n\u00e9limine la possibilit\u00e9 de fuite du corps de la vanne.<br \/>\nSemblable \u00e0 d&#039;autres robinets \u00e0 tournant sph\u00e9rique uni-corps, il offre une conception ignifuge en option pour r\u00e9duire les fuites.<br \/>\nprobl\u00e8me caus\u00e9 par un incendie. Le but de cette conception est tel que le<br \/>\nla vanne peut toujours maintenir son fonctionnement apr\u00e8s un incendie ayant endommag\u00e9 le PTFE souple<br \/>\nsi\u00e8ge. La bille de vanne usin\u00e9e avec pr\u00e9cision entre alors en contact avec<br \/>\nle contact m\u00e9tallique ou la l\u00e8vre, et forme un nouveau joint m\u00e9tal sur m\u00e9tal.<br \/>\nTous les robinets \u00e0 tournant sph\u00e9rique de type plaquette sont \u00e9quip\u00e9s d&#039;un syst\u00e8me anti-\u00e9ruption<br \/>\nconception pour la tige. La tige charg\u00e9e et auto-ajustable a \u00e9t\u00e9<br \/>\ncon\u00e7u et fabriqu\u00e9 pour \u00eatre entour\u00e9 d&#039;un anneau en saillie<br \/>\nle corps de la tige. Cette conception sp\u00e9ciale permet \u00e0 la tige de rester dans le<br \/>\ncorps de vanne lors d&#039;une surpression se produit dans le syst\u00e8me de canalisation.<\/p>\n<p>STV Valve Technology Group Co., Ltd est un leader professionnel en Chine Robinet \u00e0 tournant sph\u00e9rique \u00e0 bride de type plaquette avec tampon ISO, robinet \u00e0 tournant sph\u00e9rique compact de type plaquette, robinet \u00e0 boisseau sph\u00e9rique mince, robinet \u00e0 boisseau sph\u00e9rique en acier inoxydable, robinet \u00e0 boisseau sph\u00e9rique avec coussinet de montage, robinet \u00e0 tournant sph\u00e9rique SS avec Patin de montage ISO, vente en gros de robinets \u00e0 tournant sph\u00e9rique \u00e0 coussinet de montage direct ISO, robinet \u00e0 boisseau sph\u00e9rique en acier inoxydable 304\/316 de Chine, fabricant chinois de coussinets de montage direct de robinet \u00e0 tournant sph\u00e9rique de haute qualit\u00e9 et \u00e0 prix comp\u00e9titif.<\/p>\n<p>Veuillez contacter notre sales@stvvalve.com pour d&#039;autres mat\u00e9riaux et d\u00e9tails.<\/p>\n<p>Feuille de dates\u00a0:<a href=\"http:\/\/316-thin-wafer-ball-valve-with-iso-direct-mounting-pad-pn16-flange-end-drawing\">Robinet \u00e0 boisseau sph\u00e9rique mince 316 avec support de montage direct ISO, PN16, extr\u00e9mit\u00e9 de bride<\/a><\/p>","protected":false},"featured_media":4257,"template":"","meta":[],"product_brand":[],"product_cat":[43,80,78,53],"product_tag":[166,424,423,422,427,421,429,428,426,425],"class_list":{"0":"post-4254","1":"product","2":"type-product","3":"status-publish","4":"has-post-thumbnail","6":"product_cat-ball-valve","7":"product_cat-flange-ball-valve","8":"product_cat-floating-ball-valve","9":"product_cat-stainless-steel-ball-valve","10":"product_tag-1-inch-ball-valve","11":"product_tag-ball-valve-direct-mounting-pad","12":"product_tag-china-stainless-steel-304-316-wafer-ball-valve","13":"product_tag-iso-direct-mounting-pad-ball-valve-wholesale","14":"product_tag-ss-ball-valve-with-iso-mounting-pad","15":"product_tag-wafer-ball-valve-with-mounting-pad","16":"product_tag-wafer-ball-valves-stainless-steel","17":"product_tag-wafer-thin-ball-valve","18":"product_tag-wafer-type-compact-ball-valve","19":"product_tag-wafer-type-flanged-ball-valve-with-iso-pad","21":"first","22":"instock","23":"shipping-taxable","24":"product-type-simple"},"_links":{"self":[{"href":"https:\/\/www.stvvalves.com\/fr\/wp-json\/wp\/v2\/product\/4254","targetHints":{"allow":["GET"]}}],"collection":[{"href":"https:\/\/www.stvvalves.com\/fr\/wp-json\/wp\/v2\/product"}],"about":[{"href":"https:\/\/www.stvvalves.com\/fr\/wp-json\/wp\/v2\/types\/product"}],"wp:featuredmedia":[{"embeddable":true,"href":"https:\/\/www.stvvalves.com\/fr\/wp-json\/wp\/v2\/media\/4257"}],"wp:attachment":[{"href":"https:\/\/www.stvvalves.com\/fr\/wp-json\/wp\/v2\/media?parent=4254"}],"wp:term":[{"taxonomy":"product_brand","embeddable":true,"href":"https:\/\/www.stvvalves.com\/fr\/wp-json\/wp\/v2\/product_brand?post=4254"},{"taxonomy":"product_cat","embeddable":true,"href":"https:\/\/www.stvvalves.com\/fr\/wp-json\/wp\/v2\/product_cat?post=4254"},{"taxonomy":"product_tag","embeddable":true,"href":"https:\/\/www.stvvalves.com\/fr\/wp-json\/wp\/v2\/product_tag?post=4254"}],"curies":[{"name":"wp","href":"https:\/\/api.w.org\/{rel}","templated":true}]}}