{"id":4263,"date":"2018-12-19T15:14:04","date_gmt":"2018-12-19T15:14:04","guid":{"rendered":"https:\/\/www.stvvalves.com\/?post_type=product&#038;p=4263"},"modified":"2025-02-27T15:09:05","modified_gmt":"2025-02-27T07:09:05","slug":"1500lb-pressure-seal-gate-valve-wc6-body-dn250-flange-end","status":"publish","type":"product","link":"https:\/\/www.stvvalves.com\/fr\/products\/1500lb-pressure-seal-gate-valve-wc6-body-dn250-flange-end\/","title":{"rendered":"Vanne \u00e0 vanne \u00e0 joint de pression 1500LB, corps WC6, DN250, extr\u00e9mit\u00e9 de bride"},"content":{"rendered":"<p>Conception et fabrication\u00a0:\u00a0vanne \u00e0 vanne en acier moul\u00e9 selon API 600 (16.34)<\/p>\n<p>Inspection et test\u00a0: API598, API600 ou API 6D<br \/>\nASME B16.5 (pour NPS\u226424, ASME B 16.47 s\u00e9rie B, API 605, ASME B16.47 s\u00e9rie A, MSS SP-44 (pour NPS &gt; 24)<\/p>\n<p>Dimension d&#039;extr\u00e9mit\u00e9 BW \uff1a ASME B16.25<\/p>\n<p>Face \u00e0 face et bout \u00e0 bout \uff1a ASME B16.10<\/p>\n<p>Indices de pression et de temp\u00e9rature\u00a0:\u00a0ASME B16.34<\/p>\n<p>Gamme de produits<\/p>\n<p>Mat\u00e9riau du corps : acier au carbone, acier inoxydable, acier alli\u00e9<\/p>\n<p>Diam\u00e8tre nominal\u00a0: 2\u2033~36\u2033 (DN50~DN900)<\/p>\n<p>Connexion d&#039;extr\u00e9mit\u00e9\u00a0: RF, RTJ, BW<\/p>\n<p>Plage de pression\u00a0: Classe 150 ~ 2\u00a0500 (PN16 ~ PN420)<\/p>\n<p>Temp\u00e9rature de fonctionnement\u00a0: -29 \u2103 ~ + 560 \u2103<\/p>\n<p>Fonctionnement\u00a0: volant, engrenage, actionneur \u00e9lectrique, etc.<\/p>\n<p>&nbsp;<\/p>\n<table>\n<tbody>\n<tr>\n<td width=\"200\"><strong>Nom du produit<\/strong><\/td>\n<td width=\"481\">Vanne \u00e0 vanne \u00e0 joint de pression 1500LB, corps WC6, DN250, extr\u00e9mit\u00e9 de bride<\/td>\n<\/tr>\n<tr>\n<td width=\"200\">1. Mat\u00e9riel<\/td>\n<td width=\"481\">WC6<\/td>\n<\/tr>\n<tr>\n<td width=\"200\">2. Taille<\/td>\n<td width=\"481\">dix&quot;<\/td>\n<\/tr>\n<tr>\n<td width=\"200\">4. Port<\/td>\n<td width=\"481\">Port complet<\/td>\n<\/tr>\n<tr>\n<td width=\"200\">5. Pression de travail<\/td>\n<td width=\"481\">1 500 lb<\/td>\n<\/tr>\n<tr>\n<td width=\"200\">6. Fin de la connexion<\/td>\n<td width=\"481\">RF<\/td>\n<\/tr>\n<tr>\n<td width=\"200\">7. Temp\u00e9rature de travail.<\/td>\n<td width=\"481\">-29~520\u00baC,<\/td>\n<\/tr>\n<tr>\n<td width=\"200\">8. Support appropri\u00e9<\/td>\n<td width=\"481\">Eau, gaz naturel, p\u00e9trole et certains liquides corrosifs<\/td>\n<\/tr>\n<tr>\n<td width=\"200\">9. Exploit\u00e9<\/td>\n<td width=\"481\">Bo\u00eete de vitesses<\/td>\n<\/tr>\n<tr>\n<td width=\"200\">10. Inspection et tests<\/td>\n<td width=\"481\">Selon API598<\/td>\n<\/tr>\n<tr>\n<td width=\"200\"><strong>Exp\u00e9dition<\/strong><\/td>\n<td width=\"481\"><\/td>\n<\/tr>\n<tr>\n<td width=\"200\">D\u00e9lai de livraison<\/td>\n<td width=\"481\">30 jours<\/td>\n<\/tr>\n<tr>\n<td width=\"200\">Emballer<\/td>\n<td width=\"481\">Caisse en contreplaqu\u00e9 d&#039;exportation standard<\/td>\n<\/tr>\n<tr>\n<td width=\"200\">Port d&#039;exp\u00e9dition<\/td>\n<td width=\"481\">Ningbo\/Shanghai, Chine<\/td>\n<\/tr>\n<tr>\n<td width=\"200\">Conditions d&#039;exp\u00e9dition<\/td>\n<td width=\"481\">Exw, FOB, CFR, CIF, etc.<\/td>\n<\/tr>\n<tr>\n<td width=\"200\">Modalit\u00e9s de paiement<\/td>\n<td width=\"481\">T\/T, Western Union, PayPal, etc.<\/td>\n<\/tr>\n<tr>\n<td width=\"200\"><\/td>\n<td width=\"481\">Pr\u00e9paiement 30%, solde 70% pay\u00e9 avant l&#039;exp\u00e9dition<\/td>\n<\/tr>\n<tr>\n<td width=\"200\">Pays d&#039;origine<\/td>\n<td width=\"481\">Ville de Wenzhou, Chine<\/td>\n<\/tr>\n<tr>\n<td width=\"200\">Capacit\u00e9 de production<\/td>\n<td width=\"481\">6000 tonnes\/an<\/td>\n<\/tr>\n<tr>\n<td width=\"200\">MOQ<\/td>\n<td width=\"481\">1 pi\u00e8ces\/taille<\/td>\n<\/tr>\n<\/tbody>\n<\/table>","protected":false},"excerpt":{"rendered":"<p>Mod\u00e8le\u00a0: Z541Y-1500LB-10\u2033-WC6<\/p>\n<p>Le robinet-vanne \u00e0 joint sous pression de 1 500 LB est principalement utilis\u00e9 dans les canalisations de la caserne de pompiers dans une vari\u00e9t\u00e9 de syst\u00e8mes, de canalisations coup\u00e9es ou connect\u00e9es. Milieu Applicable: eau, vapeur et autres milieux non corrosifs. Par rapport aux vannes de centrale \u00e9lectrique et \u00e0 d&#039;autres produits de vannes, ils se caract\u00e9risent par une temp\u00e9rature et une pression \u00e9lev\u00e9es, la conception unique \u00e0 joint automatique, plus la pression est \u00e9lev\u00e9e, et l&#039;\u00e9tanch\u00e9it\u00e9 est plus fiable. En raison des propri\u00e9t\u00e9s particuli\u00e8res des caract\u00e9ristiques techniques, les conditions de formation des produits ne peuvent pas \u00eatre remplac\u00e9es par d\u2019autres caract\u00e9ristiques du produit.<\/p>\n<p>Par rapport aux vannes de centrale \u00e9lectrique et \u00e0 d&#039;autres produits de vannes, elles se caract\u00e9risent par une temp\u00e9rature et une pression \u00e9lev\u00e9es, ne serait-ce que par la pression inf\u00e9rieure \u00e0 celle de la vanne commune, simplement par la temp\u00e9rature inf\u00e9rieure \u00e0 celle de la vanne commune. En raison des propri\u00e9t\u00e9s particuli\u00e8res des caract\u00e9ristiques techniques, les conditions de formation des produits ne peuvent pas \u00eatre remplac\u00e9es par d\u2019autres caract\u00e9ristiques du produit.<\/p>\n<p>STV Valve Technology Group Co., Ltd est un leader professionnel en Chine Vanne \u00e0 vanne \u00e0 joint de pression en acier moul\u00e9 de 1 500 lb, SOUPAPE \u00c0 PORTE EN ACIER FONTE 1 500 lb, Joint \u00e0 pression de vanne \u00e0 vanne en acier moul\u00e9 de 1 500 lb, Vanne \u00e0 vanne \u00e0 bride, Vanne \u00e0 vanne haute pression, Fabricant de vanne \u00e0 vanne \u00e0 joint de pression avec une haute qualit\u00e9 et un prix comp\u00e9titif.<\/p>\n<p>Veuillez contacter notre sales@stvvalve.com pour d&#039;autres mat\u00e9riaux et d\u00e9tails.<\/p>\n<p>Feuille de dates\u00a0:<a href=\"https:\/\/www.stvvalves.com\/wp-content\/uploads\/2018\/12\/1500lb-pressure-seal-gate-valve-wc6-body-dn250-flange-end-drawing.pdf\">Vanne \u00e0 vanne \u00e0 joint de pression 1500LB, corps WC6, DN250, extr\u00e9mit\u00e9 de bride<\/a><\/p>","protected":false},"featured_media":4264,"template":"","meta":[],"product_brand":[],"product_cat":[58,44],"product_tag":[435,437,436,224,195,352],"class_list":{"0":"post-4263","1":"product","2":"type-product","3":"status-publish","4":"has-post-thumbnail","6":"product_cat-cast-steel-gate-valve","7":"product_cat-gate-valve","8":"product_tag-1500lb-cast-steel-pressure-seal-gate-valve","9":"product_tag-cast-steel-gate-valve-1500lb","10":"product_tag-cast-steel-gate-valve-pressure-seal-1500-lb","11":"product_tag-flange-gate-valve","12":"product_tag-high-pressure-gate-valve","13":"product_tag-pressure-seal-gate-valve","15":"first","16":"instock","17":"featured","18":"shipping-taxable","19":"product-type-simple"},"_links":{"self":[{"href":"https:\/\/www.stvvalves.com\/fr\/wp-json\/wp\/v2\/product\/4263","targetHints":{"allow":["GET"]}}],"collection":[{"href":"https:\/\/www.stvvalves.com\/fr\/wp-json\/wp\/v2\/product"}],"about":[{"href":"https:\/\/www.stvvalves.com\/fr\/wp-json\/wp\/v2\/types\/product"}],"wp:featuredmedia":[{"embeddable":true,"href":"https:\/\/www.stvvalves.com\/fr\/wp-json\/wp\/v2\/media\/4264"}],"wp:attachment":[{"href":"https:\/\/www.stvvalves.com\/fr\/wp-json\/wp\/v2\/media?parent=4263"}],"wp:term":[{"taxonomy":"product_brand","embeddable":true,"href":"https:\/\/www.stvvalves.com\/fr\/wp-json\/wp\/v2\/product_brand?post=4263"},{"taxonomy":"product_cat","embeddable":true,"href":"https:\/\/www.stvvalves.com\/fr\/wp-json\/wp\/v2\/product_cat?post=4263"},{"taxonomy":"product_tag","embeddable":true,"href":"https:\/\/www.stvvalves.com\/fr\/wp-json\/wp\/v2\/product_tag?post=4263"}],"curies":[{"name":"wp","href":"https:\/\/api.w.org\/{rel}","templated":true}]}}