{"id":4272,"date":"2018-12-27T08:07:50","date_gmt":"2018-12-27T08:07:50","guid":{"rendered":"https:\/\/www.stvvalves.com\/?post_type=product&#038;p=4272"},"modified":"2025-02-17T18:19:12","modified_gmt":"2025-02-17T10:19:12","slug":"api-602-y-pattern-globe-valve-a105n-1-inch-2500-lb-sw-end","status":"publish","type":"product","link":"https:\/\/www.stvvalves.com\/fr\/products\/api-602-y-pattern-globe-valve-a105n-1-inch-2500-lb-sw-end\/","title":{"rendered":"Vanne \u00e0 soupape \u00e0 motif en Y API 602, A105N, 1 pouce, 2500 LB, extr\u00e9mit\u00e9 SW"},"content":{"rendered":"<p>Sp\u00e9cification des param\u00e8tres principaux<\/p>\n<p>Conception et fabrication conformes \u00e0 BS 5352, ANSI B16.34<\/p>\n<p>Les extr\u00e9mit\u00e9s de connexion sont conformes \u00e0\u00a0:<\/p>\n<p>1. Les extr\u00e9mit\u00e9s soud\u00e9es sont conformes \u00e0 la norme ANSI B16.11.<\/p>\n<p>2. Les extr\u00e9mit\u00e9s des vis sont conformes \u00e0 ANSI B1.20.1<\/p>\n<p>3..Les extr\u00e9mit\u00e9s soud\u00e9es bout \u00e0 bout sont conformes \u00e0 la norme ANSI B16.25<\/p>\n<p>Test et inspection conformes \u00e0 :API 598<\/p>\n<p>Caract\u00e9ristiques de la structure\u00a0:\u00a0chapeau boulonn\u00e9, capot soud\u00e9, capot \u00e0 joint sous pression, vis et joug ext\u00e9rieurs<\/p>\n<p>Gamme de produits<\/p>\n<p>Mat\u00e9riau du corps : acier au carbone, acier inoxydable, acier alli\u00e9<\/p>\n<p>Diam\u00e8tre nominal\u00a0: 1\/2\u2033\uff5e2\u2033\uff08DN15~DN50\uff09<\/p>\n<p>Connexion d&#039;extr\u00e9mit\u00e9\u00a0: BW, RF, RTJ<\/p>\n<p>Plage de pression\u00a0: Classe 150 ~ 2\u00a0500 (PN16 ~ PN420)<\/p>\n<p>Temp\u00e9rature de fonctionnement\u00a0: -196 \u2103 ~ + 560 \u2103<\/p>\n<p>Fonctionnement\u00a0: Volant<\/p>\n<p><img loading=\"lazy\" decoding=\"async\" class=\"alignnone size-full wp-image-4275\" src=\"https:\/\/www.stvvalves.com\/wp-content\/uploads\/2018\/12\/api-602-y-pattern-globe-valve-a105n-1-inch-2500-lb-sw-end-DRAWING.jpg\" alt=\"\" width=\"2339\" height=\"1654\" srcset=\"https:\/\/www.stvvalves.com\/wp-content\/uploads\/2018\/12\/api-602-y-pattern-globe-valve-a105n-1-inch-2500-lb-sw-end-DRAWING.jpg 2339w, https:\/\/www.stvvalves.com\/wp-content\/uploads\/2018\/12\/api-602-y-pattern-globe-valve-a105n-1-inch-2500-lb-sw-end-DRAWING-600x424.jpg 600w, https:\/\/www.stvvalves.com\/wp-content\/uploads\/2018\/12\/api-602-y-pattern-globe-valve-a105n-1-inch-2500-lb-sw-end-DRAWING-300x212.jpg 300w, https:\/\/www.stvvalves.com\/wp-content\/uploads\/2018\/12\/api-602-y-pattern-globe-valve-a105n-1-inch-2500-lb-sw-end-DRAWING-768x543.jpg 768w, https:\/\/www.stvvalves.com\/wp-content\/uploads\/2018\/12\/api-602-y-pattern-globe-valve-a105n-1-inch-2500-lb-sw-end-DRAWING-1030x728.jpg 1030w, https:\/\/www.stvvalves.com\/wp-content\/uploads\/2018\/12\/api-602-y-pattern-globe-valve-a105n-1-inch-2500-lb-sw-end-DRAWING-1500x1061.jpg 1500w, https:\/\/www.stvvalves.com\/wp-content\/uploads\/2018\/12\/api-602-y-pattern-globe-valve-a105n-1-inch-2500-lb-sw-end-DRAWING-260x185.jpg 260w, https:\/\/www.stvvalves.com\/wp-content\/uploads\/2018\/12\/api-602-y-pattern-globe-valve-a105n-1-inch-2500-lb-sw-end-DRAWING-705x499.jpg 705w\" sizes=\"auto, (max-width: 2339px) 100vw, 2339px\" \/><\/p>","protected":false},"excerpt":{"rendered":"<p>Mod\u00e8le\u00a0: PJ65Y-2500LB-A105N<\/p>\n<p>Notre vanne \u00e0 soupape \u00e0 motif en Y API 602 convient principalement \u00e0 divers tuyaux de syst\u00e8me de centrales thermiques, coupant ou connectant le fluide du pipeline. Support applicable. Les vannes par rapport aux fluides non corrosifs tels que les vapeurs d&#039;acier forg\u00e9 se caract\u00e9risent par une temp\u00e9rature \u00e9lev\u00e9e, une temp\u00e9rature \u00e9lev\u00e9e et une pression \u00e9lev\u00e9e par rapport \u00e0 d&#039;autres produits. La pression de conception auto-obturante unique est plus \u00e9lev\u00e9e et l&#039;\u00e9tanch\u00e9it\u00e9 est de plus en plus grande. En raison des caract\u00e9ristiques techniques de performance, les conditions particuli\u00e8res des conditions de travail font que le produit constitue \u00e9galement une caract\u00e9ristique qui ne peut pas \u00eatre remplac\u00e9e par d&#039;autres produits.<\/p>\n<p>Il existe trois types de conception de joint de corps de robinet \u00e0 soupape en acier forg\u00e9 en Y \u00e0 soudage par embo\u00eetement.<br \/>\n1. Type de capot \u00e0 boulon. Le corps de vanne con\u00e7u selon ce formulaire de connexion est reli\u00e9 au couvercle de vanne par des boulons.<br \/>\nL&#039;utilisation d&#039;un joint d&#039;\u00e9tanch\u00e9it\u00e9 enroul\u00e9 pr\u00e9sente l&#039;avantage de faciliter l&#039;entretien en cours d&#039;utilisation ;<br \/>\n2. Type de capot de soudage. Le corps de vanne et le couvercle de vanne sont tous soud\u00e9s et scell\u00e9s selon la vanne con\u00e7ue dans ce formulaire de connexion.<br \/>\nL\u2019avantage est l\u2019absence de fuite externe\u00a0;<br \/>\n3. Type de capot \u00e0 joint sous pression. Le corps de vanne con\u00e7u selon ce formulaire de connexion est reli\u00e9 au couvercle de vanne et \u00e0 l&#039;escargot.<br \/>\nLa pression interne est scell\u00e9e \u00e0 partir de la bague d&#039;\u00e9tanch\u00e9it\u00e9, et l&#039;avantage est que plus la pression interne est \u00e9lev\u00e9e, meilleures sont les performances d&#039;\u00e9tanch\u00e9it\u00e9.<br \/>\nVous pouvez choisir notre vanne en acier forg\u00e9 en fonction de la situation r\u00e9elle.<\/p>\n<p>Veuillez contacter notre sales@stvvalve.com pour d&#039;autres mat\u00e9riaux et plus de d\u00e9tails.<\/p>\n<p>Feuille de dates\u00a0:<a href=\"http:\/\/api-602-y-pattern-globe-valve-a105n-1-inch-2500-lb-sw-end-DRAWING\">Vanne \u00e0 soupape \u00e0 motif en Y API 602, A105N, 1 pouce, 2500 LB, extr\u00e9mit\u00e9 SW<\/a><\/p>","protected":false},"featured_media":4273,"template":"","meta":[],"product_brand":[],"product_cat":[64,45],"product_tag":[448,450,452,451,449],"class_list":{"0":"post-4272","1":"product","2":"type-product","3":"status-publish","4":"has-post-thumbnail","6":"product_cat-foreged-steel-globe-valve","7":"product_cat-globe-valve","8":"product_tag-api-602-forged-valves","9":"product_tag-china-api-602-y-type-globe-valve","10":"product_tag-forged-steel-y-globe-valve","11":"product_tag-sw-forged-y-globe-valve","12":"product_tag-y-pattern-globe-valves","14":"first","15":"instock","16":"shipping-taxable","17":"product-type-simple"},"_links":{"self":[{"href":"https:\/\/www.stvvalves.com\/fr\/wp-json\/wp\/v2\/product\/4272","targetHints":{"allow":["GET"]}}],"collection":[{"href":"https:\/\/www.stvvalves.com\/fr\/wp-json\/wp\/v2\/product"}],"about":[{"href":"https:\/\/www.stvvalves.com\/fr\/wp-json\/wp\/v2\/types\/product"}],"wp:featuredmedia":[{"embeddable":true,"href":"https:\/\/www.stvvalves.com\/fr\/wp-json\/wp\/v2\/media\/4273"}],"wp:attachment":[{"href":"https:\/\/www.stvvalves.com\/fr\/wp-json\/wp\/v2\/media?parent=4272"}],"wp:term":[{"taxonomy":"product_brand","embeddable":true,"href":"https:\/\/www.stvvalves.com\/fr\/wp-json\/wp\/v2\/product_brand?post=4272"},{"taxonomy":"product_cat","embeddable":true,"href":"https:\/\/www.stvvalves.com\/fr\/wp-json\/wp\/v2\/product_cat?post=4272"},{"taxonomy":"product_tag","embeddable":true,"href":"https:\/\/www.stvvalves.com\/fr\/wp-json\/wp\/v2\/product_tag?post=4272"}],"curies":[{"name":"wp","href":"https:\/\/api.w.org\/{rel}","templated":true}]}}