{"id":4278,"date":"2018-12-27T15:09:26","date_gmt":"2018-12-27T15:09:26","guid":{"rendered":"https:\/\/www.stvvalves.com\/?post_type=product&#038;p=4278"},"modified":"2025-02-17T18:19:11","modified_gmt":"2025-02-17T10:19:11","slug":"api-602-forged-steel-globe-valve-800lb-butt-weld-end-2","status":"publish","type":"product","link":"https:\/\/www.stvvalves.com\/fr\/products\/api-602-forged-steel-globe-valve-800lb-butt-weld-end-2\/","title":{"rendered":"Robinet \u00e0 soupape en acier forg\u00e9 API 602, 800 LB, extr\u00e9mit\u00e9 soud\u00e9e bout \u00e0 bout"},"content":{"rendered":"<p>Sp\u00e9cification des param\u00e8tres principaux<\/p>\n<p>Conception et fabrication conformes \u00e0 BS 5352, ANSI B16.34<\/p>\n<p>Les extr\u00e9mit\u00e9s de connexion sont conformes \u00e0\u00a0:<\/p>\n<p>1. Les extr\u00e9mit\u00e9s soud\u00e9es sont conformes \u00e0 la norme ANSI B16.11.<\/p>\n<p>2. Les extr\u00e9mit\u00e9s des vis sont conformes \u00e0 ANSI B1.20.1<\/p>\n<p>3..Les extr\u00e9mit\u00e9s soud\u00e9es bout \u00e0 bout sont conformes \u00e0 la norme ANSI B16.25<\/p>\n<p>Test et inspection conformes \u00e0 :API 598<\/p>\n<p>Caract\u00e9ristiques de la structure\u00a0:\u00a0chapeau boulonn\u00e9, capot soud\u00e9, capot \u00e0 joint sous pression, vis et joug ext\u00e9rieurs<\/p>\n<p>Gamme de produits<\/p>\n<p>Mat\u00e9riau du corps : acier au carbone, acier inoxydable, acier alli\u00e9<\/p>\n<p>Diam\u00e8tre nominal\u00a0: 1\/2\u2033\uff5e2\u2033\uff08DN15~DN50\uff09<\/p>\n<p>Connexion d&#039;extr\u00e9mit\u00e9\u00a0: BW, RF, RTJ<\/p>\n<p>Plage de pression\u00a0: Classe 150 ~ 2\u00a0500 (PN16 ~ PN420)<\/p>\n<p>Temp\u00e9rature de fonctionnement\u00a0: -196 \u2103 ~ + 560 \u2103<\/p>\n<p>Fonctionnement\u00a0: Volant<\/p>\n<p>&nbsp;<\/p>\n<p><img loading=\"lazy\" decoding=\"async\" class=\"alignnone size-full wp-image-4285\" src=\"https:\/\/www.stvvalves.com\/wp-content\/uploads\/2018\/12\/api-602-forged-steel-globe-valve-800lb-butt-weld-end-drawing.jpg\" alt=\"\" width=\"2339\" height=\"1653\" srcset=\"https:\/\/www.stvvalves.com\/wp-content\/uploads\/2018\/12\/api-602-forged-steel-globe-valve-800lb-butt-weld-end-drawing.jpg 2339w, https:\/\/www.stvvalves.com\/wp-content\/uploads\/2018\/12\/api-602-forged-steel-globe-valve-800lb-butt-weld-end-drawing-600x424.jpg 600w, https:\/\/www.stvvalves.com\/wp-content\/uploads\/2018\/12\/api-602-forged-steel-globe-valve-800lb-butt-weld-end-drawing-300x212.jpg 300w, https:\/\/www.stvvalves.com\/wp-content\/uploads\/2018\/12\/api-602-forged-steel-globe-valve-800lb-butt-weld-end-drawing-768x543.jpg 768w, https:\/\/www.stvvalves.com\/wp-content\/uploads\/2018\/12\/api-602-forged-steel-globe-valve-800lb-butt-weld-end-drawing-1030x728.jpg 1030w, https:\/\/www.stvvalves.com\/wp-content\/uploads\/2018\/12\/api-602-forged-steel-globe-valve-800lb-butt-weld-end-drawing-1500x1060.jpg 1500w, https:\/\/www.stvvalves.com\/wp-content\/uploads\/2018\/12\/api-602-forged-steel-globe-valve-800lb-butt-weld-end-drawing-260x185.jpg 260w, https:\/\/www.stvvalves.com\/wp-content\/uploads\/2018\/12\/api-602-forged-steel-globe-valve-800lb-butt-weld-end-drawing-705x498.jpg 705w\" sizes=\"auto, (max-width: 2339px) 100vw, 2339px\" \/><\/p>","protected":false},"excerpt":{"rendered":"<p>Fournisseurs de vannes \u00e0 soupape en acier forg\u00e9 API 602 de haute qualit\u00e9, entreprise, sur mesure, marques, Chine Grossistes de vannes \u00e0 soupape en acier forg\u00e9 API 602, prix, fabrication, vente en gros, promotions de vannes \u00e0 soupape en acier forg\u00e9 API 602, tout le monde a des pr\u00e9occupations particuli\u00e8res diff\u00e9rentes \u00e0 ce sujet, et ce que nous est de maximiser les exigences de produit de chaque client, c&#039;est pourquoi la qualit\u00e9 de notre robinet \u00e0 soupape en acier forg\u00e9 API 602 a \u00e9t\u00e9 bien accueillie par de nombreux clients et jouit d&#039;une bonne r\u00e9putation dans de nombreux pays. STV Valve Technology Group Co., Ltd propose des robinets \u00e0 soupape en acier forg\u00e9 API 602 avec une conception caract\u00e9ristique, des performances pratiques et un prix comp\u00e9titif.<\/p>\n<p>Veuillez contacter notre sales@stvvalve.com pour d&#039;autres mat\u00e9riaux et plus de d\u00e9tails.<\/p>\n<p>Feuille de dates\u00a0:<a href=\"https:\/\/www.stvvalves.com\/wp-content\/uploads\/2018\/12\/api-602-forged-steel-globe-valve-800lb-butt-weld-end-drawing.pdf\">Robinet \u00e0 soupape en acier forg\u00e9 API 602, 800 LB, extr\u00e9mit\u00e9 soud\u00e9e bout \u00e0 bout<\/a><\/p>","protected":false},"featured_media":4283,"template":"","meta":[],"product_brand":[],"product_cat":[64,45],"product_tag":[448,454,197,453],"class_list":{"0":"post-4278","1":"product","2":"type-product","3":"status-publish","4":"has-post-thumbnail","6":"product_cat-foreged-steel-globe-valve","7":"product_cat-globe-valve","8":"product_tag-api-602-forged-valves","9":"product_tag-china-forged-steel-globe-valve","10":"product_tag-forged-steel-globe-valve","11":"product_tag-forged-steel-globe-valves-ansi-class-800","13":"first","14":"instock","15":"shipping-taxable","16":"product-type-simple"},"_links":{"self":[{"href":"https:\/\/www.stvvalves.com\/fr\/wp-json\/wp\/v2\/product\/4278","targetHints":{"allow":["GET"]}}],"collection":[{"href":"https:\/\/www.stvvalves.com\/fr\/wp-json\/wp\/v2\/product"}],"about":[{"href":"https:\/\/www.stvvalves.com\/fr\/wp-json\/wp\/v2\/types\/product"}],"wp:featuredmedia":[{"embeddable":true,"href":"https:\/\/www.stvvalves.com\/fr\/wp-json\/wp\/v2\/media\/4283"}],"wp:attachment":[{"href":"https:\/\/www.stvvalves.com\/fr\/wp-json\/wp\/v2\/media?parent=4278"}],"wp:term":[{"taxonomy":"product_brand","embeddable":true,"href":"https:\/\/www.stvvalves.com\/fr\/wp-json\/wp\/v2\/product_brand?post=4278"},{"taxonomy":"product_cat","embeddable":true,"href":"https:\/\/www.stvvalves.com\/fr\/wp-json\/wp\/v2\/product_cat?post=4278"},{"taxonomy":"product_tag","embeddable":true,"href":"https:\/\/www.stvvalves.com\/fr\/wp-json\/wp\/v2\/product_tag?post=4278"}],"curies":[{"name":"wp","href":"https:\/\/api.w.org\/{rel}","templated":true}]}}