{"id":4298,"date":"2018-12-28T13:29:58","date_gmt":"2018-12-28T13:29:58","guid":{"rendered":"https:\/\/www.stvvalves.com\/?post_type=product&#038;p=4298"},"modified":"2025-02-17T18:19:14","modified_gmt":"2025-02-17T10:19:14","slug":"api-600-1500lb-pressure-seal-gate-valve-wcb-body-6-inch-bw-end","status":"publish","type":"product","link":"https:\/\/www.stvvalves.com\/fr\/products\/api-600-1500lb-pressure-seal-gate-valve-wcb-body-6-inch-bw-end\/","title":{"rendered":"Vanne \u00e0 vanne \u00e0 joint de pression API 600 1 500 LB, corps WCB, 6 pouces, extr\u00e9mit\u00e9 BW"},"content":{"rendered":"<p>Conception et fabrication\u00a0: Vanne \u00e0 vanne en acier moul\u00e9 selon API 600 (ISO 10434) \u3001 API 6D\u00a0; Vanne \u00e0 vanne en acier inoxydable moul\u00e9 selon API 603 \u3001 API 600<\/p>\n<p>Inspection et test\u00a0: API598, API600 ou API 6D<\/p>\n<p>Dimension de la bride d&#039;extr\u00e9mit\u00e9\u00a0: ASME B16.5 (pour NPS \u2264 24, ASME B 16.47 s\u00e9rie B, API 605, ASME B16.47 s\u00e9rie A, MSS SP-44 (pour NPS &gt; 24)<\/p>\n<p>Dimension d&#039;extr\u00e9mit\u00e9 BW \uff1a ASME B16.25<\/p>\n<p>Face \u00e0 face et bout \u00e0 bout \uff1a ASME B16.10<\/p>\n<p>Indices de pression et de temp\u00e9rature\u00a0:\u00a0ASME B16.34<\/p>\n<p>Gamme de produits<\/p>\n<p>Mat\u00e9riau du corps : acier au carbone, acier inoxydable, acier alli\u00e9<\/p>\n<p>Diam\u00e8tre nominal\u00a0: 2\u2033~36\u2033 (DN50~DN900)<\/p>\n<p>Connexion d&#039;extr\u00e9mit\u00e9\u00a0: RF, RTJ, BW<\/p>\n<p>Plage de pression\u00a0: Classe 150 ~ 2\u00a0500 (PN16 ~ PN420)<\/p>\n<p>Temp\u00e9rature de fonctionnement\u00a0: -29 \u2103 ~ + 560 \u2103<\/p>\n<p>Fonctionnement\u00a0: volant, engrenage, actionneur \u00e9lectrique, etc.<\/p>\n<p>&nbsp;<\/p>\n<table>\n<tbody>\n<tr>\n<td width=\"200\"><strong>Nom du produit<\/strong><\/td>\n<td width=\"481\">Vanne \u00e0 vanne \u00e0 joint de pression API 600 1 500 LB, corps WCB, 6 pouces, extr\u00e9mit\u00e9 BW<\/td>\n<\/tr>\n<tr>\n<td width=\"200\">1. Mat\u00e9riel<\/td>\n<td width=\"481\">WCB<\/td>\n<\/tr>\n<tr>\n<td width=\"200\">2. Taille<\/td>\n<td width=\"481\">6&quot;<\/td>\n<\/tr>\n<tr>\n<td width=\"200\">4. Port<\/td>\n<td width=\"481\">Port complet<\/td>\n<\/tr>\n<tr>\n<td width=\"200\">5. Pression de travail<\/td>\n<td width=\"481\">1 500 lb<\/td>\n<\/tr>\n<tr>\n<td width=\"200\">6. Fin de la connexion<\/td>\n<td width=\"481\">PC<\/td>\n<\/tr>\n<tr>\n<td width=\"200\">7. Temp\u00e9rature de travail.<\/td>\n<td width=\"481\">-29~425\u00baC,<\/td>\n<\/tr>\n<tr>\n<td width=\"200\">8. Support appropri\u00e9<\/td>\n<td width=\"481\">Eau, gaz naturel, p\u00e9trole et certains liquides corrosifs<\/td>\n<\/tr>\n<tr>\n<td width=\"200\">9. Exploit\u00e9<\/td>\n<td width=\"481\">Bo\u00eete de vitesses<\/td>\n<\/tr>\n<tr>\n<td width=\"200\">10. Inspection et tests<\/td>\n<td width=\"481\">Selon API598<\/td>\n<\/tr>\n<tr>\n<td width=\"200\"><strong>Exp\u00e9dition<\/strong><\/td>\n<td width=\"481\"><\/td>\n<\/tr>\n<tr>\n<td width=\"200\">D\u00e9lai de livraison<\/td>\n<td width=\"481\">30 jours<\/td>\n<\/tr>\n<tr>\n<td width=\"200\">Emballer<\/td>\n<td width=\"481\">Caisse en contreplaqu\u00e9 d&#039;exportation standard<\/td>\n<\/tr>\n<tr>\n<td width=\"200\">Port d&#039;exp\u00e9dition<\/td>\n<td width=\"481\">Ningbo\/Shanghai, Chine<\/td>\n<\/tr>\n<tr>\n<td width=\"200\">Conditions d&#039;exp\u00e9dition<\/td>\n<td width=\"481\">Exw, FOB, CFR, CIF, etc.<\/td>\n<\/tr>\n<tr>\n<td width=\"200\">Modalit\u00e9s de paiement<\/td>\n<td width=\"481\">T\/T, Western Union, PayPal, etc.<\/td>\n<\/tr>\n<tr>\n<td width=\"200\"><\/td>\n<td width=\"481\">Pr\u00e9paiement 30%, solde 70% pay\u00e9 avant l&#039;exp\u00e9dition<\/td>\n<\/tr>\n<tr>\n<td width=\"200\">Pays d&#039;origine<\/td>\n<td width=\"481\">Ville de Wenzhou, Chine<\/td>\n<\/tr>\n<tr>\n<td width=\"200\">Capacit\u00e9 de production<\/td>\n<td width=\"481\">6000 tonnes\/an<\/td>\n<\/tr>\n<tr>\n<td width=\"200\">MOQ<\/td>\n<td width=\"481\">1 pi\u00e8ces\/taille<\/td>\n<\/tr>\n<\/tbody>\n<\/table>","protected":false},"excerpt":{"rendered":"<p>Mod\u00e8le\u00a0: Z61Y-1500LB-WCB-6<br \/>\nLe robinet-vanne \u00e0 joint sous pression API 600 de 1 500 LB est conforme \u00e0 la norme API 600. Les robinets-vannes \u00e0 joint haute pression ont une belle forme, une structure compacte et une \u00e9tanch\u00e9it\u00e9 fiable. Valve pour les diff\u00e9rents tubes Classe 900 lb-Classe 2500 lb sur la route. La vanne auto-obturante haute pression pr\u00e9sente les avantages suivants\u00a0:<br \/>\nLes vannes d&#039;\u00e9tanch\u00e9it\u00e9 \u00e0 pression sont con\u00e7ues pour un service \u00e0 haute temp\u00e9rature et haute pression et sont largement utilis\u00e9es dans les centrales \u00e9lectriques \u00e0 combustibles fossiles. Par rapport aux vannes \u00e0 joint de chapeau boulonn\u00e9,<br \/>\nil assure une \u00e9tanch\u00e9it\u00e9 absolument fiable du joint du chapeau, de sorte que les vannes d&#039;\u00e9tanch\u00e9it\u00e9 \u00e0 pression soient plus compactes et rigides ainsi qu&#039;une maintenance rentable \u00e0 haute temp\u00e9rature et haute pression.<\/p>\n<p>Ce type de vanne \u00e0 vanne se caract\u00e9rise non seulement par une structure simple et une utilisation fiable, mais est \u00e9galement capable de cr\u00e9er une l\u00e9g\u00e8re d\u00e9formation flexible pour compenser la d\u00e9viation de l&#039;angle de la face d&#039;\u00e9tanch\u00e9it\u00e9 g\u00e9n\u00e9r\u00e9e pendant le traitement, am\u00e9liorant ainsi les performances du processus. De plus, la surface du joint du si\u00e8ge et du disque de porte est recouverte d&#039;un alliage \u00e0 base de fer, d&#039;un alliage \u00e0 base de Co ou d&#039;un alliage de carbure pour une longue dur\u00e9e.<br \/>\nSTV Valve Technology Group Co., Ltd est un leader professionnel en Chine Vanne \u00e0 vanne \u00e0 joint de pression, vanne \u00e0 vanne \u00e0 joint de pression WCB, vanne \u00e0 vanne \u00e0 joint de pression, vanne \u00e0 vanne \u00e0 joint de pression de 1 500 lb, fabricant de vanne \u00e0 vanne \u00e0 joint de pression BW de haute qualit\u00e9 et \u00e0 bas prix.<\/p>\n<p>Veuillez contacter notre sales@stvvalve.com pour d&#039;autres mat\u00e9riaux et d\u00e9tails.<\/p>\n<p>Feuille de dates\u00a0:<a href=\"https:\/\/www.stvvalves.com\/wp-content\/uploads\/2018\/12\/api-600-1500lb-pressure-seal-gate-valve-wcb-body-6-inch-bw-end-drawing.pdf\">Vanne \u00e0 vanne \u00e0 joint de pression API 600 1 500 LB, corps WCB, 6 pouces, extr\u00e9mit\u00e9 BW<\/a><\/p>\n<p>&nbsp;<\/p>","protected":false},"featured_media":4299,"template":"","meta":[],"product_brand":[],"product_cat":[58,44],"product_tag":[465,468,354,464,436,467,350,352,466],"class_list":{"0":"post-4298","1":"product","2":"type-product","3":"status-publish","4":"has-post-thumbnail","6":"product_cat-cast-steel-gate-valve","7":"product_cat-gate-valve","8":"product_tag-1500lb-pressure-seal-gate-valve","9":"product_tag-1500lb-psb-gate-valve","10":"product_tag-api-600-pressure-seal-gate-valves","11":"product_tag-bw-pressure-seal-gate-valve-manufacturer","12":"product_tag-cast-steel-gate-valve-pressure-seal-1500-lb","13":"product_tag-china-api-600-pressure-seal-bonnet-1500lb-gate-valve","14":"product_tag-china-pressure-seal-gate-valve","15":"product_tag-pressure-seal-gate-valve","16":"product_tag-wcb-pressure-seal-gate-valve","18":"first","19":"instock","20":"shipping-taxable","21":"product-type-simple"},"_links":{"self":[{"href":"https:\/\/www.stvvalves.com\/fr\/wp-json\/wp\/v2\/product\/4298","targetHints":{"allow":["GET"]}}],"collection":[{"href":"https:\/\/www.stvvalves.com\/fr\/wp-json\/wp\/v2\/product"}],"about":[{"href":"https:\/\/www.stvvalves.com\/fr\/wp-json\/wp\/v2\/types\/product"}],"wp:featuredmedia":[{"embeddable":true,"href":"https:\/\/www.stvvalves.com\/fr\/wp-json\/wp\/v2\/media\/4299"}],"wp:attachment":[{"href":"https:\/\/www.stvvalves.com\/fr\/wp-json\/wp\/v2\/media?parent=4298"}],"wp:term":[{"taxonomy":"product_brand","embeddable":true,"href":"https:\/\/www.stvvalves.com\/fr\/wp-json\/wp\/v2\/product_brand?post=4298"},{"taxonomy":"product_cat","embeddable":true,"href":"https:\/\/www.stvvalves.com\/fr\/wp-json\/wp\/v2\/product_cat?post=4298"},{"taxonomy":"product_tag","embeddable":true,"href":"https:\/\/www.stvvalves.com\/fr\/wp-json\/wp\/v2\/product_tag?post=4298"}],"curies":[{"name":"wp","href":"https:\/\/api.w.org\/{rel}","templated":true}]}}