{"id":4326,"date":"2019-01-01T09:40:19","date_gmt":"2019-01-01T09:40:19","guid":{"rendered":"https:\/\/www.stvvalves.com\/?post_type=product&#038;p=4326"},"modified":"2025-02-17T18:20:56","modified_gmt":"2025-02-17T10:20:56","slug":"api-600-1500lb-swing-check-valve-pressure-seal-bonnet-dn200-bw-end","status":"publish","type":"product","link":"https:\/\/www.stvvalves.com\/fr\/products\/api-600-1500lb-swing-check-valve-pressure-seal-bonnet-dn200-bw-end\/","title":{"rendered":"Clapet anti-retour \u00e0 battant API 600 1500LB, capot \u00e0 joint sous pression, DN200, extr\u00e9mit\u00e9 BW"},"content":{"rendered":"<p>Conception et fabrication\u00a0: clapet anti-retour en acier moul\u00e9 conforme \u00e0 BS 1868, ASME B16.34, API 6D<\/p>\n<p>Inspection et test\u00a0: API598, API600 ou API 6D<\/p>\n<p>Dimension de la bride d&#039;extr\u00e9mit\u00e9\u00a0: ASME B16.5 (pour NPS \u2264 24, ASME B 16.47 s\u00e9rie B, API 605, ASME B16.47 s\u00e9rie A, MSS SP-44 (pour NPS &gt; 24)<\/p>\n<p>Dimension d&#039;extr\u00e9mit\u00e9 BW \uff1a ASME B16.25<\/p>\n<p>Face \u00e0 face et bout \u00e0 bout \uff1a ASME B16.10<\/p>\n<p>Indices de pression et de temp\u00e9rature\u00a0:\u00a0ASME B16.34<\/p>\n<p>Dimension d&#039;\u00e9paisseur de paroi\u00a0: API 600,BS 1868<\/p>\n<p>Gamme de produits<\/p>\n<p>Mat\u00e9riau du corps\u00a0: WCB, LCB, LCC, CF8, CF8M, CF3, CF3M, A105, LF2, F11, F22, F5, F304, F316, F304L, F316L<\/p>\n<p>Diam\u00e8tre nominal\u00a0: 1\/2\u2033~48\u2033 (DN15~DN1200)<\/p>\n<p>Connexion d&#039;extr\u00e9mit\u00e9\u00a0: RF, RTJ, BW<\/p>\n<p>Plage de pression\u00a0: Classe 150 ~ 2\u00a0500 (PN16 ~ PN420)<\/p>\n<p>Temp\u00e9rature de fonctionnement\u00a0:\u00a0-196 \u2103 ~ + 560 \u2103<\/p>\n<p>&nbsp;<\/p>\n<table width=\"751\">\n<tbody>\n<tr>\n<td>Nom du produit\u00a0:<\/td>\n<td>Clapet anti-retour \u00e0 battant API 600 1500LB, capot \u00e0 joint sous pression, DN200, extr\u00e9mit\u00e9 BW<\/td>\n<\/tr>\n<tr>\n<td>1.Mat\u00e9riel:<\/td>\n<td>WCB<\/td>\n<\/tr>\n<tr>\n<td>2. Taille\u00a0:<\/td>\n<td>8\u2033<\/td>\n<\/tr>\n<tr>\n<td>3.Port\u00a0:<\/td>\n<td>COMPLET<\/td>\n<\/tr>\n<tr>\n<td>4. Temp\u00e9rature de fonctionnement\u00a0:<\/td>\n<td>-29 \u00b0C-425 \u00b0C<\/td>\n<\/tr>\n<tr>\n<td>5.Fin de connexion\u00a0:<\/td>\n<td>PC<\/td>\n<\/tr>\n<tr>\n<td>6. Pression de travail\u00a0:<\/td>\n<td>1500LB<\/td>\n<\/tr>\n<tr>\n<td>7. Support appropri\u00e9\u00a0:<\/td>\n<td>Eau, gaz naturel, p\u00e9trole et certains liquides corrosifs<\/td>\n<\/tr>\n<tr>\n<td>8.Exploit\u00e9\u00a0:<\/td>\n<td>\/<\/td>\n<\/tr>\n<tr>\n<td>9. Inspection et tests<\/td>\n<td>Selon API 598<\/td>\n<\/tr>\n<tr>\n<td>Certificat:<\/td>\n<td>OIN, CE\/API 6D<\/td>\n<\/tr>\n<tr>\n<td><strong>Exp\u00e9dition<\/strong><\/td>\n<td><\/td>\n<\/tr>\n<tr>\n<td>D\u00e9lai de livraison<\/td>\n<td>30 jours<\/td>\n<\/tr>\n<tr>\n<td>Emballer<\/td>\n<td>Caisse en contreplaqu\u00e9 d&#039;exportation standard<\/td>\n<\/tr>\n<tr>\n<td>Port d&#039;exp\u00e9dition<\/td>\n<td>Ningbo\/Shanghai, Chine<\/td>\n<\/tr>\n<tr>\n<td>Conditions d&#039;exp\u00e9dition<\/td>\n<td>Exw, FOB, CFR, CIF, etc.<\/td>\n<\/tr>\n<tr>\n<td>Modalit\u00e9s de paiement<\/td>\n<td>T\/T, Western Union, PayPal, etc.<\/td>\n<\/tr>\n<tr>\n<td><\/td>\n<td>Pr\u00e9paiement 30%, solde 70% pay\u00e9 avant l&#039;exp\u00e9dition<\/td>\n<\/tr>\n<tr>\n<td>Pays d&#039;origine<\/td>\n<td>Ville de Wenzhou, Chine<\/td>\n<\/tr>\n<tr>\n<td>Capacit\u00e9 de production<\/td>\n<td>6000 tonnes\/an<\/td>\n<\/tr>\n<tr>\n<td>MOQ<\/td>\n<td>10 pi\u00e8ces\/taille<\/td>\n<\/tr>\n<\/tbody>\n<\/table>","protected":false},"excerpt":{"rendered":"<p>Mod\u00e8le\u00a0: H64Y-1500LB-WCB-DN200<\/p>\n<p>Notre clapet anti-retour \u00e0 battant API 600 1500LB est con\u00e7u conform\u00e9ment aux normes BS1868 et ASME B16.34 pour un service \u00e0 haute temp\u00e9rature et haute pression et est largement utilis\u00e9 dans les centrales \u00e9lectriques \u00e0 combustibles fossiles. Par rapport aux vannes \u00e0 joint \u00e0 chapeau boulonn\u00e9, il offre une \u00e9tanch\u00e9it\u00e9 absolument fiable du joint de chapeau, de sorte que les vannes d&#039;\u00e9tanch\u00e9it\u00e9 \u00e0 pression soient plus compactes et rigides ainsi qu&#039;une maintenance rentable \u00e0 haute temp\u00e9rature et haute pression.<br \/>\nIl s&#039;agit d&#039;une vanne automatique lorsqu&#039;elle est automatiquement ouverte ou ferm\u00e9e par la force g\u00e9n\u00e9r\u00e9e par le fluide circulant dans le pipeline. Sa fonction principale est d&#039;emp\u00eacher le reflux du fluide dans la canalisation, la rotation inverse de la pompe et de son moteur d&#039;entra\u00eenement et l&#039;\u00e9vacuation du fluide dans le conteneur.<\/p>\n<p>STV Valve Technology Group Co., Ltd est un clapet anti-retour \u00e0 joint de pression en Chine, un clapet anti-retour \u00e0 joint de pression ANSI, un clapet anti-retour \u00e0 joint haute pression, un clapet anti-retour \u00e0 joint de pression en acier moul\u00e9, un clapet anti-retour \u00e0 joint de pression API 600, un fabricant de clapet anti-retour \u00e0 joint de pression en acier inoxydable avec une haute pression. qualit\u00e9 et prix bas, pour en savoir plus sur cette vanne, bienvenue \u00e0 contacter notre sales@stvvalve.com<br \/>\nFeuille de dates\u00a0:<br \/>\n<a href=\"https:\/\/www.stvvalves.com\/wp-content\/uploads\/2019\/01\/api-600-1500lb-swing-check-valve-pressure-seal-bonnet-dn200-bw-end-drawing.pdf\">Clapet anti-retour \u00e0 battant API 600 1500LB, capot \u00e0 joint sous pression, DN200, extr\u00e9mit\u00e9 BW<\/a><\/p>","protected":false},"featured_media":4332,"template":"","meta":[],"product_brand":[],"product_cat":[83,46],"product_tag":[485,487,488,486,489],"class_list":{"0":"post-4326","1":"product","2":"type-product","3":"status-publish","4":"has-post-thumbnail","6":"product_cat-cast-steel-check-valve","7":"product_cat-check-valves","8":"product_tag-1500lb-pressure-seal-swing-check-valve","9":"product_tag-api-600-pressure-seal-swing-check-valve","10":"product_tag-api-cast-steel-swing-check-valve","11":"product_tag-pressure-seal-swing-check-valve","12":"product_tag-swing-check-valve-class-1500lb","14":"first","15":"instock","16":"shipping-taxable","17":"product-type-simple"},"_links":{"self":[{"href":"https:\/\/www.stvvalves.com\/fr\/wp-json\/wp\/v2\/product\/4326","targetHints":{"allow":["GET"]}}],"collection":[{"href":"https:\/\/www.stvvalves.com\/fr\/wp-json\/wp\/v2\/product"}],"about":[{"href":"https:\/\/www.stvvalves.com\/fr\/wp-json\/wp\/v2\/types\/product"}],"wp:featuredmedia":[{"embeddable":true,"href":"https:\/\/www.stvvalves.com\/fr\/wp-json\/wp\/v2\/media\/4332"}],"wp:attachment":[{"href":"https:\/\/www.stvvalves.com\/fr\/wp-json\/wp\/v2\/media?parent=4326"}],"wp:term":[{"taxonomy":"product_brand","embeddable":true,"href":"https:\/\/www.stvvalves.com\/fr\/wp-json\/wp\/v2\/product_brand?post=4326"},{"taxonomy":"product_cat","embeddable":true,"href":"https:\/\/www.stvvalves.com\/fr\/wp-json\/wp\/v2\/product_cat?post=4326"},{"taxonomy":"product_tag","embeddable":true,"href":"https:\/\/www.stvvalves.com\/fr\/wp-json\/wp\/v2\/product_tag?post=4326"}],"curies":[{"name":"wp","href":"https:\/\/api.w.org\/{rel}","templated":true}]}}