{"id":4333,"date":"2019-01-01T13:20:02","date_gmt":"2019-01-01T13:20:02","guid":{"rendered":"https:\/\/www.stvvalves.com\/?post_type=product&#038;p=4333"},"modified":"2025-02-17T18:20:54","modified_gmt":"2025-02-17T10:20:54","slug":"900lb-full-port-swing-check-valve-seal-pressure-bonnet-flange-end","status":"publish","type":"product","link":"https:\/\/www.stvvalves.com\/fr\/products\/900lb-full-port-swing-check-valve-seal-pressure-bonnet-flange-end\/","title":{"rendered":"Clapet anti-retour \u00e0 orifice complet de 900 lb, capot \u00e0 pression d&#039;\u00e9tanch\u00e9it\u00e9, extr\u00e9mit\u00e9 de bride"},"content":{"rendered":"<p><strong>Clapet anti-retour \u00e0 battant<\/strong>, Classe Ansi 900Lbs, Api 6d, boulonn\u00e9, capot d&#039;\u00e9tanch\u00e9it\u00e9 \u00e0 pression, \u00e0 brides, Rf, Rtj, extr\u00e9mit\u00e9s Bw, acier au carbone, acier inoxydable, clapets anti-retour \u00e0 battant en acier duplex, clapet anti-retour, fournisseur de clapet anti-retour \u00e0 battant industriel en acier moul\u00e9, exportateur.<\/p>\n<p>Sp\u00e9cifications pour\u00a0<strong>Clapet anti-retour \u00e0 battant 900LBS (\u00e0 bride, extr\u00e9mit\u00e9s Bw)<\/strong><\/p>\n<p>1. Conception et fabrication\u00a0: API6D, ANSI B16.34, BS1868<br \/>\n2. Chapeau boulonn\u00e9, chapeau \u00e0 joint sous pression, disque de type pivotant,<br \/>\n3. Gamme de tailles : 2\u2033 \u00e0 24\u2033.<br \/>\n4. Pressions nominales\u00a0: ANSI 900\u00a0Lbs<br \/>\n5. Connexions d&#039;extr\u00e9mit\u00e9\u00a0: \u00e0 bride, soudure bout \u00e0 bout.<br \/>\n6. Mat\u00e9riaux\u00a0: WCB, LCB, CF8, CF8M, CF3, CF3M, WC6, WC9, C5, C12, 4A ou \u00e9quivalent,<br \/>\n7. Divers mat\u00e9riaux de garniture disponibles pour r\u00e9pondre aux conditions de service<br \/>\n8. NACE MR 0175 sur demande<\/p>\n<table>\n<tbody>\n<tr>\n<td width=\"200\"><strong>Nom du produit<\/strong><\/td>\n<td width=\"481\">Clapet anti-retour \u00e0 orifice complet de 900 lb, capot \u00e0 pression d&#039;\u00e9tanch\u00e9it\u00e9, extr\u00e9mit\u00e9 de bride<\/td>\n<\/tr>\n<tr>\n<td width=\"200\">1. Mat\u00e9riel<\/td>\n<td width=\"481\">WCB<\/td>\n<\/tr>\n<tr>\n<td width=\"200\">2. Taille<\/td>\n<td width=\"481\">12&quot;<\/td>\n<\/tr>\n<tr>\n<td width=\"200\">4. Port<\/td>\n<td width=\"481\">Port complet<\/td>\n<\/tr>\n<tr>\n<td width=\"200\">5. Pression de travail<\/td>\n<td width=\"481\">900LB<\/td>\n<\/tr>\n<tr>\n<td width=\"200\">6. Fin de la connexion<\/td>\n<td width=\"481\">RF<\/td>\n<\/tr>\n<tr>\n<td width=\"200\">7. Temp\u00e9rature de travail.<\/td>\n<td width=\"481\">-29~425\u00baC,<\/td>\n<\/tr>\n<tr>\n<td width=\"200\">8. Support appropri\u00e9<\/td>\n<td width=\"481\">Eau, gaz naturel, p\u00e9trole et certains liquides corrosifs<\/td>\n<\/tr>\n<tr>\n<td width=\"200\">9. Exploit\u00e9<\/td>\n<td width=\"481\">\/<\/td>\n<\/tr>\n<tr>\n<td width=\"200\">10. Inspection et tests<\/td>\n<td width=\"481\">Selon API 598<\/td>\n<\/tr>\n<tr>\n<td width=\"200\"><strong>Exp\u00e9dition<\/strong><\/td>\n<td width=\"481\"><\/td>\n<\/tr>\n<tr>\n<td width=\"200\">D\u00e9lai de livraison<\/td>\n<td width=\"481\">30 jours<\/td>\n<\/tr>\n<tr>\n<td width=\"200\">Emballer<\/td>\n<td width=\"481\">Caisse en contreplaqu\u00e9 d&#039;exportation standard<\/td>\n<\/tr>\n<tr>\n<td width=\"200\">Port d&#039;exp\u00e9dition<\/td>\n<td width=\"481\">Ningbo\/Shanghai, Chine<\/td>\n<\/tr>\n<tr>\n<td width=\"200\">Conditions d&#039;exp\u00e9dition<\/td>\n<td width=\"481\">Exw, FOB, CFR, CIF, etc.<\/td>\n<\/tr>\n<tr>\n<td width=\"200\">Modalit\u00e9s de paiement<\/td>\n<td width=\"481\">T\/T, Western Union, PayPal, etc.<\/td>\n<\/tr>\n<tr>\n<td width=\"200\"><\/td>\n<td width=\"481\">Pr\u00e9paiement 30%, solde 70% pay\u00e9 avant l&#039;exp\u00e9dition<\/td>\n<\/tr>\n<tr>\n<td width=\"200\">Pays d&#039;origine<\/td>\n<td width=\"481\">Ville de Wenzhou, Chine<\/td>\n<\/tr>\n<tr>\n<td width=\"200\">Capacit\u00e9 de production<\/td>\n<td width=\"481\">6000 tonnes\/an<\/td>\n<\/tr>\n<tr>\n<td width=\"200\">MOQ<\/td>\n<td width=\"481\">10 pi\u00e8ces\/taille<\/td>\n<\/tr>\n<\/tbody>\n<\/table>","protected":false},"excerpt":{"rendered":"<p>Mod\u00e8le\u00a0: H44Y-900LB-12\u2033-WCB<\/p>\n<p>Notre clapet anti-retour \u00e0 battant complet de 900 lb est principalement con\u00e7u enti\u00e8rement ouvert ou enti\u00e8rement ferm\u00e9, avec des caract\u00e9ristiques de chapeau \u00e0 joint sous pression, de si\u00e8ge renouvelable ou d&#039;anneau de si\u00e8ge soud\u00e9.<br \/>\nLe clapet anti-retour est divis\u00e9 en clapet anti-retour \u00e0 levage, clapet anti-retour \u00e0 battant et clapet anti-retour de type papillon par la structure. Le clapet anti-retour \u00e0 levage est divis\u00e9 en vertical et horizontal. Le clapet anti-retour \u00e0 battant est divis\u00e9 en un seul disque, un double disque, le Le clapet anti-retour de type papillon est de type droit. Les quelques clapets anti-retour ci-dessus peuvent \u00eatre divis\u00e9s en connexion viss\u00e9e, connexion \u00e0 bride et connexion par soudage par son mode de connexion.<\/p>\n<p>STV Valve Technology Group Co., Ltd est un clapet anti-retour \u00e0 battant, un clapet anti-retour \u00e0 battant de classe Ansi 900Lbs, un clapet anti-retour \u00e0 battant Api 6d, un clapet anti-retour \u00e0 battant industriel, un clapet anti-retour \u00e0 battant en acier au carbone, des clapets anti-retour \u00e0 battant en acier inoxydable, un clapet anti-retour \u00e0 battant anti-retour, A216 -Clapet anti-retour \u00e0 battant WCB, clapet anti-retour \u00e0 battant A351-CF8, clapet anti-retour \u00e0 battant CF8M, clapet anti-retour \u00e0 battant CF3M, clapet anti-retour \u00e0 battant Nace Mr0175, clapet anti-retour \u00e0 battant \u00e0 bride, clapet anti-retour \u00e0 battant Bw, clapet anti-retour \u00e0 battant haute pression, clapet anti-retour \u00e0 battant \u00e0 joint de pression , Fabricant de contr\u00f4le d&#039;oscillation en acier moul\u00e9 auto-obturant de haute qualit\u00e9 et \u00e0 bas prix. Pour en savoir plus sur cette vanne, bienvenue \u00e0 contacter notre sales@stvvalve.com<br \/>\nFeuille de dates\u00a0:<a href=\"https:\/\/www.stvvalves.com\/wp-content\/uploads\/2019\/01\/900lb-full-port-swing-check-valve-seal-pressure-bonnet-flange-end-drawing.pdf\">Clapet anti-retour \u00e0 orifice complet de 900 lb, capot \u00e0 pression d&#039;\u00e9tanch\u00e9it\u00e9, extr\u00e9mit\u00e9 de bride<\/a><\/p>","protected":false},"featured_media":4335,"template":"","meta":[],"product_brand":[],"product_cat":[83,46],"product_tag":[493,490,492,496,491,494,495],"class_list":{"0":"post-4333","1":"product","2":"type-product","3":"status-publish","4":"has-post-thumbnail","6":"product_cat-cast-steel-check-valve","7":"product_cat-check-valves","8":"product_tag-900-lb-cast-steel-swing-pressure-seal-check-valve","9":"product_tag-900lb-full-port-swing-check-valve","10":"product_tag-api-swing-check-valve","11":"product_tag-china-900lb-full-port-swing-check-valve","12":"product_tag-full-port-swing-check-valve","13":"product_tag-pressure-seal-swing-check-valve-900lb2500lb","14":"product_tag-swing-check-valve-class-900lb","16":"first","17":"instock","18":"shipping-taxable","19":"product-type-simple"},"_links":{"self":[{"href":"https:\/\/www.stvvalves.com\/fr\/wp-json\/wp\/v2\/product\/4333","targetHints":{"allow":["GET"]}}],"collection":[{"href":"https:\/\/www.stvvalves.com\/fr\/wp-json\/wp\/v2\/product"}],"about":[{"href":"https:\/\/www.stvvalves.com\/fr\/wp-json\/wp\/v2\/types\/product"}],"wp:featuredmedia":[{"embeddable":true,"href":"https:\/\/www.stvvalves.com\/fr\/wp-json\/wp\/v2\/media\/4335"}],"wp:attachment":[{"href":"https:\/\/www.stvvalves.com\/fr\/wp-json\/wp\/v2\/media?parent=4333"}],"wp:term":[{"taxonomy":"product_brand","embeddable":true,"href":"https:\/\/www.stvvalves.com\/fr\/wp-json\/wp\/v2\/product_brand?post=4333"},{"taxonomy":"product_cat","embeddable":true,"href":"https:\/\/www.stvvalves.com\/fr\/wp-json\/wp\/v2\/product_cat?post=4333"},{"taxonomy":"product_tag","embeddable":true,"href":"https:\/\/www.stvvalves.com\/fr\/wp-json\/wp\/v2\/product_tag?post=4333"}],"curies":[{"name":"wp","href":"https:\/\/api.w.org\/{rel}","templated":true}]}}