{"id":4337,"date":"2019-01-01T15:48:34","date_gmt":"2019-01-01T15:48:34","guid":{"rendered":"https:\/\/www.stvvalves.com\/?post_type=product&#038;p=4337"},"modified":"2025-02-17T18:20:54","modified_gmt":"2025-02-17T10:20:54","slug":"lug-type-dual-plate-check-valve-cf8m-body-dn500","status":"publish","type":"product","link":"https:\/\/www.stvvalves.com\/fr\/products\/lug-type-dual-plate-check-valve-cf8m-body-dn500\/","title":{"rendered":"Clapet anti-retour \u00e0 double plaque \u00e0 cosse. Corps CF8M, DN500"},"content":{"rendered":"<p>Longueur structurelle courte, seulement 1\/4 ~ 1\/8 de celle du clapet anti-retour \u00e0 bride traditionnel\u00a0;<\/p>\n<p>Faible volume, poids l\u00e9ger, seulement 1\/4 ~ 1\/20 de ceux du clapet anti-retour \u00e0 bride traditionnel\u00a0;<\/p>\n<p>Fermeture rapide du disque de valve, faible pression de coup de b\u00e9lier\u00a0;<\/p>\n<p>Applicable et facilement install\u00e9 pour les pipelines verticaux ou horizontaux\u00a0;<\/p>\n<p>Passage d&#039;\u00e9coulement fluide et petite r\u00e9sistance aux fluides\u00a0;<\/p>\n<p>Action flexible et bonnes performances d\u2019\u00e9tanch\u00e9it\u00e9\u00a0;<\/p>\n<p>Course \u00e9troite de la valve et faible impact de fermeture\u00a0;<\/p>\n<p>Structure int\u00e9gr\u00e9e, simple et compacte, en belle forme\u00a0;<\/p>\n<p>Longue dur\u00e9e de vie et bonne fiabilit\u00e9.<\/p>\n<p>Sp\u00e9cification des param\u00e8tres principaux<\/p>\n<p>Conception et fabrication\u00a0:API594,API 6D\u00a0;<br \/>\nFace \u00e0 face et bout \u00e0 bout\u00a0:API594,API6D,DIN3202\u00a0;<br \/>\nIndice de pression-temp\u00e9rature\u00a0: ASME B16.34, DIN2410\u00a0;<br \/>\nInspection et test\u00a0: API598<br \/>\nBride de tuyau\u00a0:\u00a0,ASME B16.5,DIN2543~2548,API605,ASME B16.47.<\/p>\n<p>Gamme de produits<\/p>\n<p>Mat\u00e9riau du corps\u00a0: cWCB, LCB, WC6, WC9, CF8, CF8M, CF3, CF3M, acier alli\u00e9, bronze<\/p>\n<p>Diam\u00e8tre nominal : 1,5\u2033~48\u2033 (DN40~DN1200)<\/p>\n<p>Connexion d&#039;extr\u00e9mit\u00e9\u00a0: RF, RTJ, BW<\/p>\n<p>Plage de pression\u00a0: Classe 150 ~ 2\u00a0500 (PN16 ~ PN420)<\/p>\n<p>Temp\u00e9rature de fonctionnement\u00a0:\u00a0-196 \u2103 ~ + 560 \u2103<\/p>\n<p>&nbsp;<\/p>\n<table>\n<tbody>\n<tr>\n<td width=\"200\"><strong>Nom du produit<\/strong><\/td>\n<td width=\"481\">Clapet anti-retour \u00e0 double plaque \u00e0 cosse. Corps CF8M, DN500<\/td>\n<\/tr>\n<tr>\n<td width=\"200\">1. Mat\u00e9riel<\/td>\n<td width=\"481\">CF8M<\/td>\n<\/tr>\n<tr>\n<td width=\"200\">2. Taille<\/td>\n<td width=\"481\">20&quot;<\/td>\n<\/tr>\n<tr>\n<td width=\"200\">4. Port<\/td>\n<td width=\"481\">Port complet<\/td>\n<\/tr>\n<tr>\n<td width=\"200\">5. Pression de travail<\/td>\n<td width=\"481\">150 livres<\/td>\n<\/tr>\n<tr>\n<td width=\"200\">6. Fin de la connexion<\/td>\n<td width=\"481\">RF<\/td>\n<\/tr>\n<tr>\n<td width=\"200\">7. Temp\u00e9rature de travail.<\/td>\n<td width=\"481\">-29~300\u00baC,<\/td>\n<\/tr>\n<tr>\n<td width=\"200\">8. Support appropri\u00e9<\/td>\n<td width=\"481\">Eau, gaz naturel, p\u00e9trole et certains liquides corrosifs<\/td>\n<\/tr>\n<tr>\n<td width=\"200\">9. Exploit\u00e9<\/td>\n<td width=\"481\">\/<\/td>\n<\/tr>\n<tr>\n<td width=\"200\">10. Inspection et tests<\/td>\n<td width=\"481\">Selon API598<\/td>\n<\/tr>\n<tr>\n<td width=\"200\"><strong>Exp\u00e9dition<\/strong><\/td>\n<td width=\"481\"><\/td>\n<\/tr>\n<tr>\n<td width=\"200\">D\u00e9lai de livraison<\/td>\n<td width=\"481\">30 jours<\/td>\n<\/tr>\n<tr>\n<td width=\"200\">Emballer<\/td>\n<td width=\"481\">Caisse en contreplaqu\u00e9 d&#039;exportation standard<\/td>\n<\/tr>\n<tr>\n<td width=\"200\">Port d&#039;exp\u00e9dition<\/td>\n<td width=\"481\">Ningbo\/Shanghai, Chine<\/td>\n<\/tr>\n<tr>\n<td width=\"200\">Conditions d&#039;exp\u00e9dition<\/td>\n<td width=\"481\">Exw, FOB, CFR, CIF, etc.<\/td>\n<\/tr>\n<tr>\n<td width=\"200\">Modalit\u00e9s de paiement<\/td>\n<td width=\"481\">T\/T, Western Union, PayPal, etc.<\/td>\n<\/tr>\n<tr>\n<td width=\"200\"><\/td>\n<td width=\"481\">Pr\u00e9paiement 30%, solde 70% pay\u00e9 avant l&#039;exp\u00e9dition<\/td>\n<\/tr>\n<tr>\n<td width=\"200\">Pays d&#039;origine<\/td>\n<td width=\"481\">Ville de Wenzhou, Chine<\/td>\n<\/tr>\n<tr>\n<td width=\"200\">Capacit\u00e9 de production<\/td>\n<td width=\"481\">6000 tonnes\/an<\/td>\n<\/tr>\n<tr>\n<td width=\"200\">MOQ<\/td>\n<td width=\"481\">1 pi\u00e8ces\/taille<\/td>\n<\/tr>\n<\/tbody>\n<\/table>","protected":false},"excerpt":{"rendered":"<p>Mod\u00e8le\u00a0: HTL76H-150LB-316-20\u2033<\/p>\n<p>Notre clapet anti-retour \u00e0 double plaque de type cosse convient aux environnements \u00e0 haute temp\u00e9rature et haute pression, comme la p\u00e9trochimie, les raffineries ou les centrales \u00e9lectriques. Il adopte un moulage de pr\u00e9cision, qui a une longueur de structure courte, un petit volume et un poids l\u00e9ger, une fermeture rapide du clapet de valve, une petite eau pression de marteau, passage d&#039;\u00e9coulement fluide, petite r\u00e9sistance aux fluides, tuyau horizontal ou tuyau vertical, installation facile et action sensible. Bonnes performances d&#039;\u00e9tanch\u00e9it\u00e9, course de valve courte, petite force d&#039;impact de valve, simple et compacte, belle apparence, longue dur\u00e9e de vie, haute fiabilit\u00e9, emp\u00eache le reflux moyen, contr\u00f4le automatique, etc. Parmi eux, le clapet anti-retour \u00e0 clip est principalement appliqu\u00e9 au r\u00e9seau de canalisations d&#039;approvisionnement en eau et de drainage des b\u00e2timents urbains, industriels et de grande hauteur. \u00c9tant donn\u00e9 que sa longueur structurelle est plus courte que celle d\u2019un clapet anti-retour g\u00e9n\u00e9ral, il convient particuli\u00e8rement aux endroits o\u00f9 l\u2019espace d\u2019installation est limit\u00e9.<\/p>\n<p>Conception \u00e0 double cosse, install\u00e9e entre le tuyau et la bride \u00e0 l&#039;aide de boulons et d&#039;\u00e9crous, comme un clapet anti-retour de type plaquette \u00e0 double plaque.<br \/>\nN&#039;ayez aucun probl\u00e8me de fuite sur le corps.<br \/>\nM\u00eame pour les petits disques, il y a toujours un boulon pour r\u00e9gler chaque trou de boulon.<\/p>\n<p>STV Valve Technology Group Co., Ltd est un leader professionnel en Chine Clapet anti-retour \u00e0 double plaque \u00e0 cosse, clapet anti-retour \u00e0 cosse \u00e0 double plaque, clapets anti-retour \u00e0 cosse et \u00e0 plaquette, clapet anti-retour \u00e0 plaque double de type \u00e0 cosse en acier inoxydable, clapet anti-retour \u00e0 double plaque API 594 , Clapet anti-retour \u00e0 double plaque API 594, fabricant de clapet anti-retour \u00e0 double plaque \u00e0 cosse de haute qualit\u00e9 et \u00e0 bas prix. Pour en savoir plus sur cette vanne, n&#039;h\u00e9sitez pas \u00e0 contacter notre sales@stvvalve.com<br \/>\nFeuille de dates\u00a0:<a href=\"https:\/\/www.stvvalves.com\/wp-content\/uploads\/2019\/01\/lug-type-dual-plate-check-valve-cf8m-body-dn500-drawing.pdf\">Clapet anti-retour \u00e0 double plaque \u00e0 cosse. Corps CF8M, DN500<\/a><\/p>","protected":false},"featured_media":4338,"template":"","meta":[],"product_brand":[],"product_cat":[46,84],"product_tag":[497,498,501,499,500],"class_list":{"0":"post-4337","1":"product","2":"type-product","3":"status-publish","4":"has-post-thumbnail","6":"product_cat-check-valves","7":"product_cat-wafer-check-valve","8":"product_tag-dual-plate-check-valve","9":"product_tag-dual-plate-check-valve-api-594","10":"product_tag-dual-plate-lug-type-check-valve","11":"product_tag-lug-and-wafer-check-valves","12":"product_tag-stainless-steel-lug-type-dual-plate-wafer-check-valve","14":"first","15":"instock","16":"shipping-taxable","17":"product-type-simple"},"_links":{"self":[{"href":"https:\/\/www.stvvalves.com\/fr\/wp-json\/wp\/v2\/product\/4337","targetHints":{"allow":["GET"]}}],"collection":[{"href":"https:\/\/www.stvvalves.com\/fr\/wp-json\/wp\/v2\/product"}],"about":[{"href":"https:\/\/www.stvvalves.com\/fr\/wp-json\/wp\/v2\/types\/product"}],"wp:featuredmedia":[{"embeddable":true,"href":"https:\/\/www.stvvalves.com\/fr\/wp-json\/wp\/v2\/media\/4338"}],"wp:attachment":[{"href":"https:\/\/www.stvvalves.com\/fr\/wp-json\/wp\/v2\/media?parent=4337"}],"wp:term":[{"taxonomy":"product_brand","embeddable":true,"href":"https:\/\/www.stvvalves.com\/fr\/wp-json\/wp\/v2\/product_brand?post=4337"},{"taxonomy":"product_cat","embeddable":true,"href":"https:\/\/www.stvvalves.com\/fr\/wp-json\/wp\/v2\/product_cat?post=4337"},{"taxonomy":"product_tag","embeddable":true,"href":"https:\/\/www.stvvalves.com\/fr\/wp-json\/wp\/v2\/product_tag?post=4337"}],"curies":[{"name":"wp","href":"https:\/\/api.w.org\/{rel}","templated":true}]}}