{"id":4344,"date":"2019-01-07T15:40:18","date_gmt":"2019-01-07T15:40:18","guid":{"rendered":"https:\/\/www.stvvalves.com\/?post_type=product&#038;p=4344"},"modified":"2025-02-17T18:21:12","modified_gmt":"2025-02-17T10:21:12","slug":"api-602-lift-check-valve-1500lb-a105n-dn25-sw-end","status":"publish","type":"product","link":"https:\/\/www.stvvalves.com\/fr\/products\/api-602-lift-check-valve-1500lb-a105n-dn25-sw-end\/","title":{"rendered":"Clapet anti-retour \u00e0 levage API 602, 1 500 LB, A105N, DN25, extr\u00e9mit\u00e9 SW"},"content":{"rendered":"<p>Sp\u00e9cification des param\u00e8tres principaux<\/p>\n<p>Conception et fabrication conformes \u00e0 BS5351, MSS SP-118<\/p>\n<p>Les extr\u00e9mit\u00e9s de connexion sont conformes \u00e0\u00a0:<\/p>\n<p>1. Les extr\u00e9mit\u00e9s soud\u00e9es sont conformes \u00e0 la norme ANSI B16.11.<\/p>\n<p>2. Les extr\u00e9mit\u00e9s des vis sont conformes \u00e0 ANSI B1.20.1<\/p>\n<p>3. Les extr\u00e9mit\u00e9s soud\u00e9es bout \u00e0 bout sont conformes \u00e0 la norme ANSI B16.25.<\/p>\n<p>4. Les extr\u00e9mit\u00e9s des brides sont conformes \u00e0 la norme ANSI B16.5<\/p>\n<p>5.Test et inspection conformes \u00e0\u00a0:API 598<\/p>\n<p>Caract\u00e9ristiques structurelles\u00a0:<\/p>\n<p>Chapeau boulonn\u00e9, chapeau soud\u00e9, chapeau \u00e0 joint de pression<\/p>\n<p>Type en acier forg\u00e9, \u00e0 piston, \u00e0 bille ou \u00e0 balan\u00e7oire<\/p>\n<p>Si\u00e8ge int\u00e9gral pour clapets anti-retour \u00e0 piston et \u00e0 bille<\/p>\n<p>Conception \u00e0 anneau de si\u00e8ge s\u00e9par\u00e9 pour clapets anti-retour \u00e0 battant<\/p>\n<p>Joint enroul\u00e9 en spirale ou joint \u00e0 joint ovale<\/p>\n<p>Al\u00e9sage r\u00e9duit ou port complet,<\/p>\n<p>Mod\u00e8le en T ou motif en Y,<\/p>\n<p>Gamme de produits<\/p>\n<p>Mat\u00e9riau du corps\u00a0:\u00a0A105,LF2,F5,F11,F22,304,304L,316,316L,F51,F91,20#,Inconel.Ect<\/p>\n<p>Diam\u00e8tre nominal\u00a0: 1\/2\u2033~2\u2033\uff08DN15~DN50\uff09<\/p>\n<p>Connexion d&#039;extr\u00e9mit\u00e9\u00a0: THR, SW, BW, RF, RTJ<\/p>\n<p>Temp\u00e9rature de fonctionnement\u00a0: -196 \u2103 ~ + 560 \u2103<\/p>\n<p><img loading=\"lazy\" decoding=\"async\" class=\"alignnone size-full wp-image-4346\" src=\"https:\/\/www.stvvalves.com\/wp-content\/uploads\/2019\/01\/api-602-lift-check-valve-1500lb-a105n-dn25-sw-end-drawing.jpg\" alt=\"\" width=\"1653\" height=\"2338\" srcset=\"https:\/\/www.stvvalves.com\/wp-content\/uploads\/2019\/01\/api-602-lift-check-valve-1500lb-a105n-dn25-sw-end-drawing.jpg 1653w, https:\/\/www.stvvalves.com\/wp-content\/uploads\/2019\/01\/api-602-lift-check-valve-1500lb-a105n-dn25-sw-end-drawing-600x849.jpg 600w, https:\/\/www.stvvalves.com\/wp-content\/uploads\/2019\/01\/api-602-lift-check-valve-1500lb-a105n-dn25-sw-end-drawing-212x300.jpg 212w, https:\/\/www.stvvalves.com\/wp-content\/uploads\/2019\/01\/api-602-lift-check-valve-1500lb-a105n-dn25-sw-end-drawing-768x1086.jpg 768w, https:\/\/www.stvvalves.com\/wp-content\/uploads\/2019\/01\/api-602-lift-check-valve-1500lb-a105n-dn25-sw-end-drawing-728x1030.jpg 728w, https:\/\/www.stvvalves.com\/wp-content\/uploads\/2019\/01\/api-602-lift-check-valve-1500lb-a105n-dn25-sw-end-drawing-1061x1500.jpg 1061w, https:\/\/www.stvvalves.com\/wp-content\/uploads\/2019\/01\/api-602-lift-check-valve-1500lb-a105n-dn25-sw-end-drawing-498x705.jpg 498w\" sizes=\"auto, (max-width: 1653px) 100vw, 1653px\" \/><\/p>","protected":false},"excerpt":{"rendered":"<p>Mod\u00e8le\u00a0: H61Y-1500LB-1\u2033-A105N<\/p>\n<p>Clapet anti-retour \u00e0 ascenseur API 602 avec une conception de chapeau scell\u00e9 et conforme aux normes API 602 et ASME B16.34. il fait r\u00e9f\u00e9rence \u00e0 la vanne qui ouvre et ferme automatiquement le clapet de la vanne au moyen du flux du fluide lui-m\u00eame, et est utilis\u00e9e pour emp\u00eacher le reflux du fluide. Le clapet anti-retour appartient \u00e0 une vanne automatique et sa fonction principale est d&#039;emp\u00eacher le fluide de refluer, emp\u00eachant ainsi la pompe et son entra\u00eenement. Le moteur est invers\u00e9 et le contenu du conteneur est purg\u00e9. Le clapet anti-retour peut \u00e9galement \u00eatre utilis\u00e9 pour alimenter la tuyauterie d&#039;un syst\u00e8me auxiliaire o\u00f9 la pression peut d\u00e9passer la pression du syst\u00e8me.<\/p>\n<p>La fonction de ce type de vanne est de permettre au fluide de s&#039;\u00e9couler uniquement dans un sens et d&#039;emp\u00eacher le sens de s&#039;\u00e9couler. Habituellement, la vanne fonctionne automatiquement et le clapet de la vanne est ouvert par la pression du fluide circulant dans une direction\u00a0; lorsque le fluide s&#039;\u00e9coule dans la direction oppos\u00e9e, la pression du fluide et le clapet \u00e0 r\u00e9enclenchement automatique du disque de vanne agissent sur le si\u00e8ge de vanne pour couper le d\u00e9bit.<\/p>\n<p>STV Valve Technology Group Co., Ltd est un leader professionnel Chine Clapet anti-retour de levage API 602, clapet anti-retour de levage forg\u00e9 A105N, clapet anti-retour de levage 1500LB, clapet anti-retour de levage d&#039;extr\u00e9mit\u00e9 SW, clapet anti-retour de levage de capot soud\u00e9, clapets anti-retour en acier forg\u00e9 de haute qualit\u00e9 et Bas prix.<br \/>\nPour en savoir plus sur ces vannes, n&#039;h\u00e9sitez pas \u00e0 contacter notre sales@stvvalve.com<br \/>\nFeuille de dates\u00a0:<a href=\"http:\/\/api-602-lift-check-valve-1500lb-a105n-dn25-sw-end-drawing\">Clapet anti-retour \u00e0 levage API 602, 1 500 LB, A105N, DN25, extr\u00e9mit\u00e9 SW<\/a><\/p>","protected":false},"featured_media":4345,"template":"","meta":[],"product_brand":[],"product_cat":[46,66],"product_tag":[505,301,502,507,303,504,506,503],"class_list":{"0":"post-4344","1":"product","2":"type-product","3":"status-publish","4":"has-post-thumbnail","6":"product_cat-check-valves","7":"product_cat-swing-check-valve","8":"product_tag-api-602-check-valves","9":"product_tag-api-602-forged-steel-check-valves","10":"product_tag-api-602-forged-swing-piston-check-valve","11":"product_tag-forged-lift-check-valves","12":"product_tag-forged-steel-check-valve","13":"product_tag-forged-steel-lift-check-valve","14":"product_tag-forged-steel-lift-check-valve-manufacturer","15":"product_tag-forged-steel-piston-lift-check-valve","17":"first","18":"instock","19":"shipping-taxable","20":"product-type-simple"},"_links":{"self":[{"href":"https:\/\/www.stvvalves.com\/fr\/wp-json\/wp\/v2\/product\/4344","targetHints":{"allow":["GET"]}}],"collection":[{"href":"https:\/\/www.stvvalves.com\/fr\/wp-json\/wp\/v2\/product"}],"about":[{"href":"https:\/\/www.stvvalves.com\/fr\/wp-json\/wp\/v2\/types\/product"}],"wp:featuredmedia":[{"embeddable":true,"href":"https:\/\/www.stvvalves.com\/fr\/wp-json\/wp\/v2\/media\/4345"}],"wp:attachment":[{"href":"https:\/\/www.stvvalves.com\/fr\/wp-json\/wp\/v2\/media?parent=4344"}],"wp:term":[{"taxonomy":"product_brand","embeddable":true,"href":"https:\/\/www.stvvalves.com\/fr\/wp-json\/wp\/v2\/product_brand?post=4344"},{"taxonomy":"product_cat","embeddable":true,"href":"https:\/\/www.stvvalves.com\/fr\/wp-json\/wp\/v2\/product_cat?post=4344"},{"taxonomy":"product_tag","embeddable":true,"href":"https:\/\/www.stvvalves.com\/fr\/wp-json\/wp\/v2\/product_tag?post=4344"}],"curies":[{"name":"wp","href":"https:\/\/api.w.org\/{rel}","templated":true}]}}