{"id":4362,"date":"2019-01-10T13:40:19","date_gmt":"2019-01-10T13:40:19","guid":{"rendered":"https:\/\/www.stvvalves.com\/?post_type=product&#038;p=4362"},"modified":"2024-12-25T14:58:32","modified_gmt":"2024-12-25T06:58:32","slug":"flange-stainless-steel-globe-valve-300lb-cf8-body-dn50","status":"publish","type":"product","link":"https:\/\/www.stvvalves.com\/fr\/products\/flange-stainless-steel-globe-valve-300lb-cf8-body-dn50\/","title":{"rendered":"Vanne \u00e0 soupape \u00e0 bride en acier inoxydable, 300 LB, corps CF8, DN50"},"content":{"rendered":"<p>Design and Manufacture\uff1aStainless Steel Gate Valve to API 603\u3001ASME B16.34<\/p>\n<p>Inspection et test\u00a0: API598, API600 ou API 6D<\/p>\n<p>Dimension de la bride d&#039;extr\u00e9mit\u00e9\u00a0: ASME B16.5 (pour NPS \u2264 24, ASME B 16.47 s\u00e9rie B, API 605, ASME B16.47 s\u00e9rie A, MSS SP-44 (pour NPS &gt; 24)<\/p>\n<p>Dimension d&#039;extr\u00e9mit\u00e9 BW \uff1a ASME B16.25<\/p>\n<p>Face \u00e0 face et bout \u00e0 bout \uff1a ASME B16.10<\/p>\n<p>Indices de pression et de temp\u00e9rature\u00a0:\u00a0ASME B16.34<\/p>\n<p>Gamme de produits<\/p>\n<p>Mat\u00e9riau du corps : acier au carbone, acier inoxydable, acier alli\u00e9<\/p>\n<p>Diam\u00e8tre nominal\u00a0: 2\u2033~36\u2033 (DN50~DN900)<\/p>\n<p>Connexion d&#039;extr\u00e9mit\u00e9\u00a0: RF, RTJ, BW<\/p>\n<p>Plage de pression\u00a0: Classe 150 ~ 900 (PN16 ~ PN150)<\/p>\n<p>Temp\u00e9rature de fonctionnement\u00a0: -29 \u2103 ~ + 560 \u2103<\/p>\n<p>Fonctionnement\u00a0: volant, engrenage, actionneur \u00e9lectrique, etc.<\/p>\n<p>Fin\u00a0: RF \u00e0 bride\/RTJ\/FM\/FF, soudage bout \u00e0 bout (BW)<\/p>\n<table>\n<tbody>\n<tr>\n<td width=\"200\"><strong>Nom du produit<\/strong><\/td>\n<td width=\"481\">Vanne \u00e0 soupape \u00e0 bride en acier inoxydable, 300 LB, corps CF8, DN50<\/td>\n<\/tr>\n<tr>\n<td width=\"200\">1. Mat\u00e9riel<\/td>\n<td width=\"481\">CF8<\/td>\n<\/tr>\n<tr>\n<td width=\"200\">2. Taille<\/td>\n<td width=\"481\">2&quot;<\/td>\n<\/tr>\n<tr>\n<td width=\"200\">4. Port<\/td>\n<td width=\"481\">Port complet<\/td>\n<\/tr>\n<tr>\n<td width=\"200\">5. Pression de travail<\/td>\n<td width=\"481\">300 livres<\/td>\n<\/tr>\n<tr>\n<td width=\"200\">6. Fin de la connexion<\/td>\n<td width=\"481\">RF<\/td>\n<\/tr>\n<tr>\n<td width=\"200\">7. Temp\u00e9rature de travail.<\/td>\n<td width=\"481\">-29~425\u00baC,<\/td>\n<\/tr>\n<tr>\n<td width=\"200\">8. Support appropri\u00e9<\/td>\n<td width=\"481\">Eau, gaz naturel, p\u00e9trole et certains liquides corrosifs<\/td>\n<\/tr>\n<tr>\n<td width=\"200\">9. Exploit\u00e9<\/td>\n<td width=\"481\">Volant<\/td>\n<\/tr>\n<tr>\n<td width=\"200\">10. Inspection et tests<\/td>\n<td width=\"481\">Selon API598<\/td>\n<\/tr>\n<tr>\n<td width=\"200\"><strong>Exp\u00e9dition<\/strong><\/td>\n<td width=\"481\"><\/td>\n<\/tr>\n<tr>\n<td width=\"200\">D\u00e9lai de livraison<\/td>\n<td width=\"481\">30 jours<\/td>\n<\/tr>\n<tr>\n<td width=\"200\">Emballer<\/td>\n<td width=\"481\">Caisse en contreplaqu\u00e9 d&#039;exportation standard<\/td>\n<\/tr>\n<tr>\n<td width=\"200\">Port d&#039;exp\u00e9dition<\/td>\n<td width=\"481\">Ningbo\/Shanghai, Chine<\/td>\n<\/tr>\n<tr>\n<td width=\"200\">Conditions d&#039;exp\u00e9dition<\/td>\n<td width=\"481\">Exw, FOB, CFR, CIF, etc.<\/td>\n<\/tr>\n<tr>\n<td width=\"200\">Modalit\u00e9s de paiement<\/td>\n<td width=\"481\">T\/T, Western Union, PayPal, etc.<\/td>\n<\/tr>\n<tr>\n<td width=\"200\"><\/td>\n<td width=\"481\">Pr\u00e9paiement 30%, solde 70% pay\u00e9 avant l&#039;exp\u00e9dition<\/td>\n<\/tr>\n<tr>\n<td width=\"200\">Pays d&#039;origine<\/td>\n<td width=\"481\">Ville de Wenzhou, Chine<\/td>\n<\/tr>\n<tr>\n<td width=\"200\">Capacit\u00e9 de production<\/td>\n<td width=\"481\">6000 tonnes\/an<\/td>\n<\/tr>\n<tr>\n<td width=\"200\">MOQ<\/td>\n<td width=\"481\">1 pi\u00e8ces\/taille<\/td>\n<\/tr>\n<\/tbody>\n<\/table>","protected":false},"excerpt":{"rendered":"<p>Model:J41H-300LB-304-2&#8243;<\/p>\n<p>Our Stainless Steel Globe Valve are designed in strict accordance with the ASME B16.34 standard; the connection between the valve body and the bonnet, the stuffing box, the installation of the stem nut, and the upper seal are all designed in strict accordance with API603. The valve selection is in full compliance with API603 requirements. The length is in accordance with ASME B16.10; the flange connection dimensions are in accordance with ANSI \/ ASME B16.5a. Valve inspection and testing are carried out in strict accordance with API598. Therefore, the valve is widely used in petrochemical pipelines, and is also applicable in electric power, metallurgy, textile and other systems.<\/p>\n<p>When the Stainless Steel Globe Valve \u00a0is opened, the opening height of the valve flap is 25 to 30 of the nominal diameter, and the flow rate has reached the maximum, indicating that the valve has reached the fully open position. Therefore, the full open position of the shutoff valve should be determined by the stroke of the valve flap.<\/p>\n<p>STV Valve Technology Group Co., Ltd is a professional leader China Stainless Steel Globe Valve,2 inch Stainless Steel Globe Valve 300#,316 Stainless Steel Globe Valve,Cast Stainless Steel Globe Valves,Bolt bonnet tainless Steel Globe Valve,B16.34 Stainless Steel Globe Valves manufacturer with high quality and low price.To learn more about these valve Welcome to contact our sales@stvvalve.com<br \/>\nFeuille de dates\u00a0:<a href=\"https:\/\/www.stvvalves.com\/wp-content\/uploads\/2019\/01\/flange-stainless-steel-globe-valve-300lb-cf8-body-dn50-drawing.pdf\">Vanne \u00e0 soupape \u00e0 bride en acier inoxydable, 300 LB, corps CF8, DN50<\/a><\/p>","protected":false},"featured_media":4363,"template":"","meta":[],"product_brand":[],"product_cat":[45,189],"product_tag":[524,525,528,527,526,192],"class_list":{"0":"post-4362","1":"product","2":"type-product","3":"status-publish","4":"has-post-thumbnail","6":"product_cat-globe-valve","7":"product_cat-stainless-steel-globe-valve","8":"product_tag-2-inch-stainless-steel-globe-valve-300","9":"product_tag-316-stainless-steel-globe-valve","10":"product_tag-b16-34-stainless-steel-globe-valves","11":"product_tag-bolt-bonnet-tainless-steel-globe-valve","12":"product_tag-cast-stainless-steel-globe-valves","13":"product_tag-stainless-steel-globe-valve","15":"first","16":"instock","17":"shipping-taxable","18":"product-type-simple"},"_links":{"self":[{"href":"https:\/\/www.stvvalves.com\/fr\/wp-json\/wp\/v2\/product\/4362","targetHints":{"allow":["GET"]}}],"collection":[{"href":"https:\/\/www.stvvalves.com\/fr\/wp-json\/wp\/v2\/product"}],"about":[{"href":"https:\/\/www.stvvalves.com\/fr\/wp-json\/wp\/v2\/types\/product"}],"wp:featuredmedia":[{"embeddable":true,"href":"https:\/\/www.stvvalves.com\/fr\/wp-json\/wp\/v2\/media\/4363"}],"wp:attachment":[{"href":"https:\/\/www.stvvalves.com\/fr\/wp-json\/wp\/v2\/media?parent=4362"}],"wp:term":[{"taxonomy":"product_brand","embeddable":true,"href":"https:\/\/www.stvvalves.com\/fr\/wp-json\/wp\/v2\/product_brand?post=4362"},{"taxonomy":"product_cat","embeddable":true,"href":"https:\/\/www.stvvalves.com\/fr\/wp-json\/wp\/v2\/product_cat?post=4362"},{"taxonomy":"product_tag","embeddable":true,"href":"https:\/\/www.stvvalves.com\/fr\/wp-json\/wp\/v2\/product_tag?post=4362"}],"curies":[{"name":"wp","href":"https:\/\/api.w.org\/{rel}","templated":true}]}}