{"id":4366,"date":"2019-01-10T14:30:45","date_gmt":"2019-01-10T14:30:45","guid":{"rendered":"https:\/\/www.stvvalves.com\/?post_type=product&#038;p=4366"},"modified":"2025-02-17T18:20:51","modified_gmt":"2025-02-17T10:20:51","slug":"300lb-cast-steel-floating-ball-valve-4-inch-rf-end","status":"publish","type":"product","link":"https:\/\/www.stvvalves.com\/fr\/products\/300lb-cast-steel-floating-ball-valve-4-inch-rf-end\/","title":{"rendered":"300LB Cast Steel Floating Ball Valve,4 Inch,RF End"},"content":{"rendered":"<p>Conception et fabrication\u00a0: API 6D, ASME B16.34 (BS5351), API 608, MSS-SP-72<\/p>\n<p>Dimension face \u00e0 face \uff1a ASME B16.10, API 6D<\/p>\n<p>Dimension de connexion \u00e0 bride \uff1a ASME B 16.5<\/p>\n<p>Dimension de connexion BW \uff1a ASME B16.25<\/p>\n<p>Test et inspection\u00a0: API 598, API 6D<\/p>\n<p>Conception ignifuge\u00a0: API 607\/6FA<\/p>\n<p>Conception antistatique et tige anti-\u00e9ruption<\/p>\n<p>Gamme de produits<\/p>\n<p>Mat\u00e9riau du corps : acier au carbone, acier inoxydable, acier alli\u00e9<\/p>\n<p>Conception \u00e0 passage int\u00e9gral et \u00e0 passage r\u00e9duit<\/p>\n<p>Diam\u00e8tre nominal\u00a0: 1\/2\u2033~10\u2033\uff08DN15~DN250\uff09<\/p>\n<p>Connexion d&#039;extr\u00e9mit\u00e9\u00a0: RF, RTJ, BW<\/p>\n<p>Plage de pression\u00a0: Classe 150 ~ 600 (PN16 ~ PN100)<\/p>\n<p>Temp\u00e9rature de fonctionnement\u00a0: -46 \u2103 ~ + 200 \u2103<\/p>\n<p>Fonctionnement : Poign\u00e9e, Engrenage, Actionneur \u00e9lectrique, etc.<\/p>\n<p>&nbsp;<\/p>\n<table>\n<tbody>\n<tr>\n<td width=\"200\"><strong>Nom du produit<\/strong><\/td>\n<td width=\"481\">300LB Cast Steel Floating Ball Valve,4 Inch,RF End<\/td>\n<\/tr>\n<tr>\n<td width=\"200\">1. Mat\u00e9riel<\/td>\n<td width=\"481\">WCB<\/td>\n<\/tr>\n<tr>\n<td width=\"200\">2. Taille<\/td>\n<td width=\"481\">4&quot;<\/td>\n<\/tr>\n<tr>\n<td width=\"200\">4. Port<\/td>\n<td width=\"481\">Port complet<\/td>\n<\/tr>\n<tr>\n<td width=\"200\">5. Pression de travail<\/td>\n<td width=\"481\">300 livres<\/td>\n<\/tr>\n<tr>\n<td width=\"200\">6. Fin de la connexion<\/td>\n<td width=\"481\">RF<\/td>\n<\/tr>\n<tr>\n<td width=\"200\">7. Temp\u00e9rature de travail.<\/td>\n<td width=\"481\">-29~120\u00baC,<\/td>\n<\/tr>\n<tr>\n<td width=\"200\">8. Support appropri\u00e9<\/td>\n<td width=\"481\">Eau, gaz naturel, p\u00e9trole et certains liquides corrosifs<\/td>\n<\/tr>\n<tr>\n<td width=\"200\">9. Exploit\u00e9<\/td>\n<td width=\"481\">Volant<\/td>\n<\/tr>\n<tr>\n<td width=\"200\">10. Inspection et tests<\/td>\n<td width=\"481\">Selon API598<\/td>\n<\/tr>\n<tr>\n<td width=\"200\"><strong>Exp\u00e9dition<\/strong><\/td>\n<td width=\"481\"><\/td>\n<\/tr>\n<tr>\n<td width=\"200\">D\u00e9lai de livraison<\/td>\n<td width=\"481\">30 jours<\/td>\n<\/tr>\n<tr>\n<td width=\"200\">Emballer<\/td>\n<td width=\"481\">Caisse en contreplaqu\u00e9 d&#039;exportation standard<\/td>\n<\/tr>\n<tr>\n<td width=\"200\">Port d&#039;exp\u00e9dition<\/td>\n<td width=\"481\">Ningbo\/Shanghai, Chine<\/td>\n<\/tr>\n<tr>\n<td width=\"200\">Conditions d&#039;exp\u00e9dition<\/td>\n<td width=\"481\">Exw, FOB, CFR, CIF, etc.<\/td>\n<\/tr>\n<tr>\n<td width=\"200\">Modalit\u00e9s de paiement<\/td>\n<td width=\"481\">T\/T, Western Union, PayPal, etc.<\/td>\n<\/tr>\n<tr>\n<td width=\"200\"><\/td>\n<td width=\"481\">Pr\u00e9paiement 30%, solde 70% pay\u00e9 avant l&#039;exp\u00e9dition<\/td>\n<\/tr>\n<tr>\n<td width=\"200\">Pays d&#039;origine<\/td>\n<td width=\"481\">Ville de Wenzhou, Chine<\/td>\n<\/tr>\n<tr>\n<td width=\"200\">Capacit\u00e9 de production<\/td>\n<td width=\"481\">6000 tonnes\/an<\/td>\n<\/tr>\n<tr>\n<td width=\"200\">MOQ<\/td>\n<td width=\"481\">1 pi\u00e8ces\/taille<\/td>\n<\/tr>\n<\/tbody>\n<\/table>","protected":false},"excerpt":{"rendered":"<p>Mod\u00e8le : Q41F-300LB-WCB-3\u2033<\/p>\n<p>Notre robinet \u00e0 tournant sph\u00e9rique flottant en acier moul\u00e9 de 300 lb avec robinet \u00e0 tournant sph\u00e9rique \u00e0 passage int\u00e9gral ANSI 300# en 2 pi\u00e8ces. Un corps WCB et une bille en acier inoxydable 316, avec si\u00e8ges RPTFE pour hautes temp\u00e9ratures.<br \/>\nPrincipe du robinet \u00e0 tournant sph\u00e9rique flottant en fonte d&#039;acier : Ce type de robinet \u00e0 tournant sph\u00e9rique comporte une boule flottante soutenue par deux si\u00e8ges de robinet. Sous l&#039;effet de la moyenne pression, un certain d\u00e9placement peut \u00eatre g\u00e9n\u00e9r\u00e9 par la bille elle-m\u00eame pour venir s&#039;appuyer sur le joint d&#039;\u00e9tanch\u00e9it\u00e9 du si\u00e8ge en sortie, garantissant l&#039;\u00e9tanch\u00e9it\u00e9 en sortie.<br \/>\nLe robinet \u00e0 tournant sph\u00e9rique flottant est principalement utilis\u00e9 dans les applications \u00e0 moyenne ou basse pression.<\/p>\n<p>STV Valve Technology Group Co., Ltd est un leader professionnel en Chine Robinet \u00e0 tournant sph\u00e9rique flottant en acier moul\u00e9 de 300 LB, robinet \u00e0 tournant sph\u00e9rique flottant, robinet \u00e0 tournant sph\u00e9rique flottant \u00e0 port complet, robinet \u00e0 tournant sph\u00e9rique flottant en acier moul\u00e9, robinet \u00e0 tournant sph\u00e9rique en acier moul\u00e9 API, fabricant de robinet \u00e0 tournant sph\u00e9rique \u00e0 extr\u00e9mit\u00e9 de bride de haute qualit\u00e9 et prix bas. Pour en savoir plus sur ces vannes, bienvenue \u00e0 contacter notre sales@stvvalve.com<br \/>\nFeuille de dates\u00a0:<a href=\"https:\/\/www.stvvalves.com\/wp-content\/uploads\/2019\/01\/300lb-cast-steel-floating-ball-valve.jpg\">Robinet \u00e0 tournant sph\u00e9rique flottant en acier moul\u00e9 de 300 lb<\/a>.<\/p>\n<p>&nbsp;<\/p>\n<p>&nbsp;<\/p>","protected":false},"featured_media":4367,"template":"","meta":[],"product_brand":[],"product_cat":[43,54,80,78],"product_tag":[531,530,532,125,529],"class_list":{"0":"post-4366","1":"product","2":"type-product","3":"status-publish","4":"has-post-thumbnail","6":"product_cat-ball-valve","7":"product_cat-cast-steel-ball-valve","8":"product_cat-flange-ball-valve","9":"product_cat-floating-ball-valve","10":"product_tag-api-cast-steel-ball-valve","11":"product_tag-cast-steel-floating-ball-valve","12":"product_tag-flange-end-ball-valve","13":"product_tag-floating-ball-valve","14":"product_tag-floating-ball-valves-full-port","16":"first","17":"instock","18":"shipping-taxable","19":"product-type-simple"},"_links":{"self":[{"href":"https:\/\/www.stvvalves.com\/fr\/wp-json\/wp\/v2\/product\/4366","targetHints":{"allow":["GET"]}}],"collection":[{"href":"https:\/\/www.stvvalves.com\/fr\/wp-json\/wp\/v2\/product"}],"about":[{"href":"https:\/\/www.stvvalves.com\/fr\/wp-json\/wp\/v2\/types\/product"}],"wp:featuredmedia":[{"embeddable":true,"href":"https:\/\/www.stvvalves.com\/fr\/wp-json\/wp\/v2\/media\/4367"}],"wp:attachment":[{"href":"https:\/\/www.stvvalves.com\/fr\/wp-json\/wp\/v2\/media?parent=4366"}],"wp:term":[{"taxonomy":"product_brand","embeddable":true,"href":"https:\/\/www.stvvalves.com\/fr\/wp-json\/wp\/v2\/product_brand?post=4366"},{"taxonomy":"product_cat","embeddable":true,"href":"https:\/\/www.stvvalves.com\/fr\/wp-json\/wp\/v2\/product_cat?post=4366"},{"taxonomy":"product_tag","embeddable":true,"href":"https:\/\/www.stvvalves.com\/fr\/wp-json\/wp\/v2\/product_tag?post=4366"}],"curies":[{"name":"wp","href":"https:\/\/api.w.org\/{rel}","templated":true}]}}