{"id":4380,"date":"2019-01-28T14:41:59","date_gmt":"2019-01-28T14:41:59","guid":{"rendered":"https:\/\/www.stvvalves.com\/?post_type=product&#038;p=4380"},"modified":"2025-02-17T18:20:50","modified_gmt":"2025-02-17T10:20:50","slug":"ansi-300lb-cast-steel-check-valve","status":"publish","type":"product","link":"https:\/\/www.stvvalves.com\/fr\/products\/ansi-300lb-cast-steel-check-valve\/","title":{"rendered":"Clapet anti-retour en acier moul\u00e9 ANSI 300LB"},"content":{"rendered":"<p>Caract\u00e9ristiques principales du clapet anti-retour \u00e0 battant ANSI 300LB<\/p>\n<p>BB, CAPOT BOULONN\u00c9<br \/>\nTYPE SWING, DISQUE ANTI-ROTATION<br \/>\nANNEAUX DE SI\u00c8GE RENOUVELABLES<br \/>\nARBRE \u00c0 DISQUE NON P\u00c9N\u00c9TRANT<br \/>\nSERVICE HORIZONTAL OU VERTICAL<br \/>\nEXTR\u00c9MIT\u00c9S \u00c0 BRIDE OU BUTTVVELDING<\/p>\n<p>Normes applicables:<br \/>\nCLAPETS ANTI-RETOUR EN ACIER, API6D\/BS1868<br \/>\nCLAPETS ANTI-RETOUR EN ACIER, ISO 14313<br \/>\nVANNES EN ACIER, ASME B16.34<br \/>\nFACE \u00c0 FACE, ASME B16.10<br \/>\nBRIDES D&#039;EXTR\u00c9MIT\u00c9, ASME B16.5<br \/>\nEMBOUTS \u00c0 SOUDER BOUT \u00c0 BOUT, ASME B16.25<br \/>\nINSPECTION ET TEST, API 598\/API 6D<\/p>\n<table>\n<tbody>\n<tr>\n<td width=\"200\"><strong>Nom du produit<\/strong><\/td>\n<td width=\"481\">Clapet anti-retour en acier moul\u00e9 ANSI 300LB<\/td>\n<\/tr>\n<tr>\n<td width=\"200\">1. Mat\u00e9riel<\/td>\n<td width=\"481\">WCB<\/td>\n<\/tr>\n<tr>\n<td width=\"200\">2. Taille<\/td>\n<td width=\"481\">4&quot;<\/td>\n<\/tr>\n<tr>\n<td width=\"200\">4. Port<\/td>\n<td width=\"481\">Port complet<\/td>\n<\/tr>\n<tr>\n<td width=\"200\">5. Pression de travail<\/td>\n<td width=\"481\">300LB<\/td>\n<\/tr>\n<tr>\n<td width=\"200\">6. Fin de la connexion<\/td>\n<td width=\"481\">RF<\/td>\n<\/tr>\n<tr>\n<td width=\"200\">7. Temp\u00e9rature de travail.<\/td>\n<td width=\"481\">-29~425\u00baC,<\/td>\n<\/tr>\n<tr>\n<td width=\"200\">8. Support appropri\u00e9<\/td>\n<td width=\"481\">Eau, gaz naturel, p\u00e9trole et certains liquides corrosifs<\/td>\n<\/tr>\n<tr>\n<td width=\"200\">9. Exploit\u00e9<\/td>\n<td width=\"481\">\/<\/td>\n<\/tr>\n<tr>\n<td width=\"200\">10. Inspection et tests<\/td>\n<td width=\"481\">SelonAPI 598<\/td>\n<\/tr>\n<tr>\n<td width=\"200\"><strong>Exp\u00e9dition<\/strong><\/td>\n<td width=\"481\"><\/td>\n<\/tr>\n<tr>\n<td width=\"200\">D\u00e9lai de livraison<\/td>\n<td width=\"481\">30 jours<\/td>\n<\/tr>\n<tr>\n<td width=\"200\">Emballer<\/td>\n<td width=\"481\">Caisse en contreplaqu\u00e9 d&#039;exportation standard<\/td>\n<\/tr>\n<tr>\n<td width=\"200\">Port d&#039;exp\u00e9dition<\/td>\n<td width=\"481\">Ningbo\/Shanghai, Chine<\/td>\n<\/tr>\n<tr>\n<td width=\"200\">Conditions d&#039;exp\u00e9dition<\/td>\n<td width=\"481\">Exw, FOB, CFR, CIF, etc.<\/td>\n<\/tr>\n<tr>\n<td width=\"200\">Modalit\u00e9s de paiement<\/td>\n<td width=\"481\">T\/T, Western Union, PayPal, etc.<\/td>\n<\/tr>\n<tr>\n<td width=\"200\"><\/td>\n<td width=\"481\">Pr\u00e9paiement 30%, solde 70% pay\u00e9 avant l&#039;exp\u00e9dition<\/td>\n<\/tr>\n<tr>\n<td width=\"200\">Pays d&#039;origine<\/td>\n<td width=\"481\">Ville de Wenzhou, Chine<\/td>\n<\/tr>\n<tr>\n<td width=\"200\">Capacit\u00e9 de production<\/td>\n<td width=\"481\">6000 tonnes\/an<\/td>\n<\/tr>\n<tr>\n<td width=\"200\">MOQ<\/td>\n<td width=\"481\">10 pi\u00e8ces\/taille<\/td>\n<\/tr>\n<\/tbody>\n<\/table>\n<p>&nbsp;<\/p>","protected":false},"excerpt":{"rendered":"<p>Mod\u00e8le\u00a0: H44W-300LB-WCB<br \/>\nLe clapet anti-retour \u00e0 battant en acier moul\u00e9 convient aux pipelines dans diverses conditions de travail telles que les centrales p\u00e9troli\u00e8res, chimiques, hydrauliques, thermiques, etc., coupant ou connectant le fluide.<\/p>\n<p>STV Valve Technology Group Co., Ltd est un leader professionnel Chine Clapet anti-retour en acier moul\u00e9 ANSI 300LB, clapet anti-retour \u00e0 battant ANSI, clapet anti-retour \u00e0 battant WCB, clapet anti-retour \u00e0 battant en acier moul\u00e9, clapet anti-retour \u00e0 battant API 600, fabricant de clapet anti-retour \u00e0 battant \u00e0 extr\u00e9mit\u00e9 \u00e0 bride avec haute qualit\u00e9 et prix bas. Veuillez contacter notre sales@stvvalve.com pour d&#039;autres mat\u00e9riaux et d\u00e9tails.<\/p>\n<p>Feuille de dates\u00a0:<a href=\"https:\/\/www.stvvalves.com\/wp-content\/uploads\/2019\/01\/ansi-300lb-cast-steel-check-valve-drawing.pdf\">Clapet anti-retour en acier moul\u00e9 ANSI 300LB<\/a><\/p>","protected":false},"featured_media":4381,"template":"","meta":[],"product_brand":[],"product_cat":[83,46],"product_tag":[547,335,551,549,548,550],"class_list":{"0":"post-4380","1":"product","2":"type-product","3":"status-publish","4":"has-post-thumbnail","6":"product_cat-cast-steel-check-valve","7":"product_cat-check-valves","8":"product_tag-300-lb-cast-steel-swing-check-valve","9":"product_tag-ansi-swing-check-valve","10":"product_tag-cast-steel-wcb-swing-check-valve","11":"product_tag-cast-steel-check-valve","12":"product_tag-cast-steel-check-valve-300lb","13":"product_tag-flanged-cast-steel-swing-check-valve","15":"first","16":"instock","17":"shipping-taxable","18":"product-type-simple"},"_links":{"self":[{"href":"https:\/\/www.stvvalves.com\/fr\/wp-json\/wp\/v2\/product\/4380","targetHints":{"allow":["GET"]}}],"collection":[{"href":"https:\/\/www.stvvalves.com\/fr\/wp-json\/wp\/v2\/product"}],"about":[{"href":"https:\/\/www.stvvalves.com\/fr\/wp-json\/wp\/v2\/types\/product"}],"wp:featuredmedia":[{"embeddable":true,"href":"https:\/\/www.stvvalves.com\/fr\/wp-json\/wp\/v2\/media\/4381"}],"wp:attachment":[{"href":"https:\/\/www.stvvalves.com\/fr\/wp-json\/wp\/v2\/media?parent=4380"}],"wp:term":[{"taxonomy":"product_brand","embeddable":true,"href":"https:\/\/www.stvvalves.com\/fr\/wp-json\/wp\/v2\/product_brand?post=4380"},{"taxonomy":"product_cat","embeddable":true,"href":"https:\/\/www.stvvalves.com\/fr\/wp-json\/wp\/v2\/product_cat?post=4380"},{"taxonomy":"product_tag","embeddable":true,"href":"https:\/\/www.stvvalves.com\/fr\/wp-json\/wp\/v2\/product_tag?post=4380"}],"curies":[{"name":"wp","href":"https:\/\/api.w.org\/{rel}","templated":true}]}}