{"id":4390,"date":"2019-02-22T00:03:44","date_gmt":"2019-02-22T00:03:44","guid":{"rendered":"https:\/\/www.stvvalves.com\/?post_type=product&#038;p=4390"},"modified":"2025-02-17T18:20:49","modified_gmt":"2025-02-17T10:20:49","slug":"high-pressure-3-way-ball-valvet-type-dn25-800lb","status":"publish","type":"product","link":"https:\/\/www.stvvalves.com\/fr\/products\/high-pressure-3-way-ball-valvet-type-dn25-800lb\/","title":{"rendered":"Robinet \u00e0 tournant sph\u00e9rique haute pression \u00e0 3 voies, type T, DN25,800LB"},"content":{"rendered":"<p>Robinet \u00e0 bille haute pression \u00e0 3 voies<\/p>\n<p>Caract\u00e9ristiques:<\/p>\n<p>Taille:1\/2\u2033-2\u2033<\/p>\n<p>Pression normale\u00a0: 800-2500LB<\/p>\n<p>Port r\u00e9duit<\/p>\n<p>TYPE L\/TYPE T, boule flottante<\/p>\n<p>Tige anti-\u00e9clatement<\/p>\n<p>Niveau<\/p>\n<p>Caract\u00e9ristiques<\/p>\n<p>Normes de conception et de fabrication\u00a0:\u00a0API 608,API 607,API 6D,BS 5351<\/p>\n<p>Norme face \u00e0 face\u00a0: API B16.10, API 6D, DIN 3202<br \/>\nNorme de connexion d&#039;extr\u00e9mit\u00e9\u00a0: NPT, BSP, BSPT, DIN259\/2999<\/p>\n<p>Norme d&#039;essai\u00a0: ISO5208,API 6D,BS 6755,API598<br \/>\nMat\u00e9riau du corps\u00a0:\u00a0A105, F304, F316<\/p>\n<p>Si\u00e8ge\u00a0: RPTFE, PPL, nylon<\/p>\n<p>Temp\u00e9rature de fonctionnement:-40-180 \u2103<\/p>\n<p>Convient: eau, p\u00e9trole, gaz<\/p>\n<p>&nbsp;<\/p>\n<table>\n<tbody>\n<tr>\n<td width=\"200\"><strong>Nom du produit<\/strong><\/td>\n<td width=\"481\">Robinet \u00e0 tournant sph\u00e9rique haute pression \u00e0 3 voies, type T, DN25,800LB<\/td>\n<\/tr>\n<tr>\n<td width=\"200\">1. Mat\u00e9riel<\/td>\n<td width=\"481\">A105<\/td>\n<\/tr>\n<tr>\n<td width=\"200\">2. Taille<\/td>\n<td width=\"481\">1&quot;<\/td>\n<\/tr>\n<tr>\n<td width=\"200\">4. Port<\/td>\n<td width=\"481\">Port r\u00e9ducteur<\/td>\n<\/tr>\n<tr>\n<td width=\"200\">5. Pression de travail<\/td>\n<td width=\"481\">800 livres<\/td>\n<\/tr>\n<tr>\n<td width=\"200\">6. Fin de la connexion<\/td>\n<td width=\"481\">TNP<\/td>\n<\/tr>\n<tr>\n<td width=\"200\">7. Temp\u00e9rature de travail.<\/td>\n<td width=\"481\">-29~180\u00baC,<\/td>\n<\/tr>\n<tr>\n<td width=\"200\">8. Support appropri\u00e9<\/td>\n<td width=\"481\">Eau, gaz naturel, p\u00e9trole et certains liquides corrosifs<\/td>\n<\/tr>\n<tr>\n<td width=\"200\">9. Exploit\u00e9<\/td>\n<td width=\"481\">Volant<\/td>\n<\/tr>\n<tr>\n<td width=\"200\">10. Inspection et tests<\/td>\n<td width=\"481\">Selon API598<\/td>\n<\/tr>\n<tr>\n<td width=\"200\"><strong>Exp\u00e9dition<\/strong><\/td>\n<td width=\"481\"><\/td>\n<\/tr>\n<tr>\n<td width=\"200\">D\u00e9lai de livraison<\/td>\n<td width=\"481\">30 jours<\/td>\n<\/tr>\n<tr>\n<td width=\"200\">Emballer<\/td>\n<td width=\"481\">Caisse en contreplaqu\u00e9 d&#039;exportation standard<\/td>\n<\/tr>\n<tr>\n<td width=\"200\">Port d&#039;exp\u00e9dition<\/td>\n<td width=\"481\">Ningbo\/Shanghai, Chine<\/td>\n<\/tr>\n<tr>\n<td width=\"200\">Conditions d&#039;exp\u00e9dition<\/td>\n<td width=\"481\">Exw, FOB, CFR, CIF, etc.<\/td>\n<\/tr>\n<tr>\n<td width=\"200\">Modalit\u00e9s de paiement<\/td>\n<td width=\"481\">T\/T, Western Union, PayPal, etc.<\/td>\n<\/tr>\n<tr>\n<td width=\"200\"><\/td>\n<td width=\"481\">Pr\u00e9paiement 30%, solde 70% pay\u00e9 avant l&#039;exp\u00e9dition<\/td>\n<\/tr>\n<tr>\n<td width=\"200\">Pays d&#039;origine<\/td>\n<td width=\"481\">Ville de Wenzhou, Chine<\/td>\n<\/tr>\n<tr>\n<td width=\"200\">Capacit\u00e9 de production<\/td>\n<td width=\"481\">6000 tonnes\/an<\/td>\n<\/tr>\n<tr>\n<td width=\"200\">MOQ<\/td>\n<td width=\"481\">1 pi\u00e8ces\/taille<\/td>\n<\/tr>\n<\/tbody>\n<\/table>","protected":false},"excerpt":{"rendered":"<p>Mod\u00e8le\u00a0: Q14F-800LB-DN25<\/p>\n<p>Notre robinet \u00e0 tournant sph\u00e9rique \u00e0 3 voies haute pression adopte une conception de structure \u00e0 bille flottante \u00e0 \u00e9tanch\u00e9it\u00e9 \u00e0 deux si\u00e8ges, qui pr\u00e9sente les avantages d&#039;une apparence exquise, de bonnes performances d&#039;\u00e9tanch\u00e9it\u00e9, d&#039;une commutation pratique, d&#039;un contr\u00f4le pratique du shuntage moyen et de la confluence dans le pipeline, et d&#039;un syst\u00e8me souple ou dur personnalis\u00e9. sceller selon les conditions de travail du client. Forme (joint souple pour 200\u00b0C en dessous)<\/p>\n<p>Le mat\u00e9riau en acier forg\u00e9, robinet \u00e0 tournant sph\u00e9rique \u00e0 trois voies de type T, peut s&#039;adapter aux temp\u00e9ratures \u00e9lev\u00e9es et \u00e9lev\u00e9es. Il peut \u00eatre utilis\u00e9 pour d\u00e9tourner et fusionner le projet dans le projet. Le robinet \u00e0 tournant sph\u00e9rique \u00e0 trois voies en acier forg\u00e9 de type T peut \u00eatre appliqu\u00e9 aux domaines suivants\u00a0: p\u00e9trole, produits chimiques, \u00e9nergie \u00e9lectrique, produits pharmaceutiques, etc., adapt\u00e9s \u00e0 l&#039;eau, au gaz, au p\u00e9trole, au gaz naturel et aux milieux corrosifs acide-alcalin.<\/p>\n<p>Veuillez contacter notre sales@stvvalve.com pour d&#039;autres mat\u00e9riaux et d\u00e9tails.<\/p>\n<p>Feuille de dates\u00a0:<a href=\"https:\/\/www.stvvalves.com\/wp-content\/uploads\/2019\/02\/high-pressure-3-way-ball-valvet-type-dn25-800lb-Drawing.pdf\">Robinet \u00e0 tournant sph\u00e9rique haute pression \u00e0 3 voies, type T, DN25,800LB<\/a><\/p>\n<p>&nbsp;<\/p>","protected":false},"featured_media":4393,"template":"","meta":[],"product_brand":[],"product_cat":[43,78,55,79],"product_tag":[171,552],"class_list":{"0":"post-4390","1":"product","2":"type-product","3":"status-publish","4":"has-post-thumbnail","6":"product_cat-ball-valve","7":"product_cat-floating-ball-valve","8":"product_cat-forged-steel-ball-valve","9":"product_cat-threaded-ball-valve","10":"product_tag-3-way-ball-valve","11":"product_tag-3-way-high-pressure-ball-valves","13":"first","14":"instock","15":"shipping-taxable","16":"product-type-simple"},"_links":{"self":[{"href":"https:\/\/www.stvvalves.com\/fr\/wp-json\/wp\/v2\/product\/4390","targetHints":{"allow":["GET"]}}],"collection":[{"href":"https:\/\/www.stvvalves.com\/fr\/wp-json\/wp\/v2\/product"}],"about":[{"href":"https:\/\/www.stvvalves.com\/fr\/wp-json\/wp\/v2\/types\/product"}],"wp:featuredmedia":[{"embeddable":true,"href":"https:\/\/www.stvvalves.com\/fr\/wp-json\/wp\/v2\/media\/4393"}],"wp:attachment":[{"href":"https:\/\/www.stvvalves.com\/fr\/wp-json\/wp\/v2\/media?parent=4390"}],"wp:term":[{"taxonomy":"product_brand","embeddable":true,"href":"https:\/\/www.stvvalves.com\/fr\/wp-json\/wp\/v2\/product_brand?post=4390"},{"taxonomy":"product_cat","embeddable":true,"href":"https:\/\/www.stvvalves.com\/fr\/wp-json\/wp\/v2\/product_cat?post=4390"},{"taxonomy":"product_tag","embeddable":true,"href":"https:\/\/www.stvvalves.com\/fr\/wp-json\/wp\/v2\/product_tag?post=4390"}],"curies":[{"name":"wp","href":"https:\/\/api.w.org\/{rel}","templated":true}]}}