{"id":4401,"date":"2019-02-28T03:27:01","date_gmt":"2019-02-28T03:27:01","guid":{"rendered":"https:\/\/www.stvvalves.com\/?post_type=product&#038;p=4401"},"modified":"2025-02-17T18:20:48","modified_gmt":"2025-02-17T10:20:48","slug":"150lb-forged-steel-ball-valve-f304-body-reducer-bore-flange-end","status":"publish","type":"product","link":"https:\/\/www.stvvalves.com\/fr\/products\/150lb-forged-steel-ball-valve-f304-body-reducer-bore-flange-end\/","title":{"rendered":"Robinet \u00e0 tournant sph\u00e9rique en acier forg\u00e9 de 150 lb, corps F304, al\u00e9sage de r\u00e9ducteur, extr\u00e9mit\u00e9 de bride"},"content":{"rendered":"<p>Gamme de produits<br \/>\n-Taille de la vanne : 1\/2\u2033 \u2013 24\u2033 (DN15-DN600)<br \/>\n-Pression\u00a0: ANSI classe 150-1500 (PN16-PN250)<br \/>\n-Temp\u00e9rature\u00a0: -196 \u2103 \u2013 500 \u2103<br \/>\n-Mat\u00e9riaux du corps\u00a0:\u00a0A105N,F304,F304L,F316,F316L,F11,F22,F51,F55<\/p>\n<p>Sp\u00e9cifications techniques<br \/>\n-Conception\u00a0:\u00a0ASME 16.34\/API 6D<br \/>\n-Face \u00e0 face\u00a0: ASME B16.10<br \/>\n-Fin BW\u00a0: ASME B16.25<br \/>\n-Test\u00a0:\u00a0API 598\/BS 6755<br \/>\n-Test de s\u00e9curit\u00e9 incendie\u00a0: API 607\/API 6FA<br \/>\n-Sp\u00e9cial\u00a0: NACE MR-01-75<\/p>\n<p>Caract\u00e9ristiques de conception<br \/>\n-Corps en acier forg\u00e9 ou moul\u00e9<br \/>\n-Bille flottante et mont\u00e9e sur tourillon<br \/>\n-Port complet ou port r\u00e9ducteur<br \/>\n-Dispositif antistatique<br \/>\n-Tige anti-\u00e9clatement<br \/>\n-Conception coupe-feu<\/p>\n<table>\n<tbody>\n<tr>\n<td width=\"200\"><strong>Nom du produit<\/strong><\/td>\n<td width=\"481\">Robinet \u00e0 tournant sph\u00e9rique en acier forg\u00e9 de 150 lb, corps F304, al\u00e9sage de r\u00e9ducteur, extr\u00e9mit\u00e9 de bride<\/td>\n<\/tr>\n<tr>\n<td width=\"200\">1. Mat\u00e9riel<\/td>\n<td width=\"481\">F304<\/td>\n<\/tr>\n<tr>\n<td width=\"200\">2. Taille<\/td>\n<td width=\"481\">2&quot;<\/td>\n<\/tr>\n<tr>\n<td width=\"200\">4. Port<\/td>\n<td width=\"481\">Port complet<\/td>\n<\/tr>\n<tr>\n<td width=\"200\">5. Pression de travail<\/td>\n<td width=\"481\">150LB<\/td>\n<\/tr>\n<tr>\n<td width=\"200\">6. Fin de la connexion<\/td>\n<td width=\"481\">RF<\/td>\n<\/tr>\n<tr>\n<td width=\"200\">7. Temp\u00e9rature de travail.<\/td>\n<td width=\"481\">-29~120\u00baC,<\/td>\n<\/tr>\n<tr>\n<td width=\"200\">8. Support appropri\u00e9<\/td>\n<td width=\"481\">Eau, gaz naturel, p\u00e9trole et certains liquides corrosifs<\/td>\n<\/tr>\n<tr>\n<td width=\"200\">9. Exploit\u00e9<\/td>\n<td width=\"481\">Volant<\/td>\n<\/tr>\n<tr>\n<td width=\"200\">10. Inspection et tests<\/td>\n<td width=\"481\">Selon API598<\/td>\n<\/tr>\n<tr>\n<td width=\"200\"><strong>Exp\u00e9dition<\/strong><\/td>\n<td width=\"481\"><\/td>\n<\/tr>\n<tr>\n<td width=\"200\">D\u00e9lai de livraison<\/td>\n<td width=\"481\">30 jours<\/td>\n<\/tr>\n<tr>\n<td width=\"200\">Emballer<\/td>\n<td width=\"481\">Caisse en contreplaqu\u00e9 d&#039;exportation standard<\/td>\n<\/tr>\n<tr>\n<td width=\"200\">Port d&#039;exp\u00e9dition<\/td>\n<td width=\"481\">Ningbo\/Shanghai, Chine<\/td>\n<\/tr>\n<tr>\n<td width=\"200\">Conditions d&#039;exp\u00e9dition<\/td>\n<td width=\"481\">Exw, FOB, CFR, CIF, etc.<\/td>\n<\/tr>\n<tr>\n<td width=\"200\">Modalit\u00e9s de paiement<\/td>\n<td width=\"481\">T\/T, Western Union, PayPal, etc.<\/td>\n<\/tr>\n<tr>\n<td width=\"200\"><\/td>\n<td width=\"481\">Pr\u00e9paiement 30%, solde 70% pay\u00e9 avant l&#039;exp\u00e9dition<\/td>\n<\/tr>\n<tr>\n<td width=\"200\">Pays d&#039;origine<\/td>\n<td width=\"481\">Ville de Wenzhou, Chine<\/td>\n<\/tr>\n<tr>\n<td width=\"200\">Capacit\u00e9 de production<\/td>\n<td width=\"481\">6000 tonnes\/an<\/td>\n<\/tr>\n<tr>\n<td width=\"200\">MOQ<\/td>\n<td width=\"481\">1 pi\u00e8ces\/taille<\/td>\n<\/tr>\n<\/tbody>\n<\/table>\n<p>&nbsp;<\/p>","protected":false},"excerpt":{"rendered":"<p>Mod\u00e8le\u00a0: SQ41F-150LB-PEEK<\/p>\n<p>Le principe de fonctionnement de notre robinet \u00e0 tournant sph\u00e9rique en acier forg\u00e9 de 150 LB est de faire tourner la tige de la vanne pour la d\u00e9bloquer ou l&#039;obstruer. Il peut s&#039;agir d&#039;un robinet \u00e0 tournant sph\u00e9rique \u00e0 passage int\u00e9gral, d&#039;un angle de 90 \u00b0C, le commutateur de robinet \u00e0 tournant sph\u00e9rique est l\u00e9ger, de petite taille, peut \u00eatre transform\u00e9 en un grand diam\u00e8tre, fiable en termes d&#039;\u00e9tanch\u00e9it\u00e9, de structure simple, pratique \u00e0 entretenir, la surface d&#039;\u00e9tanch\u00e9it\u00e9 et la surface sph\u00e9rique sont souvent ferm\u00e9, pas facilement \u00e9rod\u00e9 par le milieu, dans diverses industries. Largement utilis\u00e9.<br \/>\nSTV Valve Technology Group Co., Ltd est un leader professionnel en Chine Robinet \u00e0 tournant sph\u00e9rique en acier forg\u00e9 de 150 LB, robinet \u00e0 tournant sph\u00e9rique \u00e0 bride en acier forg\u00e9 de type 2PCS, robinet \u00e0 tournant sph\u00e9rique A105, robinet \u00e0 tournant sph\u00e9rique en acier forg\u00e9 haute pression, fabricant de robinet \u00e0 tournant sph\u00e9rique en acier forg\u00e9 mont\u00e9 sur tourillon de haute qualit\u00e9 et comp\u00e9titif prix.<\/p>\n<p>Veuillez contacter notre sales@stvvalve.com pour d&#039;autres mat\u00e9riaux et d\u00e9tails.<\/p>\n<p>Feuille de dates\u00a0:<a href=\"https:\/\/www.stvvalves.com\/wp-content\/uploads\/2019\/02\/150lb-forged-steel-ball-valve-f304-body-reducer-bore-flange-end-drawing.pdf\">Robinet \u00e0 tournant sph\u00e9rique en acier forg\u00e9 de 150 lb, corps F304, al\u00e9sage de r\u00e9ducteur, extr\u00e9mit\u00e9 de bride<\/a><\/p>","protected":false},"featured_media":4402,"template":"","meta":[],"product_brand":[],"product_cat":[43,80,78,55,53],"product_tag":[555,556,105,558,557],"class_list":{"0":"post-4401","1":"product","2":"type-product","3":"status-publish","4":"has-post-thumbnail","6":"product_cat-ball-valve","7":"product_cat-flange-ball-valve","8":"product_cat-floating-ball-valve","9":"product_cat-forged-steel-ball-valve","10":"product_cat-stainless-steel-ball-valve","11":"product_tag-2pcs-type-forged-steel-flange-ball-valve","12":"product_tag-a105-ball-valve","13":"product_tag-ball-valve","14":"product_tag-forged-steel-trunnion-mounted-ball-valve-manufacturer","15":"product_tag-high-pressure-forged-steel-ball-valve","17":"first","18":"instock","19":"shipping-taxable","20":"product-type-simple"},"_links":{"self":[{"href":"https:\/\/www.stvvalves.com\/fr\/wp-json\/wp\/v2\/product\/4401","targetHints":{"allow":["GET"]}}],"collection":[{"href":"https:\/\/www.stvvalves.com\/fr\/wp-json\/wp\/v2\/product"}],"about":[{"href":"https:\/\/www.stvvalves.com\/fr\/wp-json\/wp\/v2\/types\/product"}],"wp:featuredmedia":[{"embeddable":true,"href":"https:\/\/www.stvvalves.com\/fr\/wp-json\/wp\/v2\/media\/4402"}],"wp:attachment":[{"href":"https:\/\/www.stvvalves.com\/fr\/wp-json\/wp\/v2\/media?parent=4401"}],"wp:term":[{"taxonomy":"product_brand","embeddable":true,"href":"https:\/\/www.stvvalves.com\/fr\/wp-json\/wp\/v2\/product_brand?post=4401"},{"taxonomy":"product_cat","embeddable":true,"href":"https:\/\/www.stvvalves.com\/fr\/wp-json\/wp\/v2\/product_cat?post=4401"},{"taxonomy":"product_tag","embeddable":true,"href":"https:\/\/www.stvvalves.com\/fr\/wp-json\/wp\/v2\/product_tag?post=4401"}],"curies":[{"name":"wp","href":"https:\/\/api.w.org\/{rel}","templated":true}]}}