{"id":4419,"date":"2019-03-02T15:01:22","date_gmt":"2019-03-02T15:01:22","guid":{"rendered":"https:\/\/www.stvvalves.com\/?post_type=product&#038;p=4419"},"modified":"2025-02-17T18:21:09","modified_gmt":"2025-02-17T10:21:09","slug":"2pc-forged-steel-floating-ball-valve-astm-a105-npt-800lb-peek-seat","status":"publish","type":"product","link":"https:\/\/www.stvvalves.com\/fr\/products\/2pc-forged-steel-floating-ball-valve-astm-a105-npt-800lb-peek-seat\/","title":{"rendered":"Robinet \u00e0 tournant sph\u00e9rique flottant en acier forg\u00e9 2 pi\u00e8ces, ASTM A105, NPT, 800LB, si\u00e8ge Peek"},"content":{"rendered":"<p>Robinet \u00e0 tournant sph\u00e9rique filet\u00e9 en acier forg\u00e9 \u2013 800 lb \u00e0 2 500 lb<br \/>\nPassage complet ou passage r\u00e9duit<br \/>\n\u00c9tanch\u00e9it\u00e9 du si\u00e8ge coupe-feu<br \/>\nTige anti-\u00e9clatement<br \/>\nDispositif antistatique, faible \u00e9mission<br \/>\nCarrosserie : A105, A182 F304, A182 F316 et plus<br \/>\nBalle\u00a0:\u00a0A105+ENP, 13CR, A182 F304, F304L, F316, F316L et plus<br \/>\nSi\u00e8ge\u00a0: PTFE, RPTFE, coup d&#039;oeil, m\u00e9tal sur m\u00e9tal<br \/>\nActionn\u00e9 par levier<br \/>\nConception et fabrication comme base sur BS5351<br \/>\nTaille : 1\/2\u2033 \u00e0 2\u2033<br \/>\nBase d&#039;extr\u00e9mit\u00e9s \u00e0 souder par embo\u00eetement selon ASME B16.11<br \/>\nBase \u00e0 extr\u00e9mit\u00e9s viss\u00e9es (NPT) selon ANSI B1.20.1<br \/>\nBase de tests et d&#039;inspection sur API 598<br \/>\nNACE MR-01-75<\/p>\n<p>&nbsp;<\/p>\n<table>\n<tbody>\n<tr>\n<td width=\"200\"><strong>Nom du produit<\/strong><\/td>\n<td width=\"481\">Robinet \u00e0 tournant sph\u00e9rique flottant en acier forg\u00e9 2 pi\u00e8ces, ASTM A105, NPT, 800LB, si\u00e8ge Peek<\/td>\n<\/tr>\n<tr>\n<td width=\"200\">1. Mat\u00e9riel<\/td>\n<td width=\"481\">A105N<\/td>\n<\/tr>\n<tr>\n<td width=\"200\">2. Taille<\/td>\n<td width=\"481\">1&quot;<\/td>\n<\/tr>\n<tr>\n<td width=\"200\">4. Port<\/td>\n<td width=\"481\">Port complet<\/td>\n<\/tr>\n<tr>\n<td width=\"200\">5. Pression de travail<\/td>\n<td width=\"481\">800 livres<\/td>\n<\/tr>\n<tr>\n<td width=\"200\">6. Fin de la connexion<\/td>\n<td width=\"481\">TNP<\/td>\n<\/tr>\n<tr>\n<td width=\"200\">7. Temp\u00e9rature de travail.<\/td>\n<td width=\"481\">-29~180\u00baC,<\/td>\n<\/tr>\n<tr>\n<td width=\"200\">8. Support appropri\u00e9<\/td>\n<td width=\"481\">Eau, gaz naturel, p\u00e9trole et certains liquides corrosifs<\/td>\n<\/tr>\n<tr>\n<td width=\"200\">9. Exploit\u00e9<\/td>\n<td width=\"481\">Volant<\/td>\n<\/tr>\n<tr>\n<td width=\"200\">10. Inspection et tests<\/td>\n<td width=\"481\">Selon API598<\/td>\n<\/tr>\n<tr>\n<td width=\"200\"><strong>Exp\u00e9dition<\/strong><\/td>\n<td width=\"481\"><\/td>\n<\/tr>\n<tr>\n<td width=\"200\">D\u00e9lai de livraison<\/td>\n<td width=\"481\">30 jours<\/td>\n<\/tr>\n<tr>\n<td width=\"200\">Emballer<\/td>\n<td width=\"481\">Caisse en contreplaqu\u00e9 d&#039;exportation standard<\/td>\n<\/tr>\n<tr>\n<td width=\"200\">Port d&#039;exp\u00e9dition<\/td>\n<td width=\"481\">Ningbo\/Shanghai, Chine<\/td>\n<\/tr>\n<tr>\n<td width=\"200\">Conditions d&#039;exp\u00e9dition<\/td>\n<td width=\"481\">Exw, FOB, CFR, CIF, etc.<\/td>\n<\/tr>\n<tr>\n<td width=\"200\">Modalit\u00e9s de paiement<\/td>\n<td width=\"481\">T\/T, Western Union, PayPal, etc.<\/td>\n<\/tr>\n<tr>\n<td width=\"200\"><\/td>\n<td width=\"481\">Pr\u00e9paiement 30%, solde 70% pay\u00e9 avant l&#039;exp\u00e9dition<\/td>\n<\/tr>\n<tr>\n<td width=\"200\">Pays d&#039;origine<\/td>\n<td width=\"481\">Ville de Wenzhou, Chine<\/td>\n<\/tr>\n<tr>\n<td width=\"200\">Capacit\u00e9 de production<\/td>\n<td width=\"481\">6000 tonnes\/an<\/td>\n<\/tr>\n<tr>\n<td width=\"200\">MOQ<\/td>\n<td width=\"481\">1 pi\u00e8ces\/taille<\/td>\n<\/tr>\n<\/tbody>\n<\/table>","protected":false},"excerpt":{"rendered":"<p>Mod\u00e8le\u00a0: Q11F-800LB-DN40-A105<\/p>\n<p>Le robinet \u00e0 tournant sph\u00e9rique flottant en acier forg\u00e9 2 pi\u00e8ces est largement utilis\u00e9 dans des industries importantes telles que le p\u00e9trole, la chimie, l&#039;\u00e9nergie \u00e9lectrique, la conservation de l&#039;eau, l&#039;acier, etc. Le robinet \u00e0 tournant sph\u00e9rique en acier forg\u00e9 \u00e0 connexion en deux parties est une vanne indispensable dans la production et la vie des gens. Le robinet \u00e0 tournant sph\u00e9rique, de plus en plus utilis\u00e9, joue un r\u00f4le central dans l&#039;\u00e9conomie nationale.<\/p>\n<p>Le robinet \u00e0 bille flottant en acier forg\u00e9 2 pi\u00e8ces est une vanne qui utilise une bille avec un passage circulaire comme \u00e9l\u00e9ment de d\u00e9marrage et de fermeture, et la bille tourne avec la tige de la vanne pour r\u00e9aliser l&#039;action d&#039;ouverture et de fermeture. Pour la conception structurelle du corps du robinet \u00e0 tournant sph\u00e9rique en acier forg\u00e9, le processus de forgeage doit d&#039;abord \u00eatre pris en compte. C&#039;est-\u00e0-dire que la sur\u00e9paisseur d&#039;usinage est faible, la marge est petite, la forme et la taille sont proches des pi\u00e8ces finies et le taux d&#039;utilisation du mat\u00e9riau est \u00e9lev\u00e9. Les \u00e9quipements de forgeage volumineux et sp\u00e9ciaux sont co\u00fbteux \u00e0 utiliser. Par cons\u00e9quent, compte tenu de l&#039;aspect \u00e9conomique des robinets \u00e0 tournant sph\u00e9rique en acier forg\u00e9, les robinets \u00e0 tournant sph\u00e9rique en acier forg\u00e9 sont g\u00e9n\u00e9ralement s\u00e9lectionn\u00e9s pour \u00eatre trait\u00e9s sur un \u00e9quipement de forgeage ordinaire.<\/p>\n<p>STV Valve Technology Group Co., Ltd est un leader professionnel Chine Robinet \u00e0 tournant sph\u00e9rique flottant en acier forg\u00e9 2 PC, Robinet \u00e0 tournant sph\u00e9rique en acier forg\u00e9 de 800 lb, Robinet \u00e0 tournant sph\u00e9rique en acier forg\u00e9 2 pi\u00e8ces en Chine, Robinet \u00e0 tournant sph\u00e9rique en acier forg\u00e9 haute pression, Robinet \u00e0 tournant sph\u00e9rique \u00e0 filetage en acier forg\u00e9, Robinet \u00e0 tournant sph\u00e9rique en acier forg\u00e9 en Chine Fabricant de vannes de haute qualit\u00e9 et \u00e0 prix comp\u00e9titif.<\/p>\n<p>Veuillez contacter notre sales@stvvalve.com pour d&#039;autres mat\u00e9riaux et d\u00e9tails.<\/p>\n<p>Feuille de dates\u00a0:<a href=\"https:\/\/www.stvvalves.com\/wp-content\/uploads\/2019\/03\/2PC-Forged-Steel-Floating-Ball-Valve-ASTM-A105-NPT-800LB-Peek-Seat-drawing.pdf\">Robinet \u00e0 tournant sph\u00e9rique flottant en acier forg\u00e9 2 pi\u00e8ces, ASTM A105, NPT, 800LB, si\u00e8ge Peek<\/a><\/p>","protected":false},"featured_media":4420,"template":"","meta":[],"product_brand":[],"product_cat":[43,78,55],"product_tag":[570,572,571,574,573,208],"class_list":{"0":"post-4419","1":"product","2":"type-product","3":"status-publish","4":"has-post-thumbnail","6":"product_cat-ball-valve","7":"product_cat-floating-ball-valve","8":"product_cat-forged-steel-ball-valve","9":"product_tag-800lb-forged-steel-ball-valve","10":"product_tag-china-2-piece-forged-steel-ball-valve","11":"product_tag-china-forged-ball-valve-manufacturer","12":"product_tag-forged-steel-high-pressure-ball-valve","13":"product_tag-forged-steel-thread-ball-valve","14":"product_tag-high-pressure-ball-valve","16":"first","17":"instock","18":"shipping-taxable","19":"product-type-simple"},"_links":{"self":[{"href":"https:\/\/www.stvvalves.com\/fr\/wp-json\/wp\/v2\/product\/4419","targetHints":{"allow":["GET"]}}],"collection":[{"href":"https:\/\/www.stvvalves.com\/fr\/wp-json\/wp\/v2\/product"}],"about":[{"href":"https:\/\/www.stvvalves.com\/fr\/wp-json\/wp\/v2\/types\/product"}],"wp:featuredmedia":[{"embeddable":true,"href":"https:\/\/www.stvvalves.com\/fr\/wp-json\/wp\/v2\/media\/4420"}],"wp:attachment":[{"href":"https:\/\/www.stvvalves.com\/fr\/wp-json\/wp\/v2\/media?parent=4419"}],"wp:term":[{"taxonomy":"product_brand","embeddable":true,"href":"https:\/\/www.stvvalves.com\/fr\/wp-json\/wp\/v2\/product_brand?post=4419"},{"taxonomy":"product_cat","embeddable":true,"href":"https:\/\/www.stvvalves.com\/fr\/wp-json\/wp\/v2\/product_cat?post=4419"},{"taxonomy":"product_tag","embeddable":true,"href":"https:\/\/www.stvvalves.com\/fr\/wp-json\/wp\/v2\/product_tag?post=4419"}],"curies":[{"name":"wp","href":"https:\/\/api.w.org\/{rel}","templated":true}]}}