{"id":4424,"date":"2019-03-02T15:55:28","date_gmt":"2019-03-02T15:55:28","guid":{"rendered":"https:\/\/www.stvvalves.com\/?post_type=product&#038;p=4424"},"modified":"2025-02-17T18:20:41","modified_gmt":"2025-02-17T10:20:41","slug":"3pc-peek-seat-ball-valve-800lb-f316-body-316-trim-3-inch-sw-end","status":"publish","type":"product","link":"https:\/\/www.stvvalves.com\/fr\/products\/3pc-peek-seat-ball-valve-800lb-f316-body-316-trim-3-inch-sw-end\/","title":{"rendered":"Robinet \u00e0 tournant sph\u00e9rique Peek Seat 3 pi\u00e8ces, 800 LB, corps F316, garniture 316, 3 pouces, extr\u00e9mit\u00e9 SW"},"content":{"rendered":"<p>Taille:1\/2\u2033-2\u2033<\/p>\n<p>Pression normale\u00a0: 800-2500LB<\/p>\n<p>FP. Conception de port complet\/RP. Port r\u00e9gulier \/ Port r\u00e9duit<\/p>\n<p>3 pi\u00e8ces \/ Corps divis\u00e9, boule flottante<\/p>\n<p>Tige anti-\u00e9clatement<\/p>\n<p>NPT, BSPP, soudure par douille, soudure bout \u00e0 bout, face sur\u00e9lev\u00e9e<\/p>\n<p>CAPI \/ ISO5211 Support de montage<\/p>\n<p>Niveau ou engrenage \u00e0 vis sans fin<\/p>\n<p>Caract\u00e9ristiques<\/p>\n<p>Normes de conception et de fabrication\u00a0:\u00a0API 608,API 607,API 6D,BS 5351<\/p>\n<p>Norme face \u00e0 face\u00a0: API B16.10, API 6D, DIN 3202<br \/>\nNorme de connexion d&#039;extr\u00e9mit\u00e9\u00a0: NPT, BSP, BSPT, DIN259\/2999<\/p>\n<p>Norme d&#039;essai\u00a0: ISO5208,API 6D,BS 6755,API598<br \/>\nMat\u00e9riau du corps\u00a0:\u00a0A105, F304, F316<\/p>\n<p>Si\u00e8ge\u00a0: RPTFE, PPL, nylon, PEEK<\/p>\n<p>Temp\u00e9rature de fonctionnement:-40-180 \u2103<\/p>\n<p>Convient: eau, p\u00e9trole, gaz<\/p>\n<p>&nbsp;<\/p>\n<table>\n<tbody>\n<tr>\n<td width=\"200\"><strong>Nom du produit<\/strong><\/td>\n<td width=\"481\">Robinet \u00e0 tournant sph\u00e9rique Peek Seat 3 pi\u00e8ces, 800 LB, corps F316, garniture 316, 3 pouces, extr\u00e9mit\u00e9 SW<\/td>\n<\/tr>\n<tr>\n<td width=\"200\">1. Mat\u00e9riel<\/td>\n<td width=\"481\">F316<\/td>\n<\/tr>\n<tr>\n<td width=\"200\">2. Taille<\/td>\n<td width=\"481\">3&quot;<\/td>\n<\/tr>\n<tr>\n<td width=\"200\">4. Port<\/td>\n<td width=\"481\">Port complet<\/td>\n<\/tr>\n<tr>\n<td width=\"200\">5. Pression de travail<\/td>\n<td width=\"481\">800 livres<\/td>\n<\/tr>\n<tr>\n<td width=\"200\">6. Fin de la connexion<\/td>\n<td width=\"481\">Logiciel<\/td>\n<\/tr>\n<tr>\n<td width=\"200\">7. Temp\u00e9rature de travail.<\/td>\n<td width=\"481\">-29~180\u00baC,<\/td>\n<\/tr>\n<tr>\n<td width=\"200\">8. Support appropri\u00e9<\/td>\n<td width=\"481\">Eau, gaz naturel, p\u00e9trole et certains liquides corrosifs<\/td>\n<\/tr>\n<tr>\n<td width=\"200\">9. Exploit\u00e9<\/td>\n<td width=\"481\">Volant<\/td>\n<\/tr>\n<tr>\n<td width=\"200\">10. Inspection et tests<\/td>\n<td width=\"481\">Selon API598<\/td>\n<\/tr>\n<tr>\n<td width=\"200\"><strong>Exp\u00e9dition<\/strong><\/td>\n<td width=\"481\"><\/td>\n<\/tr>\n<tr>\n<td width=\"200\">D\u00e9lai de livraison<\/td>\n<td width=\"481\">30 jours<\/td>\n<\/tr>\n<tr>\n<td width=\"200\">Emballer<\/td>\n<td width=\"481\">Caisse en contreplaqu\u00e9 d&#039;exportation standard<\/td>\n<\/tr>\n<tr>\n<td width=\"200\">Port d&#039;exp\u00e9dition<\/td>\n<td width=\"481\">Ningbo\/Shanghai, Chine<\/td>\n<\/tr>\n<tr>\n<td width=\"200\">Conditions d&#039;exp\u00e9dition<\/td>\n<td width=\"481\">Exw, FOB, CFR, CIF, etc.<\/td>\n<\/tr>\n<tr>\n<td width=\"200\">Modalit\u00e9s de paiement<\/td>\n<td width=\"481\">T\/T, Western Union, PayPal, etc.<\/td>\n<\/tr>\n<tr>\n<td width=\"200\"><\/td>\n<td width=\"481\">Pr\u00e9paiement 30%, solde 70% pay\u00e9 avant l&#039;exp\u00e9dition<\/td>\n<\/tr>\n<tr>\n<td width=\"200\">Pays d&#039;origine<\/td>\n<td width=\"481\">Ville de Wenzhou, Chine<\/td>\n<\/tr>\n<tr>\n<td width=\"200\">Capacit\u00e9 de production<\/td>\n<td width=\"481\">6000 tonnes\/an<\/td>\n<\/tr>\n<tr>\n<td width=\"200\">MOQ<\/td>\n<td width=\"481\">1 pi\u00e8ces\/taille<\/td>\n<\/tr>\n<\/tbody>\n<\/table>","protected":false},"excerpt":{"rendered":"<p>Mod\u00e8le : Q11F-800LB-3\u2033<\/p>\n<p>Le principe de fonctionnement du robinet \u00e0 tournant sph\u00e9rique 3PC Peek Seat est de faire tourner la tige de la vanne pour la d\u00e9bloquer ou l&#039;obstruer. Il peut s&#039;agir d&#039;un robinet \u00e0 tournant sph\u00e9rique \u00e0 passage int\u00e9gral, d&#039;un angle de 90 \u00b0C, le commutateur de robinet \u00e0 tournant sph\u00e9rique est l\u00e9ger, de petite taille, peut \u00eatre transform\u00e9 en un grand diam\u00e8tre, fiable en termes d&#039;\u00e9tanch\u00e9it\u00e9, de structure simple, pratique \u00e0 entretenir, la surface d&#039;\u00e9tanch\u00e9it\u00e9 et la surface sph\u00e9rique sont souvent ferm\u00e9, pas facilement \u00e9rod\u00e9 par le milieu, dans diverses industries. Obtenez une large gamme d&#039;applications. Caract\u00e9ristiques\u00a0: structure de corps en 3\u00a0pi\u00e8ces d\u00e9bit complet de 1\/2\u2033 \u00e0 2\u2033 pression 800lb (2000psi) L&#039;extr\u00e9mit\u00e9 filet\u00e9e peut \u00eatre fabriqu\u00e9e selon\u00a0: BSPT, NPT, DIN2999 port de soudage \u00e0 douille\u00a0: ANSI 16.11 la conception de la structure ignifuge peut \u00eatre antistatique .<\/p>\n<p>STV Valve Technology Group Co., Ltd est un leader professionnel en Chine Robinet \u00e0 tournant sph\u00e9rique \u00e0 si\u00e8ge Peek 3 pi\u00e8ces, robinet \u00e0 tournant sph\u00e9rique en acier forg\u00e9 A105N de 800 lb, robinet \u00e0 tournant sph\u00e9rique de petite taille en acier forg\u00e9 3 pi\u00e8ces, extr\u00e9mit\u00e9 filet\u00e9e NPT 3 pi\u00e8ces Robinet \u00e0 tournant sph\u00e9rique de 800 lb, robinet \u00e0 tournant sph\u00e9rique haute pression 3 pi\u00e8ces, 3 pi\u00e8ces Fabricant de robinets \u00e0 tournant sph\u00e9rique en acier forg\u00e9 de petite taille avec une haute qualit\u00e9 et un prix comp\u00e9titif. Bienvenue \u00e0 nous contacter !<\/p>\n<p>Veuillez contacter notre sales@stvvalve.com pour d&#039;autres mat\u00e9riaux et d\u00e9tails.<\/p>\n<p>Feuille de dates\u00a0:<a href=\"https:\/\/www.stvvalves.com\/wp-content\/uploads\/2019\/03\/3pc-peek-seat-ball-valve-800lb-f316-body-316-trim-3-inch-sw-end-drawing.pdf\">Robinet \u00e0 tournant sph\u00e9rique Peek Seat 3 pi\u00e8ces, 800 LB, corps F316, garniture 316, 3 pouces, extr\u00e9mit\u00e9 SW<\/a><\/p>","protected":false},"featured_media":4427,"template":"","meta":[],"product_brand":[],"product_cat":[43,78,55],"product_tag":[579,575,577,578,580,576],"class_list":{"0":"post-4424","1":"product","2":"type-product","3":"status-publish","4":"has-post-thumbnail","6":"product_cat-ball-valve","7":"product_cat-floating-ball-valve","8":"product_cat-forged-steel-ball-valve","9":"product_tag-3-pc-high-pressure-ball-valve","10":"product_tag-3-piece-ball-valves","11":"product_tag-3pc-forged-steel-small-size-ball-valve","12":"product_tag-3pc-npt-thread-end-800lb-ball-valve","13":"product_tag-3pc-small-size-forged-steel-ball-valve-manufacturer","14":"product_tag-800lb-forged-steel-a105n-ball-valve","16":"first","17":"instock","18":"shipping-taxable","19":"product-type-simple"},"_links":{"self":[{"href":"https:\/\/www.stvvalves.com\/fr\/wp-json\/wp\/v2\/product\/4424","targetHints":{"allow":["GET"]}}],"collection":[{"href":"https:\/\/www.stvvalves.com\/fr\/wp-json\/wp\/v2\/product"}],"about":[{"href":"https:\/\/www.stvvalves.com\/fr\/wp-json\/wp\/v2\/types\/product"}],"wp:featuredmedia":[{"embeddable":true,"href":"https:\/\/www.stvvalves.com\/fr\/wp-json\/wp\/v2\/media\/4427"}],"wp:attachment":[{"href":"https:\/\/www.stvvalves.com\/fr\/wp-json\/wp\/v2\/media?parent=4424"}],"wp:term":[{"taxonomy":"product_brand","embeddable":true,"href":"https:\/\/www.stvvalves.com\/fr\/wp-json\/wp\/v2\/product_brand?post=4424"},{"taxonomy":"product_cat","embeddable":true,"href":"https:\/\/www.stvvalves.com\/fr\/wp-json\/wp\/v2\/product_cat?post=4424"},{"taxonomy":"product_tag","embeddable":true,"href":"https:\/\/www.stvvalves.com\/fr\/wp-json\/wp\/v2\/product_tag?post=4424"}],"curies":[{"name":"wp","href":"https:\/\/api.w.org\/{rel}","templated":true}]}}