{"id":4437,"date":"2019-03-08T07:51:18","date_gmt":"2019-03-08T07:51:18","guid":{"rendered":"https:\/\/www.stvvalves.com\/?post_type=product&#038;p=4437"},"modified":"2025-02-17T18:20:11","modified_gmt":"2025-02-17T10:20:11","slug":"weld-bonnet-globe-valvea105napi6021500lb2-inch","status":"publish","type":"product","link":"https:\/\/www.stvvalves.com\/fr\/products\/weld-bonnet-globe-valvea105napi6021500lb2-inch\/","title":{"rendered":"Vanne \u00e0 soupape \u00e0 capot de soudure, A105N,API602,1500LB,2 pouces"},"content":{"rendered":"<p>Normes applicables aux robinets \u00e0 soupape\u00a0:<\/p>\n<p>Conception et fabrication selon : BS 1868<\/p>\n<p>Face \u00e0 Face selon : ASME B16.10<\/p>\n<p>Dimensions des brides selon : ASME B16.5<\/p>\n<p>Pression &amp; Temp\u00e9rature selon : ASME B16.34<\/p>\n<p>Test &amp; Inspection selon : API 6D \/ API 598<\/p>\n<p>Inspection visuelle selon : MSS SP-55<\/p>\n<p>Marquage selon : MSS SP-25<\/p>\n<p>Principales caract\u00e9ristiques:<br \/>\nOp\u00e9rateur de volant<br \/>\nCapot de joint, capot de soudure, capot de boulon.<br \/>\nViss\u00e9 BSP, NPT ou Socket Weld.Butt-Weld<br \/>\nTailles 1\/2\u2033 \u00e0 2\u2033<br \/>\nMat\u00e9riel : A105, LF2, F5, F11, F22, 304, 316, 316L, etc.<br \/>\nPlage de temp\u00e9rature : -29\u00b0C \u00e0 560\u00b0C<br \/>\nPression jusqu&#039;\u00e0 420 bars (150LB-2500LB)<\/p>\n<table>\n<tbody>\n<tr>\n<td width=\"200\"><strong>Nom du produit<\/strong><\/td>\n<td width=\"481\">Vanne \u00e0 soupape \u00e0 capot de soudure, A105N,API602,1500LB,2 pouces<\/td>\n<\/tr>\n<tr>\n<td width=\"200\">1. Mat\u00e9riel<\/td>\n<td width=\"481\">A105N<\/td>\n<\/tr>\n<tr>\n<td width=\"200\">2. Taille<\/td>\n<td width=\"481\">2&quot;<\/td>\n<\/tr>\n<tr>\n<td width=\"200\">4. Port<\/td>\n<td width=\"481\">Port complet<\/td>\n<\/tr>\n<tr>\n<td width=\"200\">5. Pression de travail<\/td>\n<td width=\"481\">1 500 lb<\/td>\n<\/tr>\n<tr>\n<td width=\"200\">6. Fin de la connexion<\/td>\n<td width=\"481\">PC<\/td>\n<\/tr>\n<tr>\n<td width=\"200\">7. Temp\u00e9rature de travail.<\/td>\n<td width=\"481\">-29~425\u00baC,<\/td>\n<\/tr>\n<tr>\n<td width=\"200\">8. Support appropri\u00e9<\/td>\n<td width=\"481\">Eau, gaz naturel, p\u00e9trole et certains liquides corrosifs<\/td>\n<\/tr>\n<tr>\n<td width=\"200\">9. Exploit\u00e9<\/td>\n<td width=\"481\">Volant<\/td>\n<\/tr>\n<tr>\n<td width=\"200\">10. Inspection et tests<\/td>\n<td width=\"481\">Selon API598<\/td>\n<\/tr>\n<tr>\n<td width=\"200\"><strong>Exp\u00e9dition<\/strong><\/td>\n<td width=\"481\"><\/td>\n<\/tr>\n<tr>\n<td width=\"200\">D\u00e9lai de livraison<\/td>\n<td width=\"481\">30 jours<\/td>\n<\/tr>\n<tr>\n<td width=\"200\">Emballer<\/td>\n<td width=\"481\">Caisse en contreplaqu\u00e9 d&#039;exportation standard<\/td>\n<\/tr>\n<tr>\n<td width=\"200\">Port d&#039;exp\u00e9dition<\/td>\n<td width=\"481\">Ningbo\/Shanghai, Chine<\/td>\n<\/tr>\n<tr>\n<td width=\"200\">Conditions d&#039;exp\u00e9dition<\/td>\n<td width=\"481\">Exw, FOB, CFR, CIF, etc.<\/td>\n<\/tr>\n<tr>\n<td width=\"200\">Modalit\u00e9s de paiement<\/td>\n<td width=\"481\">T\/T, Western Union, PayPal, etc.<\/td>\n<\/tr>\n<tr>\n<td width=\"200\"><\/td>\n<td width=\"481\">Pr\u00e9paiement 30%, solde 70% pay\u00e9 avant l&#039;exp\u00e9dition<\/td>\n<\/tr>\n<tr>\n<td width=\"200\">Pays d&#039;origine<\/td>\n<td width=\"481\">Ville de Wenzhou, Chine<\/td>\n<\/tr>\n<tr>\n<td width=\"200\">Capacit\u00e9 de production<\/td>\n<td width=\"481\">6000 tonnes\/an<\/td>\n<\/tr>\n<tr>\n<td width=\"200\">MOQ<\/td>\n<td width=\"481\">1 pi\u00e8ces\/taille<\/td>\n<\/tr>\n<\/tbody>\n<\/table>\n<p>&nbsp;<\/p>","protected":false},"excerpt":{"rendered":"<p>Mod\u00e8le\u00a0: J61Y-1500LB-A105N<\/p>\n<p>Les avantages les plus \u00e9vidents du robinet \u00e0 soupape en acier forg\u00e9 sont les suivants\u00a0: Pendant le processus d&#039;ouverture et de fermeture, le frottement entre le clapet de la vanne et la surface d&#039;\u00e9tanch\u00e9it\u00e9 du corps de la vanne est inf\u00e9rieur \u00e0 celui du robinet-vanne, il est donc r\u00e9sistant \u00e0 l&#039;usure. La hauteur d&#039;ouverture ne repr\u00e9sente g\u00e9n\u00e9ralement que 1\/4 du diam\u00e8tre du canal du si\u00e8ge et est donc beaucoup plus petite que celle du robinet-vanne. Habituellement, il n&#039;y a qu&#039;une seule surface d&#039;\u00e9tanch\u00e9it\u00e9 sur le corps de la vanne et le clapet de la vanne, le processus de fabrication est donc meilleur et facile \u00e0 r\u00e9parer. Temp\u00e9rature applicable : -196 \u00b0C ~ 700 \u00b0C Mode de conduite : manuel, transmission \u00e0 engrenages coniques, pneumatique, \u00e9lectrique, hydraulique, liaison gaz-liquide, liaison \u00e9lectro-hydraulique Mat\u00e9riau du corps de vanne : WCB, ZG1Cr18Ni9Ti, ZG1Cr18Ni12Mo2Ti, CF8(304), CF3 (304L), CF8M (316), CF3M (316L), Ti. Diff\u00e9rents mat\u00e9riaux peuvent \u00eatre utilis\u00e9s pour l&#039;eau, la vapeur, l&#039;huile, l&#039;acide nitrique, l&#039;acide ac\u00e9tique, le milieu oxydant, l&#039;ur\u00e9e et d&#039;autres milieux.<\/p>\n<p>STV Valve Technology Group Co., Ltd est un leader professionnel des vannes \u00e0 soupape \u00e0 chapeau soud\u00e9 en Chine, des vannes \u00e0 soupape en acier au carbone forg\u00e9, des vannes \u00e0 soupape API 602, des vannes \u00e0 soupape en acier forg\u00e9 API 602 avec une qualit\u00e9 \u00e9lev\u00e9e et des prix comp\u00e9titifs.<\/p>\n<p>Veuillez contacter notre sales@stvvalve.com pour d&#039;autres mat\u00e9riaux et d\u00e9tails.<\/p>\n<p>Feuille de dates\u00a0:<br \/>\n<a href=\"https:\/\/www.stvvalves.com\/wp-content\/uploads\/2019\/03\/Weld-Bonnet-Globe-Valve-A105N-API-602-1500-LB-2-Inch-DRAWING.pdf\">Vanne \u00e0 soupape \u00e0 capot de soudure, A105N,API602,1500LB,2 pouces<\/a><\/p>","protected":false},"featured_media":4438,"template":"","meta":[],"product_brand":[],"product_cat":[64,45],"product_tag":[307,212,586,439,585],"class_list":{"0":"post-4437","1":"product","2":"type-product","3":"status-publish","4":"has-post-thumbnail","6":"product_cat-foreged-steel-globe-valve","7":"product_cat-globe-valve","8":"product_tag-api-602-forged-steel-gate-valve","9":"product_tag-api-602-globe-valve","10":"product_tag-api602-forged-steel-valve-globe-valve-w","11":"product_tag-forged-carbon-steel-globe-valve","12":"product_tag-welded-bonnet-globe-valve","14":"first","15":"instock","16":"shipping-taxable","17":"product-type-simple"},"_links":{"self":[{"href":"https:\/\/www.stvvalves.com\/fr\/wp-json\/wp\/v2\/product\/4437","targetHints":{"allow":["GET"]}}],"collection":[{"href":"https:\/\/www.stvvalves.com\/fr\/wp-json\/wp\/v2\/product"}],"about":[{"href":"https:\/\/www.stvvalves.com\/fr\/wp-json\/wp\/v2\/types\/product"}],"wp:featuredmedia":[{"embeddable":true,"href":"https:\/\/www.stvvalves.com\/fr\/wp-json\/wp\/v2\/media\/4438"}],"wp:attachment":[{"href":"https:\/\/www.stvvalves.com\/fr\/wp-json\/wp\/v2\/media?parent=4437"}],"wp:term":[{"taxonomy":"product_brand","embeddable":true,"href":"https:\/\/www.stvvalves.com\/fr\/wp-json\/wp\/v2\/product_brand?post=4437"},{"taxonomy":"product_cat","embeddable":true,"href":"https:\/\/www.stvvalves.com\/fr\/wp-json\/wp\/v2\/product_cat?post=4437"},{"taxonomy":"product_tag","embeddable":true,"href":"https:\/\/www.stvvalves.com\/fr\/wp-json\/wp\/v2\/product_tag?post=4437"}],"curies":[{"name":"wp","href":"https:\/\/api.w.org\/{rel}","templated":true}]}}