{"id":4448,"date":"2019-03-15T09:51:54","date_gmt":"2019-03-15T09:51:54","guid":{"rendered":"https:\/\/www.stvvalves.com\/?post_type=product&#038;p=4448"},"modified":"2025-02-17T18:20:09","modified_gmt":"2025-02-17T10:20:09","slug":"high-pressure-globe-valve-2500lb-f22-body-304-trim-sw-end","status":"publish","type":"product","link":"https:\/\/www.stvvalves.com\/fr\/products\/high-pressure-globe-valve-2500lb-f22-body-304-trim-sw-end\/","title":{"rendered":"Vanne \u00e0 soupape haute pression, 2500LB, corps F22, garniture 304, extr\u00e9mit\u00e9 SW"},"content":{"rendered":"<p>Conception &amp; Fabrication selon : API 602\/MSS SP-118<\/p>\n<p>Face \u00e0 Face selon : ASME B16.10<\/p>\n<p>Dimensions des brides selon : ASME B16.5<\/p>\n<p>Pression &amp; Temp\u00e9rature selon : ASME B16.34<\/p>\n<p>Test &amp; Inspection selon : API 6D \/ API 598<\/p>\n<p>Inspection visuelle selon : MSS SP-55<\/p>\n<p>Marquage selon : MSS SP-25<\/p>\n<p>Principales caract\u00e9ristiques:<br \/>\nOp\u00e9rateur de volant<br \/>\nCapot de joint, capot de soudure, capot de boulon.<br \/>\nViss\u00e9 BSP, NPT ou Socket Weld.Butt-Weld<br \/>\nTailles 1\/2\u2033 \u00e0 2\u2033<br \/>\nMat\u00e9riel : A105, LF2, F5, F11, F22, 304, 316, 316L, etc.<br \/>\nPlage de temp\u00e9rature : -29\u00b0C \u00e0 560\u00b0C<br \/>\nPression jusqu&#039;\u00e0 420 bars (150LB-2500LB)<\/p>\n<table>\n<tbody>\n<tr>\n<td width=\"200\"><strong><b>Nom du produit<\/b><\/strong><\/td>\n<td width=\"481\">Vanne \u00e0 soupape haute pression, 2500LB, corps F22, garniture 304, extr\u00e9mit\u00e9 SW<\/td>\n<\/tr>\n<tr>\n<td width=\"200\">1. Mat\u00e9riel<\/td>\n<td width=\"481\">A105, LF2, F5, F11, F22, 304, 316, 316L, etc.<\/td>\n<\/tr>\n<tr>\n<td width=\"200\">2. Taille<\/td>\n<td width=\"481\">1\/2&quot;~2&quot; (DN15~DN50)<\/td>\n<\/tr>\n<tr>\n<td width=\"200\">4. Port<\/td>\n<td width=\"481\">Port r\u00e9ducteur ou port complet<\/td>\n<\/tr>\n<tr>\n<td width=\"200\">5. Pression de travail<\/td>\n<td width=\"481\">150LB~2500LB<\/td>\n<\/tr>\n<tr>\n<td width=\"200\">6. Fin de la connexion<\/td>\n<td width=\"481\">BSP, NPT ou Socket Weld.Butt-Weld<\/td>\n<\/tr>\n<tr>\n<td width=\"200\">7. Temp\u00e9rature de travail.<\/td>\n<td width=\"481\">-29~425\u00baC, ou selon les exigences du client pour diff\u00e9rentes industries.<\/td>\n<\/tr>\n<tr>\n<td width=\"200\">8. Support appropri\u00e9<\/td>\n<td width=\"481\">Eau, gaz naturel, p\u00e9trole et certains liquides corrosifs<\/td>\n<\/tr>\n<tr>\n<td width=\"200\">9. Exploit\u00e9<\/td>\n<td width=\"481\">Volant<\/td>\n<\/tr>\n<tr>\n<td width=\"200\">10. Inspection et tests<\/td>\n<td width=\"481\">Selon API598<\/td>\n<\/tr>\n<tr>\n<td width=\"200\"><strong><b>Exp\u00e9dition<\/b><\/strong><\/td>\n<td width=\"481\"><\/td>\n<\/tr>\n<tr>\n<td width=\"200\">D\u00e9lai de livraison<\/td>\n<td width=\"481\">15 ~ 20 jours<\/td>\n<\/tr>\n<tr>\n<td width=\"200\">Emballer<\/td>\n<td width=\"481\">Caisse en contreplaqu\u00e9 d&#039;exportation standard<\/td>\n<\/tr>\n<tr>\n<td width=\"200\">Port d&#039;exp\u00e9dition<\/td>\n<td width=\"481\">Ningbo\/Shanghai, Chine<\/td>\n<\/tr>\n<tr>\n<td width=\"200\">Conditions d&#039;exp\u00e9dition<\/td>\n<td width=\"481\">Exw, FOB, CFR, CIF, etc.<\/td>\n<\/tr>\n<tr>\n<td width=\"200\">Modalit\u00e9s de paiement<\/td>\n<td width=\"481\">T\/T, Western Union, PayPal, etc.<\/td>\n<\/tr>\n<tr>\n<td width=\"200\"><\/td>\n<td width=\"481\">Pr\u00e9paiement 30%, solde 70% pay\u00e9 avant l&#039;exp\u00e9dition<\/td>\n<\/tr>\n<tr>\n<td width=\"200\">Pays d&#039;origine<\/td>\n<td width=\"481\">Ville de Wenzhou, Chine<\/td>\n<\/tr>\n<tr>\n<td width=\"200\">Capacit\u00e9 de production<\/td>\n<td width=\"481\">6000 tonnes\/an<\/td>\n<\/tr>\n<tr>\n<td width=\"200\">MOQ<\/td>\n<td width=\"481\">10 pi\u00e8ces\/taille<\/td>\n<\/tr>\n<\/tbody>\n<\/table>","protected":false},"excerpt":{"rendered":"<p>Mod\u00e8le\u00a0: J61Y-2500LB-F22-03<\/p>\n<p>Notre robinet \u00e0 soupape haute pression est un robinet \u00e0 soupape en acier forg\u00e9 auto-obturant. Cette vanne con\u00e7ue sous cette forme de connexion a une connexion filet\u00e9e entre le corps de vanne et le couvercle de vanne. la bague auto-obturante \u00e0 pression interne est scell\u00e9e. plus la pression interne est \u00e9lev\u00e9e, meilleures sont les performances d&#039;\u00e9tanch\u00e9it\u00e9.<\/p>\n<p>STV Valve Technology Group Co., Ltd est un leader professionnel en Chine Vanne \u00e0 soupape haute pression, Vanne \u00e0 soupape en acier au carbone forg\u00e9, Vanne \u00e0 soupape API 602, Vanne \u00e0 soupape en acier forg\u00e9 API 602, Vanne \u00e0 soupape 2500LB, Fabricant de vanne \u00e0 soupape F22 de haute qualit\u00e9 et prix comp\u00e9titif. .<\/p>\n<p>Veuillez contacter notre sales@stvvalve.com pour d&#039;autres mat\u00e9riaux et d\u00e9tails.<\/p>\n<p>Feuille de dates\u00a0:<a href=\"https:\/\/www.stvvalves.com\/wp-content\/uploads\/2019\/03\/High-Pressure-Globe-Valve-2500LB-F22-Body-304-Trim-SW-END-drawing.pdf\">Vanne \u00e0 soupape haute pression, 2500LB, corps F22, garniture 304, extr\u00e9mit\u00e9 SW<\/a><\/p>","protected":false},"featured_media":4452,"template":"","meta":[],"product_brand":[],"product_cat":[64,45],"product_tag":[210,592,591,590,589],"class_list":{"0":"post-4448","1":"product","2":"type-product","3":"status-publish","4":"has-post-thumbnail","6":"product_cat-foreged-steel-globe-valve","7":"product_cat-globe-valve","8":"product_tag-2500lb-globe-valve","9":"product_tag-dn20-globe-valve","10":"product_tag-f22-globe-valve","11":"product_tag-high-pressure-globe-valves","12":"product_tag-pressure-seal-globe-valves","14":"first","15":"instock","16":"shipping-taxable","17":"product-type-simple"},"_links":{"self":[{"href":"https:\/\/www.stvvalves.com\/fr\/wp-json\/wp\/v2\/product\/4448","targetHints":{"allow":["GET"]}}],"collection":[{"href":"https:\/\/www.stvvalves.com\/fr\/wp-json\/wp\/v2\/product"}],"about":[{"href":"https:\/\/www.stvvalves.com\/fr\/wp-json\/wp\/v2\/types\/product"}],"wp:featuredmedia":[{"embeddable":true,"href":"https:\/\/www.stvvalves.com\/fr\/wp-json\/wp\/v2\/media\/4452"}],"wp:attachment":[{"href":"https:\/\/www.stvvalves.com\/fr\/wp-json\/wp\/v2\/media?parent=4448"}],"wp:term":[{"taxonomy":"product_brand","embeddable":true,"href":"https:\/\/www.stvvalves.com\/fr\/wp-json\/wp\/v2\/product_brand?post=4448"},{"taxonomy":"product_cat","embeddable":true,"href":"https:\/\/www.stvvalves.com\/fr\/wp-json\/wp\/v2\/product_cat?post=4448"},{"taxonomy":"product_tag","embeddable":true,"href":"https:\/\/www.stvvalves.com\/fr\/wp-json\/wp\/v2\/product_tag?post=4448"}],"curies":[{"name":"wp","href":"https:\/\/api.w.org\/{rel}","templated":true}]}}