{"id":4456,"date":"2019-03-18T02:04:31","date_gmt":"2019-03-18T02:04:31","guid":{"rendered":"https:\/\/www.stvvalves.com\/?post_type=product&#038;p=4456"},"modified":"2025-02-17T18:20:08","modified_gmt":"2025-02-17T10:20:08","slug":"stainless-steel-flanged-ball-valve-dn-25-150lb-3-piece","status":"publish","type":"product","link":"https:\/\/www.stvvalves.com\/fr\/products\/stainless-steel-flanged-ball-valve-dn-25-150lb-3-piece\/","title":{"rendered":"Robinet \u00e0 tournant sph\u00e9rique \u00e0 bride en acier inoxydable, DN 25,150LB, 3 pi\u00e8ces"},"content":{"rendered":"<p>Robinet \u00e0 tournant sph\u00e9rique \u00e0 bride en acier inoxydable, DN 25,150LB, 3 pi\u00e8ces<\/p>\n<p>Corps de moulage de pr\u00e9cision de robinet \u00e0 tournant sph\u00e9rique \u00e0 bride en trois pi\u00e8ces, solide et durable, robinet \u00e0 tournant sph\u00e9rique \u00e0 bride en trois pi\u00e8ces r\u00e9sistant \u00e0 la corrosion<br \/>\nAcier inoxydable<br \/>\nAISI-316 (DIN 1.4408) (ASTM-A351-CF8M)<br \/>\nAISI-304 (DIN 1.4308) (ASTM-A351-CF8)<br \/>\nCaract\u00e9ristiques:<br \/>\nBride : DIN 2635 PN40<br \/>\nFace \u00e0 face : DIN 3202 F1<br \/>\nPression nominale\u00a0: PN40<br \/>\nTige anti-\u00e9clatement<br \/>\nCorps et capuchon de fonderie de pr\u00e9cision<br \/>\nTige anti-\u00e9clatement<br \/>\nTypes de connexion : extr\u00e9mit\u00e9 \u00e0 bride<br \/>\nSupport de montage direct ISO 5211<br \/>\nNormes d&#039;extr\u00e9mit\u00e9 de bride\u00a0: ASME b16.5 classe 150\/300lb et DIN PN10-PN40, JIS B2220 10\/20K<br \/>\nTests et inspection\u00a0: API 598, EN 12266<br \/>\nGamme de tailles : NPS 1\/2 \u00e0 4\u2033, DN15 \u00e0 100<br \/>\nMilieu de travail\u00a0: eau, p\u00e9trole, gaz, cha\u00eene de production d&#039;acide<\/p>\n<p>&nbsp;<\/p>\n<table>\n<tbody>\n<tr>\n<td width=\"200\"><strong>Nom du produit<\/strong><\/td>\n<td width=\"481\">Robinet \u00e0 tournant sph\u00e9rique \u00e0 bride en acier inoxydable, DN 25,150LB, 3 pi\u00e8ces<\/td>\n<\/tr>\n<tr>\n<td width=\"200\">1. Mat\u00e9riel<\/td>\n<td width=\"481\">CF8M<\/td>\n<\/tr>\n<tr>\n<td width=\"200\">2. Taille<\/td>\n<td width=\"481\">1&quot;<\/td>\n<\/tr>\n<tr>\n<td width=\"200\">4. Port<\/td>\n<td width=\"481\">Port complet<\/td>\n<\/tr>\n<tr>\n<td width=\"200\">5. Pression de travail<\/td>\n<td width=\"481\">150 livres<\/td>\n<\/tr>\n<tr>\n<td width=\"200\">6. Fin de la connexion<\/td>\n<td width=\"481\">RF<\/td>\n<\/tr>\n<tr>\n<td width=\"200\">7. Temp\u00e9rature de travail.<\/td>\n<td width=\"481\">-29~120\u00baC,<\/td>\n<\/tr>\n<tr>\n<td width=\"200\">8. Support appropri\u00e9<\/td>\n<td width=\"481\">Eau, gaz naturel, p\u00e9trole et certains liquides corrosifs<\/td>\n<\/tr>\n<tr>\n<td width=\"200\">9. Exploit\u00e9<\/td>\n<td width=\"481\">Volant<\/td>\n<\/tr>\n<tr>\n<td width=\"200\">10. Inspection et tests<\/td>\n<td width=\"481\">Selon API598<\/td>\n<\/tr>\n<tr>\n<td width=\"200\"><strong>Exp\u00e9dition<\/strong><\/td>\n<td width=\"481\"><\/td>\n<\/tr>\n<tr>\n<td width=\"200\">D\u00e9lai de livraison<\/td>\n<td width=\"481\">30 jours<\/td>\n<\/tr>\n<tr>\n<td width=\"200\">Emballer<\/td>\n<td width=\"481\">Caisse en contreplaqu\u00e9 d&#039;exportation standard<\/td>\n<\/tr>\n<tr>\n<td width=\"200\">Port d&#039;exp\u00e9dition<\/td>\n<td width=\"481\">Ningbo\/Shanghai, Chine<\/td>\n<\/tr>\n<tr>\n<td width=\"200\">Conditions d&#039;exp\u00e9dition<\/td>\n<td width=\"481\">Exw, FOB, CFR, CIF, etc.<\/td>\n<\/tr>\n<tr>\n<td width=\"200\">Modalit\u00e9s de paiement<\/td>\n<td width=\"481\">T\/T, Western Union, PayPal, etc.<\/td>\n<\/tr>\n<tr>\n<td width=\"200\"><\/td>\n<td width=\"481\">Pr\u00e9paiement 30%, solde 70% pay\u00e9 avant l&#039;exp\u00e9dition<\/td>\n<\/tr>\n<tr>\n<td width=\"200\">Pays d&#039;origine<\/td>\n<td width=\"481\">Ville de Wenzhou, Chine<\/td>\n<\/tr>\n<tr>\n<td width=\"200\">Capacit\u00e9 de production<\/td>\n<td width=\"481\">6000 tonnes\/an<\/td>\n<\/tr>\n<tr>\n<td width=\"200\">MOQ<\/td>\n<td width=\"481\">1 pi\u00e8ces\/taille<\/td>\n<\/tr>\n<\/tbody>\n<\/table>","protected":false},"excerpt":{"rendered":"<p>Mod\u00e8le : STV-Q41F-150LB-1\u2033<\/p>\n<p>Notre robinet \u00e0 tournant sph\u00e9rique \u00e0 bride en acier inoxydable et le robinet-vanne sont du m\u00eame type de vanne. la diff\u00e9rence est que l&#039;\u00e9l\u00e9ment de fermeture est une bille et que la bille tourne autour de la ligne centrale du corps de vanne pour ouvrir et fermer une vanne. Le robinet \u00e0 tournant sph\u00e9rique est principalement utilis\u00e9 dans les pipelines pour couper, distribuer et modifier le sens d&#039;\u00e9coulement du fluide. Le robinet \u00e0 bille trois pi\u00e8ces est un nouveau type de robinet largement utilis\u00e9 ces derni\u00e8res ann\u00e9es.<\/p>\n<p>avantage<br \/>\n1. La r\u00e9sistance du fluide est faible et son coefficient de r\u00e9sistance est \u00e9gal \u00e0 la longueur du tuyau de m\u00eame longueur.<br \/>\n2. La structure est simple, de petite taille et l\u00e9g\u00e8re.<br \/>\nLe robinet \u00e0 tournant sph\u00e9rique \u00e0 bride en trois parties peut \u00eatre divis\u00e9 en un type droit, un type \u00e0 trois voies et un type \u00e0 angle droit en fonction de la position du canal. Ces deux derniers robinets \u00e0 tournant sph\u00e9rique sont utilis\u00e9s pour distribuer les m\u00e9dias et modifier le sens d&#039;\u00e9coulement des m\u00e9dias.<\/p>\n<p>STV Valve Technology Group Co., Ltd est un leader professionnel en Chine Robinet \u00e0 boisseau sph\u00e9rique \u00e0 bride en acier inoxydable, robinet \u00e0 boisseau sph\u00e9rique \u00e0 bride PN40 en acier inoxydable 3 pi\u00e8ces, robinet \u00e0 boisseau sph\u00e9rique \u00e0 bride 3 pi\u00e8ces, robinet \u00e0 boisseau sph\u00e9rique \u00e0 bride sur support de montage 3 pi\u00e8ces, robinet \u00e0 boisseau sph\u00e9rique \u00e0 bride totale 3 pi\u00e8ces, acier inoxydable Fabricant de robinets \u00e0 tournant sph\u00e9rique \u00e0 bride PN40 en 3 pi\u00e8ces de haute qualit\u00e9 et \u00e0 prix comp\u00e9titif.<\/p>\n<p>Veuillez contacter notre sales@stvvalve.com pour d&#039;autres mat\u00e9riaux et d\u00e9tails.<\/p>\n<p><a href=\"http:\/\/Stainless-Steel-Flanged-Ball-Valve-DN-25-150LB-3-piece-drawing\">Feuille de date\u00a0:\u00a0Robinet \u00e0 bille \u00e0 bride en acier inoxydable, DN 25\u00a0150\u00a0LB, 3\u00a0pi\u00e8ces<\/a><\/p>","protected":false},"featured_media":4457,"template":"","meta":[],"product_brand":[],"product_cat":[43,80,78,53],"product_tag":[598,594,597,595,599,596],"class_list":{"0":"post-4456","1":"product","2":"type-product","3":"status-publish","4":"has-post-thumbnail","6":"product_cat-ball-valve","7":"product_cat-flange-ball-valve","8":"product_cat-floating-ball-valve","9":"product_cat-stainless-steel-ball-valve","10":"product_tag-3pc-flange-end-full-bore-ball-valve","11":"product_tag-3pc-flanged-ball-valve","12":"product_tag-3pc-mounting-pad-flange-ball-valve","13":"product_tag-full-port-3-piece-stainless-steel-ball-valve","14":"product_tag-stainless-steel-3-piece-pn40-flanged-ball-valve","15":"product_tag-stainless-steel-ball-valves","17":"first","18":"instock","19":"shipping-taxable","20":"product-type-simple"},"_links":{"self":[{"href":"https:\/\/www.stvvalves.com\/fr\/wp-json\/wp\/v2\/product\/4456","targetHints":{"allow":["GET"]}}],"collection":[{"href":"https:\/\/www.stvvalves.com\/fr\/wp-json\/wp\/v2\/product"}],"about":[{"href":"https:\/\/www.stvvalves.com\/fr\/wp-json\/wp\/v2\/types\/product"}],"wp:featuredmedia":[{"embeddable":true,"href":"https:\/\/www.stvvalves.com\/fr\/wp-json\/wp\/v2\/media\/4457"}],"wp:attachment":[{"href":"https:\/\/www.stvvalves.com\/fr\/wp-json\/wp\/v2\/media?parent=4456"}],"wp:term":[{"taxonomy":"product_brand","embeddable":true,"href":"https:\/\/www.stvvalves.com\/fr\/wp-json\/wp\/v2\/product_brand?post=4456"},{"taxonomy":"product_cat","embeddable":true,"href":"https:\/\/www.stvvalves.com\/fr\/wp-json\/wp\/v2\/product_cat?post=4456"},{"taxonomy":"product_tag","embeddable":true,"href":"https:\/\/www.stvvalves.com\/fr\/wp-json\/wp\/v2\/product_tag?post=4456"}],"curies":[{"name":"wp","href":"https:\/\/api.w.org\/{rel}","templated":true}]}}