{"id":4463,"date":"2019-03-18T04:32:26","date_gmt":"2019-03-18T04:32:26","guid":{"rendered":"https:\/\/www.stvvalves.com\/?post_type=product&#038;p=4463"},"modified":"2025-02-19T19:49:26","modified_gmt":"2025-02-19T11:49:26","slug":"screwed-stainless-steel-ball-valves-3pc-body-ss304-dn150","status":"publish","type":"product","link":"https:\/\/www.stvvalves.com\/fr\/products\/screwed-stainless-steel-ball-valves-3pc-body-ss304-dn150\/","title":{"rendered":"Screwed Stainless Steel Ball Valves,3PC Body,SS304,DN150"},"content":{"rendered":"<p>Robinet \u00e0 tournant sph\u00e9rique\u00a0:<br \/>\nPression nominale: 1000Psi<br \/>\nTemp\u00e9rature Applicable:-20 ~ 180 \u00baC<br \/>\nCorps et capot\u00a0:\u00a0CF8(304)CF8M(316)<br \/>\nBoule\u00a0:\u00a0CF8(304)CF8M(316)<br \/>\nVanne \u00e0 boisseau sph\u00e9rique \u00e0 actionneur pneumatique Tige\u00a0: 304 ou 316<br \/>\n\u00c9tanch\u00e9it\u00e9 et emballage\u00a0:\u00a0PTFE<br \/>\nSize:1\/4&#8243;-6&#8243;<br \/>\nExtr\u00e9mit\u00e9 du filetage\u00a0: BSP, BSPT, DIN2999, NPT<\/p>\n<p>Applications:<br \/>\nLes robinets \u00e0 tournant sph\u00e9rique \u00e0 actionneur pneumatique sont largement utilis\u00e9s dans<br \/>\nMachines de remplissage de bi\u00e8re et de boissons<br \/>\nImpression et teinture textiles<br \/>\nIndustrie du gaz<br \/>\nPharmacie et \u00e9quipement m\u00e9dical<br \/>\nIndustrie chimique<br \/>\nD\u00e9sinfection<br \/>\n\u00c9quipement pour mousser<br \/>\n\u00c9limination de l&#039;eau et des eaux us\u00e9es<\/p>\n<p>Actionneur pneumatique:<br \/>\nConformit\u00e9 totale aux sp\u00e9cifications de\u00a0: ISO5211, DIN3337.<br \/>\nLes corps en aluminium extrud\u00e9 \u00e0 haute r\u00e9sistance sont aff\u00fbt\u00e9s avec pr\u00e9cision et anodis\u00e9s dur, ce qui donne une surface d&#039;al\u00e9sage interne qui peut fournir un faible coefficient de friction, des performances fluides et une longue dur\u00e9e de vie.<br \/>\nToutes les surfaces d&#039;action sont \u00e9quip\u00e9es de roulements de haute qualit\u00e9, ce qui entra\u00eene une faible friction, un silence de roulement et une dur\u00e9e de vie \u00e9lev\u00e9e.<br \/>\nLes deux boulons de r\u00e9glage externes ind\u00e9pendants de la but\u00e9e de course peuvent s&#039;ajuster facilement et pr\u00e9cis\u00e9ment jusqu&#039;\u00e0 \u00b1 5\u00ba dans les directions d&#039;ouverture et de fermeture.<br \/>\nL&#039;indicateur de position multifonction conforme \u00e0 la norme NAMUR est pratique pour le montage d&#039;accessoires.<br \/>\nLes ressorts de charge pr\u00e9comprim\u00e9s sont pratiques pour des op\u00e9rations de montage et de d\u00e9montage en toute s\u00e9curit\u00e9.<br \/>\nLes pistons et les embouts en aluminium moul\u00e9 sous pression sont tr\u00e8s r\u00e9sistants et l\u00e9gers.<br \/>\nDes joints Viton et Silicone en option sont disponibles pour les applications \u00e0 basse et haute temp\u00e9rature.<\/p>\n<p>&nbsp;<\/p>\n<table>\n<tbody>\n<tr>\n<td width=\"200\"><strong>Nom du produit<\/strong><\/td>\n<td width=\"481\">Screwed Stainless Steel Ball Valves,3PC Body,SS304,DN150<\/td>\n<\/tr>\n<tr>\n<td width=\"200\">1. Mat\u00e9riel<\/td>\n<td width=\"481\">304<\/td>\n<\/tr>\n<tr>\n<td width=\"200\">2. Taille<\/td>\n<td width=\"481\">6&quot;<\/td>\n<\/tr>\n<tr>\n<td width=\"200\">4. Port<\/td>\n<td width=\"481\">Port complet<\/td>\n<\/tr>\n<tr>\n<td width=\"200\">5. Pression de travail<\/td>\n<td width=\"481\">1000WOG<\/td>\n<\/tr>\n<tr>\n<td width=\"200\">6. Fin de la connexion<\/td>\n<td width=\"481\">TNP<\/td>\n<\/tr>\n<tr>\n<td width=\"200\">7. Temp\u00e9rature de travail.<\/td>\n<td width=\"481\">-29~120\u00baC,<\/td>\n<\/tr>\n<tr>\n<td width=\"200\">8. Support appropri\u00e9<\/td>\n<td width=\"481\">Eau, gaz naturel, p\u00e9trole et certains liquides corrosifs<\/td>\n<\/tr>\n<tr>\n<td width=\"200\">9. Exploit\u00e9<\/td>\n<td width=\"481\">Volant<\/td>\n<\/tr>\n<tr>\n<td width=\"200\">10. Inspection et tests<\/td>\n<td width=\"481\">Selon API598<\/td>\n<\/tr>\n<tr>\n<td width=\"200\"><strong>Exp\u00e9dition<\/strong><\/td>\n<td width=\"481\"><\/td>\n<\/tr>\n<tr>\n<td width=\"200\">D\u00e9lai de livraison<\/td>\n<td width=\"481\">30 jours<\/td>\n<\/tr>\n<tr>\n<td width=\"200\">Emballer<\/td>\n<td width=\"481\">Caisse en contreplaqu\u00e9 d&#039;exportation standard<\/td>\n<\/tr>\n<tr>\n<td width=\"200\">Port d&#039;exp\u00e9dition<\/td>\n<td width=\"481\">Ningbo\/Shanghai, Chine<\/td>\n<\/tr>\n<tr>\n<td width=\"200\">Conditions d&#039;exp\u00e9dition<\/td>\n<td width=\"481\">Exw, FOB, CFR, CIF, etc.<\/td>\n<\/tr>\n<tr>\n<td width=\"200\">Modalit\u00e9s de paiement<\/td>\n<td width=\"481\">T\/T, Western Union, PayPal, etc.<\/td>\n<\/tr>\n<tr>\n<td width=\"200\"><\/td>\n<td width=\"481\">Pr\u00e9paiement 30%, solde 70% pay\u00e9 avant l&#039;exp\u00e9dition<\/td>\n<\/tr>\n<tr>\n<td width=\"200\">Pays d&#039;origine<\/td>\n<td width=\"481\">Ville de Wenzhou, Chine<\/td>\n<\/tr>\n<tr>\n<td width=\"200\">Capacit\u00e9 de production<\/td>\n<td width=\"481\">6000 tonnes\/an<\/td>\n<\/tr>\n<tr>\n<td width=\"200\">MOQ<\/td>\n<td width=\"481\">1 pi\u00e8ces\/taille<\/td>\n<\/tr>\n<\/tbody>\n<\/table>","protected":false},"excerpt":{"rendered":"<p>Model\uff1bSTV-Q11F-DN150-6&#8243;<\/p>\n<div>Nous disposons d&#039;une large gamme de robinets \u00e0 tournant sph\u00e9rique pneumatiques pour les applications d&#039;eau, de gaz, d&#039;air et d&#039;huile. Nous avons con\u00e7u cette vanne flottante en 3 (trois) pi\u00e8ces qui a une conception standard, une dimension face \u00e0 face de la vanne, une classe de fuite et d&#039;autres sp\u00e9cifications utiles.<\/div>\n<div><\/div>\n<div>We make Our Pneumatic Ball Valve in \u00bd\u201d to 6\u201d with three end connection Screwed End, Flanged End, and Socket Weld so complete solution for Industry and Users. Automation design and manufacture a range of high integrity instrumentation Pneumatic Ball valves for worldwide applications, yes we supply worldwide as per customer requirement and their drawing.<\/div>\n<div>\n<p>STV Valve Technology Group Co., Ltd is a professional leader China Screwed Stainless Steel Ball Valves ,6 Inch Screwed Stainless Steel Ball Valves ,3 pc Screwed Stainless Steel Ball Valves ,Electric Actuator Ball Valve Manufacturer with high quality and competitive price.<\/p>\n<p>&nbsp;<\/p>\n<\/div>","protected":false},"featured_media":7216,"template":"","meta":[],"product_brand":[],"product_cat":[43,78,79],"product_tag":[2447,2446,2445,2448],"class_list":{"0":"post-4463","1":"product","2":"type-product","3":"status-publish","4":"has-post-thumbnail","6":"product_cat-ball-valve","7":"product_cat-floating-ball-valve","8":"product_cat-threaded-ball-valve","9":"product_tag-3-pc-screwed-stainless-steel-ball-valves","10":"product_tag-6-inch-screwed-stainless-steel-ball-valves","11":"product_tag-china-screwed-stainless-steel-ball-valves","12":"product_tag-electric-actuator-ball-valve-manufacturer","14":"first","15":"instock","16":"shipping-taxable","17":"product-type-simple"},"_links":{"self":[{"href":"https:\/\/www.stvvalves.com\/fr\/wp-json\/wp\/v2\/product\/4463","targetHints":{"allow":["GET"]}}],"collection":[{"href":"https:\/\/www.stvvalves.com\/fr\/wp-json\/wp\/v2\/product"}],"about":[{"href":"https:\/\/www.stvvalves.com\/fr\/wp-json\/wp\/v2\/types\/product"}],"wp:featuredmedia":[{"embeddable":true,"href":"https:\/\/www.stvvalves.com\/fr\/wp-json\/wp\/v2\/media\/7216"}],"wp:attachment":[{"href":"https:\/\/www.stvvalves.com\/fr\/wp-json\/wp\/v2\/media?parent=4463"}],"wp:term":[{"taxonomy":"product_brand","embeddable":true,"href":"https:\/\/www.stvvalves.com\/fr\/wp-json\/wp\/v2\/product_brand?post=4463"},{"taxonomy":"product_cat","embeddable":true,"href":"https:\/\/www.stvvalves.com\/fr\/wp-json\/wp\/v2\/product_cat?post=4463"},{"taxonomy":"product_tag","embeddable":true,"href":"https:\/\/www.stvvalves.com\/fr\/wp-json\/wp\/v2\/product_tag?post=4463"}],"curies":[{"name":"wp","href":"https:\/\/api.w.org\/{rel}","templated":true}]}}