{"id":4473,"date":"2019-03-18T06:16:18","date_gmt":"2019-03-18T06:16:18","guid":{"rendered":"https:\/\/www.stvvalves.com\/?post_type=product&#038;p=4473"},"modified":"2025-02-17T18:20:06","modified_gmt":"2025-02-17T10:20:06","slug":"cast-steel-ball-valve-full-bore-trunnion-mounted-24-inch-150lb","status":"publish","type":"product","link":"https:\/\/www.stvvalves.com\/fr\/products\/cast-steel-ball-valve-full-bore-trunnion-mounted-24-inch-150lb\/","title":{"rendered":"Robinet \u00e0 tournant sph\u00e9rique en acier moul\u00e9, passage int\u00e9gral, mont\u00e9 sur tourillon, 24 pouces, 150 LB"},"content":{"rendered":"<p><b>Caract\u00e9ristiques de conception<\/b><\/p>\n<p>Conception de corps divis\u00e9 \u00e0 entr\u00e9e lat\u00e9rale<\/p>\n<p>Conception ignifuge, dispositif antistatique<\/p>\n<p>Conception anti-\u00e9clatement de la tige<\/p>\n<p>Conception antistatique<\/p>\n<p>Conception des \u00e9missions fugitives<\/p>\n<p>La preuve de l&#039;usure de la tige et de la mauvaise utilisation<\/p>\n<p>Bride de montage ISO 5211 pour l&#039;actionnement.<\/p>\n<p>Extension de tige pour service souterrain.<\/p>\n<p><b>Sp\u00e9cifications techniques<\/b><\/p>\n<p>Application:<\/p>\n<p>Conception et fabrication selon\u00a0:API 6D<\/p>\n<p>Face \u00e0 Face selon\u00a0:ASME B16.10<\/p>\n<p>Dimensions des brides selon : ASME B16.5<\/p>\n<p>Pression et temp\u00e9rature selon\u00a0: ASME B16.34<\/p>\n<p>Test et inspection selon\u00a0:API 6D \/ API 598<\/p>\n<p>Inspection visuelle selon\u00a0MSS SP-55<\/p>\n<p>Marquage selon\u00a0MSS SP-25<\/p>\n<p>&nbsp;<\/p>\n<p>Pi\u00e8ces mat\u00e9rielles principales\u00a0:<\/p>\n<table>\n<tbody>\n<tr>\n<td width=\"123\">Acier Carbone<\/td>\n<td width=\"452\">A216 Gr. WCB, COE, WCA, etc.<\/td>\n<\/tr>\n<tr>\n<td width=\"123\">Acier basse temp\u00e9rature<\/td>\n<td width=\"452\">A352 Gr. LCB, LCC, LC1, etc.<\/td>\n<\/tr>\n<tr>\n<td width=\"123\">Acier Cr-Mo<\/td>\n<td width=\"452\">A217 Gr. WC6, WC9, C5, C12, C12A, etc.<\/td>\n<\/tr>\n<tr>\n<td width=\"123\">Acier inoxydable<\/td>\n<td width=\"452\">A351 Gr. CF8, CF8M, CF3, CF3M, CF8C, etc.<\/td>\n<\/tr>\n<tr>\n<td width=\"123\">Acier alli\u00e9<\/td>\n<td width=\"452\">Alliage CN7M 20, alliage CN3M 20 modifi\u00e9, CT15C, etc.<\/td>\n<\/tr>\n<tr>\n<td width=\"123\">Super duplex<\/td>\n<td width=\"452\">A995 Gr. 4A, 5A, CE8MN, CD6MN, CD3MN, etc.<\/td>\n<\/tr>\n<tr>\n<td width=\"123\">Bronze d&#039;aluminium<\/td>\n<td width=\"452\">B148C95500, C95600, C95800, etc.<\/td>\n<\/tr>\n<tr>\n<td width=\"123\">Monel<\/td>\n<td width=\"452\">M30C, M35-1, CZ100, etc.<\/td>\n<\/tr>\n<tr>\n<td width=\"123\">Inconel<\/td>\n<td width=\"452\">CY40 inconel 600, etc.<\/td>\n<\/tr>\n<tr>\n<td width=\"123\">Hastelloy<\/td>\n<td width=\"452\">CW2m Hastelly C4, N12MV Hastelloy B, CW12MW Hastelloy C276, etc.<\/td>\n<\/tr>\n<tr>\n<td width=\"123\">Incoloy<\/td>\n<td width=\"452\">CU5MCuC Incoloy 825, CW6MC Incoloy 625, etc.<\/td>\n<\/tr>\n<\/tbody>\n<\/table>\n<p>Remarque\u00a0:\u00a0La dimension de la bride de connexion peut \u00eatre con\u00e7ue selon les exigences du client.<\/p>\n<p>Fabrication selon NACE MR-01-75 sur demande.<\/p>\n<p>&nbsp;<\/p>\n<p>&nbsp;<\/p>\n<p><strong>Quelle est la diff\u00e9rence entre un robinet \u00e0 tournant sph\u00e9rique et un robinet \u00e0 tournant sph\u00e9rique flottant\u00a0?<\/strong><\/p>\n<p>La bille d&#039;un robinet \u00e0 tournant sph\u00e9rique est soutenue par la tige et le tourillon, r\u00e9duisant ainsi le couple de fonctionnement, tandis que les si\u00e8ges sont charg\u00e9s par ressort. Dans un robinet \u00e0 bille flottante, la bille flotte et les si\u00e8ges sont fixes tandis que la bille n&#039;est support\u00e9e que par la tige.<\/p>\n<div id=\"_xAuyYMrMMsWUmAWPrYWgCw25\" class=\"mWyH1d FXMOpb\" tabindex=\"0\" role=\"button\" aria-controls=\"_xAuyYMrMMsWUmAWPrYWgCw24\" aria-expanded=\"true\" aria-selected=\"true\">\n<div class=\"fbPs3b\">\n<div><\/div>\n<div class=\"wjgLQd\"><strong>Qu&#039;est-ce qu&#039;un robinet \u00e0 tournant sph\u00e9rique\u00a0?<\/strong><\/div>\n<div><\/div>\n<div class=\"wjgLQd\">Une vanne \u00e0 bille \u00e0 tourillon est une vanne quart de tour dot\u00e9e d&#039;une bille support\u00e9e \u00e0 la fois par la tige et le tourillon, ce qui lui conf\u00e8re une plus grande r\u00e9sistance et un couple de fonctionnement r\u00e9duit.<\/div>\n<\/div>\n<\/div>\n<p>&nbsp;<\/p>\n<p><strong>Comment fonctionne un robinet \u00e0 tournant sph\u00e9rique ?<\/strong><\/p>\n<div id=\"_xAuyYMrMMsWUmAWPrYWgCw28\" class=\"gy6Qzb oNjtBb V1sL5c\" aria-labelledby=\"_xAuyYMrMMsWUmAWPrYWgCw29\" data-ved=\"2ahUKEwjKvtCgzO7wAhVFCqYKHY9WAbQQpPYEKAAwBHoECAUQCw\">\n<div class=\"ZVWN5d\">\n<div id=\"faq_30\">\n<div class=\"Xims0d\">Dans un robinet \u00e0 tournant sph\u00e9rique, la bille elle-m\u00eame ne se d\u00e9place pas vers les joints, mais plut\u00f4t les joints se d\u00e9placent vers la bille en raison des si\u00e8ges \u00e0 ressort. Dans un robinet \u00e0 tournant sph\u00e9rique flottant, la bille se d\u00e9place vers les si\u00e8ges. Cela conf\u00e8re aux robinets \u00e0 tournant sph\u00e9rique une plus grande r\u00e9sistance de fonctionnement, une meilleure capacit\u00e9 \u00e0 g\u00e9rer la pression et un couple de fonctionnement inf\u00e9rieur.<\/div>\n<\/div>\n<\/div>\n<\/div>\n<p>&nbsp;<\/p>","protected":false},"excerpt":{"rendered":"<p>Mod\u00e8le : STV-Q347F-150LB-WCB-24\u2033<\/p>\n<p>Sous l&#039;action d&#039;une pression moyenne, le robinet \u00e0 tournant sph\u00e9rique en acier moul\u00e9 Ansi peut produire un certain d\u00e9placement et appuyer fermement sur la surface d&#039;\u00e9tanch\u00e9it\u00e9 \u00e0 l&#039;extr\u00e9mit\u00e9 de sortie pour assurer l&#039;\u00e9tanch\u00e9it\u00e9 de l&#039;extr\u00e9mit\u00e9 de sortie. Le robinet \u00e0 tournant sph\u00e9rique flottant a une structure simple et de bonnes performances d&#039;\u00e9tanch\u00e9it\u00e9, mais la charge de la bille soumise au fluide de travail est enti\u00e8rement transmise \u00e0 la bague d&#039;\u00e9tanch\u00e9it\u00e9 de sortie, il est donc n\u00e9cessaire de d\u00e9terminer si le mat\u00e9riau de la bague d&#039;\u00e9tanch\u00e9it\u00e9 peut r\u00e9sister \u00e0 la charge de travail de le milieu sph\u00e9rique. Cette structure est largement utilis\u00e9e dans les vannes \u00e0 bille haute et moyenne pression.<\/p>\n<p>Il est principalement utilis\u00e9 dans divers pipelines de transport de fluides \u00e0 haute pression dans les industries chimiques, m\u00e9tallurgiques, p\u00e9troli\u00e8res, pharmaceutiques et autres. La temp\u00e9rature applicable est de -196 ~ 450 \u00b0C\u00a0; mode de conduite : manuel, pneumatique, \u00e9lectrique, hydraulique, turbine, etc.\u00a0; diam\u00e8tre nominal : 1\/2\u2033~12\u2033\u00a0; pression nominale : 150LB~1500LB\u00a0; Milieu applicable\u00a0: eau, gaz, p\u00e9trole, gaz naturel et milieu de corrosion acide-alcalin.<\/p>\n<p>STV Valve Technology Group Co., Ltd est un leader professionnel en Chine Robinet \u00e0 tournant sph\u00e9rique en acier moul\u00e9 de 150 LB, Vannes \u00e0 boisseau sph\u00e9rique mont\u00e9es sur tourillon en acier moul\u00e9 API 6D de 24 pouces, Vannes \u00e0 boisseau sph\u00e9rique mont\u00e9es sur tourillon en acier moul\u00e9 API 6D, Vanne \u00e0 boisseau sph\u00e9rique mont\u00e9e sur tourillon en 2 pi\u00e8ces, Tourillon en acier moul\u00e9 Fabricant de robinets \u00e0 tournant sph\u00e9rique mont\u00e9s de haute qualit\u00e9 et \u00e0 prix comp\u00e9titif.<\/p>\n<p>Veuillez contacter notre sales@stvvalve.com pour d&#039;autres mat\u00e9riaux et d\u00e9tails.<\/p>\n<p>Feuille de dates\u00a0:<a href=\"https:\/\/www.stvvalves.com\/wp-content\/uploads\/2019\/03\/cast-steel-ball-valve-full-bore-trunnion-mounted-24-inch-150lb-drawing.pdf\">Robinet \u00e0 tournant sph\u00e9rique en acier moul\u00e9, passage int\u00e9gral, mont\u00e9 sur tourillon, 24 pouces, 150 LB<\/a><\/p>","protected":false},"featured_media":4474,"template":"","meta":[],"product_brand":[],"product_cat":[43,54,56,80],"product_tag":[608,605,607,606,603,604],"class_list":{"0":"post-4473","1":"product","2":"type-product","3":"status-publish","4":"has-post-thumbnail","6":"product_cat-ball-valve","7":"product_cat-cast-steel-ball-valve","8":"product_cat-trunnion-ball-valve","9":"product_cat-flange-ball-valve","10":"product_tag-150lb-cast-steel-ball-valve","11":"product_tag-2-piece-trunnion-mounted-ball-valve","12":"product_tag-24-inch-api-6d-cast-steel-trunnion-mounted-ball-valves","13":"product_tag-api-6d-cast-steel-trunnion-mounted-ball-valves","14":"product_tag-cast-steel-trunnion-mounted-ball-valve","15":"product_tag-trunnion-mounted-ball-valves","17":"first","18":"instock","19":"shipping-taxable","20":"product-type-simple"},"_links":{"self":[{"href":"https:\/\/www.stvvalves.com\/fr\/wp-json\/wp\/v2\/product\/4473","targetHints":{"allow":["GET"]}}],"collection":[{"href":"https:\/\/www.stvvalves.com\/fr\/wp-json\/wp\/v2\/product"}],"about":[{"href":"https:\/\/www.stvvalves.com\/fr\/wp-json\/wp\/v2\/types\/product"}],"wp:featuredmedia":[{"embeddable":true,"href":"https:\/\/www.stvvalves.com\/fr\/wp-json\/wp\/v2\/media\/4474"}],"wp:attachment":[{"href":"https:\/\/www.stvvalves.com\/fr\/wp-json\/wp\/v2\/media?parent=4473"}],"wp:term":[{"taxonomy":"product_brand","embeddable":true,"href":"https:\/\/www.stvvalves.com\/fr\/wp-json\/wp\/v2\/product_brand?post=4473"},{"taxonomy":"product_cat","embeddable":true,"href":"https:\/\/www.stvvalves.com\/fr\/wp-json\/wp\/v2\/product_cat?post=4473"},{"taxonomy":"product_tag","embeddable":true,"href":"https:\/\/www.stvvalves.com\/fr\/wp-json\/wp\/v2\/product_tag?post=4473"}],"curies":[{"name":"wp","href":"https:\/\/api.w.org\/{rel}","templated":true}]}}