{"id":4478,"date":"2019-03-18T11:58:19","date_gmt":"2019-03-18T11:58:19","guid":{"rendered":"https:\/\/www.stvvalves.com\/?post_type=product&#038;p=4478"},"modified":"2025-02-17T18:21:46","modified_gmt":"2025-02-17T10:21:46","slug":"3pc-carbon-steel-ball-valve-1000-psi316-trim-npt-end","status":"publish","type":"product","link":"https:\/\/www.stvvalves.com\/fr\/products\/3pc-carbon-steel-ball-valve-1000-psi316-trim-npt-end\/","title":{"rendered":"Robinet \u00e0 bille en acier au carbone 3 pi\u00e8ces, 1000 PSI, garniture 316, extr\u00e9mit\u00e9 NPT"},"content":{"rendered":"<p>1. Pression de travail\u00a0: 1,6\u00a0Mp, 2,5\u00a0Mp<br \/>\n2. Support de montage ISO-5211 pour une automatisation facile.<br \/>\n3. Dispositif antistatique. Conception s\u00fbre au feu disponible,<br \/>\n4. Tige anti-\u00e9ruption.<br \/>\n5. M\u00e9dias appropri\u00e9s\u00a0: eau, huile, gaz et certains liquides corrosifs.<br \/>\n6. Casting d\u2019investissement.<br \/>\n7. Inspection et tests\u00a0: API 598.<br \/>\n8.Manuel, pneumatique, \u00e9lectrique disponible.<br \/>\n9. Actionneur pneumatique\u00a0: une double action et une simple action sont disponibles.<br \/>\n10. Fil\u00a0:\u00a0NPT, BSPT et BSP<br \/>\n11. Plage de temp\u00e9rature : -40 \u00b0C ~ 150 \u00b0C.<br \/>\n12. Faible couple de fonctionnement.<\/p>\n<p>&nbsp;<\/p>","protected":false},"excerpt":{"rendered":"<p>Mod\u00e8le\u00a0: STV-Q11F-1000WOG-DN25-WCB<\/p>\n<p>Le robinet \u00e0 tournant sph\u00e9rique 3 pi\u00e8ces est un robinet \u00e0 tournant sph\u00e9rique \u00e0 passage int\u00e9gral en trois pi\u00e8ces enti\u00e8rement maintenable, offrant une solution rentable pour \u00ab\u00a0l&#039;arr\u00eat\u00a0\u00bb et l&#039;isolation du service de vapeur \u00e0 basse temp\u00e9rature et des d\u00e9bits moyens.<\/p>\n<p>Un robinet \u00e0 tournant sph\u00e9rique \u00e0 usage g\u00e9n\u00e9ral fiable. Corps en acier inoxydable et si\u00e8ge en PTFE charg\u00e9 de carbone.<\/p>\n<p>Comprend une tige anti-\u00e9ruption, une poign\u00e9e isol\u00e9e et une poign\u00e9e \u00e0 levier verrouillable.<\/p>\n<p>Corps en acier inoxydable CF8M 316<br \/>\nViss\u00e9 BSP, Socket Weld, Butt Weld ou NPT<br \/>\nTailles : 1\/4\u2033 \u00e0 4\u2033<br \/>\nPlage de temp\u00e9rature : -20 \u00b0C \u00e0 +200 \u00b0C<br \/>\nPression de fonctionnement\u00a0: 1000 PSI (1\/4\u2033 \u00e0 2\u2033) et 800 PSI (2 1\/2\u2033 \u00e0 4\u2033)<br \/>\nMouvement : rotation \u00e0 90\u00b0<\/p>\n<p>STV Valve Technology Group Co., Ltd est un leader professionnel en Chine, robinet \u00e0 tournant sph\u00e9rique WCB 3 pi\u00e8ces avec raccord filet\u00e9, robinet \u00e0 tournant sph\u00e9rique WCB 3 pi\u00e8ces en acier au carbone A216, robinet \u00e0 tournant sph\u00e9rique WCB 3 pi\u00e8ces, fabricant de robinets \u00e0 tournant sph\u00e9rique 3 pi\u00e8ces de haute qualit\u00e9 et prix comp\u00e9titif.<\/p>\n<p>Veuillez contacter notre sales@stvvalve.com pour d&#039;autres mat\u00e9riaux et d\u00e9tails.<\/p>\n<p>Feuille de dates\u00a0:<a href=\"https:\/\/www.stvvalves.com\/wp-content\/uploads\/2019\/03\/3PC-Carbon-Steel-Ball-Valve-1000-PSI-316-Trim-NPT-End-drawing.pdf\">Robinet \u00e0 bille en acier au carbone 3 pi\u00e8ces, 1000 PSI, garniture 316, extr\u00e9mit\u00e9 NPT<\/a><\/p>","protected":false},"featured_media":4480,"template":"","meta":[],"product_brand":[],"product_cat":[43,54,79],"product_tag":[154,610,609,611],"class_list":{"0":"post-4478","1":"product","2":"type-product","3":"status-publish","4":"has-post-thumbnail","6":"product_cat-ball-valve","7":"product_cat-cast-steel-ball-valve","8":"product_cat-threaded-ball-valve","9":"product_tag-3-piece-ball-valve","10":"product_tag-3-piece-carbon-steel-a216-wcb-ball-valve","11":"product_tag-3pc-wcb-ball-valve","12":"product_tag-3pc-wcb-ball-valve-with-threaded-connection","14":"first","15":"instock","16":"shipping-taxable","17":"product-type-simple"},"_links":{"self":[{"href":"https:\/\/www.stvvalves.com\/fr\/wp-json\/wp\/v2\/product\/4478","targetHints":{"allow":["GET"]}}],"collection":[{"href":"https:\/\/www.stvvalves.com\/fr\/wp-json\/wp\/v2\/product"}],"about":[{"href":"https:\/\/www.stvvalves.com\/fr\/wp-json\/wp\/v2\/types\/product"}],"wp:featuredmedia":[{"embeddable":true,"href":"https:\/\/www.stvvalves.com\/fr\/wp-json\/wp\/v2\/media\/4480"}],"wp:attachment":[{"href":"https:\/\/www.stvvalves.com\/fr\/wp-json\/wp\/v2\/media?parent=4478"}],"wp:term":[{"taxonomy":"product_brand","embeddable":true,"href":"https:\/\/www.stvvalves.com\/fr\/wp-json\/wp\/v2\/product_brand?post=4478"},{"taxonomy":"product_cat","embeddable":true,"href":"https:\/\/www.stvvalves.com\/fr\/wp-json\/wp\/v2\/product_cat?post=4478"},{"taxonomy":"product_tag","embeddable":true,"href":"https:\/\/www.stvvalves.com\/fr\/wp-json\/wp\/v2\/product_tag?post=4478"}],"curies":[{"name":"wp","href":"https:\/\/api.w.org\/{rel}","templated":true}]}}