{"id":4486,"date":"2019-03-18T14:35:06","date_gmt":"2019-03-18T14:35:06","guid":{"rendered":"https:\/\/www.stvvalves.com\/?post_type=product&#038;p=4486"},"modified":"2025-02-17T18:22:02","modified_gmt":"2025-02-17T10:22:02","slug":"cast-steel-gate-valve-600lb-3-inch-api-600-flanged-end","status":"publish","type":"product","link":"https:\/\/www.stvvalves.com\/fr\/products\/cast-steel-gate-valve-600lb-3-inch-api-600-flanged-end\/","title":{"rendered":"Vanne \u00e0 vanne en acier moul\u00e9 600LB, 3 pouces, API 600, extr\u00e9mit\u00e9 \u00e0 bride"},"content":{"rendered":"<p>Vanne \u00e0 vanne en acier moul\u00e9 de classe 150 ~ 1500<br \/>\nOS&amp;Y, tige montante, cale flexible<br \/>\nChapeau boulonn\u00e9, anneau de si\u00e8ge filet\u00e9 ou soud\u00e9<br \/>\nASTM A216 WCB, A217 WC6, A351 CF8, A351 CF8M,<br \/>\nA351 CF3, A351 CF3M, A351 CN7M<\/p>\n<p>Conformit\u00e9 aux normes<br \/>\nConception et fabrication\u00a0:ANSIB16.34,API600 API6D,API603,BS1414<br \/>\nFace \u00e0 face (de bout en bout):ANSIB16.10,API6D<br \/>\nConnexion \u00e0 bride : 2\u2033~24\u2033\u00e0 ANSIB16.5,22\u2033,26\u2033~36\u2033\u00e0 MSS-SP-44 \u00e0 API605 sur demande<br \/>\nTest et inspection\u00a0: API598, API6D<br \/>\nExtr\u00e9mit\u00e9 soud\u00e9e bout \u00e0 bout\u00a0: ANSIB16.5<\/p>\n<table>\n<tbody>\n<tr>\n<td width=\"200\"><strong>Nom du produit<\/strong><\/td>\n<td width=\"481\">Vanne \u00e0 vanne en acier moul\u00e9 600LB, 3 pouces, API 600, extr\u00e9mit\u00e9 \u00e0 bride<\/td>\n<\/tr>\n<tr>\n<td width=\"200\">1. Mat\u00e9riel<\/td>\n<td width=\"481\">WCB<\/td>\n<\/tr>\n<tr>\n<td width=\"200\">2. Taille<\/td>\n<td width=\"481\">3&quot;<\/td>\n<\/tr>\n<tr>\n<td width=\"200\">4. Port<\/td>\n<td width=\"481\">Port complet<\/td>\n<\/tr>\n<tr>\n<td width=\"200\">5. Pression de travail<\/td>\n<td width=\"481\">600 livres<\/td>\n<\/tr>\n<tr>\n<td width=\"200\">6. Fin de la connexion<\/td>\n<td width=\"481\">RF<\/td>\n<\/tr>\n<tr>\n<td width=\"200\">7. Temp\u00e9rature de travail.<\/td>\n<td width=\"481\">-29~425\u00baC,<\/td>\n<\/tr>\n<tr>\n<td width=\"200\">8. Support appropri\u00e9<\/td>\n<td width=\"481\">Eau, gaz naturel, p\u00e9trole et certains liquides corrosifs<\/td>\n<\/tr>\n<tr>\n<td width=\"200\">9. Exploit\u00e9<\/td>\n<td width=\"481\">Volant<\/td>\n<\/tr>\n<tr>\n<td width=\"200\">10. Inspection et tests<\/td>\n<td width=\"481\">Selon API598<\/td>\n<\/tr>\n<tr>\n<td width=\"200\"><strong>Exp\u00e9dition<\/strong><\/td>\n<td width=\"481\"><\/td>\n<\/tr>\n<tr>\n<td width=\"200\">D\u00e9lai de livraison<\/td>\n<td width=\"481\">30 jours<\/td>\n<\/tr>\n<tr>\n<td width=\"200\">Emballer<\/td>\n<td width=\"481\">Caisse en contreplaqu\u00e9 d&#039;exportation standard<\/td>\n<\/tr>\n<tr>\n<td width=\"200\">Port d&#039;exp\u00e9dition<\/td>\n<td width=\"481\">Ningbo\/Shanghai, Chine<\/td>\n<\/tr>\n<tr>\n<td width=\"200\">Conditions d&#039;exp\u00e9dition<\/td>\n<td width=\"481\">Exw, FOB, CFR, CIF, etc.<\/td>\n<\/tr>\n<tr>\n<td width=\"200\">Modalit\u00e9s de paiement<\/td>\n<td width=\"481\">T\/T, Western Union, PayPal, etc.<\/td>\n<\/tr>\n<tr>\n<td width=\"200\"><\/td>\n<td width=\"481\">Pr\u00e9paiement 30%, solde 70% pay\u00e9 avant l&#039;exp\u00e9dition<\/td>\n<\/tr>\n<tr>\n<td width=\"200\">Pays d&#039;origine<\/td>\n<td width=\"481\">Ville de Wenzhou, Chine<\/td>\n<\/tr>\n<tr>\n<td width=\"200\">Capacit\u00e9 de production<\/td>\n<td width=\"481\">6000 tonnes\/an<\/td>\n<\/tr>\n<tr>\n<td width=\"200\">MOQ<\/td>\n<td width=\"481\">1 pi\u00e8ces\/taille<\/td>\n<\/tr>\n<\/tbody>\n<\/table>","protected":false},"excerpt":{"rendered":"<p>Mod\u00e8le\u00a0: STV-Z41Y-600LB-3\u2033-WCB<\/p>\n<p>Le robinet-vanne en acier moul\u00e9 convient \u00e0 la classe ANSI 150-600, PN2,0\uff5e16,0MPa, JIS10\uff5e20K, temp\u00e9rature de fonctionnement -29\uff5e425\u00b0C (acier au carbone) et -40\uff5e500\u00b0C (acier inoxydable). , utilis\u00e9 pour couper ou allumer le m\u00e9dia dans le pipeline. En utilisant diff\u00e9rents mat\u00e9riaux, le robinet-vanne standard am\u00e9ricain en acier peut \u00eatre appliqu\u00e9 \u00e0 l&#039;eau, \u00e0 la vapeur, \u00e0 l&#039;huile, \u00e0 l&#039;acide nitrique, \u00e0 l&#039;acide ac\u00e9tique, au milieu oxydant fort et \u00e0 l&#039;ur\u00e9e. Il existe des transmissions manuelles, \u00e0 engrenages coniques et \u00e9lectriques.<\/p>\n<p>STV Valve Technology Group Co., Ltd est un leader professionnel Chine Vanne \u00e0 vanne en acier moul\u00e9 600 Lb, Vannes \u00e0 vanne en acier moul\u00e9 API 600, Vanne \u00e0 vanne en acier moul\u00e9, Vanne \u00e0 vanne en acier moul\u00e9 Asme B16.34 Classe 600 Lb, Fabricant de vannes \u00e0 vanne en acier moul\u00e9 en Chine avec haute qualit\u00e9 et prix comp\u00e9titif.<\/p>\n<p>Veuillez contacter notre sales@stvvalve.com pour d&#039;autres mat\u00e9riaux et d\u00e9tails.<\/p>\n<p>Feuille de dates\u00a0:<a href=\"https:\/\/www.stvvalves.com\/wp-content\/uploads\/2019\/03\/Cast-Steel-Gate-Valve-600LB-3-Inch-API-600-Flanged-END-drawing.pdf\">Vanne \u00e0 vanne en acier moul\u00e9 600LB, 3 pouces, API 600, extr\u00e9mit\u00e9 \u00e0 bride<\/a><\/p>","protected":false},"featured_media":4487,"template":"","meta":[],"product_brand":[],"product_cat":[58,44],"product_tag":[615,613,616,614,617],"class_list":{"0":"post-4486","1":"product","2":"type-product","3":"status-publish","4":"has-post-thumbnail","6":"product_cat-cast-steel-gate-valve","7":"product_cat-gate-valve","8":"product_tag-api-600-cast-steel-gate-valves","9":"product_tag-asme-b16-34-class-600-lb-cast-steel-gate-valve","10":"product_tag-cast-steel-gate-valve","11":"product_tag-cast-steel-gate-valve-600lb","12":"product_tag-china-cast-steel-gate-valves-manufacturer","14":"first","15":"instock","16":"shipping-taxable","17":"product-type-simple"},"_links":{"self":[{"href":"https:\/\/www.stvvalves.com\/fr\/wp-json\/wp\/v2\/product\/4486","targetHints":{"allow":["GET"]}}],"collection":[{"href":"https:\/\/www.stvvalves.com\/fr\/wp-json\/wp\/v2\/product"}],"about":[{"href":"https:\/\/www.stvvalves.com\/fr\/wp-json\/wp\/v2\/types\/product"}],"wp:featuredmedia":[{"embeddable":true,"href":"https:\/\/www.stvvalves.com\/fr\/wp-json\/wp\/v2\/media\/4487"}],"wp:attachment":[{"href":"https:\/\/www.stvvalves.com\/fr\/wp-json\/wp\/v2\/media?parent=4486"}],"wp:term":[{"taxonomy":"product_brand","embeddable":true,"href":"https:\/\/www.stvvalves.com\/fr\/wp-json\/wp\/v2\/product_brand?post=4486"},{"taxonomy":"product_cat","embeddable":true,"href":"https:\/\/www.stvvalves.com\/fr\/wp-json\/wp\/v2\/product_cat?post=4486"},{"taxonomy":"product_tag","embeddable":true,"href":"https:\/\/www.stvvalves.com\/fr\/wp-json\/wp\/v2\/product_tag?post=4486"}],"curies":[{"name":"wp","href":"https:\/\/api.w.org\/{rel}","templated":true}]}}