{"id":4498,"date":"2019-03-19T02:44:52","date_gmt":"2019-03-19T02:44:52","guid":{"rendered":"https:\/\/www.stvvalves.com\/?post_type=product&#038;p=4498"},"modified":"2025-07-28T09:48:43","modified_gmt":"2025-07-28T01:48:43","slug":"24-inch-api-600-carbon-steel-flanged-gate-valve-ansi-150lb-gear-box-op","status":"publish","type":"product","link":"https:\/\/www.stvvalves.com\/fr\/products\/24-inch-api-600-carbon-steel-flanged-gate-valve-ansi-150lb-gear-box-op\/","title":{"rendered":"Vanne \u00e0 bride en acier au carbone API 600 de 24 pouces, ANSI 150lb, bo\u00eete de vitesses OP"},"content":{"rendered":"<p>Sp\u00e9cifications techniques<br \/>\n-Conception\u00a0:\u00a0ASME 16.34\/API 6D\/API 600\/BS 1414<br \/>\n-Face \u00e0 face\u00a0: ASME B16.10<br \/>\n-Bride d&#039;extr\u00e9mit\u00e9\u00a0: ASME B16.5, ASME B16.47<br \/>\n-BW Fin\u00a0: ASME B16.25<br \/>\n-Test\u00a0:\u00a0API 598\/API 6D\/BS 6755<br \/>\n-Sp\u00e9cial\u00a0: NACE MR-01-75<\/p>\n<p>Caract\u00e9ristiques de conception<br \/>\n-OS &amp; Y, tige montante<br \/>\n\u2013 Chapeau boulonn\u00e9 avec joint en spirale<br \/>\n-Cale flexible<br \/>\n-Si\u00e8ge arri\u00e8re d\u00e9pos\u00e9 par soudure<br \/>\n-Bague de si\u00e8ge filet\u00e9e ou soud\u00e9e<br \/>\n-Anneaux de si\u00e8ge renouvelables<br \/>\n-Capot \u00e9tendu pour service cryog\u00e9nique<br \/>\n-Extr\u00e9mit\u00e9s \u00e0 brides ou soud\u00e9es bout \u00e0 bout.<br \/>\n-By Pass sur demande<br \/>\n-Dispositif de verrouillage en option<\/p>\n<p>Gamme de produits<br \/>\n-Taille de la vanne\u00a0:<br \/>\n2\u2033 ~ 48\u2033 (DN50-DN1200)<br \/>\n-Pression:<br \/>\nClasse ANSI 150 ~ 2500 (PN16-PN420)<br \/>\n-Temp\u00e9rature:<br \/>\n-196 \u00baC ~ 500 \u00baC<br \/>\n-Mat\u00e9riaux du corps\u00a0:<br \/>\nAcier au carbone, acier inoxydable, acier alli\u00e9, acier duplex<br \/>\n-Garniture (disque\/tige)\u00a0:<br \/>\nAcier au carbone, acier inoxydable, acier duplex, acier alli\u00e9<\/p>\n<p>&nbsp;<\/p>\n<table>\n<tbody>\n<tr>\n<td width=\"200\"><strong>Nom du produit<\/strong><\/td>\n<td width=\"481\">Vanne \u00e0 bride en acier au carbone API 600 de 24 pouces, ANSI 150lb, bo\u00eete de vitesses OP<\/td>\n<\/tr>\n<tr>\n<td width=\"200\">1. Mat\u00e9riel<\/td>\n<td width=\"481\">WCB<\/td>\n<\/tr>\n<tr>\n<td width=\"200\">2. Taille<\/td>\n<td width=\"481\">24&quot;<\/td>\n<\/tr>\n<tr>\n<td width=\"200\">4. Port<\/td>\n<td width=\"481\">Port complet<\/td>\n<\/tr>\n<tr>\n<td width=\"200\">5. Pression de travail<\/td>\n<td width=\"481\">150 livres<\/td>\n<\/tr>\n<tr>\n<td width=\"200\">6. Fin de la connexion<\/td>\n<td width=\"481\">RF<\/td>\n<\/tr>\n<tr>\n<td width=\"200\">7. Temp\u00e9rature de travail.<\/td>\n<td width=\"481\">-29~425\u00baC,<\/td>\n<\/tr>\n<tr>\n<td width=\"200\">8. Support appropri\u00e9<\/td>\n<td width=\"481\">Eau, gaz naturel, p\u00e9trole et certains liquides corrosifs<\/td>\n<\/tr>\n<tr>\n<td width=\"200\">9. Exploit\u00e9<\/td>\n<td width=\"481\">Bo\u00eete de vitesses OP<\/td>\n<\/tr>\n<tr>\n<td width=\"200\">10. Inspection et tests<\/td>\n<td width=\"481\">Selon API598<\/td>\n<\/tr>\n<tr>\n<td width=\"200\"><strong>Exp\u00e9dition<\/strong><\/td>\n<td width=\"481\"><\/td>\n<\/tr>\n<tr>\n<td width=\"200\">D\u00e9lai de livraison<\/td>\n<td width=\"481\">30 jours<\/td>\n<\/tr>\n<tr>\n<td width=\"200\">Emballer<\/td>\n<td width=\"481\">Caisse en contreplaqu\u00e9 d&#039;exportation standard<\/td>\n<\/tr>\n<tr>\n<td width=\"200\">Port d&#039;exp\u00e9dition<\/td>\n<td width=\"481\">Ningbo\/Shanghai, Chine<\/td>\n<\/tr>\n<tr>\n<td width=\"200\">Conditions d&#039;exp\u00e9dition<\/td>\n<td width=\"481\">Exw, FOB, CFR, CIF, etc.<\/td>\n<\/tr>\n<tr>\n<td width=\"200\">Modalit\u00e9s de paiement<\/td>\n<td width=\"481\">T\/T, Western Union, PayPal, etc.<\/td>\n<\/tr>\n<tr>\n<td width=\"200\"><\/td>\n<td width=\"481\">Pr\u00e9paiement 30%, solde 70% pay\u00e9 avant l&#039;exp\u00e9dition<\/td>\n<\/tr>\n<tr>\n<td width=\"200\">Pays d&#039;origine<\/td>\n<td width=\"481\">Ville de Wenzhou, Chine<\/td>\n<\/tr>\n<tr>\n<td width=\"200\">Capacit\u00e9 de production<\/td>\n<td width=\"481\">6000 tonnes\/an<\/td>\n<\/tr>\n<tr>\n<td width=\"200\">MOQ<\/td>\n<td width=\"481\">1 pi\u00e8ces\/taille<\/td>\n<\/tr>\n<\/tbody>\n<\/table>","protected":false},"excerpt":{"rendered":"<p>Mod\u00e8le\u00a0: STV-Z541H-150LB-24\u2033-WCB<br \/>\nVanne \u00e0 bride en acier au carbone API 600 de 24 pouces qui s&#039;ouvre en soulevant une porte\/coin ronde ou rectangulaire hors du trajet du fluide. La caract\u00e9ristique distinctive d&#039;un robinet-vanne est que les surfaces d&#039;\u00e9tanch\u00e9it\u00e9 entre le robinet-vanne et les si\u00e8ges sont planes. Les faces de la porte peuvent former une forme de coin ou elles peuvent \u00eatre parall\u00e8les. Les robinets-vannes classiques ne doivent jamais \u00eatre utilis\u00e9s pour r\u00e9guler le d\u00e9bit, \u00e0 moins qu&#039;ils ne soient sp\u00e9cifiquement con\u00e7us \u00e0 cet effet. Lors de l&#039;ouverture du robinet-vanne, le trajet d&#039;\u00e9coulement est \u00e9largi de mani\u00e8re hautement non lin\u00e9aire par rapport au pourcentage d&#039;ouverture.<\/p>\n<p>STV Valve Technology Group Co., Ltd est un leader professionnel de la Chine Class150 Vanne \u00e0 bride en acier au carbone de 24 pouces, Vanne \u00e0 vanne ASTM A216 150LB WCB selon API 600, Vanne \u00e0 vanne \u00e0 bride ASTM A216 WCB, Vanne \u00e0 vanne \u00e0 coin en acier au carbone moul\u00e9, Porte \u00e0 cale flexible en acier moul\u00e9 Vanne, vannes \u00e0 vanne en acier moul\u00e9 API 600, fabricant de vannes \u00e0 guillotine \u00e0 chapeau boulonn\u00e9 \u00e0 bride en Chine de haute qualit\u00e9 et \u00e0 prix comp\u00e9titif.<\/p>\n<p>Veuillez contacter notre sales@stvvalve.com pour d&#039;autres mat\u00e9riaux et d\u00e9tails.<\/p>\n<p>Feuille de dates\u00a0:<a href=\"https:\/\/www.stvvalves.com\/wp-content\/uploads\/2019\/03\/24-inch-api-600-carbon-steel-flanged-gate-valve-ansi-150lb-gear-box-op-drawing.pdf\">Vanne \u00e0 bride en acier au carbone API 600 de 24 pouces, ANSI 150lb, bo\u00eete de vitesses OP<\/a><\/p>\n<p>&nbsp;<\/p>","protected":false},"featured_media":4499,"template":"","meta":[],"product_brand":[],"product_cat":[58,44],"product_tag":[623,624,626,627,625],"class_list":{"0":"post-4498","1":"product","2":"type-product","3":"status-publish","4":"has-post-thumbnail","6":"product_cat-cast-steel-gate-valve","7":"product_cat-gate-valve","8":"product_tag-astm-a216-150lb-wcb-gate-valve-to-api-600","9":"product_tag-astm-a216-wcb-flanged-gate-valve","10":"product_tag-carbon-steel-gate-valve","11":"product_tag-flanged-bolted-bonnet-gate-valve","12":"product_tag-flexible-wedge-cast-steel-gate-valve","14":"first","15":"instock","16":"featured","17":"shipping-taxable","18":"product-type-simple"},"_links":{"self":[{"href":"https:\/\/www.stvvalves.com\/fr\/wp-json\/wp\/v2\/product\/4498","targetHints":{"allow":["GET"]}}],"collection":[{"href":"https:\/\/www.stvvalves.com\/fr\/wp-json\/wp\/v2\/product"}],"about":[{"href":"https:\/\/www.stvvalves.com\/fr\/wp-json\/wp\/v2\/types\/product"}],"wp:featuredmedia":[{"embeddable":true,"href":"https:\/\/www.stvvalves.com\/fr\/wp-json\/wp\/v2\/media\/4499"}],"wp:attachment":[{"href":"https:\/\/www.stvvalves.com\/fr\/wp-json\/wp\/v2\/media?parent=4498"}],"wp:term":[{"taxonomy":"product_brand","embeddable":true,"href":"https:\/\/www.stvvalves.com\/fr\/wp-json\/wp\/v2\/product_brand?post=4498"},{"taxonomy":"product_cat","embeddable":true,"href":"https:\/\/www.stvvalves.com\/fr\/wp-json\/wp\/v2\/product_cat?post=4498"},{"taxonomy":"product_tag","embeddable":true,"href":"https:\/\/www.stvvalves.com\/fr\/wp-json\/wp\/v2\/product_tag?post=4498"}],"curies":[{"name":"wp","href":"https:\/\/api.w.org\/{rel}","templated":true}]}}