{"id":4510,"date":"2019-03-19T05:57:21","date_gmt":"2019-03-19T05:57:21","guid":{"rendered":"https:\/\/www.stvvalves.com\/?post_type=product&#038;p=4510"},"modified":"2025-02-17T18:21:59","modified_gmt":"2025-02-17T10:21:59","slug":"lift-check-valves-api-602-cl800-dn32-fnpt-end","status":"publish","type":"product","link":"https:\/\/www.stvvalves.com\/fr\/products\/lift-check-valves-api-602-cl800-dn32-fnpt-end\/","title":{"rendered":"Clapets anti-retour \u00e0 levage, API 602, CL800, DN32, extr\u00e9mit\u00e9 FNPT"},"content":{"rendered":"<p>Conception et fabrication conformes \u00e0 BS5351, MSS SP-118<\/p>\n<p>Les extr\u00e9mit\u00e9s de connexion sont conformes \u00e0\u00a0:<\/p>\n<p>1. Les extr\u00e9mit\u00e9s soud\u00e9es sont conformes \u00e0 la norme ANSI B16.11.<\/p>\n<p>2. Les extr\u00e9mit\u00e9s des vis sont conformes \u00e0 ANSI B1.20.1<\/p>\n<p>3. Les extr\u00e9mit\u00e9s soud\u00e9es bout \u00e0 bout sont conformes \u00e0 la norme ANSI B16.25.<\/p>\n<p>4. Les extr\u00e9mit\u00e9s des brides sont conformes \u00e0 la norme ANSI B16.5<\/p>\n<p>5.Test et inspection conformes \u00e0\u00a0:API 598<\/p>\n<p>Caract\u00e9ristiques structurelles\u00a0:<\/p>\n<p>Chapeau boulonn\u00e9, chapeau soud\u00e9, chapeau \u00e0 joint de pression<\/p>\n<p>Type en acier forg\u00e9, \u00e0 piston, \u00e0 bille ou \u00e0 balan\u00e7oire<\/p>\n<p>Si\u00e8ge int\u00e9gral pour clapets anti-retour \u00e0 piston et \u00e0 bille<\/p>\n<p>Conception \u00e0 anneau de si\u00e8ge s\u00e9par\u00e9 pour clapets anti-retour \u00e0 battant<\/p>\n<p>Joint enroul\u00e9 en spirale ou joint \u00e0 joint ovale<\/p>\n<p>Al\u00e9sage r\u00e9duit ou port complet,<\/p>\n<p>Mod\u00e8le en T ou motif en Y,<\/p>\n<p>Gamme de produits<\/p>\n<p>Mat\u00e9riau du corps\u00a0:\u00a0A105,LF2,F5,F11,F22,304,304L,316,316L,F51,F91,20#,Inconel.Ect<\/p>\n<p>Diam\u00e8tre nominal\u00a0: 1\/2\u2033~2\u2033\uff08DN15~DN50\uff09<\/p>\n<p>Connexion d&#039;extr\u00e9mit\u00e9\u00a0: THR, SW, BW, RF, RTJ<\/p>\n<p>Temp\u00e9rature de fonctionnement\u00a0: -196 \u2103 ~ + 560 \u2103<\/p>\n<p>&nbsp;<\/p>\n<table>\n<tbody>\n<tr>\n<td width=\"200\"><strong>Nom du produit<\/strong><\/td>\n<td width=\"481\">Clapets anti-retour \u00e0 levage, API 602, CL800, DN32, extr\u00e9mit\u00e9 FNPT<\/td>\n<\/tr>\n<tr>\n<td width=\"200\">1. Mat\u00e9riel<\/td>\n<td width=\"481\">A105N<\/td>\n<\/tr>\n<tr>\n<td width=\"200\">2. Taille<\/td>\n<td width=\"481\">11\/4&quot;<\/td>\n<\/tr>\n<tr>\n<td width=\"200\">4. Port<\/td>\n<td width=\"481\">Port r\u00e9ducteur<\/td>\n<\/tr>\n<tr>\n<td width=\"200\">5. Pression de travail<\/td>\n<td width=\"481\">800 livres<\/td>\n<\/tr>\n<tr>\n<td width=\"200\">6. Fin de la connexion<\/td>\n<td width=\"481\">TNP<\/td>\n<\/tr>\n<tr>\n<td width=\"200\">7. Temp\u00e9rature de travail.<\/td>\n<td width=\"481\">-29~425\u00baC,<\/td>\n<\/tr>\n<tr>\n<td width=\"200\">8. Support appropri\u00e9<\/td>\n<td width=\"481\">Eau, gaz naturel, p\u00e9trole et certains liquides corrosifs<\/td>\n<\/tr>\n<tr>\n<td width=\"200\">9. Exploit\u00e9<\/td>\n<td width=\"481\">\/<\/td>\n<\/tr>\n<tr>\n<td width=\"200\">10. Inspection et tests<\/td>\n<td width=\"481\">Selon API598<\/td>\n<\/tr>\n<tr>\n<td width=\"200\"><strong>Exp\u00e9dition<\/strong><\/td>\n<td width=\"481\"><\/td>\n<\/tr>\n<tr>\n<td width=\"200\">D\u00e9lai de livraison<\/td>\n<td width=\"481\">30 jours<\/td>\n<\/tr>\n<tr>\n<td width=\"200\">Emballer<\/td>\n<td width=\"481\">Caisse en contreplaqu\u00e9 d&#039;exportation standard<\/td>\n<\/tr>\n<tr>\n<td width=\"200\">Port d&#039;exp\u00e9dition<\/td>\n<td width=\"481\">Ningbo\/Shanghai, Chine<\/td>\n<\/tr>\n<tr>\n<td width=\"200\">Conditions d&#039;exp\u00e9dition<\/td>\n<td width=\"481\">Exw, FOB, CFR, CIF, etc.<\/td>\n<\/tr>\n<tr>\n<td width=\"200\">Modalit\u00e9s de paiement<\/td>\n<td width=\"481\">T\/T, Western Union, PayPal, etc.<\/td>\n<\/tr>\n<tr>\n<td width=\"200\"><\/td>\n<td width=\"481\">Pr\u00e9paiement 30%, solde 70% pay\u00e9 avant l&#039;exp\u00e9dition<\/td>\n<\/tr>\n<tr>\n<td width=\"200\">Pays d&#039;origine<\/td>\n<td width=\"481\">Ville de Wenzhou, Chine<\/td>\n<\/tr>\n<tr>\n<td width=\"200\">Capacit\u00e9 de production<\/td>\n<td width=\"481\">6000 tonnes\/an<\/td>\n<\/tr>\n<tr>\n<td width=\"200\">MOQ<\/td>\n<td width=\"481\">1 pi\u00e8ces\/taille<\/td>\n<\/tr>\n<\/tbody>\n<\/table>","protected":false},"excerpt":{"rendered":"<p>Mod\u00e8le : STV-H61H-800LB-A105N-11\/4\u2033<\/p>\n<p>Clapets anti-retour \u00e0 levage D\u00e9signe la vanne qui ouvre et ferme automatiquement le clapet de la vanne au moyen du flux du fluide lui-m\u00eame et est utilis\u00e9e pour emp\u00eacher le reflux du fluide, \u00e9galement connu sous le nom de clapet anti-retour, clapet anti-retour, clapet anti-retour et soupape de contre-pression. Le clapet anti-retour est une vanne automatique dont la fonction principale est d&#039;emp\u00eacher le reflux du fluide, d&#039;emp\u00eacher la pompe et le moteur d&#039;entra\u00eenement de s&#039;inverser et de d\u00e9charger le fluide du conteneur. Le clapet anti-retour peut \u00e9galement \u00eatre utilis\u00e9 pour alimenter une conduite dans laquelle la pression peut augmenter jusqu&#039;\u00e0 un syst\u00e8me auxiliaire qui d\u00e9passe la pression du syst\u00e8me. Le clapet anti-retour peut \u00eatre principalement divis\u00e9 en un clapet anti-retour \u00e0 battant (rotation en fonction du centre de gravit\u00e9) et un clapet anti-retour \u00e0 levage (se d\u00e9pla\u00e7ant le long de l&#039;axe).<\/p>\n<p>STV Valve Technology Group Co., Ltd est un leader professionnel en Chine Clapets anti-retour en acier forg\u00e9 API 602, clapet anti-retour \u00e0 levage forg\u00e9 A105N, clapets anti-retour en acier forg\u00e9, clapets anti-retour API 602, clapets anti-retour \u00e0 levage en acier forg\u00e9, fournisseur de clapets anti-retour en acier forg\u00e9 API 602 avec Haute qualit\u00e9 et prix bas.<br \/>\nPour en savoir plus sur ces vannes, n&#039;h\u00e9sitez pas \u00e0 contacter notre sales@stvvalve.com<br \/>\nFeuille de dates\u00a0:<a href=\"https:\/\/www.stvvalves.com\/wp-content\/uploads\/2019\/03\/Lift-Check-Valves-API-602-CL800-DN32-FNPT-End-drawing.pdf\">Clapets anti-retour \u00e0 levage, API 602, CL800, DN32, extr\u00e9mit\u00e9 FNPT<\/a><\/p>","protected":false},"featured_media":4511,"template":"","meta":[],"product_brand":[],"product_cat":[46,66],"product_tag":[505,301,560,506,640],"class_list":{"0":"post-4510","1":"product","2":"type-product","3":"status-publish","4":"has-post-thumbnail","6":"product_cat-check-valves","7":"product_cat-swing-check-valve","8":"product_tag-api-602-check-valves","9":"product_tag-api-602-forged-steel-check-valves","10":"product_tag-forged-steel-check-valves","11":"product_tag-forged-steel-lift-check-valve-manufacturer","12":"product_tag-forged-steel-lift-check-valves","14":"first","15":"instock","16":"shipping-taxable","17":"product-type-simple"},"_links":{"self":[{"href":"https:\/\/www.stvvalves.com\/fr\/wp-json\/wp\/v2\/product\/4510","targetHints":{"allow":["GET"]}}],"collection":[{"href":"https:\/\/www.stvvalves.com\/fr\/wp-json\/wp\/v2\/product"}],"about":[{"href":"https:\/\/www.stvvalves.com\/fr\/wp-json\/wp\/v2\/types\/product"}],"wp:featuredmedia":[{"embeddable":true,"href":"https:\/\/www.stvvalves.com\/fr\/wp-json\/wp\/v2\/media\/4511"}],"wp:attachment":[{"href":"https:\/\/www.stvvalves.com\/fr\/wp-json\/wp\/v2\/media?parent=4510"}],"wp:term":[{"taxonomy":"product_brand","embeddable":true,"href":"https:\/\/www.stvvalves.com\/fr\/wp-json\/wp\/v2\/product_brand?post=4510"},{"taxonomy":"product_cat","embeddable":true,"href":"https:\/\/www.stvvalves.com\/fr\/wp-json\/wp\/v2\/product_cat?post=4510"},{"taxonomy":"product_tag","embeddable":true,"href":"https:\/\/www.stvvalves.com\/fr\/wp-json\/wp\/v2\/product_tag?post=4510"}],"curies":[{"name":"wp","href":"https:\/\/api.w.org\/{rel}","templated":true}]}}