{"id":4519,"date":"2019-03-19T07:52:32","date_gmt":"2019-03-19T07:52:32","guid":{"rendered":"https:\/\/www.stvvalves.com\/?post_type=product&#038;p=4519"},"modified":"2025-02-17T18:21:40","modified_gmt":"2025-02-17T10:21:40","slug":"forged-steel-y-type-piston-check-valve-800lb-dn25-sw-end","status":"publish","type":"product","link":"https:\/\/www.stvvalves.com\/fr\/products\/forged-steel-y-type-piston-check-valve-800lb-dn25-sw-end\/","title":{"rendered":"Clapet anti-retour \u00e0 piston de type Y en acier forg\u00e9, 800LB, DN25, extr\u00e9mit\u00e9 SW"},"content":{"rendered":"<p>Features of Forged Steel Piston Check Valves (Y type):<br \/>\nOblique Y Type Body, Larger Flow Coefficient<br \/>\nPiston Disc Type<br \/>\nBolted Bonnet, Welded Bonnet or Pressure Seal Bonnet<br \/>\nSocket Weld (SW), Butt Weld (BW), Threaded End Available<\/p>\n<p>Applicable standards of Forged Steel Piston Check Valves (Y type):<br \/>\na) Design &amp; Manufacture: API 602, BS 5352, ASME B16.34<br \/>\nb) Face to Face: ASME B16.10, EN 558<br \/>\nc) Connection End: ASME B1.20.1, ASME B16.11, ASME B16.25, ASME B16.5, EN 1092<br \/>\nd) Test and Inspection : API598, EN 12266<\/p>\n<p>Sizes: 1\/2&#8243; &#8211; 2&#8243; or DN12 &#8211; DN50<br \/>\nPressure Rating: Class 150 &#8211; Class 2500 or PN 16 &#8211; PN 420<br \/>\nMaterial of valve body: A105, LF2, F11, F22, F5, F304, F304L, F316, F316L, ect<\/p>\n<table>\n<tbody>\n<tr>\n<td width=\"200\"><strong>Nom du produit<\/strong><\/td>\n<td width=\"481\">Clapet anti-retour \u00e0 piston de type Y en acier forg\u00e9, 800LB, DN25, extr\u00e9mit\u00e9 SW<\/td>\n<\/tr>\n<tr>\n<td width=\"200\">1. Mat\u00e9riel<\/td>\n<td width=\"481\">A105B<\/td>\n<\/tr>\n<tr>\n<td width=\"200\">2. Taille<\/td>\n<td width=\"481\">1&quot;<\/td>\n<\/tr>\n<tr>\n<td width=\"200\">4. Port<\/td>\n<td width=\"481\">Port r\u00e9ducteur<\/td>\n<\/tr>\n<tr>\n<td width=\"200\">5. Pression de travail<\/td>\n<td width=\"481\">800 livres<\/td>\n<\/tr>\n<tr>\n<td width=\"200\">6. Fin de la connexion<\/td>\n<td width=\"481\">Logiciel<\/td>\n<\/tr>\n<tr>\n<td width=\"200\">7. Temp\u00e9rature de travail.<\/td>\n<td width=\"481\">-29~425\u00baC,<\/td>\n<\/tr>\n<tr>\n<td width=\"200\">8. Support appropri\u00e9<\/td>\n<td width=\"481\">Eau, gaz naturel, p\u00e9trole et certains liquides corrosifs<\/td>\n<\/tr>\n<tr>\n<td width=\"200\">9. Exploit\u00e9<\/td>\n<td width=\"481\">\/<\/td>\n<\/tr>\n<tr>\n<td width=\"200\">10. Inspection et tests<\/td>\n<td width=\"481\">Selon API598<\/td>\n<\/tr>\n<tr>\n<td width=\"200\"><strong>Exp\u00e9dition<\/strong><\/td>\n<td width=\"481\"><\/td>\n<\/tr>\n<tr>\n<td width=\"200\">D\u00e9lai de livraison<\/td>\n<td width=\"481\">30 jours<\/td>\n<\/tr>\n<tr>\n<td width=\"200\">Emballer<\/td>\n<td width=\"481\">Caisse en contreplaqu\u00e9 d&#039;exportation standard<\/td>\n<\/tr>\n<tr>\n<td width=\"200\">Port d&#039;exp\u00e9dition<\/td>\n<td width=\"481\">Ningbo\/Shanghai, Chine<\/td>\n<\/tr>\n<tr>\n<td width=\"200\">Conditions d&#039;exp\u00e9dition<\/td>\n<td width=\"481\">Exw, FOB, CFR, CIF, etc.<\/td>\n<\/tr>\n<tr>\n<td width=\"200\">Modalit\u00e9s de paiement<\/td>\n<td width=\"481\">T\/T, Western Union, PayPal, etc.<\/td>\n<\/tr>\n<tr>\n<td width=\"200\"><\/td>\n<td width=\"481\">Pr\u00e9paiement 30%, solde 70% pay\u00e9 avant l&#039;exp\u00e9dition<\/td>\n<\/tr>\n<tr>\n<td width=\"200\">Pays d&#039;origine<\/td>\n<td width=\"481\">Ville de Wenzhou, Chine<\/td>\n<\/tr>\n<tr>\n<td width=\"200\">Capacit\u00e9 de production<\/td>\n<td width=\"481\">6000 tonnes\/an<\/td>\n<\/tr>\n<tr>\n<td width=\"200\">MOQ<\/td>\n<td width=\"481\">1 pi\u00e8ces\/taille<\/td>\n<\/tr>\n<\/tbody>\n<\/table>\n<p>&nbsp;<\/p>\n<p>&nbsp;<\/p>","protected":false},"excerpt":{"rendered":"<p>Model:STV-HY42Y-800LB-A105N-1&#8243;<\/p>\n<p>Forged Steel Y Type Piston Check Valve are available in three bonnet designs.<br \/>\nThe first type is a bolt type bonnet. The valve body designed according to this design form has a valve body and a valve cover connected by bolts and nuts, and a wound gasket.<br \/>\n(316 clip flexible graphite manufacturing) sealing. Customers can also use metal ring connection when there are special requirements.<br \/>\nThe second design form is a welded bonnet that sweeps the valve of this design form, the valve body and the bonnet are screwed, and the internal pressure is self-sealing.<br \/>\nThere are shut-off valves and check valves that can be designed as &#8220;Y&#8221; valves.<\/p>\n<p>STV Valve Technology Group Co., Ltd is a professional leader\u00a0China Forged Steel Check Valves,ASME Y Type Forged Steel Check Valve,Forged Y Type Check Valve,Forged Steel Y-Pattern Piston Check Valves 800Lb,800lb Y TYPE Check Valve,DN25 Y TYPE Check Valve Supplier With High Quality And Low Price.<br \/>\nPour en savoir plus sur ces vannes, n&#039;h\u00e9sitez pas \u00e0 contacter notre sales@stvvalve.com<br \/>\nFeuille de dates\u00a0:<a href=\"https:\/\/www.stvvalves.com\/wp-content\/uploads\/2019\/03\/forged-steel-y-type-piston-check-valve-800lb-dn25-sw-end-drawing.pdf\">Clapet anti-retour \u00e0 piston de type Y en acier forg\u00e9, 800LB, DN25, extr\u00e9mit\u00e9 SW<\/a><\/p>","protected":false},"featured_media":4520,"template":"","meta":[],"product_brand":[],"product_cat":[46,66],"product_tag":[648,645,649,560,647,646],"class_list":{"0":"post-4519","1":"product","2":"type-product","3":"status-publish","4":"has-post-thumbnail","6":"product_cat-check-valves","7":"product_cat-swing-check-valve","8":"product_tag-800lb-y-type-check-valve","9":"product_tag-asme-y-type-forged-steel-check-valve","10":"product_tag-dn25-y-type-check-valve","11":"product_tag-forged-steel-check-valves","12":"product_tag-forged-steel-y-pattern-piston-check-valves-800lb","13":"product_tag-forged-y-type-check-valve","15":"first","16":"instock","17":"shipping-taxable","18":"product-type-simple"},"_links":{"self":[{"href":"https:\/\/www.stvvalves.com\/fr\/wp-json\/wp\/v2\/product\/4519","targetHints":{"allow":["GET"]}}],"collection":[{"href":"https:\/\/www.stvvalves.com\/fr\/wp-json\/wp\/v2\/product"}],"about":[{"href":"https:\/\/www.stvvalves.com\/fr\/wp-json\/wp\/v2\/types\/product"}],"wp:featuredmedia":[{"embeddable":true,"href":"https:\/\/www.stvvalves.com\/fr\/wp-json\/wp\/v2\/media\/4520"}],"wp:attachment":[{"href":"https:\/\/www.stvvalves.com\/fr\/wp-json\/wp\/v2\/media?parent=4519"}],"wp:term":[{"taxonomy":"product_brand","embeddable":true,"href":"https:\/\/www.stvvalves.com\/fr\/wp-json\/wp\/v2\/product_brand?post=4519"},{"taxonomy":"product_cat","embeddable":true,"href":"https:\/\/www.stvvalves.com\/fr\/wp-json\/wp\/v2\/product_cat?post=4519"},{"taxonomy":"product_tag","embeddable":true,"href":"https:\/\/www.stvvalves.com\/fr\/wp-json\/wp\/v2\/product_tag?post=4519"}],"curies":[{"name":"wp","href":"https:\/\/api.w.org\/{rel}","templated":true}]}}