{"id":4524,"date":"2019-03-20T02:11:16","date_gmt":"2019-03-20T02:11:16","guid":{"rendered":"https:\/\/www.stvvalves.com\/?post_type=product&#038;p=4524"},"modified":"2025-02-17T18:21:39","modified_gmt":"2025-02-17T10:21:39","slug":"2-piece-2000-wog-carbon-steel-ball-valve-full-port-bspp-end","status":"publish","type":"product","link":"https:\/\/www.stvvalves.com\/fr\/products\/2-piece-2000-wog-carbon-steel-ball-valve-full-port-bspp-end\/","title":{"rendered":"Robinet \u00e0 bille en acier au carbone 2000 WOG, 2 pi\u00e8ces, port complet, extr\u00e9mit\u00e9 BSPP"},"content":{"rendered":"<p>Robinet \u00e0 bille en acier au carbone 2000 WOG, 2 pi\u00e8ces<br \/>\nPression de travail: 2000PSI (PN140)<br \/>\nTemp\u00e9rature de fonctionnement:-29C-150C<br \/>\nMilieu appropri\u00e9: eau, p\u00e9trole, gaz<br \/>\nExtr\u00e9mit\u00e9 filet\u00e9e\u00a0: BSPT NPT ISO7\/1 ISO228<br \/>\nMat\u00e9riau\u00a0: acier au carbone\/WCB<br \/>\nPort complet<br \/>\nExtr\u00e9mit\u00e9s filet\u00e9es<br \/>\n1\/2\u2033-4\u2033\u00a0: 2000 WOG<br \/>\nAvec serrure \u00e0 poign\u00e9e<\/p>\n<p>Caract\u00e9ristiques des vannes<br \/>\nLa construction renforc\u00e9e garantit une pression de service de 2 000 psi.<br \/>\nLe si\u00e8ge TFE renforc\u00e9 augmente la durabilit\u00e9.<br \/>\nPresse-\u00e9toupe r\u00e9glable.<br \/>\nTige anti-\u00e9ruption charg\u00e9e par le bas.<br \/>\nConception de base conforme aux normes ANSI B16.34 et EN 12516-1.<br \/>\nLes extr\u00e9mit\u00e9s filet\u00e9es NPT sont conformes \u00e0 la norme ANSI B 1.20.1.<br \/>\nLes extr\u00e9mit\u00e9s filet\u00e9es Rc, Rp et G conformes aux normes BS 21\/2779, JIS B-0203\/0202, DIN 259\/2999, ISO 228-1, AS 1722.1\/1722.2 sont sur demande.<br \/>\nTest\u00e9 selon API 598.<\/p>\n<table>\n<tbody>\n<tr>\n<td width=\"200\"><strong>Nom du produit3<\/strong><\/td>\n<td width=\"481\">\u00a0Robinet \u00e0 tournant sph\u00e9rique \u00e0 passage complet 2 pi\u00e8ces, corps WCB, 2000WOG, extr\u00e9mit\u00e9 NPT<\/td>\n<\/tr>\n<tr>\n<td width=\"200\">1. Mat\u00e9riel<\/td>\n<td width=\"481\">WCB<\/td>\n<\/tr>\n<tr>\n<td width=\"200\">2. Taille<\/td>\n<td width=\"481\">2&quot;<\/td>\n<\/tr>\n<tr>\n<td width=\"200\">4. Port<\/td>\n<td width=\"481\">Port complet<\/td>\n<\/tr>\n<tr>\n<td width=\"200\">5. Pression de travail<\/td>\n<td width=\"481\">1000WOG<\/td>\n<\/tr>\n<tr>\n<td width=\"200\">6. Fin de la connexion<\/td>\n<td width=\"481\">TNP<\/td>\n<\/tr>\n<tr>\n<td width=\"200\">7. Temp\u00e9rature de travail.<\/td>\n<td width=\"481\">-29~180\u00baC,<\/td>\n<\/tr>\n<tr>\n<td width=\"200\">8. Support appropri\u00e9<\/td>\n<td width=\"481\">Eau, gaz naturel, p\u00e9trole et certains liquides corrosifs<\/td>\n<\/tr>\n<tr>\n<td width=\"200\">9. Exploit\u00e9<\/td>\n<td width=\"481\">Volant<\/td>\n<\/tr>\n<tr>\n<td width=\"200\">10. Inspection et tests<\/td>\n<td width=\"481\">Selon API598<\/td>\n<\/tr>\n<tr>\n<td width=\"200\"><strong>Exp\u00e9dition<\/strong><\/td>\n<td width=\"481\"><\/td>\n<\/tr>\n<tr>\n<td width=\"200\">D\u00e9lai de livraison<\/td>\n<td width=\"481\">30 jours<\/td>\n<\/tr>\n<tr>\n<td width=\"200\">Emballer<\/td>\n<td width=\"481\">Caisse en contreplaqu\u00e9 d&#039;exportation standard<\/td>\n<\/tr>\n<tr>\n<td width=\"200\">Port d&#039;exp\u00e9dition<\/td>\n<td width=\"481\">Ningbo\/Shanghai, Chine<\/td>\n<\/tr>\n<tr>\n<td width=\"200\">Conditions d&#039;exp\u00e9dition<\/td>\n<td width=\"481\">Exw, FOB, CFR, CIF, etc.<\/td>\n<\/tr>\n<tr>\n<td width=\"200\">Modalit\u00e9s de paiement<\/td>\n<td width=\"481\">T\/T, Western Union, PayPal, etc.<\/td>\n<\/tr>\n<tr>\n<td width=\"200\"><\/td>\n<td width=\"481\">Pr\u00e9paiement 30%, solde 70% pay\u00e9 avant l&#039;exp\u00e9dition<\/td>\n<\/tr>\n<tr>\n<td width=\"200\">Pays d&#039;origine<\/td>\n<td width=\"481\">Ville de Wenzhou, Chine<\/td>\n<\/tr>\n<tr>\n<td width=\"200\">Capacit\u00e9 de production<\/td>\n<td width=\"481\">6000 tonnes\/an<\/td>\n<\/tr>\n<tr>\n<td width=\"200\">MOQ<\/td>\n<td width=\"481\">1 pi\u00e8ces\/taille<\/td>\n<\/tr>\n<\/tbody>\n<\/table>","protected":false},"excerpt":{"rendered":"<p>Mod\u00e8le : STV-Q11F-2000WOG-1\u2033<\/p>\n<p>Le robinet \u00e0 tournant sph\u00e9rique 2000WOG convient \u00e0 l&#039;eau douce, aux eaux us\u00e9es, \u00e0 l&#039;eau de mer, \u00e0 l&#039;air, \u00e0 la vapeur, aux aliments, aux m\u00e9dicaments, aux produits chimiques, \u00e0 diverses huiles, aux acides, aux alcalis et au sel. Avantages de la conception du robinet \u00e0 tournant sph\u00e9rique 2000WOG\u00a0: type de poign\u00e9e avec position limit\u00e9e, dispositif de verrouillage, \u00e9vite les erreurs de fonctionnement, plus s\u00fbr et fiable. Raccordement du robinet \u00e0 tournant sph\u00e9rique 2000WOG : filetage.<\/p>\n<p>STV Valve Technology Group Co., Ltd est un leader professionnel des robinets \u00e0 tournant sph\u00e9rique \u00e0 port complet en Chine 2000 WOG, des robinets \u00e0 tournant sph\u00e9rique 2000 WOG A216 WCB, des robinets \u00e0 tournant sph\u00e9rique en acier au carbone 2000 WOG, une fabrication de robinets \u00e0 tournant sph\u00e9rique en Chine 2000 WoG de haute qualit\u00e9 et \u00e0 des prix comp\u00e9titifs.<\/p>\n<p>Veuillez contacter notre sales@stvvalve.com pour d&#039;autres mat\u00e9riaux et d\u00e9tails.<\/p>\n<p>Feuille de dates\u00a0:<a href=\"https:\/\/www.stvvalves.com\/wp-content\/uploads\/2019\/03\/2-piece-2000-wog-carbon-steel-ball-valve-full-port-bspp-end-drawing.pdf\">Robinet \u00e0 bille en acier au carbone 2000 WOG, 2 pi\u00e8ces, port complet, extr\u00e9mit\u00e9 BSPP<\/a><\/p>","protected":false},"featured_media":4528,"template":"","meta":[],"product_brand":[],"product_cat":[43,79],"product_tag":[652,653,651,650],"class_list":{"0":"post-4524","1":"product","2":"type-product","3":"status-publish","4":"has-post-thumbnail","6":"product_cat-ball-valve","7":"product_cat-threaded-ball-valve","8":"product_tag-2000-wog-ball-valve-manufacture","9":"product_tag-2000-wog-carbon-steel-ball-valve","10":"product_tag-ball-valves-2000-wog-a216-wcb","11":"product_tag-full-port-2000-wog-ball-valve","13":"first","14":"instock","15":"shipping-taxable","16":"product-type-simple"},"_links":{"self":[{"href":"https:\/\/www.stvvalves.com\/fr\/wp-json\/wp\/v2\/product\/4524","targetHints":{"allow":["GET"]}}],"collection":[{"href":"https:\/\/www.stvvalves.com\/fr\/wp-json\/wp\/v2\/product"}],"about":[{"href":"https:\/\/www.stvvalves.com\/fr\/wp-json\/wp\/v2\/types\/product"}],"wp:featuredmedia":[{"embeddable":true,"href":"https:\/\/www.stvvalves.com\/fr\/wp-json\/wp\/v2\/media\/4528"}],"wp:attachment":[{"href":"https:\/\/www.stvvalves.com\/fr\/wp-json\/wp\/v2\/media?parent=4524"}],"wp:term":[{"taxonomy":"product_brand","embeddable":true,"href":"https:\/\/www.stvvalves.com\/fr\/wp-json\/wp\/v2\/product_brand?post=4524"},{"taxonomy":"product_cat","embeddable":true,"href":"https:\/\/www.stvvalves.com\/fr\/wp-json\/wp\/v2\/product_cat?post=4524"},{"taxonomy":"product_tag","embeddable":true,"href":"https:\/\/www.stvvalves.com\/fr\/wp-json\/wp\/v2\/product_tag?post=4524"}],"curies":[{"name":"wp","href":"https:\/\/api.w.org\/{rel}","templated":true}]}}