{"id":4534,"date":"2019-03-20T05:34:51","date_gmt":"2019-03-20T05:34:51","guid":{"rendered":"https:\/\/www.stvvalves.com\/?post_type=product&#038;p=4534"},"modified":"2025-02-17T18:21:37","modified_gmt":"2025-02-17T10:21:37","slug":"1500lb-seal-bonnet-gate-valve-api-602-a105n-body-dn50-sw-end","status":"publish","type":"product","link":"https:\/\/www.stvvalves.com\/fr\/products\/1500lb-seal-bonnet-gate-valve-api-602-a105n-body-dn50-sw-end\/","title":{"rendered":"Vanne \u00e0 guillotine \u00e0 joint 1500LB, corps API 602, A105N, DN50, extr\u00e9mit\u00e9 SW"},"content":{"rendered":"<p>Conception et fabrication conformes \u00e0 BS 5352, ANSI B16.34<\/p>\n<p>Les extr\u00e9mit\u00e9s de connexion sont conformes \u00e0\u00a0:<\/p>\n<p>1. Les extr\u00e9mit\u00e9s soud\u00e9es sont conformes \u00e0 la norme ANSI B16.11.<\/p>\n<p>2. Les extr\u00e9mit\u00e9s des vis sont conformes \u00e0 ANSI B1.20.1<\/p>\n<p>3..Les extr\u00e9mit\u00e9s soud\u00e9es bout \u00e0 bout sont conformes \u00e0 la norme ANSI B16.25<\/p>\n<p>Test et inspection conformes \u00e0 :API 598<\/p>\n<p>1) Informations sur le produit : les vannes fournies sont principalement utilis\u00e9es pour l&#039;eau, l&#039;air, le p\u00e9trole, le gaz.<br \/>\n2) Type de connexion\u00a0: type \u00e0 bride, type de soudage par douille, type de soudage bout \u00e0 bout, type \u00e0 vis<br \/>\n3) Mat\u00e9riel\u00a0:<br \/>\na) Carrosserie : A105, LF2, F11, F22, F304, F316, F304L, F316L<br \/>\nb) Disque : A105, LF2, F11, F22, F304, F316, F304L, F316L<br \/>\nc) Tige : F6a, F11, F22, F304, F316, F304L, F316L<br \/>\nd) Capot : A105, LF2, F11, F22, F304, F316, F304L, F316L<br \/>\n4) Taille : 15-50 mm\/1\/2\u2033 \u2013 2\u2033<br \/>\n5) Cat\u00e9gorie de pression : PN16~PN100, 150Lb~2500Lb<br \/>\n6) Rev\u00eatement\u00a0:\u00a0Rev\u00eatement selon l&#039;exigence des clients<br \/>\n7) Paquet : Caisses en bois<\/p>\n<table>\n<tbody>\n<tr>\n<td width=\"200\"><strong><b>Nom du produit<\/b><\/strong><\/td>\n<td width=\"481\">Vanne \u00e0 guillotine \u00e0 joint 1500LB, corps API 602, A105N, DN50, extr\u00e9mit\u00e9 SW<\/td>\n<\/tr>\n<tr>\n<td width=\"200\">1. Mat\u00e9riel<\/td>\n<td width=\"481\">A105N<\/td>\n<\/tr>\n<tr>\n<td width=\"200\">2. Taille<\/td>\n<td width=\"481\">2&quot;<\/td>\n<\/tr>\n<tr>\n<td width=\"200\">4. Port<\/td>\n<td width=\"481\">Port r\u00e9ducteur<\/td>\n<\/tr>\n<tr>\n<td width=\"200\">5. Pression de travail<\/td>\n<td width=\"481\">1500LB<\/td>\n<\/tr>\n<tr>\n<td width=\"200\">6. Fin de la connexion<\/td>\n<td width=\"481\">RF<\/td>\n<\/tr>\n<tr>\n<td width=\"200\">7. Temp\u00e9rature de travail.<\/td>\n<td width=\"481\">-29~425\u00baC,<\/td>\n<\/tr>\n<tr>\n<td width=\"200\">8. Support appropri\u00e9<\/td>\n<td width=\"481\">Eau, gaz naturel, p\u00e9trole et certains liquides corrosifs<\/td>\n<\/tr>\n<tr>\n<td width=\"200\">9. Exploit\u00e9<\/td>\n<td width=\"481\">Volant<\/td>\n<\/tr>\n<tr>\n<td width=\"200\">10. Inspection et tests<\/td>\n<td width=\"481\">SelonAPI 598<\/td>\n<\/tr>\n<tr>\n<td width=\"200\"><strong><b>Exp\u00e9dition<\/b><\/strong><\/td>\n<td width=\"481\">&nbsp;<\/td>\n<\/tr>\n<tr>\n<td width=\"200\">D\u00e9lai de livraison<\/td>\n<td width=\"481\">30 jours<\/td>\n<\/tr>\n<tr>\n<td width=\"200\">Emballer<\/td>\n<td width=\"481\">Caisse en contreplaqu\u00e9 d&#039;exportation standard<\/td>\n<\/tr>\n<tr>\n<td width=\"200\">Port d&#039;exp\u00e9dition<\/td>\n<td width=\"481\">Ningbo\/Shanghai, Chine<\/td>\n<\/tr>\n<tr>\n<td width=\"200\">Conditions d&#039;exp\u00e9dition<\/td>\n<td width=\"481\">Exw, FOB, CFR, CIF, etc.<\/td>\n<\/tr>\n<tr>\n<td width=\"200\">Modalit\u00e9s de paiement<\/td>\n<td width=\"481\">T\/T, Western Union, PayPal, etc.<\/td>\n<\/tr>\n<tr>\n<td width=\"200\">&nbsp;<\/td>\n<td width=\"481\">Pr\u00e9paiement 30%, solde 70% pay\u00e9 avant l&#039;exp\u00e9dition<\/td>\n<\/tr>\n<tr>\n<td width=\"200\">Pays d&#039;origine<\/td>\n<td width=\"481\">Ville de Wenzhou, Chine<\/td>\n<\/tr>\n<tr>\n<td width=\"200\">Capacit\u00e9 de production<\/td>\n<td width=\"481\">6000 tonnes\/an<\/td>\n<\/tr>\n<tr>\n<td width=\"200\">MOQ<\/td>\n<td width=\"481\">10 pi\u00e8ces\/taille<\/td>\n<\/tr>\n<\/tbody>\n<\/table>\n<p>&nbsp;<\/p>","protected":false},"excerpt":{"rendered":"<p>Mod\u00e8le\u00a0: STV-PZ61-1500LB-DN50-A105N<\/p>\n<p>Couvercle de soupape auto-serrant \u00e0 pression, vanne \u00e0 vanne en acier forg\u00e9, la vanne con\u00e7ue selon cette forme de connexion, le corps de vanne et le couvercle de vanne sont reli\u00e9s par un moustique \u00e0 vis et la pression interne est scell\u00e9e de la bague d&#039;\u00e9tanch\u00e9it\u00e9. L&#039;avantage est que plus la pression interne est \u00e9lev\u00e9e, meilleures sont les performances d&#039;\u00e9tanch\u00e9it\u00e9.<br \/>\n1. La vanne en acier forg\u00e9 adopte un joint auto-serrant \u00e0 pression et les deux extr\u00e9mit\u00e9s de la branche du corps de la vanne sont soud\u00e9es.<br \/>\n2. Le si\u00e8ge de soupape et la surface d&#039;\u00e9tanch\u00e9it\u00e9 du disque sont constitu\u00e9s d&#039;un soudage par pulv\u00e9risation plasma en alliage dur \u00e0 base de cobalt, qui pr\u00e9sente une bonne r\u00e9sistance \u00e0 l&#039;usure et aux rayures.<br \/>\n3. La tige de valve est trait\u00e9e par nitruration r\u00e9sistante \u00e0 la corrosion, qui pr\u00e9sente une bonne r\u00e9sistance \u00e0 la corrosion et aux rayures.<\/p>\n<p>STV Valve Technology Group Co., Ltd est un leader professionnel en Chine Vanne \u00e0 vanne de 1 500 lb, Vanne \u00e0 vanne \u00e0 chapeau \u00e0 joint de pression, Vanne \u00e0 vanne \u00e0 chapeau \u00e0 joint de pression DN50, Vanne \u00e0 vanne en acier forg\u00e9 selon API 602, Vanne \u00e0 vanne \u00e0 chapeau \u00e0 joint de pression en acier forg\u00e9, Pression API 602 de Chine Fabricant de vannes \u00e0 guillotine \u00e0 joint de haute qualit\u00e9 et \u00e0 prix comp\u00e9titif.<\/p>\n<p>Veuillez contacter notre sales@stvvalve.com pour d&#039;autres mat\u00e9riaux et d\u00e9tails.<\/p>\n<p>Feuille de dates\u00a0:<a href=\"https:\/\/www.stvvalves.com\/wp-content\/uploads\/2019\/03\/1500lb-seal-bonnet-gate-valve-api-602-a105n-body-dn50-sw-end-drawing.pdf\">Vanne \u00e0 guillotine \u00e0 joint 1500LB, corps API 602, A105N, DN50, extr\u00e9mit\u00e9 SW<\/a><\/p>","protected":false},"featured_media":4535,"template":"","meta":[],"product_brand":[],"product_cat":[59,44],"product_tag":[659,662,660,661,433],"class_list":{"0":"post-4534","1":"product","2":"type-product","3":"status-publish","4":"has-post-thumbnail","6":"product_cat-forged-steel-gate-valve","7":"product_cat-gate-valve","8":"product_tag-1500lb-gate-valve","9":"product_tag-api-602-pressure-seal-bonnet-gate-valve","10":"product_tag-dn50-pressure-seal-bonnet-gate-valve","11":"product_tag-forged-steel-pressure-seal-bonnet-gate-valve","12":"product_tag-pressure-seal-bonnet-gate-valve","14":"first","15":"instock","16":"shipping-taxable","17":"product-type-simple"},"_links":{"self":[{"href":"https:\/\/www.stvvalves.com\/fr\/wp-json\/wp\/v2\/product\/4534","targetHints":{"allow":["GET"]}}],"collection":[{"href":"https:\/\/www.stvvalves.com\/fr\/wp-json\/wp\/v2\/product"}],"about":[{"href":"https:\/\/www.stvvalves.com\/fr\/wp-json\/wp\/v2\/types\/product"}],"wp:featuredmedia":[{"embeddable":true,"href":"https:\/\/www.stvvalves.com\/fr\/wp-json\/wp\/v2\/media\/4535"}],"wp:attachment":[{"href":"https:\/\/www.stvvalves.com\/fr\/wp-json\/wp\/v2\/media?parent=4534"}],"wp:term":[{"taxonomy":"product_brand","embeddable":true,"href":"https:\/\/www.stvvalves.com\/fr\/wp-json\/wp\/v2\/product_brand?post=4534"},{"taxonomy":"product_cat","embeddable":true,"href":"https:\/\/www.stvvalves.com\/fr\/wp-json\/wp\/v2\/product_cat?post=4534"},{"taxonomy":"product_tag","embeddable":true,"href":"https:\/\/www.stvvalves.com\/fr\/wp-json\/wp\/v2\/product_tag?post=4534"}],"curies":[{"name":"wp","href":"https:\/\/api.w.org\/{rel}","templated":true}]}}