{"id":4538,"date":"2019-03-20T06:45:22","date_gmt":"2019-03-20T06:45:22","guid":{"rendered":"https:\/\/www.stvvalves.com\/?post_type=product&#038;p=4538"},"modified":"2025-02-17T18:21:36","modified_gmt":"2025-02-17T10:21:36","slug":"f304-integral-flange-forged-gate-valve-dn20-150lb-api-602","status":"publish","type":"product","link":"https:\/\/www.stvvalves.com\/fr\/products\/f304-integral-flange-forged-gate-valve-dn20-150lb-api-602\/","title":{"rendered":"Vanne \u00e0 vanne forg\u00e9e \u00e0 bride int\u00e9gr\u00e9e F304, DN20, 150LB, API 602"},"content":{"rendered":"<p>Caract\u00e9ristiques:<br \/>\nAcier forg\u00e9, vis et joug ext\u00e9rieurs, tige montante,<br \/>\nVolant non montant, banquette arri\u00e8re int\u00e9gr\u00e9e,<br \/>\nCale solide, anneaux de si\u00e8ge renouvelables, joint enroul\u00e9 en spirale,<br \/>\nAl\u00e9sage r\u00e9duit ou port complet,<br \/>\nDouille soud\u00e9e, filet\u00e9e, soud\u00e9e bout \u00e0 bout, extr\u00e9mit\u00e9 \u00e0 bride.<\/p>\n<p>Norme d&#039;application\u00a0:<br \/>\nAPI 602, ASME B16.34, BS 5352<br \/>\nTests selon API 598<br \/>\nMarquage selon MSS SP25<br \/>\nExtr\u00e9mit\u00e9s soud\u00e9es par douille selon ASME B16.11<br \/>\nExtr\u00e9mit\u00e9s viss\u00e9es selon ASME B1.20.1<br \/>\nExtr\u00e9mit\u00e9s soud\u00e9es bout \u00e0 bout selon ASME B16.25<br \/>\nExtr\u00e9mit\u00e9s \u00e0 bride selon ASME B16.5<br \/>\nDisponible en ANSI 150-2500LB, tailles : 1\/2\u2033 \u00e0 2\u2033.<br \/>\nMat\u00e9riaux : A105N, LF2, F304, F316, F11, F22, F5, F91, acier alli\u00e9, etc.<br \/>\nPlage de temp\u00e9rature : -29\u00b0C \u00e0 538\u00b0C.<\/p>\n<p>&nbsp;<\/p>\n<table>\n<tbody>\n<tr>\n<td width=\"200\"><strong><b>Nom du produit<\/b><\/strong><\/td>\n<td width=\"481\">Vanne \u00e0 vanne forg\u00e9e \u00e0 bride int\u00e9gr\u00e9e F304, DN20, 150LB, API 602<\/td>\n<\/tr>\n<tr>\n<td width=\"200\">1. Mat\u00e9riel<\/td>\n<td width=\"481\">F304<\/td>\n<\/tr>\n<tr>\n<td width=\"200\">2. Taille<\/td>\n<td width=\"481\">3\/4&quot;<\/td>\n<\/tr>\n<tr>\n<td width=\"200\">4. Port<\/td>\n<td width=\"481\">Port r\u00e9ducteur<\/td>\n<\/tr>\n<tr>\n<td width=\"200\">5. Pression de travail<\/td>\n<td width=\"481\">150LB<\/td>\n<\/tr>\n<tr>\n<td width=\"200\">6. Fin de la connexion<\/td>\n<td width=\"481\">RF<\/td>\n<\/tr>\n<tr>\n<td width=\"200\">7. Temp\u00e9rature de travail.<\/td>\n<td width=\"481\">-29~600\u00baC,<\/td>\n<\/tr>\n<tr>\n<td width=\"200\">8. Support appropri\u00e9<\/td>\n<td width=\"481\">Eau, gaz naturel, p\u00e9trole et certains liquides corrosifs<\/td>\n<\/tr>\n<tr>\n<td width=\"200\">9. Exploit\u00e9<\/td>\n<td width=\"481\">Volant<\/td>\n<\/tr>\n<tr>\n<td width=\"200\">10. Inspection et tests<\/td>\n<td width=\"481\">SelonAPI 598<\/td>\n<\/tr>\n<tr>\n<td width=\"200\"><strong><b>Exp\u00e9dition<\/b><\/strong><\/td>\n<td width=\"481\">&nbsp;<\/td>\n<\/tr>\n<tr>\n<td width=\"200\">D\u00e9lai de livraison<\/td>\n<td width=\"481\">30 jours<\/td>\n<\/tr>\n<tr>\n<td width=\"200\">Emballer<\/td>\n<td width=\"481\">Caisse en contreplaqu\u00e9 d&#039;exportation standard<\/td>\n<\/tr>\n<tr>\n<td width=\"200\">Port d&#039;exp\u00e9dition<\/td>\n<td width=\"481\">Ningbo\/Shanghai, Chine<\/td>\n<\/tr>\n<tr>\n<td width=\"200\">Conditions d&#039;exp\u00e9dition<\/td>\n<td width=\"481\">Exw, FOB, CFR, CIF, etc.<\/td>\n<\/tr>\n<tr>\n<td width=\"200\">Modalit\u00e9s de paiement<\/td>\n<td width=\"481\">T\/T, Western Union, PayPal, etc.<\/td>\n<\/tr>\n<tr>\n<td width=\"200\">&nbsp;<\/td>\n<td width=\"481\">Pr\u00e9paiement 30%, solde 70% pay\u00e9 avant l&#039;exp\u00e9dition<\/td>\n<\/tr>\n<tr>\n<td width=\"200\">Pays d&#039;origine<\/td>\n<td width=\"481\">Ville de Wenzhou, Chine<\/td>\n<\/tr>\n<tr>\n<td width=\"200\">Capacit\u00e9 de production<\/td>\n<td width=\"481\">6000 tonnes\/an<\/td>\n<\/tr>\n<tr>\n<td width=\"200\">MOQ<\/td>\n<td width=\"481\">10 pi\u00e8ces\/taille<\/td>\n<\/tr>\n<\/tbody>\n<\/table>","protected":false},"excerpt":{"rendered":"<p>Mod\u00e8le\u00a0: STV-Z41H-150LB-F304-DN20<\/p>\n<p>Vanne \u00e0 vanne forg\u00e9e \u00e0 bride int\u00e9grale F304, principalement adapt\u00e9e aux canalisations de divers syst\u00e8mes de centrales thermiques, coupant ou connectant le milieu du pipeline. Milieu Applicable: milieu non corrosif tel que l&#039;eau et la vapeur. Compar\u00e9e \u00e0 d&#039;autres produits de vanne, la vanne en acier forg\u00e9 \u00e0 bride int\u00e9gr\u00e9e se caract\u00e9rise par une temp\u00e9rature et une pression \u00e9lev\u00e9es et une conception auto-obturante unique. Plus la pression est \u00e9lev\u00e9e, plus l\u2019\u00e9tanch\u00e9it\u00e9 est fiable. En raison de leurs caract\u00e9ristiques techniques particuli\u00e8res et de leurs conditions de travail, les produits pr\u00e9sentent \u00e9galement des caract\u00e9ristiques qui ne peuvent pas \u00eatre remplac\u00e9es par d&#039;autres produits.<\/p>\n<p>STV Valve Technology Group Co., Ltd est un leader professionnel en Chine Vanne \u00e0 vanne \u00e0 bride forg\u00e9e int\u00e9grale, Petite vanne \u00e0 vanne forg\u00e9e \u00e0 bride int\u00e9gr\u00e9e, Vanne \u00e0 vanne \u00e0 bride int\u00e9grale, Vanne \u00e0 vanne \u00e0 bride int\u00e9grale en acier forg\u00e9, Fabricant de vanne \u00e0 vanne de 150 lb en Chine de haute qualit\u00e9 et \u00e0 prix comp\u00e9titif. .<\/p>\n<p>Veuillez contacter notre sales@stvvalve.com pour d&#039;autres mat\u00e9riaux et d\u00e9tails.<\/p>\n<p>Feuille de dates\u00a0:<a href=\"https:\/\/www.stvvalves.com\/wp-content\/uploads\/2019\/03\/f304-integral-flange-forged-gate-valve-dn20-150lb-api-602-DRAWING.pdf\">Vanne \u00e0 vanne forg\u00e9e \u00e0 bride int\u00e9gr\u00e9e F304, DN20, 150LB, API 602<\/a><\/p>","protected":false},"featured_media":4539,"template":"","meta":[],"product_brand":[],"product_cat":[59,44],"product_tag":[663,664,665,667,666],"class_list":{"0":"post-4538","1":"product","2":"type-product","3":"status-publish","4":"has-post-thumbnail","6":"product_cat-forged-steel-gate-valve","7":"product_cat-gate-valve","8":"product_tag-150lb-gate-valve","9":"product_tag-forged-steel-integral-flanged-end-gate-valves","10":"product_tag-integral-flanged-gate-valve","11":"product_tag-integral-forged-flange-gate-valve","12":"product_tag-small-forged-gate-valve-integral-flanged","14":"first","15":"instock","16":"shipping-taxable","17":"product-type-simple"},"_links":{"self":[{"href":"https:\/\/www.stvvalves.com\/fr\/wp-json\/wp\/v2\/product\/4538","targetHints":{"allow":["GET"]}}],"collection":[{"href":"https:\/\/www.stvvalves.com\/fr\/wp-json\/wp\/v2\/product"}],"about":[{"href":"https:\/\/www.stvvalves.com\/fr\/wp-json\/wp\/v2\/types\/product"}],"wp:featuredmedia":[{"embeddable":true,"href":"https:\/\/www.stvvalves.com\/fr\/wp-json\/wp\/v2\/media\/4539"}],"wp:attachment":[{"href":"https:\/\/www.stvvalves.com\/fr\/wp-json\/wp\/v2\/media?parent=4538"}],"wp:term":[{"taxonomy":"product_brand","embeddable":true,"href":"https:\/\/www.stvvalves.com\/fr\/wp-json\/wp\/v2\/product_brand?post=4538"},{"taxonomy":"product_cat","embeddable":true,"href":"https:\/\/www.stvvalves.com\/fr\/wp-json\/wp\/v2\/product_cat?post=4538"},{"taxonomy":"product_tag","embeddable":true,"href":"https:\/\/www.stvvalves.com\/fr\/wp-json\/wp\/v2\/product_tag?post=4538"}],"curies":[{"name":"wp","href":"https:\/\/api.w.org\/{rel}","templated":true}]}}