{"id":4563,"date":"2019-03-24T13:23:33","date_gmt":"2019-03-24T13:23:33","guid":{"rendered":"https:\/\/www.stvvalves.com\/?post_type=product&#038;p=4563"},"modified":"2025-02-17T18:21:35","modified_gmt":"2025-02-17T10:21:35","slug":"2500lb-weld-bonnet-globe-valve-f3161-inch-api-602-bw-end","status":"publish","type":"product","link":"https:\/\/www.stvvalves.com\/fr\/products\/2500lb-weld-bonnet-globe-valve-f3161-inch-api-602-bw-end\/","title":{"rendered":"Vanne \u00e0 soupape \u00e0 chapeau \u00e0 souder 2500LB, F316,1 pouce, API602, extr\u00e9mit\u00e9 BW"},"content":{"rendered":"<p>Caract\u00e9ristiques de conception<br \/>\nFull port or reduced port design<br \/>\nGeneral or needle disc<br \/>\nBolted bonnet, welded bonnet, or pressure sealed bonnet<br \/>\nFlanged, butt-welded, socket- welded, or threaded ends<br \/>\nOptional Y structure<\/p>\n<p>Body Materials: A105,LF2,F9,F11,F22,F304,F304L,F316,F316L,F321,F51, Alloy Steel,etc.<br \/>\nTrim: Per API 602<br \/>\nFonctionnement\u00a0: Volant<\/p>\n<p>Norme applicable<br \/>\nDesign Standard: API 602, ASME B16.34, BS 5352, DIN3352<br \/>\nFace to Face: ASME B16.10, EN 558, DIN3202<br \/>\nEnd Flange: ASME B16.5, DIN2533<br \/>\nExtr\u00e9mit\u00e9s \u00e0 souder bout \u00e0 bout\u00a0: ASME B16.25, DIN3239<br \/>\nSocket Welded Ends: ASME B16.11<br \/>\nThreaded Ends: ASME B1.20.1<br \/>\nInspection and Test: API 598, DIN 3202<\/p>\n<p>Gamme de produits<br \/>\nSize: 1\/2&#8243; ~ 2&#8243; (DN15 ~ DN50)<br \/>\nRating: ANSI 150lb ~ 2500lb (PN 1.0 ~ PN 320)<\/p>\n<p><img loading=\"lazy\" decoding=\"async\" class=\"alignleft size-full wp-image-4564\" src=\"https:\/\/www.stvvalves.com\/wp-content\/uploads\/2019\/03\/2500lb-weld-bonnet-globe-valve-f3161-inch-api-602-bw-end-drawing.jpg\" alt=\"\" width=\"2338\" height=\"1653\" srcset=\"https:\/\/www.stvvalves.com\/wp-content\/uploads\/2019\/03\/2500lb-weld-bonnet-globe-valve-f3161-inch-api-602-bw-end-drawing.jpg 2338w, https:\/\/www.stvvalves.com\/wp-content\/uploads\/2019\/03\/2500lb-weld-bonnet-globe-valve-f3161-inch-api-602-bw-end-drawing-600x424.jpg 600w, https:\/\/www.stvvalves.com\/wp-content\/uploads\/2019\/03\/2500lb-weld-bonnet-globe-valve-f3161-inch-api-602-bw-end-drawing-300x212.jpg 300w, https:\/\/www.stvvalves.com\/wp-content\/uploads\/2019\/03\/2500lb-weld-bonnet-globe-valve-f3161-inch-api-602-bw-end-drawing-768x543.jpg 768w, https:\/\/www.stvvalves.com\/wp-content\/uploads\/2019\/03\/2500lb-weld-bonnet-globe-valve-f3161-inch-api-602-bw-end-drawing-1030x728.jpg 1030w, https:\/\/www.stvvalves.com\/wp-content\/uploads\/2019\/03\/2500lb-weld-bonnet-globe-valve-f3161-inch-api-602-bw-end-drawing-1500x1061.jpg 1500w, https:\/\/www.stvvalves.com\/wp-content\/uploads\/2019\/03\/2500lb-weld-bonnet-globe-valve-f3161-inch-api-602-bw-end-drawing-260x185.jpg 260w, https:\/\/www.stvvalves.com\/wp-content\/uploads\/2019\/03\/2500lb-weld-bonnet-globe-valve-f3161-inch-api-602-bw-end-drawing-705x498.jpg 705w\" sizes=\"auto, (max-width: 2338px) 100vw, 2338px\" \/><\/p>","protected":false},"excerpt":{"rendered":"<p>Model:STV-J61Y-2500LB-F316-1&#8243;<\/p>\n<p>2500LB Weld Bonnet Globe Valve is\u00a0mainly used on the pipelines of various systems of thermal power stations, cutting or connecting the pipeline media. Applicable medium: non-corrosive medium such as water and steam. Compared with other valve products, forged steel valves are characterized by high temperature and high pressure, unique self-sealing design, the higher the pressure, the more reliable the seal. Due to the special technical characteristics and working conditions, the products also form features that cannot be replaced by other products.<\/p>\n<p>STV Valve Technology Group Co., Ltd is a professional leader China Weld Bonnet Globe Valve ,Forged Carbon Steel Globe Valve,API 602 Globe Valve, API 602 2500LB Globe Valve ,F316 GLOBE VALVE, 1 Inch Weld Bonnet Globe Valve manufacturer with high quality and competitive price.<\/p>\n<p>Veuillez contacter notre sales@stvvalve.com pour d&#039;autres mat\u00e9riaux et d\u00e9tails.<\/p>\n<p>Feuille de dates\u00a0:<a href=\"https:\/\/www.stvvalves.com\/wp-content\/uploads\/2019\/03\/2500lb-weld-bonnet-globe-valve-f3161-inch-api-602-bw-end-drawing.pdf\">Vanne \u00e0 soupape \u00e0 chapeau \u00e0 souder 2500LB, F316,1 pouce, API602, extr\u00e9mit\u00e9 BW<\/a><\/p>","protected":false},"featured_media":4565,"template":"","meta":[],"product_brand":[],"product_cat":[64,45],"product_tag":[682,210,680,681,585],"class_list":{"0":"post-4563","1":"product","2":"type-product","3":"status-publish","4":"has-post-thumbnail","6":"product_cat-foreged-steel-globe-valve","7":"product_cat-globe-valve","8":"product_tag-1-inch-weld-bonnet-globe-valve","9":"product_tag-2500lb-globe-valve","10":"product_tag-butt-weld-end-globe-valves","11":"product_tag-f316-globe-valve","12":"product_tag-welded-bonnet-globe-valve","14":"first","15":"instock","16":"shipping-taxable","17":"product-type-simple"},"_links":{"self":[{"href":"https:\/\/www.stvvalves.com\/fr\/wp-json\/wp\/v2\/product\/4563","targetHints":{"allow":["GET"]}}],"collection":[{"href":"https:\/\/www.stvvalves.com\/fr\/wp-json\/wp\/v2\/product"}],"about":[{"href":"https:\/\/www.stvvalves.com\/fr\/wp-json\/wp\/v2\/types\/product"}],"wp:featuredmedia":[{"embeddable":true,"href":"https:\/\/www.stvvalves.com\/fr\/wp-json\/wp\/v2\/media\/4565"}],"wp:attachment":[{"href":"https:\/\/www.stvvalves.com\/fr\/wp-json\/wp\/v2\/media?parent=4563"}],"wp:term":[{"taxonomy":"product_brand","embeddable":true,"href":"https:\/\/www.stvvalves.com\/fr\/wp-json\/wp\/v2\/product_brand?post=4563"},{"taxonomy":"product_cat","embeddable":true,"href":"https:\/\/www.stvvalves.com\/fr\/wp-json\/wp\/v2\/product_cat?post=4563"},{"taxonomy":"product_tag","embeddable":true,"href":"https:\/\/www.stvvalves.com\/fr\/wp-json\/wp\/v2\/product_tag?post=4563"}],"curies":[{"name":"wp","href":"https:\/\/api.w.org\/{rel}","templated":true}]}}