{"id":4567,"date":"2019-03-24T14:15:25","date_gmt":"2019-03-24T14:15:25","guid":{"rendered":"https:\/\/www.stvvalves.com\/?post_type=product&#038;p=4567"},"modified":"2025-02-17T18:21:34","modified_gmt":"2025-02-17T10:21:34","slug":"2pc-ball-valve-flanged-end-with-direct-mounting-pad-150lb-304","status":"publish","type":"product","link":"https:\/\/www.stvvalves.com\/fr\/products\/2pc-ball-valve-flanged-end-with-direct-mounting-pad-150lb-304\/","title":{"rendered":"Extr\u00e9mit\u00e9 \u00e0 bride de robinet \u00e0 tournant sph\u00e9rique 2PC avec coussinet de montage direct, 150LB, 304"},"content":{"rendered":"<p>Principales caract\u00e9ristiques<\/p>\n<p>Extr\u00e9mit\u00e9 \u00e0 bride de robinet \u00e0 tournant sph\u00e9rique 2PC avec coussinet de montage direct, 150LB, 304<br \/>\nSupport de montage direct ISO<br \/>\nPassage complet<br \/>\nPression nominale\u00a0: ANSI CL150 \/ EN1092-1 PN10~40 \/JIS 10K<br \/>\nTaille\u00a0:\u00a0DN15 ~ DN200<br \/>\nTige anti-\u00e9ruption en acier inoxydable<br \/>\nSi\u00e8ge : RTFE<br \/>\nBalle\u00a0:\u00a0boule solide CF8M<br \/>\nL&#039;\u00e9paisseur de la paroi est conforme \u00e0 la norme ASME B16.34<br \/>\nConception d&#039;\u00e9tanch\u00e9it\u00e9 de troisi\u00e8me tige \u00e0 double joint torique<br \/>\nTige anti-\u00e9clatement<br \/>\nPr\u00e9charger 2 laveuses Belleville pour ajuster automatiquement la garniture<br \/>\nDispositifs antistatiques pour boule, tige et corps<br \/>\nConception et construction coupe-feu<br \/>\nMat\u00e9riaux\u00a0: WCB, CF8, CF3, CF8M, CF3M, etc. (Un mat\u00e9riel sp\u00e9cial est disponible selon les besoins.)<br \/>\nTemp\u00e9rature de fonctionnement\u00a0:-20\u00b0C~180\u00b0C<\/p>\n<p>NORMES:<br \/>\n1. Conception et fabrication : API6D<br \/>\n2. Inspection et test\u00a0: API 598, API 6D<br \/>\n3. Dimension de la bride d&#039;extr\u00e9mit\u00e9\u00a0: ASME B16.5<br \/>\n4. Dimension des extr\u00e9mit\u00e9s BW\u00a0: ASME B16.25<br \/>\n5. Face \u00e0 face ou bout \u00e0 bout\u00a0: ASME B16.10<br \/>\n6. Indice de pression-temp\u00e9rature\u00a0: ASME B16.34<\/p>\n<table>\n<tbody>\n<tr>\n<td width=\"200\"><strong>Nom du produit<\/strong><\/td>\n<td width=\"481\">Extr\u00e9mit\u00e9 \u00e0 bride de robinet \u00e0 tournant sph\u00e9rique 2PC avec coussinet de montage direct, 150LB, 304<\/td>\n<\/tr>\n<tr>\n<td width=\"200\">1. Mat\u00e9riel<\/td>\n<td width=\"481\">304<\/td>\n<\/tr>\n<tr>\n<td width=\"200\">2. Taille<\/td>\n<td width=\"481\">2&quot;<\/td>\n<\/tr>\n<tr>\n<td width=\"200\">4. Port<\/td>\n<td width=\"481\">Port complet<\/td>\n<\/tr>\n<tr>\n<td width=\"200\">5. Pression de travail<\/td>\n<td width=\"481\">150 livres<\/td>\n<\/tr>\n<tr>\n<td width=\"200\">6. Fin de la connexion<\/td>\n<td width=\"481\">RF<\/td>\n<\/tr>\n<tr>\n<td width=\"200\">7. Temp\u00e9rature de travail.<\/td>\n<td width=\"481\">-29~180\u00baC,<\/td>\n<\/tr>\n<tr>\n<td width=\"200\">8. Support appropri\u00e9<\/td>\n<td width=\"481\">Eau, gaz naturel, p\u00e9trole et certains liquides corrosifs<\/td>\n<\/tr>\n<tr>\n<td width=\"200\">9. Exploit\u00e9<\/td>\n<td width=\"481\">Volant<\/td>\n<\/tr>\n<tr>\n<td width=\"200\">10. Inspection et tests<\/td>\n<td width=\"481\">Selon API598<\/td>\n<\/tr>\n<tr>\n<td width=\"200\"><strong>Exp\u00e9dition<\/strong><\/td>\n<td width=\"481\"><\/td>\n<\/tr>\n<tr>\n<td width=\"200\">D\u00e9lai de livraison<\/td>\n<td width=\"481\">30 jours<\/td>\n<\/tr>\n<tr>\n<td width=\"200\">Emballer<\/td>\n<td width=\"481\">Caisse en contreplaqu\u00e9 d&#039;exportation standard<\/td>\n<\/tr>\n<tr>\n<td width=\"200\">Port d&#039;exp\u00e9dition<\/td>\n<td width=\"481\">Ningbo\/Shanghai, Chine<\/td>\n<\/tr>\n<tr>\n<td width=\"200\">Conditions d&#039;exp\u00e9dition<\/td>\n<td width=\"481\">Exw, FOB, CFR, CIF, etc.<\/td>\n<\/tr>\n<tr>\n<td width=\"200\">Modalit\u00e9s de paiement<\/td>\n<td width=\"481\">T\/T, Western Union, PayPal, etc.<\/td>\n<\/tr>\n<tr>\n<td width=\"200\"><\/td>\n<td width=\"481\">Pr\u00e9paiement 30%, solde 70% pay\u00e9 avant l&#039;exp\u00e9dition<\/td>\n<\/tr>\n<tr>\n<td width=\"200\">Pays d&#039;origine<\/td>\n<td width=\"481\">Ville de Wenzhou, Chine<\/td>\n<\/tr>\n<tr>\n<td width=\"200\">Capacit\u00e9 de production<\/td>\n<td width=\"481\">6000 tonnes\/an<\/td>\n<\/tr>\n<tr>\n<td width=\"200\">MOQ<\/td>\n<td width=\"481\">1 pi\u00e8ces\/taille<\/td>\n<\/tr>\n<\/tbody>\n<\/table>","protected":false},"excerpt":{"rendered":"<p>Mod\u00e8le : STV-Q41F-150LB-304-2\u2033<\/p>\n<p>L&#039;extr\u00e9mit\u00e9 \u00e0 bride du robinet \u00e0 bille 2 pi\u00e8ces avec support de montage direct est largement utilis\u00e9e dans\u00a0: produits chimiques, p\u00e9trochimiques, p\u00e9trole, papier, mines, \u00e9nergie \u00e9lectrique, gaz de p\u00e9trole liqu\u00e9fi\u00e9, aliments, produits pharmaceutiques, approvisionnement en eau et drainage, \u00e9quipements municipaux, m\u00e9caniques, industrie \u00e9lectronique, construction urbaine. et d&#039;autres domaines. Il est dot\u00e9 d&#039;un corps en acier inoxydable \u00e0 passage int\u00e9gral, d&#039;un si\u00e8ge en PTFE renforc\u00e9, d&#039;un joint en graphite et d&#039;un dessus de montage ISO pour l&#039;actionnement. B\u00e9n\u00e9ficiant d&#039;un corps divis\u00e9, d&#039;une conception en deux pi\u00e8ces, certifi\u00e9 Fire Safe selon API607 4e \u00e9dition avec une tige \u00e0 ressort antistatique -to-ball&#039; et &#039;stem-to-body&#039; mont\u00e9s en standard.<\/p>\n<p>STV Valve Technology Group Co., Ltd est un leader professionnel en Chine Robinet \u00e0 tournant sph\u00e9rique \u00e0 bride 2 PC, robinet \u00e0 tournant sph\u00e9rique en acier inoxydable, robinet \u00e0 tournant sph\u00e9rique flottant \u00e0 bride en 2 pi\u00e8ces, coussinet de montage direct du robinet \u00e0 tournant sph\u00e9rique, robinet \u00e0 tournant sph\u00e9rique \u00e0 bride \u00e0 montage direct, robinet \u00e0 tournant sph\u00e9rique \u00e0 bride, coussinet de montage direct Fabrication de robinets \u00e0 tournant sph\u00e9rique de haute qualit\u00e9 et \u00e0 prix comp\u00e9titif.<\/p>\n<p>Veuillez contacter notre sales@stvvalve.com pour d&#039;autres mat\u00e9riaux et d\u00e9tails.<\/p>\n<p>Feuille de dates\u00a0:<a href=\"https:\/\/www.stvvalves.com\/wp-content\/uploads\/2019\/03\/2pc-ball-valve-flanged-end-with-direct-mounting-pad-150lb-304-drawing.pdf\">Extr\u00e9mit\u00e9 \u00e0 bride de robinet \u00e0 tournant sph\u00e9rique 2PC avec coussinet de montage direct, 150LB, 304<\/a><\/p>","protected":false},"featured_media":4569,"template":"","meta":[],"product_brand":[],"product_cat":[43,53],"product_tag":[685,687,424,684,683,177,686],"class_list":{"0":"post-4567","1":"product","2":"type-product","3":"status-publish","4":"has-post-thumbnail","6":"product_cat-ball-valve","7":"product_cat-stainless-steel-ball-valve","8":"product_tag-2-piece-flanged-floating-ball-valve","9":"product_tag-2pc-flanged-ball-valve","10":"product_tag-ball-valve-direct-mounting-pad","11":"product_tag-direct-mounting-flanged-end-ball-valves","12":"product_tag-direct-mounting-pad-ball-valve","13":"product_tag-flanged-ball-valve","14":"product_tag-stainless-steel-ball-valve","16":"first","17":"instock","18":"shipping-taxable","19":"product-type-simple"},"_links":{"self":[{"href":"https:\/\/www.stvvalves.com\/fr\/wp-json\/wp\/v2\/product\/4567","targetHints":{"allow":["GET"]}}],"collection":[{"href":"https:\/\/www.stvvalves.com\/fr\/wp-json\/wp\/v2\/product"}],"about":[{"href":"https:\/\/www.stvvalves.com\/fr\/wp-json\/wp\/v2\/types\/product"}],"wp:featuredmedia":[{"embeddable":true,"href":"https:\/\/www.stvvalves.com\/fr\/wp-json\/wp\/v2\/media\/4569"}],"wp:attachment":[{"href":"https:\/\/www.stvvalves.com\/fr\/wp-json\/wp\/v2\/media?parent=4567"}],"wp:term":[{"taxonomy":"product_brand","embeddable":true,"href":"https:\/\/www.stvvalves.com\/fr\/wp-json\/wp\/v2\/product_brand?post=4567"},{"taxonomy":"product_cat","embeddable":true,"href":"https:\/\/www.stvvalves.com\/fr\/wp-json\/wp\/v2\/product_cat?post=4567"},{"taxonomy":"product_tag","embeddable":true,"href":"https:\/\/www.stvvalves.com\/fr\/wp-json\/wp\/v2\/product_tag?post=4567"}],"curies":[{"name":"wp","href":"https:\/\/api.w.org\/{rel}","templated":true}]}}