{"id":4583,"date":"2019-03-30T14:42:57","date_gmt":"2019-03-30T14:42:57","guid":{"rendered":"https:\/\/www.stvvalves.com\/?post_type=product&#038;p=4583"},"modified":"2025-02-17T18:21:33","modified_gmt":"2025-02-17T10:21:33","slug":"epdm-seat-butterfly-valve-di-body-cf8m-disc-wafer-type","status":"publish","type":"product","link":"https:\/\/www.stvvalves.com\/fr\/products\/epdm-seat-butterfly-valve-di-body-cf8m-disc-wafer-type\/","title":{"rendered":"Vanne papillon \u00e0 si\u00e8ge EPDM, corps DI, disque CF8M, type plaquette"},"content":{"rendered":"<p>Caract\u00e9ristiques:<\/p>\n<p>Taille DN50-DN300<br \/>\nPression nominale PN10\/16, 150-300LB<br \/>\nTemp\u00e9rature de fonctionnement -30\u3002c \u2013 135\u3002C<br \/>\nM\u00e9dias appropri\u00e9s Produits chimiques, air, eau, vapeur, huile, acides, sels, etc.<br \/>\nNormes:<\/p>\n<p>Norme de conception API609, ANSI16.34, JISB2064, GB T12238<br \/>\nFace \u00e0 face API609, DIN3202, ISO5752, BS5155<br \/>\nPer\u00e7age de bride DIN2501 PN10\/16, ANSI 125\/150\/300, BS4504, JIS10K<br \/>\nBride sup\u00e9rieure ISO5211<br \/>\nInspection des tests API598<\/p>\n<p>Mat\u00e9riel:<br \/>\nCorps Fonte, fonte ductile, acier au carbone, acier inoxydable<br \/>\nDisque en fonte ductile, en acier au carbone, en acier inoxydable<br \/>\nTige en acier inoxydable<br \/>\nSi\u00e8ge EPDM, NBR, PTFE, VITON, HYPALON<br \/>\nJoint torique EPDM, NBR<\/p>\n<table>\n<tbody>\n<tr>\n<td width=\"200\"><strong><b>Nom du produit<\/b><\/strong><\/td>\n<td width=\"481\">Vanne papillon \u00e0 si\u00e8ge EPDM, corps DI, disque CF8M, type plaquette<\/td>\n<\/tr>\n<tr>\n<td width=\"200\">1. Mat\u00e9riel<\/td>\n<td width=\"481\">Fonte Ductile<\/td>\n<\/tr>\n<tr>\n<td width=\"200\">2. Taille<\/td>\n<td width=\"481\">3&quot;<\/td>\n<\/tr>\n<tr>\n<td width=\"200\">4. Port<\/td>\n<td width=\"481\">Port complet<\/td>\n<\/tr>\n<tr>\n<td width=\"200\">5. Pression de travail<\/td>\n<td width=\"481\">PN16<\/td>\n<\/tr>\n<tr>\n<td width=\"200\">6. Fin de la connexion<\/td>\n<td width=\"481\">Extr\u00e9mit\u00e9 \u00e0 souder<\/td>\n<\/tr>\n<tr>\n<td width=\"200\">7. Temp\u00e9rature de travail.<\/td>\n<td width=\"481\">-29~120\u00baC,<\/td>\n<\/tr>\n<tr>\n<td width=\"200\">8. Support appropri\u00e9<\/td>\n<td width=\"481\">Eau, gaz naturel, p\u00e9trole et certains liquides corrosifs<\/td>\n<\/tr>\n<tr>\n<td width=\"200\">9. Exploit\u00e9<\/td>\n<td width=\"481\">Volant<\/td>\n<\/tr>\n<tr>\n<td width=\"200\">10. Inspection et tests<\/td>\n<td width=\"481\">SelonAPI 598<\/td>\n<\/tr>\n<tr>\n<td width=\"200\"><strong><b>Exp\u00e9dition<\/b><\/strong><\/td>\n<td width=\"481\">&nbsp;<\/td>\n<\/tr>\n<tr>\n<td width=\"200\">D\u00e9lai de livraison<\/td>\n<td width=\"481\">30 jours<\/td>\n<\/tr>\n<tr>\n<td width=\"200\">Emballer<\/td>\n<td width=\"481\">Caisse en contreplaqu\u00e9 d&#039;exportation standard<\/td>\n<\/tr>\n<tr>\n<td width=\"200\">Port d&#039;exp\u00e9dition<\/td>\n<td width=\"481\">Ningbo\/Shanghai, Chine<\/td>\n<\/tr>\n<tr>\n<td width=\"200\">Conditions d&#039;exp\u00e9dition<\/td>\n<td width=\"481\">Exw, FOB, CFR, CIF, etc.<\/td>\n<\/tr>\n<tr>\n<td width=\"200\">Modalit\u00e9s de paiement<\/td>\n<td width=\"481\">T\/T, Western Union, PayPal, etc.<\/td>\n<\/tr>\n<tr>\n<td width=\"200\">&nbsp;<\/td>\n<td width=\"481\">Pr\u00e9paiement 30%, solde 70% pay\u00e9 avant l&#039;exp\u00e9dition<\/td>\n<\/tr>\n<tr>\n<td width=\"200\">Pays d&#039;origine<\/td>\n<td width=\"481\">Ville de Wenzhou, Chine<\/td>\n<\/tr>\n<tr>\n<td width=\"200\">Capacit\u00e9 de production<\/td>\n<td width=\"481\">6000 tonnes\/an<\/td>\n<\/tr>\n<tr>\n<td width=\"200\">MOQ<\/td>\n<td width=\"481\">10 pi\u00e8ces\/taille<\/td>\n<\/tr>\n<\/tbody>\n<\/table>\n<p>&nbsp;<\/p>","protected":false},"excerpt":{"rendered":"<p>Mod\u00e8le\u00a0; STV-D71X-PN16-DI-316-100<\/p>\n<p>Notre vanne papillon \u00e0 si\u00e8ge EPDM utilise la flexibilit\u00e9 du si\u00e8ge en caoutchouc, pourrait facilement atteindre z\u00e9ro fuite, c&#039;est donc une vanne largement utilis\u00e9e dans les industries des champs p\u00e9trolif\u00e8res, de l&#039;agriculture, de l&#039;eau et des eaux us\u00e9es et des mines. En raison de ses mat\u00e9riaux de corps doubl\u00e9s de caoutchouc, la vanne papillon rev\u00eatue d&#039;EPDM est g\u00e9n\u00e9ralement utilis\u00e9e dans les conduites basse pression.<\/p>\n<p>Le type \u00e0 plaquette est le style courant de vanne papillon \u00e0 si\u00e8ge EPDM et est moins cher que le type \u00e0 cosse. La vanne papillon \u00e0 si\u00e8ge EPDM est install\u00e9e entre deux brides. La vanne papillon est maintenue en place \u00e0 l&#039;aide de boulons ou de goujons et d&#039;\u00e9crous de bride \u00e0 bride. Bien entendu, ce type d\u2019installation rend impossible la d\u00e9connexion d\u2019un seul c\u00f4t\u00e9 du syst\u00e8me de tuyauterie de la vanne.<\/p>\n<p>STV Valve Technology Group Co., Ltd est un leader professionnel des vannes papillon \u00e0 si\u00e8ge r\u00e9silient EPDM en Chine, des vannes papillon en fonte, des vannes papillon \u00e0 plaquettes, des vannes papillon \u00e0 si\u00e8ge souple, des vannes papillon \u00e0 cosse, des vannes papillon en Chine Fabrication de haute qualit\u00e9 et \u00e0 prix comp\u00e9titif.<\/p>\n<p>Veuillez contacter notre sales@stvvalve.com pour d&#039;autres mat\u00e9riaux et d\u00e9tails.<\/p>\n<p>Feuille de dates\u00a0:<a href=\"https:\/\/www.stvvalves.com\/wp-content\/uploads\/2019\/03\/epdm-seat-butterfly-valve-di-body-cf8m-disc-wafer-type-drawing.pdf\">Vanne papillon \u00e0 si\u00e8ge EPDM, corps DI, disque CF8M, type plaquette<\/a><\/p>","protected":false},"featured_media":4585,"template":"","meta":[],"product_brand":[],"product_cat":[965,971],"product_tag":[698,702,699,701,700],"class_list":{"0":"post-4583","1":"product","2":"type-product","3":"status-publish","4":"has-post-thumbnail","6":"product_cat-butterfly-valve","7":"product_cat-wafer-butterfly-valve","8":"product_tag-butterfly-valves-soft-seat","9":"product_tag-cast-iron-butterfly-valve","10":"product_tag-china-butterfly-valve","11":"product_tag-epdm-resilient-seat-butterfly-valves","12":"product_tag-wafer-butterfly-valves","14":"first","15":"instock","16":"downloadable","17":"shipping-taxable","18":"product-type-simple"},"_links":{"self":[{"href":"https:\/\/www.stvvalves.com\/fr\/wp-json\/wp\/v2\/product\/4583","targetHints":{"allow":["GET"]}}],"collection":[{"href":"https:\/\/www.stvvalves.com\/fr\/wp-json\/wp\/v2\/product"}],"about":[{"href":"https:\/\/www.stvvalves.com\/fr\/wp-json\/wp\/v2\/types\/product"}],"wp:featuredmedia":[{"embeddable":true,"href":"https:\/\/www.stvvalves.com\/fr\/wp-json\/wp\/v2\/media\/4585"}],"wp:attachment":[{"href":"https:\/\/www.stvvalves.com\/fr\/wp-json\/wp\/v2\/media?parent=4583"}],"wp:term":[{"taxonomy":"product_brand","embeddable":true,"href":"https:\/\/www.stvvalves.com\/fr\/wp-json\/wp\/v2\/product_brand?post=4583"},{"taxonomy":"product_cat","embeddable":true,"href":"https:\/\/www.stvvalves.com\/fr\/wp-json\/wp\/v2\/product_cat?post=4583"},{"taxonomy":"product_tag","embeddable":true,"href":"https:\/\/www.stvvalves.com\/fr\/wp-json\/wp\/v2\/product_tag?post=4583"}],"curies":[{"name":"wp","href":"https:\/\/api.w.org\/{rel}","templated":true}]}}