{"id":4603,"date":"2019-04-02T14:06:30","date_gmt":"2019-04-02T14:06:30","guid":{"rendered":"https:\/\/www.stvvalves.com\/?post_type=product&#038;p=4603"},"modified":"2025-02-17T18:21:32","modified_gmt":"2025-02-17T10:21:32","slug":"api-600-flanged-gate-valve-10-inch-cl900-wcb-body-rf","status":"publish","type":"product","link":"https:\/\/www.stvvalves.com\/fr\/products\/api-600-flanged-gate-valve-10-inch-cl900-wcb-body-rf\/","title":{"rendered":"Vanne \u00e0 bride API 600, 10 pouces, CL900, corps WCB, RF"},"content":{"rendered":"<p>Conception et fabrication\u00a0: Vanne \u00e0 vanne en acier moul\u00e9 selon API 600 (ISO 10434) \u3001 API 6D\u00a0; Vanne \u00e0 vanne en acier inoxydable moul\u00e9 selon API 603 \u3001 API 600<\/p>\n<p>Inspection et test\u00a0: API598, API600 ou API 6D<\/p>\n<p>Dimension de la bride d&#039;extr\u00e9mit\u00e9\u00a0: ASME B16.5 (pour NPS \u2264 24, ASME B 16.47 s\u00e9rie B, API 605, ASME B16.47 s\u00e9rie A, MSS SP-44 (pour NPS &gt; 24)<\/p>\n<p>Dimension d&#039;extr\u00e9mit\u00e9 BW \uff1a ASME B16.25<\/p>\n<p>Face \u00e0 face et bout \u00e0 bout \uff1a ASME B16.10<\/p>\n<p>Indices de pression et de temp\u00e9rature\u00a0:\u00a0ASME B16.34<\/p>\n<p>Gamme de produits<\/p>\n<p>Mat\u00e9riau du corps : acier au carbone, acier inoxydable, acier alli\u00e9<\/p>\n<p>Diam\u00e8tre nominal\u00a0: 2\u2033~36\u2033 (DN50~DN900)<\/p>\n<p>Connexion d&#039;extr\u00e9mit\u00e9\u00a0: RF, RTJ, BW<\/p>\n<p>Plage de pression\u00a0: Classe 150 ~ 900 (PN16 ~ PN150)<\/p>\n<p>Temp\u00e9rature de fonctionnement\u00a0: -29 \u2103 ~ + 560 \u2103<\/p>\n<p>Fonctionnement\u00a0: volant, engrenage, actionneur \u00e9lectrique, etc.<\/p>\n<p>&nbsp;<\/p>\n<table>\n<tbody>\n<tr>\n<td width=\"200\"><strong>Nom du produit<\/strong><\/td>\n<td width=\"481\">Vanne \u00e0 bride API 600, 10 pouces, CL900, corps WCB, RF<\/td>\n<\/tr>\n<tr>\n<td width=\"200\">1. Mat\u00e9riel<\/td>\n<td width=\"481\">WCB<\/td>\n<\/tr>\n<tr>\n<td width=\"200\">2. Taille<\/td>\n<td width=\"481\">dix&quot;<\/td>\n<\/tr>\n<tr>\n<td width=\"200\">4. Port<\/td>\n<td width=\"481\">Port complet<\/td>\n<\/tr>\n<tr>\n<td width=\"200\">5. Pression de travail<\/td>\n<td width=\"481\">900 lb<\/td>\n<\/tr>\n<tr>\n<td width=\"200\">6. Fin de la connexion<\/td>\n<td width=\"481\">RF<\/td>\n<\/tr>\n<tr>\n<td width=\"200\">7. Temp\u00e9rature de travail.<\/td>\n<td width=\"481\">-29~425\u00baC,<\/td>\n<\/tr>\n<tr>\n<td width=\"200\">8. Support appropri\u00e9<\/td>\n<td width=\"481\">Eau, gaz naturel, p\u00e9trole et certains liquides corrosifs<\/td>\n<\/tr>\n<tr>\n<td width=\"200\">9. Exploit\u00e9<\/td>\n<td width=\"481\">Bo\u00eete de vitesses<\/td>\n<\/tr>\n<tr>\n<td width=\"200\">10. Inspection et tests<\/td>\n<td width=\"481\">Selon API598<\/td>\n<\/tr>\n<tr>\n<td width=\"200\"><strong>Exp\u00e9dition<\/strong><\/td>\n<td width=\"481\"><\/td>\n<\/tr>\n<tr>\n<td width=\"200\">D\u00e9lai de livraison<\/td>\n<td width=\"481\">30 jours<\/td>\n<\/tr>\n<tr>\n<td width=\"200\">Emballer<\/td>\n<td width=\"481\">Caisse en contreplaqu\u00e9 d&#039;exportation standard<\/td>\n<\/tr>\n<tr>\n<td width=\"200\">Port d&#039;exp\u00e9dition<\/td>\n<td width=\"481\">Ningbo\/Shanghai, Chine<\/td>\n<\/tr>\n<tr>\n<td width=\"200\">Conditions d&#039;exp\u00e9dition<\/td>\n<td width=\"481\">Exw, FOB, CFR, CIF, etc.<\/td>\n<\/tr>\n<tr>\n<td width=\"200\">Modalit\u00e9s de paiement<\/td>\n<td width=\"481\">T\/T, Western Union, PayPal, etc.<\/td>\n<\/tr>\n<tr>\n<td width=\"200\"><\/td>\n<td width=\"481\">Pr\u00e9paiement 30%, solde 70% pay\u00e9 avant l&#039;exp\u00e9dition<\/td>\n<\/tr>\n<tr>\n<td width=\"200\">Pays d&#039;origine<\/td>\n<td width=\"481\">Ville de Wenzhou, Chine<\/td>\n<\/tr>\n<tr>\n<td width=\"200\">Capacit\u00e9 de production<\/td>\n<td width=\"481\">6000 tonnes\/an<\/td>\n<\/tr>\n<tr>\n<td width=\"200\">MOQ<\/td>\n<td width=\"481\">1 pi\u00e8ces\/taille<\/td>\n<\/tr>\n<\/tbody>\n<\/table>","protected":false},"excerpt":{"rendered":"<p>Mod\u00e8le\u00a0: STV-Z541Y-900LB-WCB-10 pouces<\/p>\n<p>La vanne \u00e0 bride API 600 a une faible r\u00e9sistance aux fluides, une petite \u00e9rosion de la surface d&#039;\u00e9tanch\u00e9it\u00e9, aucun changement de direction d&#039;\u00e9coulement moyen, aucune perturbation, une petite chute de pression, un petit couple d&#039;ouverture et de fermeture, une longueur de structure courte, de bonnes performances de processus, une pression applicable, une large plage de temp\u00e9rature, etc. La direction de mouvement de l&#039;\u00e9l\u00e9ment d&#039;ouverture et de fermeture est perpendiculaire \u00e0 la direction d&#039;\u00e9coulement du fluide (pas pour le papillon des gaz). Il s&#039;agit de la vanne d&#039;arr\u00eat la plus couramment utilis\u00e9e pour couper ou allumer le fluide dans le pipeline.<\/p>\n<p>STV Valve Technology Group Co., Ltd est un leader professionnel des vannes \u00e0 vanne en acier moul\u00e9 en Chine, des vannes \u00e0 vanne en acier moul\u00e9 API 600, des vannes \u00e0 vanne \u00e0 coin, des vannes \u00e0 vanne en acier moul\u00e9 de classe Asme B16.34 de 900 lb, des vannes \u00e0 vanne \u00e0 bride de 10 pouces, en acier moul\u00e9 de Chine Fabricant de vannes \u00e0 vanne de haute qualit\u00e9 et \u00e0 prix comp\u00e9titif.<\/p>\n<p>Veuillez contacter notre sales@stvvalve.com pour d&#039;autres mat\u00e9riaux et d\u00e9tails.<\/p>\n<p>Feuille de dates\u00a0:<a href=\"https:\/\/www.stvvalves.com\/wp-content\/uploads\/2019\/04\/API-600-Flanged-Gate-Valve-10-Inch-CL900-WCB-Body-RF-drwaing.pdf\">Vanne \u00e0 bride API 600, 10 pouces, CL900, corps WCB, extr\u00e9mit\u00e9 RF<\/a><\/p>","protected":false},"featured_media":4604,"template":"","meta":[],"product_brand":[],"product_cat":[58,44],"product_tag":[716,715,714,713,431],"class_list":{"0":"post-4603","1":"product","2":"type-product","3":"status-publish","4":"has-post-thumbnail","6":"product_cat-cast-steel-gate-valve","7":"product_cat-gate-valve","8":"product_tag-10-inch-flanged-gate-valve","9":"product_tag-900lb-flanged-gate-valve","10":"product_tag-api-600-cast-steel-gate-valve","11":"product_tag-api-600-gate-valves","12":"product_tag-wedge-gate-valve","14":"first","15":"instock","16":"shipping-taxable","17":"product-type-simple"},"_links":{"self":[{"href":"https:\/\/www.stvvalves.com\/fr\/wp-json\/wp\/v2\/product\/4603","targetHints":{"allow":["GET"]}}],"collection":[{"href":"https:\/\/www.stvvalves.com\/fr\/wp-json\/wp\/v2\/product"}],"about":[{"href":"https:\/\/www.stvvalves.com\/fr\/wp-json\/wp\/v2\/types\/product"}],"wp:featuredmedia":[{"embeddable":true,"href":"https:\/\/www.stvvalves.com\/fr\/wp-json\/wp\/v2\/media\/4604"}],"wp:attachment":[{"href":"https:\/\/www.stvvalves.com\/fr\/wp-json\/wp\/v2\/media?parent=4603"}],"wp:term":[{"taxonomy":"product_brand","embeddable":true,"href":"https:\/\/www.stvvalves.com\/fr\/wp-json\/wp\/v2\/product_brand?post=4603"},{"taxonomy":"product_cat","embeddable":true,"href":"https:\/\/www.stvvalves.com\/fr\/wp-json\/wp\/v2\/product_cat?post=4603"},{"taxonomy":"product_tag","embeddable":true,"href":"https:\/\/www.stvvalves.com\/fr\/wp-json\/wp\/v2\/product_tag?post=4603"}],"curies":[{"name":"wp","href":"https:\/\/api.w.org\/{rel}","templated":true}]}}