{"id":4609,"date":"2019-04-02T14:38:53","date_gmt":"2019-04-02T14:38:53","guid":{"rendered":"https:\/\/www.stvvalves.com\/?post_type=product&#038;p=4609"},"modified":"2025-05-20T20:47:26","modified_gmt":"2025-05-20T12:47:26","slug":"flange-knife-gate-valve-din-pn16-cf8-body-dn450","status":"publish","type":"product","link":"https:\/\/www.stvvalves.com\/fr\/products\/flange-knife-gate-valve-din-pn16-cf8-body-dn450\/","title":{"rendered":"Vanne \u00e0 guillotine \u00e0 bride, DIN, PN16, corps CF8, DN450"},"content":{"rendered":"<p>Caract\u00e9ristiques de la vanne \u00e0 guillotine \u00e0 bride\u00a0:<br \/>\nConception unidirectionnelle<br \/>\nCorps enti\u00e8rement brid\u00e9 en acier moul\u00e9<br \/>\nM\u00e9canisme autonettoyant<br \/>\nTige montante, vis ext\u00e9rieure et \u00e9trier<br \/>\nType de joug\u00a0:\u00a0Plaque ou moulage<\/p>\n<p>Normes applicables de vanne \u00e0 guillotine \u00e0 bride\u00a0:<br \/>\na) Conception et fabrication\u00a0: MSS SP-61, ASME 16.34<br \/>\nb) Face \u00e0 Face\u00a0: MSS SP-81, ASME B16.10, EN 558<br \/>\nc) Extr\u00e9mit\u00e9 de connexion\u00a0: ASME B16.5, EN 1092, JIS B2220<br \/>\nd) Essai : MSS SP-81<\/p>\n<p>Tailles : 2\u2033 \u2013 48\u2033 ou DN 50 \u2013 DN 1200<br \/>\nPression nominale\u00a0: Classe 150 ou PN6 \u2013 PN16<br \/>\nMat\u00e9riaux du corps de vanne\u00a0: WCB, LCB, WC6, CF8, CF3, CF8M, CF3M, 4A, etc.<br \/>\nFonctionnement\u00a0: actionneur manuel, \u00e0 engrenages, pneumatique, hydraulique et \u00e9lectrique<\/p>\n<table>\n<tbody>\n<tr>\n<td width=\"200\"><strong>Nom du produit<\/strong><\/td>\n<td width=\"481\">Vanne \u00e0 guillotine \u00e0 bride, DIN, PN16, corps CF8, DN450<\/td>\n<\/tr>\n<tr>\n<td width=\"200\">1. Mat\u00e9riel<\/td>\n<td width=\"481\">CF8<\/td>\n<\/tr>\n<tr>\n<td width=\"200\">2. Taille<\/td>\n<td width=\"481\">14&quot;<\/td>\n<\/tr>\n<tr>\n<td width=\"200\">4. Port<\/td>\n<td width=\"481\">Port complet<\/td>\n<\/tr>\n<tr>\n<td width=\"200\">5. Pression de travail<\/td>\n<td width=\"481\">PN16<\/td>\n<\/tr>\n<tr>\n<td width=\"200\">6. Fin de la connexion<\/td>\n<td width=\"481\">RF<\/td>\n<\/tr>\n<tr>\n<td width=\"200\">7. Temp\u00e9rature de travail.<\/td>\n<td width=\"481\">-29~425\u00baC,<\/td>\n<\/tr>\n<tr>\n<td width=\"200\">8. Support appropri\u00e9<\/td>\n<td width=\"481\">Eau, gaz naturel, p\u00e9trole et certains liquides corrosifs<\/td>\n<\/tr>\n<tr>\n<td width=\"200\">9. Exploit\u00e9<\/td>\n<td width=\"481\">Volant<\/td>\n<\/tr>\n<tr>\n<td width=\"200\">10. Inspection et tests<\/td>\n<td width=\"481\">Selon API598<\/td>\n<\/tr>\n<tr>\n<td width=\"200\"><strong>Exp\u00e9dition<\/strong><\/td>\n<td width=\"481\"><\/td>\n<\/tr>\n<tr>\n<td width=\"200\">D\u00e9lai de livraison<\/td>\n<td width=\"481\">30 jours<\/td>\n<\/tr>\n<tr>\n<td width=\"200\">Emballer<\/td>\n<td width=\"481\">Caisse en contreplaqu\u00e9 d&#039;exportation standard<\/td>\n<\/tr>\n<tr>\n<td width=\"200\">Port d&#039;exp\u00e9dition<\/td>\n<td width=\"481\">Ningbo\/Shanghai, Chine<\/td>\n<\/tr>\n<tr>\n<td width=\"200\">Conditions d&#039;exp\u00e9dition<\/td>\n<td width=\"481\">Exw, FOB, CFR, CIF, etc.<\/td>\n<\/tr>\n<tr>\n<td width=\"200\">Modalit\u00e9s de paiement<\/td>\n<td width=\"481\">T\/T, Western Union, PayPal, etc.<\/td>\n<\/tr>\n<tr>\n<td width=\"200\"><\/td>\n<td width=\"481\">Pr\u00e9paiement 30%, solde 70% pay\u00e9 avant l&#039;exp\u00e9dition<\/td>\n<\/tr>\n<tr>\n<td width=\"200\">Pays d&#039;origine<\/td>\n<td width=\"481\">Ville de Wenzhou, Chine<\/td>\n<\/tr>\n<tr>\n<td width=\"200\">Capacit\u00e9 de production<\/td>\n<td width=\"481\">6000 tonnes\/an<\/td>\n<\/tr>\n<tr>\n<td width=\"200\">MOQ<\/td>\n<td width=\"481\">1 pi\u00e8ces\/taille<\/td>\n<\/tr>\n<\/tbody>\n<\/table>\n<p>&nbsp;<\/p>","protected":false},"excerpt":{"rendered":"<p>Mod\u00e8le\u00a0: STV-Z43H-PN16-CF8-DN200<\/p>\n<p>La vanne \u00e0 guillotine \u00e0 bride a une structure compacte, une conception raisonnable, un mat\u00e9riau l\u00e9ger, une \u00e9tanch\u00e9it\u00e9 fiable, un fonctionnement l\u00e9ger et flexible, un petit volume, un passage fluide, une faible r\u00e9sistance \u00e0 l&#039;\u00e9coulement, un poids l\u00e9ger, une installation facile et un d\u00e9montage facile. Il peut fonctionner \u00e0 une pression de 0,6MPa-1,6. MPa, fonctionnement normal avec temp\u00e9rature -29-550 \u00b0C. Le robinet-vanne de type couteau a une fonction de cisaillement, qui peut gratter l&#039;adh\u00e9sif sur la surface d&#039;\u00e9tanch\u00e9it\u00e9 et \u00e9liminer automatiquement les d\u00e9bris. La porte en acier inoxydable peut emp\u00eacher les fuites d&#039;\u00e9tanch\u00e9it\u00e9 caus\u00e9es par la corrosion.<\/p>\n<p>Les vannes \u00e0 guillotine \u00e0 bride sont largement utilis\u00e9es dans la pr\u00e9paration du charbon, l&#039;\u00e9vacuation des scories, le traitement des eaux us\u00e9es urbaines, les aliments, le papier, les m\u00e9dicaments, le p\u00e9trole, les produits chimiques et autres pipelines de p\u00e9trole, d&#039;eau et de vapeur.<\/p>\n<p>STV Valve Technology Group Co., Ltd est un leader professionnel en Chine.<\/p>\n<p>Veuillez contacter notre sales@stvvalve.com pour d&#039;autres mat\u00e9riaux et d\u00e9tails.<\/p>\n<p>Feuille de dates\u00a0:<a href=\"https:\/\/www.stvvalves.com\/wp-content\/uploads\/2019\/04\/flange-knife-gate-valve-din-pn16-cf8-body-dn450-drawing.jpg\">Vanne \u00e0 guillotine \u00e0 bride, DIN, PN16, corps CF8, DN450<\/a><\/p>","protected":false},"featured_media":4610,"template":"","meta":[],"product_brand":[],"product_cat":[44,62],"product_tag":[720,719,718,721,717],"class_list":{"0":"post-4609","1":"product","2":"type-product","3":"status-publish","4":"has-post-thumbnail","6":"product_cat-gate-valve","7":"product_cat-knife-gate-valve","8":"product_tag-cf8-flange-knife-gate-valve","9":"product_tag-din-standard-knife-gate-valve","10":"product_tag-flange-knife-gate-valve","11":"product_tag-flange-manual-knife-gate-valve","12":"product_tag-knife-gate-valve","14":"first","15":"instock","16":"shipping-taxable","17":"product-type-simple"},"_links":{"self":[{"href":"https:\/\/www.stvvalves.com\/fr\/wp-json\/wp\/v2\/product\/4609","targetHints":{"allow":["GET"]}}],"collection":[{"href":"https:\/\/www.stvvalves.com\/fr\/wp-json\/wp\/v2\/product"}],"about":[{"href":"https:\/\/www.stvvalves.com\/fr\/wp-json\/wp\/v2\/types\/product"}],"wp:featuredmedia":[{"embeddable":true,"href":"https:\/\/www.stvvalves.com\/fr\/wp-json\/wp\/v2\/media\/4610"}],"wp:attachment":[{"href":"https:\/\/www.stvvalves.com\/fr\/wp-json\/wp\/v2\/media?parent=4609"}],"wp:term":[{"taxonomy":"product_brand","embeddable":true,"href":"https:\/\/www.stvvalves.com\/fr\/wp-json\/wp\/v2\/product_brand?post=4609"},{"taxonomy":"product_cat","embeddable":true,"href":"https:\/\/www.stvvalves.com\/fr\/wp-json\/wp\/v2\/product_cat?post=4609"},{"taxonomy":"product_tag","embeddable":true,"href":"https:\/\/www.stvvalves.com\/fr\/wp-json\/wp\/v2\/product_tag?post=4609"}],"curies":[{"name":"wp","href":"https:\/\/api.w.org\/{rel}","templated":true}]}}