{"id":4694,"date":"2019-04-19T05:06:50","date_gmt":"2019-04-19T05:06:50","guid":{"rendered":"https:\/\/www.stvvalves.com\/?post_type=product&#038;p=4694"},"modified":"2025-02-17T18:28:54","modified_gmt":"2025-02-17T10:28:54","slug":"hexagon-nipple-npt-stainless-steel","status":"publish","type":"product","link":"https:\/\/www.stvvalves.com\/fr\/products\/hexagon-nipple-npt-stainless-steel\/","title":{"rendered":"MAMELON HEXAGONAL NPT ACIER INOXYDABLE"},"content":{"rendered":"<p>MAMELON HEXAGONAL NPT ACIER INOXYDABLE<\/p>\n<table width=\"457\">\n<tbody>\n<tr>\n<td style=\"font-weight: 400;\" width=\"194\">Normes de produits<\/td>\n<td style=\"font-weight: 400;\" width=\"263\">ISO4144, EN10241, SP114, JIS<\/td>\n<\/tr>\n<tr>\n<td style=\"font-weight: 400;\" width=\"194\">Processus de production<\/td>\n<td style=\"font-weight: 400;\" width=\"263\">Moulage de pr\u00e9cision en acier inoxydable<\/td>\n<\/tr>\n<tr>\n<td style=\"font-weight: 400;\" width=\"194\">Normes de processus<\/td>\n<td style=\"font-weight: 400;\" width=\"263\">ASTMA351<\/td>\n<\/tr>\n<tr>\n<td style=\"font-weight: 400;\" width=\"194\">Technologie de traitement<\/td>\n<td style=\"font-weight: 400;\" width=\"263\">tour CNC<\/td>\n<\/tr>\n<tr>\n<td style=\"font-weight: 400;\" rowspan=\"2\" width=\"194\">Moyen<\/td>\n<td style=\"font-weight: 400;\" width=\"263\">Air, vapeur, k\u00e9ros\u00e8ne, eau,<\/td>\n<\/tr>\n<tr>\n<td style=\"font-weight: 400;\" width=\"263\">huile et autres fluides<\/td>\n<\/tr>\n<tr>\n<td style=\"font-weight: 400;\" width=\"194\">mati\u00e8re<\/td>\n<td style=\"font-weight: 400;\" width=\"263\">304 304L,316 316L<\/td>\n<\/tr>\n<tr>\n<td style=\"font-weight: 400;\" width=\"194\">Caract\u00e9ristiques<\/td>\n<td style=\"font-weight: 400;\" width=\"263\">1\/8\u2033\u20144\u2033<\/td>\n<\/tr>\n<tr>\n<td style=\"font-weight: 400;\" rowspan=\"2\" width=\"194\">Norme de filetage<\/td>\n<td style=\"font-weight: 400;\" width=\"263\">ISO7\/1 (BSP\/DIN2999)<\/td>\n<\/tr>\n<tr>\n<td style=\"font-weight: 400;\" width=\"263\">TNP(B1.20.1)<\/td>\n<\/tr>\n<tr>\n<td style=\"font-weight: 400;\" width=\"194\">pression de travail<\/td>\n<td style=\"font-weight: 400;\" width=\"263\">150LBS<\/td>\n<\/tr>\n<tr>\n<td style=\"font-weight: 400;\" width=\"194\">temp\u00e9rature de fonctionnement<\/td>\n<td style=\"font-weight: 400;\" width=\"263\">\ufe6320\u2103\ufe62220\u2103<\/td>\n<\/tr>\n<tr>\n<td style=\"font-weight: 400;\" width=\"194\">Les standards d&#039;inspection<\/td>\n<td style=\"font-weight: 400;\" width=\"263\">ISO7-2, ISO4990, ISO4991<\/td>\n<\/tr>\n<tr>\n<td style=\"font-weight: 400;\" width=\"194\">M\u00e9thode d&#039;emballage<\/td>\n<td style=\"font-weight: 400;\" width=\"263\">Sac en plastique, carton et contreplaqu\u00e9<\/td>\n<\/tr>\n<\/tbody>\n<\/table>\n<div id=\"attachment_4696\" style=\"width: 981px\" class=\"wp-caption alignleft\"><img loading=\"lazy\" decoding=\"async\" aria-describedby=\"caption-attachment-4696\" class=\"size-full wp-image-4696\" src=\"https:\/\/www.stvvalves.com\/wp-content\/uploads\/2019\/04\/hexagon-nipple-npt-stainless-steel-catalog.jpg\" alt=\"\" width=\"971\" height=\"212\" srcset=\"https:\/\/www.stvvalves.com\/wp-content\/uploads\/2019\/04\/hexagon-nipple-npt-stainless-steel-catalog.jpg 971w, https:\/\/www.stvvalves.com\/wp-content\/uploads\/2019\/04\/hexagon-nipple-npt-stainless-steel-catalog-600x131.jpg 600w, https:\/\/www.stvvalves.com\/wp-content\/uploads\/2019\/04\/hexagon-nipple-npt-stainless-steel-catalog-300x65.jpg 300w, https:\/\/www.stvvalves.com\/wp-content\/uploads\/2019\/04\/hexagon-nipple-npt-stainless-steel-catalog-768x168.jpg 768w, https:\/\/www.stvvalves.com\/wp-content\/uploads\/2019\/04\/hexagon-nipple-npt-stainless-steel-catalog-705x154.jpg 705w\" sizes=\"auto, (max-width: 971px) 100vw, 971px\" \/><p id=\"caption-attachment-4696\" class=\"wp-caption-text\">Chine HEXAGON NIPPLE NPT, mamelon hexagonal en acier inoxydable, fabricant de mamelon hexagonal 316<\/p><\/div>","protected":false},"excerpt":{"rendered":"<p>Fabriqu\u00e9 selon la norme ISO 4144.<br \/>\nPression de service maximale 300 psi (20 bar).<br \/>\nFiletage NPT conforme \u00e0 ANSI B2.1.<br \/>\nApplications appropri\u00e9es\u00a0: eau chaude et froide, p\u00e9trole, gaz et autres fluides.<\/p>\n<p>STV Valve Technology Group Co., Ltd est un leader professionnel en Chine HEXAGON NIPPLE NPT, fabricant de mamelons hexagonaux en acier inoxydable, fabricant de mamelons hexagonaux 316 de haute qualit\u00e9 et \u00e0 prix comp\u00e9titif.<\/p>","protected":false},"featured_media":4695,"template":"","meta":[],"product_brand":[],"product_cat":[968,966],"product_tag":[764,765],"class_list":{"0":"post-4694","1":"product","2":"type-product","3":"status-publish","4":"has-post-thumbnail","6":"product_cat-150lb-threaded-pipe-fitting","7":"product_cat-pipe-fitting","8":"product_tag-hexagon-nipple-npt","9":"product_tag-stainless-steel-hexgon-nipple","11":"first","12":"instock","13":"shipping-taxable","14":"product-type-simple"},"_links":{"self":[{"href":"https:\/\/www.stvvalves.com\/fr\/wp-json\/wp\/v2\/product\/4694","targetHints":{"allow":["GET"]}}],"collection":[{"href":"https:\/\/www.stvvalves.com\/fr\/wp-json\/wp\/v2\/product"}],"about":[{"href":"https:\/\/www.stvvalves.com\/fr\/wp-json\/wp\/v2\/types\/product"}],"wp:featuredmedia":[{"embeddable":true,"href":"https:\/\/www.stvvalves.com\/fr\/wp-json\/wp\/v2\/media\/4695"}],"wp:attachment":[{"href":"https:\/\/www.stvvalves.com\/fr\/wp-json\/wp\/v2\/media?parent=4694"}],"wp:term":[{"taxonomy":"product_brand","embeddable":true,"href":"https:\/\/www.stvvalves.com\/fr\/wp-json\/wp\/v2\/product_brand?post=4694"},{"taxonomy":"product_cat","embeddable":true,"href":"https:\/\/www.stvvalves.com\/fr\/wp-json\/wp\/v2\/product_cat?post=4694"},{"taxonomy":"product_tag","embeddable":true,"href":"https:\/\/www.stvvalves.com\/fr\/wp-json\/wp\/v2\/product_tag?post=4694"}],"curies":[{"name":"wp","href":"https:\/\/api.w.org\/{rel}","templated":true}]}}