{"id":4697,"date":"2019-04-19T05:20:33","date_gmt":"2019-04-19T05:20:33","guid":{"rendered":"https:\/\/www.stvvalves.com\/?post_type=product&#038;p=4697"},"modified":"2025-02-17T18:26:52","modified_gmt":"2025-02-17T10:26:52","slug":"full-socket-npt-stainless-steel-316","status":"publish","type":"product","link":"https:\/\/www.stvvalves.com\/fr\/products\/full-socket-npt-stainless-steel-316\/","title":{"rendered":"Douille compl\u00e8te NPT en acier inoxydable 316"},"content":{"rendered":"<p>Douille compl\u00e8te NPT en acier inoxydable 316<\/p>\n<table width=\"457\">\n<tbody>\n<tr>\n<td style=\"font-weight: 400;\" width=\"194\">Normes de produits<\/td>\n<td style=\"font-weight: 400;\" width=\"263\">ISO4144, EN10241, SP114, JIS<\/td>\n<\/tr>\n<tr>\n<td style=\"font-weight: 400;\" width=\"194\">Processus de production<\/td>\n<td style=\"font-weight: 400;\" width=\"263\">Moulage de pr\u00e9cision en acier inoxydable<\/td>\n<\/tr>\n<tr>\n<td style=\"font-weight: 400;\" width=\"194\">Normes de processus<\/td>\n<td style=\"font-weight: 400;\" width=\"263\">ASTMA351<\/td>\n<\/tr>\n<tr>\n<td style=\"font-weight: 400;\" width=\"194\">Technologie de traitement<\/td>\n<td style=\"font-weight: 400;\" width=\"263\">tour CNC<\/td>\n<\/tr>\n<tr>\n<td style=\"font-weight: 400;\" rowspan=\"2\" width=\"194\">Moyen<\/td>\n<td style=\"font-weight: 400;\" width=\"263\">Air, vapeur, k\u00e9ros\u00e8ne, eau,<\/td>\n<\/tr>\n<tr>\n<td style=\"font-weight: 400;\" width=\"263\">huile et autres fluides<\/td>\n<\/tr>\n<tr>\n<td style=\"font-weight: 400;\" width=\"194\">mati\u00e8re<\/td>\n<td style=\"font-weight: 400;\" width=\"263\">304 304L,316 316L<\/td>\n<\/tr>\n<tr>\n<td style=\"font-weight: 400;\" width=\"194\">Caract\u00e9ristiques<\/td>\n<td style=\"font-weight: 400;\" width=\"263\">1\/8\u2033\u20144\u2033<\/td>\n<\/tr>\n<tr>\n<td style=\"font-weight: 400;\" rowspan=\"2\" width=\"194\">Norme de filetage<\/td>\n<td style=\"font-weight: 400;\" width=\"263\">ISO7\/1 (BSP\/DIN2999)<\/td>\n<\/tr>\n<tr>\n<td style=\"font-weight: 400;\" width=\"263\">TNP(B1.20.1)<\/td>\n<\/tr>\n<tr>\n<td style=\"font-weight: 400;\" width=\"194\">pression de travail<\/td>\n<td style=\"font-weight: 400;\" width=\"263\">150LBS<\/td>\n<\/tr>\n<tr>\n<td style=\"font-weight: 400;\" width=\"194\">temp\u00e9rature de fonctionnement<\/td>\n<td style=\"font-weight: 400;\" width=\"263\">\ufe6320\u2103\ufe62220\u2103<\/td>\n<\/tr>\n<tr>\n<td style=\"font-weight: 400;\" width=\"194\">Les standards d&#039;inspection<\/td>\n<td style=\"font-weight: 400;\" width=\"263\">ISO7-2, ISO4990, ISO4991<\/td>\n<\/tr>\n<tr>\n<td style=\"font-weight: 400;\" width=\"194\">M\u00e9thode d&#039;emballage<\/td>\n<td style=\"font-weight: 400;\" width=\"263\">Sac en plastique, carton et contreplaqu\u00e9<\/td>\n<\/tr>\n<\/tbody>\n<\/table>\n<div id=\"attachment_4699\" style=\"width: 944px\" class=\"wp-caption alignleft\"><img loading=\"lazy\" decoding=\"async\" aria-describedby=\"caption-attachment-4699\" class=\"size-full wp-image-4699\" src=\"https:\/\/www.stvvalves.com\/wp-content\/uploads\/2019\/04\/full-socket-npt-stainless-steel-316-catalog.jpg\" alt=\"\" width=\"934\" height=\"209\" srcset=\"https:\/\/www.stvvalves.com\/wp-content\/uploads\/2019\/04\/full-socket-npt-stainless-steel-316-catalog.jpg 934w, https:\/\/www.stvvalves.com\/wp-content\/uploads\/2019\/04\/full-socket-npt-stainless-steel-316-catalog-600x134.jpg 600w, https:\/\/www.stvvalves.com\/wp-content\/uploads\/2019\/04\/full-socket-npt-stainless-steel-316-catalog-300x67.jpg 300w, https:\/\/www.stvvalves.com\/wp-content\/uploads\/2019\/04\/full-socket-npt-stainless-steel-316-catalog-768x172.jpg 768w, https:\/\/www.stvvalves.com\/wp-content\/uploads\/2019\/04\/full-socket-npt-stainless-steel-316-catalog-705x158.jpg 705w\" sizes=\"auto, (max-width: 934px) 100vw, 934px\" \/><p id=\"caption-attachment-4699\" class=\"wp-caption-text\">Chine Couplage complet NPT, couplage complet 316, couplage complet en acier inoxydable, fabricant de douilles \u00e0 couplage complet<\/p><\/div>","protected":false},"excerpt":{"rendered":"<p>Fabriqu\u00e9 selon la norme ISO 4144.<br \/>\nPression de service maximale 300 psi (20 bar).<br \/>\nFiletage NPT conforme \u00e0 ANSI B2.1.<br \/>\nApplications appropri\u00e9es\u00a0: eau chaude et froide, p\u00e9trole, gaz et autres fluides.<\/p>\n<p>STV Valve Technology Group Co., Ltd est un leader professionnel en Chine Couplage complet NPT, Couplage complet 316, Couplage complet en acier inoxydable, Fabricant de douilles \u00e0 couplage complet de haute qualit\u00e9 et \u00e0 prix comp\u00e9titif.<\/p>\n<p>&nbsp;<\/p>","protected":false},"featured_media":4698,"template":"","meta":[],"product_brand":[],"product_cat":[968,966],"product_tag":[768,769,767,766],"class_list":{"0":"post-4697","1":"product","2":"type-product","3":"status-publish","4":"has-post-thumbnail","6":"product_cat-150lb-threaded-pipe-fitting","7":"product_cat-pipe-fitting","8":"product_tag-316-full-coupling","9":"product_tag-full-coupling-socket","10":"product_tag-npt-full-coupling","11":"product_tag-stainless-steel-full-coupling","13":"first","14":"instock","15":"shipping-taxable","16":"product-type-simple"},"_links":{"self":[{"href":"https:\/\/www.stvvalves.com\/fr\/wp-json\/wp\/v2\/product\/4697","targetHints":{"allow":["GET"]}}],"collection":[{"href":"https:\/\/www.stvvalves.com\/fr\/wp-json\/wp\/v2\/product"}],"about":[{"href":"https:\/\/www.stvvalves.com\/fr\/wp-json\/wp\/v2\/types\/product"}],"wp:featuredmedia":[{"embeddable":true,"href":"https:\/\/www.stvvalves.com\/fr\/wp-json\/wp\/v2\/media\/4698"}],"wp:attachment":[{"href":"https:\/\/www.stvvalves.com\/fr\/wp-json\/wp\/v2\/media?parent=4697"}],"wp:term":[{"taxonomy":"product_brand","embeddable":true,"href":"https:\/\/www.stvvalves.com\/fr\/wp-json\/wp\/v2\/product_brand?post=4697"},{"taxonomy":"product_cat","embeddable":true,"href":"https:\/\/www.stvvalves.com\/fr\/wp-json\/wp\/v2\/product_cat?post=4697"},{"taxonomy":"product_tag","embeddable":true,"href":"https:\/\/www.stvvalves.com\/fr\/wp-json\/wp\/v2\/product_tag?post=4697"}],"curies":[{"name":"wp","href":"https:\/\/api.w.org\/{rel}","templated":true}]}}