{"id":4705,"date":"2019-04-19T06:02:51","date_gmt":"2019-04-19T06:02:51","guid":{"rendered":"https:\/\/www.stvvalves.com\/?post_type=product&#038;p=4705"},"modified":"2025-02-17T18:26:50","modified_gmt":"2025-02-17T10:26:50","slug":"reducing-bush-npt-stainless-steel-304","status":"publish","type":"product","link":"https:\/\/www.stvvalves.com\/fr\/products\/reducing-bush-npt-stainless-steel-304\/","title":{"rendered":"Douille r\u00e9ductrice NPT en acier inoxydable 304"},"content":{"rendered":"<p>Douille r\u00e9ductrice NPT en acier inoxydable 304<\/p>\n<table width=\"457\">\n<tbody>\n<tr>\n<td style=\"font-weight: 400;\" width=\"194\">Normes de produits<\/td>\n<td style=\"font-weight: 400;\" width=\"263\">ISO4144, EN10241, SP114, JIS<\/td>\n<\/tr>\n<tr>\n<td style=\"font-weight: 400;\" width=\"194\">Processus de production<\/td>\n<td style=\"font-weight: 400;\" width=\"263\">Moulage de pr\u00e9cision en acier inoxydable<\/td>\n<\/tr>\n<tr>\n<td style=\"font-weight: 400;\" width=\"194\">Normes de processus<\/td>\n<td style=\"font-weight: 400;\" width=\"263\">ASTMA351<\/td>\n<\/tr>\n<tr>\n<td style=\"font-weight: 400;\" width=\"194\">Technologie de traitement<\/td>\n<td style=\"font-weight: 400;\" width=\"263\">tour CNC<\/td>\n<\/tr>\n<tr>\n<td style=\"font-weight: 400;\" rowspan=\"2\" width=\"194\">Moyen<\/td>\n<td style=\"font-weight: 400;\" width=\"263\">Air, vapeur, k\u00e9ros\u00e8ne, eau,<\/td>\n<\/tr>\n<tr>\n<td style=\"font-weight: 400;\" width=\"263\">huile et autres fluides<\/td>\n<\/tr>\n<tr>\n<td style=\"font-weight: 400;\" width=\"194\">mati\u00e8re<\/td>\n<td style=\"font-weight: 400;\" width=\"263\">304 304L,316 316L<\/td>\n<\/tr>\n<tr>\n<td style=\"font-weight: 400;\" width=\"194\">Caract\u00e9ristiques<\/td>\n<td style=\"font-weight: 400;\" width=\"263\">1\/8\u2033\u20144\u2033<\/td>\n<\/tr>\n<tr>\n<td style=\"font-weight: 400;\" rowspan=\"2\" width=\"194\">Norme de filetage<\/td>\n<td style=\"font-weight: 400;\" width=\"263\">ISO7\/1 (BSP\/DIN2999)<\/td>\n<\/tr>\n<tr>\n<td style=\"font-weight: 400;\" width=\"263\">TNP(B1.20.1)<\/td>\n<\/tr>\n<tr>\n<td style=\"font-weight: 400;\" width=\"194\">pression de travail<\/td>\n<td style=\"font-weight: 400;\" width=\"263\">150LBS<\/td>\n<\/tr>\n<tr>\n<td style=\"font-weight: 400;\" width=\"194\">temp\u00e9rature de fonctionnement<\/td>\n<td style=\"font-weight: 400;\" width=\"263\">\ufe6320\u2103\ufe62220\u2103<\/td>\n<\/tr>\n<tr>\n<td style=\"font-weight: 400;\" width=\"194\">Les standards d&#039;inspection<\/td>\n<td style=\"font-weight: 400;\" width=\"263\">ISO7-2, ISO4990, ISO4991<\/td>\n<\/tr>\n<tr>\n<td style=\"font-weight: 400;\" width=\"194\">M\u00e9thode d&#039;emballage<\/td>\n<td style=\"font-weight: 400;\" width=\"263\">Sac en plastique, carton et contreplaqu\u00e9<\/td>\n<\/tr>\n<\/tbody>\n<\/table>\n<div id=\"attachment_4706\" style=\"width: 1250px\" class=\"wp-caption alignleft\"><img loading=\"lazy\" decoding=\"async\" aria-describedby=\"caption-attachment-4706\" class=\"size-full wp-image-4706\" src=\"https:\/\/www.stvvalves.com\/wp-content\/uploads\/2019\/04\/reducing-bush-npt-stainless-steel-304-catalog.jpg\" alt=\"\" width=\"1240\" height=\"355\" srcset=\"https:\/\/www.stvvalves.com\/wp-content\/uploads\/2019\/04\/reducing-bush-npt-stainless-steel-304-catalog.jpg 1240w, https:\/\/www.stvvalves.com\/wp-content\/uploads\/2019\/04\/reducing-bush-npt-stainless-steel-304-catalog-600x172.jpg 600w, https:\/\/www.stvvalves.com\/wp-content\/uploads\/2019\/04\/reducing-bush-npt-stainless-steel-304-catalog-300x86.jpg 300w, https:\/\/www.stvvalves.com\/wp-content\/uploads\/2019\/04\/reducing-bush-npt-stainless-steel-304-catalog-768x220.jpg 768w, https:\/\/www.stvvalves.com\/wp-content\/uploads\/2019\/04\/reducing-bush-npt-stainless-steel-304-catalog-1030x295.jpg 1030w, https:\/\/www.stvvalves.com\/wp-content\/uploads\/2019\/04\/reducing-bush-npt-stainless-steel-304-catalog-705x202.jpg 705w\" sizes=\"auto, (max-width: 1240px) 100vw, 1240px\" \/><p id=\"caption-attachment-4706\" class=\"wp-caption-text\">Chine Douille de r\u00e9duction NPT, Douille de r\u00e9duction NPT en acier inoxydable, Douille de r\u00e9duction NPT de 150 LB, Douille de r\u00e9duction 316 FabricantProcessus de production Moulage de pr\u00e9cision en acier inoxydable<br \/>Normes de processus ASTM A351<br \/>Technologie d&#039;usinage tour CNC<br \/>Moyen Air, vapeur, k\u00e9ros\u00e8ne, eau,\u00a0<br \/>huile et autres fluides<br \/>mat\u00e9riau 304,304L,316,316L<br \/>Sp\u00e9cifications 1\/8\u2033\u20144\u2033<br \/>Norme de filetage ISO7\/1 (BSP\/DIN2999)<br \/>TNP(B1.20.1)<br \/>pression de travail 150LBS<br \/>temp\u00e9rature de fonctionnement \ufe6320\u2103\ufe62220\u2103<br \/>Norme d&#039;inspection ISO7-2, ISO4990, ISO4991<br \/>M\u00e9thode d&#039;emballage Sac en plastique \uff06 carton \uff06 contreplaqu\u00e9 tra<\/p><\/div>","protected":false},"excerpt":{"rendered":"<p>Fabriqu\u00e9 selon la norme ISO 4144.<br \/>\nPression de service maximale 300 psi (20 bar).<br \/>\nFiletage NPT conforme \u00e0 ANSI B2.1.<br \/>\nApplications appropri\u00e9es\u00a0: eau chaude et froide, p\u00e9trole, gaz et autres fluides.<\/p>\n<p>STV Valve Technology Group Co., Ltd est un leader professionnel en Chine Douille de r\u00e9duction NPT, Douille de r\u00e9duction NPT en acier inoxydable, Douille de r\u00e9duction NPT de 150 LB, Fabricant de douille de r\u00e9duction 316 de haute qualit\u00e9 et \u00e0 prix comp\u00e9titif.<\/p>","protected":false},"featured_media":4707,"template":"","meta":[],"product_brand":[],"product_cat":[968,966],"product_tag":[775,773,774],"class_list":{"0":"post-4705","1":"product","2":"type-product","3":"status-publish","4":"has-post-thumbnail","6":"product_cat-150lb-threaded-pipe-fitting","7":"product_cat-pipe-fitting","8":"product_tag-150lb-npt-reducing-bush","9":"product_tag-npt-reducing-bush","10":"product_tag-stainless-steel-npt-reducing-bush","12":"first","13":"instock","14":"shipping-taxable","15":"product-type-simple"},"_links":{"self":[{"href":"https:\/\/www.stvvalves.com\/fr\/wp-json\/wp\/v2\/product\/4705","targetHints":{"allow":["GET"]}}],"collection":[{"href":"https:\/\/www.stvvalves.com\/fr\/wp-json\/wp\/v2\/product"}],"about":[{"href":"https:\/\/www.stvvalves.com\/fr\/wp-json\/wp\/v2\/types\/product"}],"wp:featuredmedia":[{"embeddable":true,"href":"https:\/\/www.stvvalves.com\/fr\/wp-json\/wp\/v2\/media\/4707"}],"wp:attachment":[{"href":"https:\/\/www.stvvalves.com\/fr\/wp-json\/wp\/v2\/media?parent=4705"}],"wp:term":[{"taxonomy":"product_brand","embeddable":true,"href":"https:\/\/www.stvvalves.com\/fr\/wp-json\/wp\/v2\/product_brand?post=4705"},{"taxonomy":"product_cat","embeddable":true,"href":"https:\/\/www.stvvalves.com\/fr\/wp-json\/wp\/v2\/product_cat?post=4705"},{"taxonomy":"product_tag","embeddable":true,"href":"https:\/\/www.stvvalves.com\/fr\/wp-json\/wp\/v2\/product_tag?post=4705"}],"curies":[{"name":"wp","href":"https:\/\/api.w.org\/{rel}","templated":true}]}}