{"id":4721,"date":"2019-04-19T07:13:05","date_gmt":"2019-04-19T07:13:05","guid":{"rendered":"https:\/\/www.stvvalves.com\/?post_type=product&#038;p=4721"},"modified":"2025-02-17T18:26:48","modified_gmt":"2025-02-17T10:26:48","slug":"npt-female-union-conical-seat-150lb-316-stainless-steel","status":"publish","type":"product","link":"https:\/\/www.stvvalves.com\/fr\/products\/npt-female-union-conical-seat-150lb-316-stainless-steel\/","title":{"rendered":"Si\u00e8ge conique femelle NPT en acier inoxydable 316, 150 lb"},"content":{"rendered":"<p>Si\u00e8ge conique femelle NPT en acier inoxydable 316, 150 lb<\/p>\n<table width=\"457\">\n<tbody>\n<tr>\n<td style=\"font-weight: 400;\" width=\"194\">Normes de produits<\/td>\n<td style=\"font-weight: 400;\" width=\"263\">ISO4144, EN10241, SP114, JIS<\/td>\n<\/tr>\n<tr>\n<td style=\"font-weight: 400;\" width=\"194\">Processus de production<\/td>\n<td style=\"font-weight: 400;\" width=\"263\">Moulage de pr\u00e9cision en acier inoxydable<\/td>\n<\/tr>\n<tr>\n<td style=\"font-weight: 400;\" width=\"194\">Normes de processus<\/td>\n<td style=\"font-weight: 400;\" width=\"263\">ASTMA351<\/td>\n<\/tr>\n<tr>\n<td style=\"font-weight: 400;\" width=\"194\">Technologie de traitement<\/td>\n<td style=\"font-weight: 400;\" width=\"263\">tour CNC<\/td>\n<\/tr>\n<tr>\n<td style=\"font-weight: 400;\" rowspan=\"2\" width=\"194\">Moyen<\/td>\n<td style=\"font-weight: 400;\" width=\"263\">Air, vapeur, k\u00e9ros\u00e8ne, eau,<\/td>\n<\/tr>\n<tr>\n<td style=\"font-weight: 400;\" width=\"263\">huile et autres fluides<\/td>\n<\/tr>\n<tr>\n<td style=\"font-weight: 400;\" width=\"194\">mati\u00e8re<\/td>\n<td style=\"font-weight: 400;\" width=\"263\">304 304L,316 316L<\/td>\n<\/tr>\n<tr>\n<td style=\"font-weight: 400;\" width=\"194\">Caract\u00e9ristiques<\/td>\n<td style=\"font-weight: 400;\" width=\"263\">1\/8\u2033\u20144\u2033<\/td>\n<\/tr>\n<tr>\n<td style=\"font-weight: 400;\" rowspan=\"2\" width=\"194\">Norme de filetage<\/td>\n<td style=\"font-weight: 400;\" width=\"263\">ISO7\/1 (BSP\/DIN2999)<\/td>\n<\/tr>\n<tr>\n<td style=\"font-weight: 400;\" width=\"263\">TNP(B1.20.1)<\/td>\n<\/tr>\n<tr>\n<td style=\"font-weight: 400;\" width=\"194\">pression de travail<\/td>\n<td style=\"font-weight: 400;\" width=\"263\">150LBS<\/td>\n<\/tr>\n<tr>\n<td style=\"font-weight: 400;\" width=\"194\">temp\u00e9rature de fonctionnement<\/td>\n<td style=\"font-weight: 400;\" width=\"263\">\ufe6320\u2103\ufe62220\u2103<\/td>\n<\/tr>\n<tr>\n<td style=\"font-weight: 400;\" width=\"194\">Les standards d&#039;inspection<\/td>\n<td style=\"font-weight: 400;\" width=\"263\">ISO7-2, ISO4990, ISO4991<\/td>\n<\/tr>\n<tr>\n<td style=\"font-weight: 400;\" width=\"194\">M\u00e9thode d&#039;emballage<\/td>\n<td style=\"font-weight: 400;\" width=\"263\">Sac en plastique, carton et contreplaqu\u00e9<\/td>\n<\/tr>\n<\/tbody>\n<\/table>\n<p>&nbsp;<\/p>","protected":false},"excerpt":{"rendered":"<div class=\"woocommerce-product-details__short-description\">\n<p>Fabriqu\u00e9 selon la norme ISO 4144.<br \/>\nPression de service maximale 300 psi (20 bar).<br \/>\nFiletage NPT conforme \u00e0 ANSI B2.1.<br \/>\nApplications appropri\u00e9es\u00a0: eau chaude et froide, p\u00e9trole, gaz et autres fluides.<\/p>\n<p>STV Valve Technology Group Co., Ltd est un leader professionnel en Chine Union filet\u00e9e NPT 150LB, Union femelle NPT, fabricant d&#039;unions en acier inoxydable de haute qualit\u00e9 et \u00e0 prix comp\u00e9titif.<\/p>\n<\/div>\n<form class=\"cart\" action=\"https:\/\/www.stvvalves.com\/fr\/product\/npt-equal-tee-150lb-316-stainless-steel\/\" enctype=\"multipart\/form-data\" method=\"post\" data-trp-original-action=\"https:\/\/www.stvvalves.com\/product\/npt-equal-tee-150lb-316-stainless-steel\/\">\n<div class=\"wcpa_form_outer\"><\/div>\n<div class=\"quantity\"><\/div>\n<div class=\"addquotelistlink\">\n<div class=\"quotelistadd_prodpage\"><\/div>\n<\/div>\n<input type=\"hidden\" name=\"trp-form-language\" value=\"fr\"\/><\/form>","protected":false},"featured_media":4724,"template":"","meta":[],"product_brand":[],"product_cat":[967,966],"product_tag":[779,780,781],"class_list":{"0":"post-4721","1":"product","2":"type-product","3":"status-publish","4":"has-post-thumbnail","6":"product_cat-high-pressure-3000lb6000lb-pipe-fitting","7":"product_cat-pipe-fitting","8":"product_tag-150lb-npt-threaded-union","9":"product_tag-female-npt-union","10":"product_tag-stainless-steel-union","12":"first","13":"instock","14":"shipping-taxable","15":"product-type-simple"},"_links":{"self":[{"href":"https:\/\/www.stvvalves.com\/fr\/wp-json\/wp\/v2\/product\/4721","targetHints":{"allow":["GET"]}}],"collection":[{"href":"https:\/\/www.stvvalves.com\/fr\/wp-json\/wp\/v2\/product"}],"about":[{"href":"https:\/\/www.stvvalves.com\/fr\/wp-json\/wp\/v2\/types\/product"}],"wp:featuredmedia":[{"embeddable":true,"href":"https:\/\/www.stvvalves.com\/fr\/wp-json\/wp\/v2\/media\/4724"}],"wp:attachment":[{"href":"https:\/\/www.stvvalves.com\/fr\/wp-json\/wp\/v2\/media?parent=4721"}],"wp:term":[{"taxonomy":"product_brand","embeddable":true,"href":"https:\/\/www.stvvalves.com\/fr\/wp-json\/wp\/v2\/product_brand?post=4721"},{"taxonomy":"product_cat","embeddable":true,"href":"https:\/\/www.stvvalves.com\/fr\/wp-json\/wp\/v2\/product_cat?post=4721"},{"taxonomy":"product_tag","embeddable":true,"href":"https:\/\/www.stvvalves.com\/fr\/wp-json\/wp\/v2\/product_tag?post=4721"}],"curies":[{"name":"wp","href":"https:\/\/api.w.org\/{rel}","templated":true}]}}