{"id":4733,"date":"2019-04-22T02:14:41","date_gmt":"2019-04-22T02:14:41","guid":{"rendered":"https:\/\/www.stvvalves.com\/?post_type=product&#038;p=4733"},"modified":"2025-02-17T18:26:43","modified_gmt":"2025-02-17T10:26:43","slug":"hexagon-plug-npt-3000lb-stainless-steel-316","status":"publish","type":"product","link":"https:\/\/www.stvvalves.com\/fr\/products\/hexagon-plug-npt-3000lb-stainless-steel-316\/","title":{"rendered":"Bouchon hexagonal NPT 3000LB Acier inoxydable 316"},"content":{"rendered":"<p>Bouchon hexagonal NPT 3000LB Acier inoxydable 316<\/p>\n<p>\u3010Taille\u3011\uff1a1\/8\u2033-4\u2033<br \/>\n\u3010\u00c9valuation de classe\u3011\uff1a<br \/>\nRaccords filet\u00e9s-2000\/3000\/6000\/9000LB<br \/>\nRaccords de soudage \u00e0 douille-3000\/6000\/9000LB<br \/>\nRaccords pour soudage bout \u00e0 bout-SCH40\/SCH80\/SCH160\/XXS<br \/>\n\u3010Norme\u3011 : ASME B16.11, GB\/T 7306, 12716, 14383, MSS SP-79, 83, 95, 97 JIS B0203, B2316.<br \/>\n\u3010Mat\u00e9riel\u3011:<br \/>\nA. Acier inoxydable\u00a0: F304, F316L, F310S, F317L, F321, F347<br \/>\nB. Acier au carbone\u00a0: A105, A106, A53, A234 WPB<br \/>\nC. Acier alli\u00e9\u00a0: LF2, F5, F9, F11, F22<br \/>\nD. Acier duplex\u00a0: F44, F51, F53, F55, F60<br \/>\nE. Acier sp\u00e9cial\u00a0: 904L, N04400, N08810, N08020, N08825, N06625, N06600<\/p>","protected":false},"excerpt":{"rendered":"<div class=\"woocommerce-product-details__short-description\">\n<div class=\"woocommerce-product-details__short-description\">\n<p>Pression nominale de 3 000 LB<br \/>\nAcier inoxydable ASTM A182 316\/L<br \/>\nBSPT filet\u00e9 selon ISO 7-1<br \/>\nDimensions selon ANSI B16.11\/BS3799<\/p>\n<p>STV Valve Technology Group Co., Ltd est un leader professionnel en Chine de bouchon hexagonal de 3000 LB, de bouchon hexagonal haute pression, de bouchon hexagonal NPT, de fabricant de bouchon hexagonal en acier inoxydable de haute qualit\u00e9 et \u00e0 prix comp\u00e9titif.<\/p>\n<\/div>\n<form class=\"cart\" action=\"https:\/\/www.stvvalves.com\/fr\/product\/hexagon-nipple-npt-stainless-steel\/\" enctype=\"multipart\/form-data\" method=\"post\" data-trp-original-action=\"https:\/\/www.stvvalves.com\/product\/hexagon-nipple-npt-stainless-steel\/\">\n<div class=\"quantity\"><\/div>\n<input type=\"hidden\" name=\"trp-form-language\" value=\"fr\"\/><\/form>\n<\/div>","protected":false},"featured_media":4734,"template":"","meta":[],"product_brand":[],"product_cat":[967,966],"product_tag":[793,794,795,755],"class_list":{"0":"post-4733","1":"product","2":"type-product","3":"status-publish","4":"has-post-thumbnail","6":"product_cat-high-pressure-3000lb6000lb-pipe-fitting","7":"product_cat-pipe-fitting","8":"product_tag-3000lb-hexagon-plug","9":"product_tag-high-pressure-hexagon-plug","10":"product_tag-npt-hexagon-plug","11":"product_tag-stainless-steel-hexagon-plug","13":"first","14":"instock","15":"shipping-taxable","16":"product-type-simple"},"_links":{"self":[{"href":"https:\/\/www.stvvalves.com\/fr\/wp-json\/wp\/v2\/product\/4733","targetHints":{"allow":["GET"]}}],"collection":[{"href":"https:\/\/www.stvvalves.com\/fr\/wp-json\/wp\/v2\/product"}],"about":[{"href":"https:\/\/www.stvvalves.com\/fr\/wp-json\/wp\/v2\/types\/product"}],"wp:featuredmedia":[{"embeddable":true,"href":"https:\/\/www.stvvalves.com\/fr\/wp-json\/wp\/v2\/media\/4734"}],"wp:attachment":[{"href":"https:\/\/www.stvvalves.com\/fr\/wp-json\/wp\/v2\/media?parent=4733"}],"wp:term":[{"taxonomy":"product_brand","embeddable":true,"href":"https:\/\/www.stvvalves.com\/fr\/wp-json\/wp\/v2\/product_brand?post=4733"},{"taxonomy":"product_cat","embeddable":true,"href":"https:\/\/www.stvvalves.com\/fr\/wp-json\/wp\/v2\/product_cat?post=4733"},{"taxonomy":"product_tag","embeddable":true,"href":"https:\/\/www.stvvalves.com\/fr\/wp-json\/wp\/v2\/product_tag?post=4733"}],"curies":[{"name":"wp","href":"https:\/\/api.w.org\/{rel}","templated":true}]}}