{"id":4763,"date":"2019-04-22T07:23:22","date_gmt":"2019-04-22T07:23:22","guid":{"rendered":"https:\/\/www.stvvalves.com\/?post_type=product&#038;p=4763"},"modified":"2025-02-17T18:30:50","modified_gmt":"2025-02-17T10:30:50","slug":"stainless-steel-sanitary-welded-end-y-type-tee","status":"publish","type":"product","link":"https:\/\/www.stvvalves.com\/fr\/products\/stainless-steel-sanitary-welded-end-y-type-tee\/","title":{"rendered":"T\u00e9 de type Y \u00e0 extr\u00e9mit\u00e9 soud\u00e9e sanitaire en acier inoxydable"},"content":{"rendered":"<p>T\u00e9 de type Y \u00e0 extr\u00e9mit\u00e9 soud\u00e9e sanitaire en acier inoxydable<\/p>\n<p>Extr\u00e9mit\u00e9 de connexion : soud\u00e9e, serr\u00e9e, filet\u00e9e, type union,<br \/>\nNorme\u00a0:\u00a0DIN, SMS, ISO, 3A, BPE, IDF, AS, BS<br \/>\nTaille : DN10-300, 1\/2&quot;-6&quot;<br \/>\nMat\u00e9riel: SS304, SS304L, SS316, SS316L<br \/>\nFabriqu\u00e9 \u00e0 partir de tuyaux soud\u00e9s ou de tuyaux sans soudure selon les exigences<br \/>\nFinition de surface\u00a0:\u00a0Miroir, type mat selon les besoins<br \/>\nInt\u00e9rieur Ra 0,4, ext\u00e9rieur Ra 0,8<br \/>\nRondeur, \u00e9galit\u00e9 d&#039;\u00e9paisseur pour r\u00e9pondre \u00e0 la norme internationale de qualit\u00e9 alimentaire<br \/>\nApplication\u00a0:\u00a0Industrie alimentaire, des boissons, des produits laitiers, de la pharmacie, de la chimie ou de toute autre industrie de transformation des aliments<\/p>\n<div id=\"attachment_4764\" style=\"width: 861px\" class=\"wp-caption alignleft\"><img loading=\"lazy\" decoding=\"async\" aria-describedby=\"caption-attachment-4764\" class=\"size-full wp-image-4764\" src=\"https:\/\/www.stvvalves.com\/wp-content\/uploads\/2019\/04\/stainless-steel-sanitary-welded-end-y-type-tee-catalog.jpg\" alt=\"\" width=\"851\" height=\"257\" srcset=\"https:\/\/www.stvvalves.com\/wp-content\/uploads\/2019\/04\/stainless-steel-sanitary-welded-end-y-type-tee-catalog.jpg 851w, https:\/\/www.stvvalves.com\/wp-content\/uploads\/2019\/04\/stainless-steel-sanitary-welded-end-y-type-tee-catalog-600x181.jpg 600w, https:\/\/www.stvvalves.com\/wp-content\/uploads\/2019\/04\/stainless-steel-sanitary-welded-end-y-type-tee-catalog-300x91.jpg 300w, https:\/\/www.stvvalves.com\/wp-content\/uploads\/2019\/04\/stainless-steel-sanitary-welded-end-y-type-tee-catalog-768x232.jpg 768w, https:\/\/www.stvvalves.com\/wp-content\/uploads\/2019\/04\/stainless-steel-sanitary-welded-end-y-type-tee-catalog-705x213.jpg 705w\" sizes=\"auto, (max-width: 851px) 100vw, 851px\" \/><p id=\"caption-attachment-4764\" class=\"wp-caption-text\">Chine T\u00e9 d&#039;extr\u00e9mit\u00e9 soud\u00e9 en acier inoxydable, T\u00e9 d&#039;extr\u00e9mit\u00e9 soud\u00e9 sanitaire, T\u00e9 de type Y en acier inoxydable, T\u00e9 de type Y, Fabricant de T\u00e9 sanitaire en acier inoxydable<\/p><\/div>","protected":false},"excerpt":{"rendered":"<div class=\"woocommerce-product-details__short-description\">\n<div class=\"woocommerce-product-details__short-description\">\n<p><!--StartFragment --><\/p>\n<div>Les t\u00e9s \u00e0 souder sanitaires en acier inoxydable sont utilis\u00e9s sur les installations permanentes o\u00f9 la tuyauterie et l&#039;\u00e9quipement de traitement peuvent \u00eatre nettoy\u00e9s sur place (CIP) et o\u00f9 le retrait du syst\u00e8me n&#039;est pas n\u00e9cessaire. Shaw<br \/>\nTypes : Adaptateurs \u2013 Capuchons \u2013 Croix \u2013 Coudes \u2013 Lat\u00e9raux \u2013 R\u00e9ducteurs \u2013 Extr\u00e9mit\u00e9s tronqu\u00e9es \u2013 T\u00e9s \u2013 En \u00e9toile v\u00e9ritable \u2013 Coudes en U<br \/>\nIl est appliqu\u00e9 au syst\u00e8me de canalisations en acier inoxydable, qui est utilis\u00e9 pour le lait, les aliments, les jus, la bi\u00e8re, la pharmacie, etc.<br \/>\nLes accessoires de r\u00e9servoir sont faciles \u00e0 installer.<br \/>\nSoudage et assemblage sans probl\u00e8me et r\u00e9sistance la plus \u00e9lev\u00e9e possible.<br \/>\nExigences de soudage\u00a0: conscient des exigences sans cesse croissantes en mati\u00e8re de qualit\u00e9 de soudage. Conform\u00e9ment \u00e0 ces exigences, toutes nos soudures et raccords r\u00e9pondent aux normes les plus \u00e9lev\u00e9es. Les r\u00e9ducteurs ont des extr\u00e9mit\u00e9s cylindriques \u00e0 souder et sont disponibles pour toutes les combinaisons de tubes, vous garantissant ainsi le diam\u00e8tre et l&#039;\u00e9paisseur de paroi adapt\u00e9s \u00e0 votre processus.<\/p>\n<\/div>\n<p>STV Valve Technology Group Co., Ltd est un leader professionnel en Chine T\u00e9 d&#039;extr\u00e9mit\u00e9 soud\u00e9 en acier inoxydable, T\u00e9 d&#039;extr\u00e9mit\u00e9 soud\u00e9 sanitaire, T\u00e9 de type Y en acier inoxydable, T\u00e9 de type Y, Fabricant de T\u00e9 sanitaire en acier inoxydable de haute qualit\u00e9 et \u00e0 prix comp\u00e9titif.<\/p>\n<\/div>\n<\/div>","protected":false},"featured_media":4766,"template":"","meta":[],"product_brand":[],"product_cat":[966,969],"product_tag":[823,822,824,825],"class_list":{"0":"post-4763","1":"product","2":"type-product","3":"status-publish","4":"has-post-thumbnail","6":"product_cat-pipe-fitting","7":"product_cat-sanitary-pipe-fitting-and-valves","8":"product_tag-sanitary-welded-end-tee","9":"product_tag-stainless-steel-welded-end-tee","10":"product_tag-stainless-steel-y-type-tee","11":"product_tag-y-type-tee","13":"first","14":"instock","15":"shipping-taxable","16":"product-type-simple"},"_links":{"self":[{"href":"https:\/\/www.stvvalves.com\/fr\/wp-json\/wp\/v2\/product\/4763","targetHints":{"allow":["GET"]}}],"collection":[{"href":"https:\/\/www.stvvalves.com\/fr\/wp-json\/wp\/v2\/product"}],"about":[{"href":"https:\/\/www.stvvalves.com\/fr\/wp-json\/wp\/v2\/types\/product"}],"wp:featuredmedia":[{"embeddable":true,"href":"https:\/\/www.stvvalves.com\/fr\/wp-json\/wp\/v2\/media\/4766"}],"wp:attachment":[{"href":"https:\/\/www.stvvalves.com\/fr\/wp-json\/wp\/v2\/media?parent=4763"}],"wp:term":[{"taxonomy":"product_brand","embeddable":true,"href":"https:\/\/www.stvvalves.com\/fr\/wp-json\/wp\/v2\/product_brand?post=4763"},{"taxonomy":"product_cat","embeddable":true,"href":"https:\/\/www.stvvalves.com\/fr\/wp-json\/wp\/v2\/product_cat?post=4763"},{"taxonomy":"product_tag","embeddable":true,"href":"https:\/\/www.stvvalves.com\/fr\/wp-json\/wp\/v2\/product_tag?post=4763"}],"curies":[{"name":"wp","href":"https:\/\/api.w.org\/{rel}","templated":true}]}}