{"id":4767,"date":"2019-04-22T07:39:31","date_gmt":"2019-04-22T07:39:31","guid":{"rendered":"https:\/\/www.stvvalves.com\/?post_type=product&#038;p=4767"},"modified":"2025-02-17T18:30:35","modified_gmt":"2025-02-17T10:30:35","slug":"hygienic-stainless-steel-forged-welded-end-tube-tee","status":"publish","type":"product","link":"https:\/\/www.stvvalves.com\/fr\/products\/hygienic-stainless-steel-forged-welded-end-tube-tee\/","title":{"rendered":"T\u00e9 de tube d&#039;extr\u00e9mit\u00e9 soud\u00e9 et forg\u00e9 en acier inoxydable hygi\u00e9nique"},"content":{"rendered":"<p>T\u00e9 de type Y \u00e0 extr\u00e9mit\u00e9 soud\u00e9e sanitaire en acier inoxydable<\/p>\n<p>Extr\u00e9mit\u00e9 de connexion : soud\u00e9e, serr\u00e9e, filet\u00e9e, type union,<br \/>\nNorme\u00a0:\u00a0DIN, SMS, ISO, 3A, BPE, IDF, AS, BS<br \/>\nTaille : DN15-150, 1\/2&quot;-6&quot;<br \/>\nMat\u00e9riel: SS304, SS304L, SS316, SS316L<br \/>\nFabriqu\u00e9 \u00e0 partir de tuyaux soud\u00e9s ou de tuyaux sans soudure selon les exigences<br \/>\nFinition de surface\u00a0:\u00a0Miroir, type mat selon les besoins<br \/>\nInt\u00e9rieur Ra 0,4, ext\u00e9rieur Ra 0,8<br \/>\nRondeur, \u00e9galit\u00e9 d&#039;\u00e9paisseur pour r\u00e9pondre \u00e0 la norme internationale de qualit\u00e9 alimentaire<br \/>\nApplication\u00a0:\u00a0Industrie alimentaire, des boissons, des produits laitiers, de la pharmacie, de la chimie ou de toute autre industrie de transformation des aliments<\/p>\n<div id=\"attachment_4768\" style=\"width: 872px\" class=\"wp-caption alignleft\"><img loading=\"lazy\" decoding=\"async\" aria-describedby=\"caption-attachment-4768\" class=\"size-full wp-image-4768\" src=\"https:\/\/www.stvvalves.com\/wp-content\/uploads\/2019\/04\/hygienic-stainless-steel-forged-welded-end-tube-tee-catalog.jpg\" alt=\"\" width=\"862\" height=\"508\" srcset=\"https:\/\/www.stvvalves.com\/wp-content\/uploads\/2019\/04\/hygienic-stainless-steel-forged-welded-end-tube-tee-catalog.jpg 862w, https:\/\/www.stvvalves.com\/wp-content\/uploads\/2019\/04\/hygienic-stainless-steel-forged-welded-end-tube-tee-catalog-600x354.jpg 600w, https:\/\/www.stvvalves.com\/wp-content\/uploads\/2019\/04\/hygienic-stainless-steel-forged-welded-end-tube-tee-catalog-300x177.jpg 300w, https:\/\/www.stvvalves.com\/wp-content\/uploads\/2019\/04\/hygienic-stainless-steel-forged-welded-end-tube-tee-catalog-768x453.jpg 768w, https:\/\/www.stvvalves.com\/wp-content\/uploads\/2019\/04\/hygienic-stainless-steel-forged-welded-end-tube-tee-catalog-705x415.jpg 705w\" sizes=\"auto, (max-width: 862px) 100vw, 862px\" \/><p id=\"caption-attachment-4768\" class=\"wp-caption-text\">Chine T\u00e9 de tube d&#039;extr\u00e9mit\u00e9 soud\u00e9 forg\u00e9 en acier inoxydable hygi\u00e9nique, T\u00e9 soud\u00e9 en acier inoxydable, T\u00e9 de tube soud\u00e9, T\u00e9 de type Y, T\u00e9 hygi\u00e9nique, T\u00e9 en acier inoxydable, Fabricant de T\u00e9 soud\u00e9 forg\u00e9 hygi\u00e9nique<\/p><\/div>","protected":false},"excerpt":{"rendered":"<div>T\u00e9 de tube d&#039;extr\u00e9mit\u00e9 soud\u00e9 et forg\u00e9 en acier inoxydable hygi\u00e9nique<br \/>\nIl est appliqu\u00e9 au syst\u00e8me de canalisations en acier inoxydable, qui est utilis\u00e9 pour le lait, les aliments, les jus, la bi\u00e8re, la pharmacie, etc.<br \/>\nSTV Valve Technology Group Co., Ltd est un leader professionnel en Chine T\u00e9 de tube d&#039;extr\u00e9mit\u00e9 soud\u00e9 forg\u00e9 en acier inoxydable hygi\u00e9nique, T\u00e9 soud\u00e9 en acier inoxydable, T\u00e9 de tube soud\u00e9, T\u00e9 de type Y, T\u00e9 hygi\u00e9nique, T\u00e9 en acier inoxydable, Fabricant de T\u00e9 soud\u00e9 forg\u00e9 hygi\u00e9nique avec une haute qualit\u00e9 et prix comp\u00e9titif.<\/div>","protected":false},"featured_media":4769,"template":"","meta":[],"product_brand":[],"product_cat":[966,969],"product_tag":[827,830,826,829,785,828],"class_list":{"0":"post-4767","1":"product","2":"type-product","3":"status-publish","4":"has-post-thumbnail","6":"product_cat-pipe-fitting","7":"product_cat-sanitary-pipe-fitting-and-valves","8":"product_tag-china-stainless-steel-welded-tee","9":"product_tag-hygienic-forged-welded-tee","10":"product_tag-hygienic-stainless-steel-forged-welded-end-tube-tee","11":"product_tag-hygienic-tee","12":"product_tag-stainless-steel-tee","13":"product_tag-welded-tube-tee","15":"first","16":"instock","17":"shipping-taxable","18":"product-type-simple"},"_links":{"self":[{"href":"https:\/\/www.stvvalves.com\/fr\/wp-json\/wp\/v2\/product\/4767","targetHints":{"allow":["GET"]}}],"collection":[{"href":"https:\/\/www.stvvalves.com\/fr\/wp-json\/wp\/v2\/product"}],"about":[{"href":"https:\/\/www.stvvalves.com\/fr\/wp-json\/wp\/v2\/types\/product"}],"wp:featuredmedia":[{"embeddable":true,"href":"https:\/\/www.stvvalves.com\/fr\/wp-json\/wp\/v2\/media\/4769"}],"wp:attachment":[{"href":"https:\/\/www.stvvalves.com\/fr\/wp-json\/wp\/v2\/media?parent=4767"}],"wp:term":[{"taxonomy":"product_brand","embeddable":true,"href":"https:\/\/www.stvvalves.com\/fr\/wp-json\/wp\/v2\/product_brand?post=4767"},{"taxonomy":"product_cat","embeddable":true,"href":"https:\/\/www.stvvalves.com\/fr\/wp-json\/wp\/v2\/product_cat?post=4767"},{"taxonomy":"product_tag","embeddable":true,"href":"https:\/\/www.stvvalves.com\/fr\/wp-json\/wp\/v2\/product_tag?post=4767"}],"curies":[{"name":"wp","href":"https:\/\/api.w.org\/{rel}","templated":true}]}}