{"id":4782,"date":"2019-04-23T06:02:56","date_gmt":"2019-04-23T06:02:56","guid":{"rendered":"https:\/\/www.stvvalves.com\/?post_type=product&#038;p=4782"},"modified":"2025-02-17T18:30:33","modified_gmt":"2025-02-17T10:30:33","slug":"sanitary-stainless-steel-male-thread-butterfly-valve-with-round-pull-handle","status":"publish","type":"product","link":"https:\/\/www.stvvalves.com\/fr\/products\/sanitary-stainless-steel-male-thread-butterfly-valve-with-round-pull-handle\/","title":{"rendered":"Vanne papillon sanitaire \u00e0 filetage m\u00e2le en acier inoxydable avec poign\u00e9e ronde"},"content":{"rendered":"<p>Vanne papillon sanitaire \u00e0 filetage m\u00e2le en acier inoxydable avec poign\u00e9e ronde<\/p>\n<p>Caract\u00e9ristiques:<br \/>\nMeilleure r\u00e9sistance aux acides, aux alcalis et aux hautes temp\u00e9ratures<br \/>\nTemp\u00e9rature\u00a0: -10 degr\u00e9s ~~ 120 degr\u00e9s<br \/>\nPlus de trente mille tests de s\u00e9curit\u00e9<br \/>\nFinition de la surface ext\u00e9rieure\u00a0: Ra 1,2<br \/>\nConception de joint sp\u00e9ciale, fluide sans r\u00e9sidus<br \/>\nLe disque de valve est fabriqu\u00e9 \u00e0 partir de pi\u00e8ces forg\u00e9es.<br \/>\nLe corps de la vanne est fabriqu\u00e9 en forgeage.<br \/>\nPoign\u00e9e manuelle : poign\u00e9e de traction, poign\u00e9e de pr\u00e9hension en plastique ou poign\u00e9e de pr\u00e9hension en acier inoxydable<br \/>\nJoint : EPDM, silicone ou Viton<br \/>\nTous les joints sont approuv\u00e9s par la FDA<br \/>\nMax. Pression\u00a0: 16BAR pour les connexions \u00e0 souder\u00a0; 10BAR pour les autres connexions<br \/>\nMin. Pression\u00a0:\u00a00,2\u00a0BAR<br \/>\nConception compacte, entretien facile et couple \u00e9lev\u00e9<\/p>\n<p>Extr\u00e9mit\u00e9 de connexion\u00a0:\u00a0soudure, tri-serr\u00e9, union, bride, filetage m\u00e2le, filetage femelle<br \/>\nNorme\u00a0:\u00a0DIN, SMS, ISO, 3A, IDF<br \/>\nMat\u00e9riel: SS304, SS316L<br \/>\nFinition de la surface int\u00e9rieure\u00a0: Ra0,4<br \/>\nTaille : DN20-DN300, 3\/4\u2033-10\u2033<br \/>\nStandard\u00a0: tirer la poign\u00e9e normalement avec 3 positions (4 positions peuvent \u00eatre personnalis\u00e9es)<br \/>\nPoign\u00e9e de pr\u00e9hension normalement \u00e0 13 positions.<\/p>\n<p>Application\u00a0:\u00a0Industrie alimentaire, des boissons, des produits laitiers, de la pharmacie, de la chimie ou de toute autre industrie de transformation des aliments<\/p>\n<div id=\"attachment_4783\" style=\"width: 885px\" class=\"wp-caption alignleft\"><img loading=\"lazy\" decoding=\"async\" aria-describedby=\"caption-attachment-4783\" class=\"size-full wp-image-4783\" src=\"https:\/\/www.stvvalves.com\/wp-content\/uploads\/2019\/04\/sanitary-stainless-steel-male-thread-butterfly-valve-with-round-pull-handle-catalog.jpg\" alt=\"\" width=\"875\" height=\"658\" srcset=\"https:\/\/www.stvvalves.com\/wp-content\/uploads\/2019\/04\/sanitary-stainless-steel-male-thread-butterfly-valve-with-round-pull-handle-catalog.jpg 875w, https:\/\/www.stvvalves.com\/wp-content\/uploads\/2019\/04\/sanitary-stainless-steel-male-thread-butterfly-valve-with-round-pull-handle-catalog-600x451.jpg 600w, https:\/\/www.stvvalves.com\/wp-content\/uploads\/2019\/04\/sanitary-stainless-steel-male-thread-butterfly-valve-with-round-pull-handle-catalog-300x226.jpg 300w, https:\/\/www.stvvalves.com\/wp-content\/uploads\/2019\/04\/sanitary-stainless-steel-male-thread-butterfly-valve-with-round-pull-handle-catalog-768x578.jpg 768w, https:\/\/www.stvvalves.com\/wp-content\/uploads\/2019\/04\/sanitary-stainless-steel-male-thread-butterfly-valve-with-round-pull-handle-catalog-705x530.jpg 705w\" sizes=\"auto, (max-width: 875px) 100vw, 875px\" \/><p id=\"caption-attachment-4783\" class=\"wp-caption-text\">Chine Vanne papillon sanitaire, vanne papillon \u00e0 filetage sanitaire, vannes papillon \u00e0 filetage sanitaire, vanne papillon sanitaire avec poign\u00e9e \u00e0 tirer, vanne papillon sanitaire avec poign\u00e9e \u00e0 tirer SS fabricants<\/p><\/div>","protected":false},"excerpt":{"rendered":"<p>STV Valve Technology Group Co., Ltd est un leader professionnel en Chine Vanne papillon sanitaire, Vanne papillon \u00e0 filetage sanitaire, Vannes papillon \u00e0 filetage sanitaire, Vanne papillon sanitaire avec poign\u00e9e \u00e0 tirer, Vanne papillon sanitaire avec poign\u00e9e \u00e0 tirer SS Fabricants de haute qualit\u00e9 et prix comp\u00e9titif.<\/p>\n<p>Notre corps de vanne papillon peut \u00eatre propos\u00e9 avec une extr\u00e9mit\u00e9 \u00e0 souder, une extr\u00e9mit\u00e9 m\u00e2le, une extr\u00e9mit\u00e9 femelle et une extr\u00e9mit\u00e9 \u00e0 pince. Nos vannes papillon peuvent \u00eatre install\u00e9es avec diff\u00e9rents types de poign\u00e9es comme une poign\u00e9e de traction \u00e0 4 positions, une poign\u00e9e de pr\u00e9hension \u00e0 12 positions et 10 autres types suppl\u00e9mentaires ou \u00eatre install\u00e9es avec un actionneur pour un contr\u00f4le automatique pour votre large utilisation.<br \/>\nLe corps et le disque de la vanne papillon sont tous fabriqu\u00e9s \u00e0 partir d&#039;un polissage de haute qualit\u00e9 enti\u00e8rement usin\u00e9 CNC.<br \/>\nTous les produits ont \u00e9t\u00e9 test\u00e9s \u00e0 100\u00a0{8141c64f649aa10a30e48bdb99fa3eccf7af065b4b625c7c4d110ee570dfa2a6} avant exp\u00e9dition.<br \/>\nIl est n\u00e9cessaire de pr\u00e9ciser au moment de la passation des commandes si des num\u00e9ros de s\u00e9rie et des MTR sont requis.<br \/>\nDes si\u00e8ges en EPDM, silicone et Viton sont disponibles pour \u00eatre install\u00e9s dans nos vannes papillon qui conviennent \u00e0 de nombreuses applications telles que l&#039;alimentation, les produits laitiers, les boissons, la transformation de la viande, la chimie et bien d&#039;autres industries.<\/p>\n<p>&nbsp;<\/p>","protected":false},"featured_media":4784,"template":"","meta":[],"product_brand":[],"product_cat":[966,969],"product_tag":[837,840,841,838,839],"class_list":{"0":"post-4782","1":"product","2":"type-product","3":"status-publish","4":"has-post-thumbnail","6":"product_cat-pipe-fitting","7":"product_cat-sanitary-pipe-fitting-and-valves","8":"product_tag-sanitary-butterfly-valve","9":"product_tag-sanitary-butterfly-valve-with-pull-handle","10":"product_tag-sanitary-butterfly-valve-with-ss-pull-handle-manufacturers","11":"product_tag-sanitary-thread-butterfly-valve","12":"product_tag-sanitary-thread-butterfly-valves","14":"first","15":"instock","16":"shipping-taxable","17":"product-type-simple"},"_links":{"self":[{"href":"https:\/\/www.stvvalves.com\/fr\/wp-json\/wp\/v2\/product\/4782","targetHints":{"allow":["GET"]}}],"collection":[{"href":"https:\/\/www.stvvalves.com\/fr\/wp-json\/wp\/v2\/product"}],"about":[{"href":"https:\/\/www.stvvalves.com\/fr\/wp-json\/wp\/v2\/types\/product"}],"wp:featuredmedia":[{"embeddable":true,"href":"https:\/\/www.stvvalves.com\/fr\/wp-json\/wp\/v2\/media\/4784"}],"wp:attachment":[{"href":"https:\/\/www.stvvalves.com\/fr\/wp-json\/wp\/v2\/media?parent=4782"}],"wp:term":[{"taxonomy":"product_brand","embeddable":true,"href":"https:\/\/www.stvvalves.com\/fr\/wp-json\/wp\/v2\/product_brand?post=4782"},{"taxonomy":"product_cat","embeddable":true,"href":"https:\/\/www.stvvalves.com\/fr\/wp-json\/wp\/v2\/product_cat?post=4782"},{"taxonomy":"product_tag","embeddable":true,"href":"https:\/\/www.stvvalves.com\/fr\/wp-json\/wp\/v2\/product_tag?post=4782"}],"curies":[{"name":"wp","href":"https:\/\/api.w.org\/{rel}","templated":true}]}}