{"id":4803,"date":"2019-04-24T01:34:57","date_gmt":"2019-04-24T01:34:57","guid":{"rendered":"https:\/\/www.stvvalves.com\/?post_type=product&#038;p=4803"},"modified":"2025-02-19T19:48:41","modified_gmt":"2025-02-19T11:48:41","slug":"stainless-steel-mini-ball-valve-with-ss-handle","status":"publish","type":"product","link":"https:\/\/www.stvvalves.com\/fr\/products\/stainless-steel-mini-ball-valve-with-ss-handle\/","title":{"rendered":"Mini robinet \u00e0 tournant sph\u00e9rique en acier inoxydable avec poign\u00e9e en acier inoxydable"},"content":{"rendered":"<p>Mini robinet \u00e0 tournant sph\u00e9rique en acier inoxydable avec poign\u00e9e en acier inoxydable<\/p>\n<p>Corps et bille SS 316 (CF8M) \u2013 pour plus de solidit\u00e9 et de r\u00e9sistance \u00e0 la corrosion<br \/>\nPlage de temp\u00e9rature : -29\u00b0C \u00e0 150\u00b0C<br \/>\nPression de travail de 1000 psi<br \/>\nLe syst\u00e8me \u00e0 double joint permet au flux d&#039;aller dans les deux sens<br \/>\nPoign\u00e9es robustes en alliage de zinc (peintes en bleu)<br \/>\nFonctionnement rapide en ouverture ou fermeture 1\/4 de tour<br \/>\nChaque vanne test\u00e9e individuellement pour une s\u00e9curit\u00e9 maximale<br \/>\nConnexions NPT (FxF, FxM et MxM)<\/p>\n<p>D\u00e9signation \u2013 Mat\u00e9riau<\/p>\n<p>Carrosserie \u2013 SS 316 (CF8M)<\/p>\n<p>Bille \u2013 SS 316 (CF8M)<\/p>\n<p>Capot \u2013 SS 316 (CF8M)<\/p>\n<p>Si\u00e8ge \u00e0 bille \u2013 RPTFE<\/p>\n<p>Tige de valve \u2013 SS 304\/SS 316<\/p>\n<p>Levier \u2013 SS<\/p>\n<table>\n<tbody>\n<tr>\n<td width=\"200\"><strong>Nom du produit<\/strong><\/td>\n<td width=\"481\">Mini robinet \u00e0 tournant sph\u00e9rique en acier inoxydable avec poign\u00e9e en acier inoxydable<\/td>\n<\/tr>\n<tr>\n<td width=\"200\">1. Mat\u00e9riel<\/td>\n<td width=\"481\">316<\/td>\n<\/tr>\n<tr>\n<td width=\"200\">2. Taille<\/td>\n<td width=\"481\">1&quot;<\/td>\n<\/tr>\n<tr>\n<td width=\"200\">4. Port<\/td>\n<td width=\"481\">Port r\u00e9ducteur<\/td>\n<\/tr>\n<tr>\n<td width=\"200\">5. Pression de travail<\/td>\n<td width=\"481\">1000 WOG<\/td>\n<\/tr>\n<tr>\n<td width=\"200\">6. Fin de la connexion<\/td>\n<td width=\"481\">TNP<\/td>\n<\/tr>\n<tr>\n<td width=\"200\">7. Temp\u00e9rature de travail.<\/td>\n<td width=\"481\">-29~120\u00baC,<\/td>\n<\/tr>\n<tr>\n<td width=\"200\">8. Support appropri\u00e9<\/td>\n<td width=\"481\">Eau, gaz naturel, p\u00e9trole et certains liquides corrosifs<\/td>\n<\/tr>\n<tr>\n<td width=\"200\">9. Exploit\u00e9<\/td>\n<td width=\"481\">Volant<\/td>\n<\/tr>\n<tr>\n<td width=\"200\">10. Inspection et tests<\/td>\n<td width=\"481\">Selon API598<\/td>\n<\/tr>\n<tr>\n<td width=\"200\"><strong>Exp\u00e9dition<\/strong><\/td>\n<td width=\"481\"><\/td>\n<\/tr>\n<tr>\n<td width=\"200\">D\u00e9lai de livraison<\/td>\n<td width=\"481\">30 jours<\/td>\n<\/tr>\n<tr>\n<td width=\"200\">Emballer<\/td>\n<td width=\"481\">Caisse en contreplaqu\u00e9 d&#039;exportation standard<\/td>\n<\/tr>\n<tr>\n<td width=\"200\">Port d&#039;exp\u00e9dition<\/td>\n<td width=\"481\">Ningbo\/Shanghai, Chine<\/td>\n<\/tr>\n<tr>\n<td width=\"200\">Conditions d&#039;exp\u00e9dition<\/td>\n<td width=\"481\">Exw, FOB, CFR, CIF, etc.<\/td>\n<\/tr>\n<tr>\n<td width=\"200\">Modalit\u00e9s de paiement<\/td>\n<td width=\"481\">T\/T, Western Union, PayPal, etc.<\/td>\n<\/tr>\n<tr>\n<td width=\"200\"><\/td>\n<td width=\"481\">Pr\u00e9paiement 30%, solde 70% pay\u00e9 avant l&#039;exp\u00e9dition<\/td>\n<\/tr>\n<tr>\n<td width=\"200\">Pays d&#039;origine<\/td>\n<td width=\"481\">Ville de Wenzhou, Chine<\/td>\n<\/tr>\n<tr>\n<td width=\"200\">Capacit\u00e9 de production<\/td>\n<td width=\"481\">6000 tonnes\/an<\/td>\n<\/tr>\n<tr>\n<td width=\"200\">MOQ<\/td>\n<td width=\"481\">1 pi\u00e8ces\/taille<\/td>\n<\/tr>\n<\/tbody>\n<\/table>\n<p>&nbsp;<\/p>","protected":false},"excerpt":{"rendered":"<p>STV Valve Technology Group Co., Ltd est un leader professionnel en Chine Mini robinets \u00e0 tournant sph\u00e9rique en acier inoxydable, MiNi robinet \u00e0 tournant sph\u00e9rique en acier inoxydable PN63 avec poign\u00e9e SS, Mini robinet \u00e0 tournant sph\u00e9rique, Mini robinet \u00e0 tournant sph\u00e9rique en acier inoxydable 1\/4 \u2033 Fabricants de haute qualit\u00e9 et prix comp\u00e9titif.<\/p>\n<p>Veuillez contacter notre sales@stvvalve.com pour d&#039;autres mat\u00e9riaux et d\u00e9tails.<\/p>\n<p>Feuille de dates\u00a0: <a href=\"https:\/\/www.stvvalves.com\/wp-content\/uploads\/2018\/11\/Screwed-Stainless-Steel-Mini-Ball-Valve-FM.pdf\">Mini robinet \u00e0 tournant sph\u00e9rique en acier inoxydable avec poign\u00e9e en acier inoxydable<\/a><\/p>","protected":false},"featured_media":4806,"template":"","meta":[],"product_brand":[],"product_cat":[43,79],"product_tag":[202,855,853,854],"class_list":{"0":"post-4803","1":"product","2":"type-product","3":"status-publish","4":"has-post-thumbnail","6":"product_cat-ball-valve","7":"product_cat-threaded-ball-valve","8":"product_tag-mini-ball-valve","9":"product_tag-stainless-steel-mini-ball-valve-1-4","10":"product_tag-stainless-steel-mini-ball-valves","11":"product_tag-stainless-steel-pn63-mini-ball-valve-with-ss-handle","13":"first","14":"instock","15":"shipping-taxable","16":"product-type-simple"},"_links":{"self":[{"href":"https:\/\/www.stvvalves.com\/fr\/wp-json\/wp\/v2\/product\/4803","targetHints":{"allow":["GET"]}}],"collection":[{"href":"https:\/\/www.stvvalves.com\/fr\/wp-json\/wp\/v2\/product"}],"about":[{"href":"https:\/\/www.stvvalves.com\/fr\/wp-json\/wp\/v2\/types\/product"}],"wp:featuredmedia":[{"embeddable":true,"href":"https:\/\/www.stvvalves.com\/fr\/wp-json\/wp\/v2\/media\/4806"}],"wp:attachment":[{"href":"https:\/\/www.stvvalves.com\/fr\/wp-json\/wp\/v2\/media?parent=4803"}],"wp:term":[{"taxonomy":"product_brand","embeddable":true,"href":"https:\/\/www.stvvalves.com\/fr\/wp-json\/wp\/v2\/product_brand?post=4803"},{"taxonomy":"product_cat","embeddable":true,"href":"https:\/\/www.stvvalves.com\/fr\/wp-json\/wp\/v2\/product_cat?post=4803"},{"taxonomy":"product_tag","embeddable":true,"href":"https:\/\/www.stvvalves.com\/fr\/wp-json\/wp\/v2\/product_tag?post=4803"}],"curies":[{"name":"wp","href":"https:\/\/api.w.org\/{rel}","templated":true}]}}