{"id":4824,"date":"2019-04-29T07:07:10","date_gmt":"2019-04-29T07:07:10","guid":{"rendered":"https:\/\/www.stvvalves.com\/?post_type=product&#038;p=4824"},"modified":"2025-02-17T18:29:41","modified_gmt":"2025-02-17T10:29:41","slug":"sanitary-stainless-steel-13mhh-mini-type-clamp-tube-pipe","status":"publish","type":"product","link":"https:\/\/www.stvvalves.com\/fr\/products\/sanitary-stainless-steel-13mhh-mini-type-clamp-tube-pipe\/","title":{"rendered":"Tuyau sanitaire de tube de bride de type mini de l&#039;acier inoxydable 13MHH"},"content":{"rendered":"<p>Tuyau sanitaire de tube de bride de type mini de l&#039;acier inoxydable 13MHH<\/p>\n<p>Fabriqu\u00e9 \u00e0 partir de forge<br \/>\nUsin\u00e9 par une machine CNC de haute pr\u00e9cision<br \/>\nApr\u00e8s usinage, l&#039;int\u00e9rieur Ra 0,5<br \/>\nNorme\u00a0:\u00a0DIN, SMS, ISO, 3A, BPE, IDF, AS, BS, RJT<br \/>\nTaille : DN10-300, 1\/2&quot;-10&quot;<br \/>\nMat\u00e9riel: SS304, SS316L<br \/>\nJoint\u00a0: EPDM, SILICONE, PFTE, NBR<br \/>\nFinition de surface\u00a0:\u00a0Non polissage, la surface brute apr\u00e8s usinage<br \/>\nRondeur, \u00e9galit\u00e9 d&#039;\u00e9paisseur et valeur Ra pour r\u00e9pondre \u00e0 la norme internationale de qualit\u00e9 alimentaire<br \/>\nApplication\u00a0:\u00a0Industrie alimentaire, des boissons, des produits laitiers, de la pharmacie, de la chimie ou de toute autre industrie de transformation des aliments<\/p>\n<p>&nbsp;<\/p>\n<div id=\"attachment_4826\" style=\"width: 869px\" class=\"wp-caption alignleft\"><img loading=\"lazy\" decoding=\"async\" aria-describedby=\"caption-attachment-4826\" class=\"size-full wp-image-4826\" src=\"https:\/\/www.stvvalves.com\/wp-content\/uploads\/2019\/04\/sanitary-stainless-steel-13mhh-mini-type-clamp-tube-pipe-catalog.jpg\" alt=\"\" width=\"859\" height=\"297\" srcset=\"https:\/\/www.stvvalves.com\/wp-content\/uploads\/2019\/04\/sanitary-stainless-steel-13mhh-mini-type-clamp-tube-pipe-catalog.jpg 859w, https:\/\/www.stvvalves.com\/wp-content\/uploads\/2019\/04\/sanitary-stainless-steel-13mhh-mini-type-clamp-tube-pipe-catalog-600x207.jpg 600w, https:\/\/www.stvvalves.com\/wp-content\/uploads\/2019\/04\/sanitary-stainless-steel-13mhh-mini-type-clamp-tube-pipe-catalog-300x104.jpg 300w, https:\/\/www.stvvalves.com\/wp-content\/uploads\/2019\/04\/sanitary-stainless-steel-13mhh-mini-type-clamp-tube-pipe-catalog-768x266.jpg 768w, https:\/\/www.stvvalves.com\/wp-content\/uploads\/2019\/04\/sanitary-stainless-steel-13mhh-mini-type-clamp-tube-pipe-catalog-705x244.jpg 705w\" sizes=\"auto, (max-width: 859px) 100vw, 859px\" \/><p id=\"caption-attachment-4826\" class=\"wp-caption-text\">Chine Raccord de tuyau en acier inoxydable, collier de serrage sanitaire, collier de serrage sanitaire en acier inoxydable, collier de serrage 13mhh, fabricant de mini colliers de serrage sanitaires 13MHH<\/p><\/div>","protected":false},"excerpt":{"rendered":"<p>STV Valve Technology Group Co., Ltd est un leader professionnel en Chine, raccord de tuyau en acier inoxydable, pince sanitaire, pince sanitaire en acier inoxydable, pince 13mhh, fabricant de mini pinces sanitaires 13MHH de haute qualit\u00e9 et \u00e0 prix comp\u00e9titif.<\/p>\n<p>Tuyau de tube de serrage sanitaire en acier inoxydable 13MHH de type mini. Taille de 1\/2\u2033 \u00e0 12\u2033, toutes nos viroles de raccords sanitaires sont produites par un tour CNC, ayant une surface de haute puret\u00e9 et r\u00e9pondant aux exigences des industries alimentaires, des boissons, des produits laitiers, de la pharmacie, etc. La longueur standard de la virole des raccords sanitaires est de 12,7 mm ou 21,5 mm.<\/p>","protected":false},"featured_media":4825,"template":"","meta":[],"product_brand":[],"product_cat":[966,969],"product_tag":[869,870,867,868,866],"class_list":{"0":"post-4824","1":"product","2":"type-product","3":"status-publish","4":"has-post-thumbnail","6":"product_cat-pipe-fitting","7":"product_cat-sanitary-pipe-fitting-and-valves","8":"product_tag-13mhh-clamp","9":"product_tag-sanitary-13mhh-mini-clamp","10":"product_tag-sanitary-clamp","11":"product_tag-sanitary-stainless-steel-clamp","12":"product_tag-stainless-steel-pipe-fitting","14":"first","15":"instock","16":"shipping-taxable","17":"product-type-simple"},"_links":{"self":[{"href":"https:\/\/www.stvvalves.com\/fr\/wp-json\/wp\/v2\/product\/4824","targetHints":{"allow":["GET"]}}],"collection":[{"href":"https:\/\/www.stvvalves.com\/fr\/wp-json\/wp\/v2\/product"}],"about":[{"href":"https:\/\/www.stvvalves.com\/fr\/wp-json\/wp\/v2\/types\/product"}],"wp:featuredmedia":[{"embeddable":true,"href":"https:\/\/www.stvvalves.com\/fr\/wp-json\/wp\/v2\/media\/4825"}],"wp:attachment":[{"href":"https:\/\/www.stvvalves.com\/fr\/wp-json\/wp\/v2\/media?parent=4824"}],"wp:term":[{"taxonomy":"product_brand","embeddable":true,"href":"https:\/\/www.stvvalves.com\/fr\/wp-json\/wp\/v2\/product_brand?post=4824"},{"taxonomy":"product_cat","embeddable":true,"href":"https:\/\/www.stvvalves.com\/fr\/wp-json\/wp\/v2\/product_cat?post=4824"},{"taxonomy":"product_tag","embeddable":true,"href":"https:\/\/www.stvvalves.com\/fr\/wp-json\/wp\/v2\/product_tag?post=4824"}],"curies":[{"name":"wp","href":"https:\/\/api.w.org\/{rel}","templated":true}]}}