{"id":4833,"date":"2019-05-05T15:14:18","date_gmt":"2019-05-05T15:14:18","guid":{"rendered":"https:\/\/www.stvvalves.com\/?post_type=product&#038;p=4833"},"modified":"2025-02-17T18:29:39","modified_gmt":"2025-02-17T10:29:39","slug":"api-602-bw-end-globe-valve-f11-body-with-nipple-dn40-1500lb","status":"publish","type":"product","link":"https:\/\/www.stvvalves.com\/fr\/products\/api-602-bw-end-globe-valve-f11-body-with-nipple-dn40-1500lb\/","title":{"rendered":"Vanne \u00e0 soupape d&#039;extr\u00e9mit\u00e9 API 602 BW, corps F11 avec mamelon, DN40,1500LB"},"content":{"rendered":"<p>Norme de conception\u00a0: API602.<br \/>\nMat\u00e9riau du corps\u00a0: F11<br \/>\nDiam\u00e8tre nominal : 11\/2 pouces (DN40).<br \/>\nPression : Classe 1500.<br \/>\nFin de la connexion\u00a0: BW.<br \/>\nFace \u00e0 face\u00a0: ASME B16.10.<br \/>\nTemp\u00e9rature de fonctionnement : -29 \u2103 ~ + 560 \u2103.<br \/>\nMode de fonctionnement : Volant.<br \/>\nTest et inspection\u00a0: API 598.<br \/>\nGamme de produits<br \/>\nMat\u00e9riau du corps\u00a0: A105, LF2, F5, F11, F22, 304, 304L, 316, 316L, F51, F91, 20#, Inconel.Ect<br \/>\nDiam\u00e8tre normal\u00a0: 1\/2\u2033~2\u2033 (DN15~DN80).<br \/>\nConnexion d&#039;extr\u00e9mit\u00e9\u00a0: NPT, SW, soud\u00e9e bout \u00e0 bout, \u00e0 bride.<br \/>\nPlage de pression : 150 lb ~ 2 500 lb (PN10 ~ PN420).<br \/>\nFonctionnement\u00a0: volant, \u00e9lectrique, actionneur pneumatique<br \/>\nTemp\u00e9rature de fonctionnement : -196 \u2103 ~ +560 \u2103.<\/p>\n<table>\n<tbody>\n<tr>\n<td width=\"200\"><strong>Nom du produit<\/strong><\/td>\n<td width=\"481\">Vanne \u00e0 soupape d&#039;extr\u00e9mit\u00e9 API 602 BW, corps F11 avec mamelon, DN40,1500LB<\/td>\n<\/tr>\n<tr>\n<td width=\"200\">1. Mat\u00e9riel<\/td>\n<td width=\"481\">F11<\/td>\n<\/tr>\n<tr>\n<td width=\"200\">2. Taille<\/td>\n<td width=\"481\">11\/2\u201d<\/td>\n<\/tr>\n<tr>\n<td width=\"200\">4. Port<\/td>\n<td width=\"481\">R\u00e9ducteur<\/td>\n<\/tr>\n<tr>\n<td width=\"200\">5. Pression de travail<\/td>\n<td width=\"481\">1500LB<\/td>\n<\/tr>\n<tr>\n<td width=\"200\">6. Fin de la connexion<\/td>\n<td width=\"481\">PE<\/td>\n<\/tr>\n<tr>\n<td width=\"200\">7. Temp\u00e9rature de travail.<\/td>\n<td width=\"481\">-29~540\u00baC,<\/td>\n<\/tr>\n<tr>\n<td width=\"200\">8. Support appropri\u00e9<\/td>\n<td width=\"481\">Eau, gaz naturel, p\u00e9trole et certains liquides corrosifs<\/td>\n<\/tr>\n<tr>\n<td width=\"200\">9. Exploit\u00e9<\/td>\n<td width=\"481\">Volant<\/td>\n<\/tr>\n<tr>\n<td width=\"200\">10. Inspection et tests<\/td>\n<td width=\"481\">Selon API598<\/td>\n<\/tr>\n<tr>\n<td width=\"200\"><strong>Exp\u00e9dition<\/strong><\/td>\n<td width=\"481\"><\/td>\n<\/tr>\n<tr>\n<td width=\"200\">D\u00e9lai de livraison<\/td>\n<td width=\"481\">30 jours<\/td>\n<\/tr>\n<tr>\n<td width=\"200\">Emballer<\/td>\n<td width=\"481\">Caisse en contreplaqu\u00e9 d&#039;exportation standard<\/td>\n<\/tr>\n<tr>\n<td width=\"200\">Port d&#039;exp\u00e9dition<\/td>\n<td width=\"481\">Ningbo\/Shanghai, Chine<\/td>\n<\/tr>\n<tr>\n<td width=\"200\">Conditions d&#039;exp\u00e9dition<\/td>\n<td width=\"481\">Exw, FOB, CFR, CIF, etc.<\/td>\n<\/tr>\n<tr>\n<td width=\"200\">Modalit\u00e9s de paiement<\/td>\n<td width=\"481\">T\/T, Western Union, PayPal, etc.<\/td>\n<\/tr>\n<tr>\n<td width=\"200\"><\/td>\n<td width=\"481\">Pr\u00e9paiement 30%, solde 70% pay\u00e9 avant l&#039;exp\u00e9dition<\/td>\n<\/tr>\n<tr>\n<td width=\"200\">Pays d&#039;origine<\/td>\n<td width=\"481\">Ville de Wenzhou, Chine<\/td>\n<\/tr>\n<tr>\n<td width=\"200\">Capacit\u00e9 de production<\/td>\n<td width=\"481\">6000 tonnes\/an<\/td>\n<\/tr>\n<tr>\n<td width=\"200\">MOQ<\/td>\n<td width=\"481\">1 pi\u00e8ces\/taille<\/td>\n<\/tr>\n<\/tbody>\n<\/table>","protected":false},"excerpt":{"rendered":"<p>Mod\u00e8le\u00a0: STV-J61Y-1500LB-F11-DN40<\/p>\n<p>STV Valve Technology Group Co., Ltd est un leader professionnel des vannes forg\u00e9es API 602 en Chine, une vanne \u00e0 soupape \u00e0 chapeau boulonn\u00e9 F11, une vanne \u00e0 soupape en acier au carbone forg\u00e9, une vanne \u00e0 soupape en acier forg\u00e9 BW 1500lb, un fabricant de vannes \u00e0 soupape F11 de haute qualit\u00e9 et \u00e0 prix comp\u00e9titif.<\/p>\n<p>Veuillez contacter notre sales@stvvalve.com pour d&#039;autres mat\u00e9riaux et d\u00e9tails.<\/p>\n<p>Feuille de dates\u00a0:<a href=\"https:\/\/www.stvvalves.com\/wp-content\/uploads\/2019\/05\/api-602-bw-end-globe-valve-f11-body-with-nipple-dn40-1500lb-drawing.pdf\">Vanne \u00e0 soupape d&#039;extr\u00e9mit\u00e9 API 602 BW, corps F11 avec mamelon, DN40,1500LB<\/a><\/p>","protected":false},"featured_media":4834,"template":"","meta":[],"product_brand":[],"product_cat":[64,45],"product_tag":[448,875,876,873],"class_list":{"0":"post-4833","1":"product","2":"type-product","3":"status-publish","4":"has-post-thumbnail","6":"product_cat-foreged-steel-globe-valve","7":"product_cat-globe-valve","8":"product_tag-api-602-forged-valves","9":"product_tag-bolted-bonnet-f11-globe-valve","10":"product_tag-bw-1500lb-forged-steel-globe-valve","11":"product_tag-f11-globe-valve-manufacturer","13":"first","14":"instock","15":"shipping-taxable","16":"product-type-simple"},"_links":{"self":[{"href":"https:\/\/www.stvvalves.com\/fr\/wp-json\/wp\/v2\/product\/4833","targetHints":{"allow":["GET"]}}],"collection":[{"href":"https:\/\/www.stvvalves.com\/fr\/wp-json\/wp\/v2\/product"}],"about":[{"href":"https:\/\/www.stvvalves.com\/fr\/wp-json\/wp\/v2\/types\/product"}],"wp:featuredmedia":[{"embeddable":true,"href":"https:\/\/www.stvvalves.com\/fr\/wp-json\/wp\/v2\/media\/4834"}],"wp:attachment":[{"href":"https:\/\/www.stvvalves.com\/fr\/wp-json\/wp\/v2\/media?parent=4833"}],"wp:term":[{"taxonomy":"product_brand","embeddable":true,"href":"https:\/\/www.stvvalves.com\/fr\/wp-json\/wp\/v2\/product_brand?post=4833"},{"taxonomy":"product_cat","embeddable":true,"href":"https:\/\/www.stvvalves.com\/fr\/wp-json\/wp\/v2\/product_cat?post=4833"},{"taxonomy":"product_tag","embeddable":true,"href":"https:\/\/www.stvvalves.com\/fr\/wp-json\/wp\/v2\/product_tag?post=4833"}],"curies":[{"name":"wp","href":"https:\/\/api.w.org\/{rel}","templated":true}]}}