{"id":4837,"date":"2019-05-06T01:13:40","date_gmt":"2019-05-06T01:13:40","guid":{"rendered":"https:\/\/www.stvvalves.com\/?post_type=product&#038;p=4837"},"modified":"2025-02-17T18:29:38","modified_gmt":"2025-02-17T10:29:38","slug":"jis-10k-flanged-ball-valve-iso-5211-mounting-pad-scs14-50a","status":"publish","type":"product","link":"https:\/\/www.stvvalves.com\/fr\/products\/jis-10k-flanged-ball-valve-iso-5211-mounting-pad-scs14-50a\/","title":{"rendered":"Robinet \u00e0 tournant sph\u00e9rique \u00e0 bride JIS 10K, support de montage ISO5211, SCS14,50A"},"content":{"rendered":"<p>Norme de conception\u00a0: JIS B2071.<br \/>\nMat\u00e9riau du corps : SCS14.<br \/>\nDiam\u00e8tre nominal : 2 pouces.<br \/>\nPression\u00a0: JIS10K.<br \/>\nTerminer la connexion\u00a0;FF.<br \/>\nFace \u00e0 face\u00a0: JIS B2002.<br \/>\nTemp\u00e9rature de fonctionnement : -29\u00b0C~+200\u00b0C.<br \/>\nTest et inspection\u00a0: JIS B2003.<br \/>\nGamme de produits<br \/>\nMat\u00e9riau du corps : acier au carbone, acier inoxydable, acier alli\u00e9.<br \/>\nDiam\u00e8tre normal\u00a0: 1\/2\u2033~8\u2033 (DN15~DN200).<br \/>\nConnexion finale\u00a0: JIS B2220<br \/>\nPlage de pression\u00a0: JIS10K-JIS20K<br \/>\nFonctionnement\u00a0: levier, bo\u00eete de vitesses, \u00e9lectrique, pneumatique, actionneur \u00e9lectrohydraulique, actionneur \u00e0 gaz sur huile.<br \/>\nTemp\u00e9rature de fonctionnement : -46\u00b0C~+200\u00b0C.<br \/>\nDispositif antistatique et dispositif ignifuge (option)<br \/>\nAvec support de montage ISO 5211 (option)<\/p>\n<table>\n<tbody>\n<tr>\n<td width=\"200\"><strong><b>Nom du produit<\/b><\/strong><\/td>\n<td width=\"481\">Robinet \u00e0 tournant sph\u00e9rique \u00e0 bride JIS 10K, support de montage ISO5211, SCS14,50A<\/td>\n<\/tr>\n<tr>\n<td width=\"200\">1. Mat\u00e9riel<\/td>\n<td width=\"481\">SS304\/316\/304L\/316L (CF8\/CF8M\/CF3\/CF3M), WCB, etc.<\/td>\n<\/tr>\n<tr>\n<td width=\"200\">2. Taille<\/td>\n<td width=\"481\">1\/2\u2033~8\u2033&#039; (15A~200A)<\/td>\n<\/tr>\n<tr>\n<td width=\"200\">4. Port<\/td>\n<td width=\"481\">Port complet<\/td>\n<\/tr>\n<tr>\n<td width=\"200\">5. Pression de travail<\/td>\n<td width=\"481\">JIS10K ~ 20K<\/td>\n<\/tr>\n<tr>\n<td width=\"200\">6. Fin de la connexion<\/td>\n<td width=\"481\">FR<\/td>\n<\/tr>\n<tr>\n<td width=\"200\">7. Temp\u00e9rature de travail.<\/td>\n<td width=\"481\">-29~180\u00baC,<\/td>\n<\/tr>\n<tr>\n<td width=\"200\">8. Support appropri\u00e9<\/td>\n<td width=\"481\">Eau, gaz naturel, p\u00e9trole et certains liquides corrosifs<\/td>\n<\/tr>\n<tr>\n<td width=\"200\">9. Exploit\u00e9<\/td>\n<td width=\"481\">Volant<\/td>\n<\/tr>\n<tr>\n<td width=\"200\">10. Inspection et tests<\/td>\n<td width=\"481\">Selon JIS B2003<\/td>\n<\/tr>\n<tr>\n<td width=\"200\"><strong><b>Exp\u00e9dition<\/b><\/strong><\/td>\n<td width=\"481\"><\/td>\n<\/tr>\n<tr>\n<td width=\"200\">D\u00e9lai de livraison<\/td>\n<td width=\"481\">30 jours<\/td>\n<\/tr>\n<tr>\n<td width=\"200\">Emballer<\/td>\n<td width=\"481\">Caisse en contreplaqu\u00e9 d&#039;exportation standard<\/td>\n<\/tr>\n<tr>\n<td width=\"200\">Port d&#039;exp\u00e9dition<\/td>\n<td width=\"481\">Ningbo\/Shanghai, Chine<\/td>\n<\/tr>\n<tr>\n<td width=\"200\">Conditions d&#039;exp\u00e9dition<\/td>\n<td width=\"481\">Exw, FOB, CFR, CIF, etc.<\/td>\n<\/tr>\n<tr>\n<td width=\"200\">Modalit\u00e9s de paiement<\/td>\n<td width=\"481\">T\/T, Western Union, PayPal, etc.<\/td>\n<\/tr>\n<tr>\n<td width=\"200\"><\/td>\n<td width=\"481\">Pr\u00e9paiement 30%, solde 70% pay\u00e9 avant l&#039;exp\u00e9dition<\/td>\n<\/tr>\n<tr>\n<td width=\"200\">Pays d&#039;origine<\/td>\n<td width=\"481\">Ville de Wenzhou, Chine<\/td>\n<\/tr>\n<tr>\n<td width=\"200\">Capacit\u00e9 de production<\/td>\n<td width=\"481\">6000 tonnes\/an<\/td>\n<\/tr>\n<tr>\n<td width=\"200\">MOQ<\/td>\n<td width=\"481\">10 pi\u00e8ces\/taille<\/td>\n<\/tr>\n<\/tbody>\n<\/table>","protected":false},"excerpt":{"rendered":"<p>Mod\u00e8le\u00a0: STV-Q41F-JIS10K-DN50-SCS14<\/p>\n<p>Notre robinet \u00e0 tournant sph\u00e9rique \u00e0 bride JIS 10K avec montages directs est dot\u00e9 d&#039;un corps et d&#039;une extr\u00e9mit\u00e9 en fonte de haute qualit\u00e9. ils sont disponibles en 1\/2&quot; \u00e0 8&quot; et sont des ports r\u00e9guliers. Une protection sup\u00e9rieure contre les fuites est obtenue gr\u00e2ce \u00e0 l\u2019utilisation de notre syst\u00e8me brevet\u00e9 de joint de tige \u00ab pyramidal \u00bb illustr\u00e9 dans le graphique ci-dessous. Ce syst\u00e8me avanc\u00e9 prot\u00e8ge contre l&#039;usure et les fuites rencontr\u00e9es par les vannes \u00e0 bille ordinaires. Corps en deux pi\u00e8ces, bille flottante, passage int\u00e9gral, tige anti-explosion Conception ignifuge Dispositifs antistatiques pour corps de tige \u00e0 bille.<\/p>\n<p>Disponible avec les options \u00e0 brides PN16\/40 et ANSI 150 et dans les tailles de 1\/2\u2033 \u00e0 8\u2033.<br \/>\nDot\u00e9es d&#039;un coussinet d&#039;actionnement \u00e0 montage direct ISO 5211, ces vannes sont faciles \u00e0 actionner.<\/p>\n<p>STV Valve Technology Group Co., Ltd est un leader professionnel en Chine Robinet \u00e0 tournant sph\u00e9rique \u00e0 bride JIS 10K, robinet \u00e0 tournant sph\u00e9rique \u00e0 coussin de montage ISO5211, robinet \u00e0 tournant sph\u00e9rique 50A, fabrication de robinet \u00e0 tournant sph\u00e9rique SCS14 de haute qualit\u00e9 et \u00e0 prix comp\u00e9titif.<\/p>\n<p>Veuillez contacter notre sales@stvvalve.com pour d&#039;autres mat\u00e9riaux et d\u00e9tails.<\/p>\n<p>Feuille de dates\u00a0: <a href=\"https:\/\/www.stvvalves.com\/wp-content\/uploads\/2019\/05\/JIS-10K-Flanged-Ball-Valve-ISO5211-Mounting-Pad-SCS14-50A-Drawing.pdf\">Robinet \u00e0 tournant sph\u00e9rique \u00e0 bride JIS 10K, support de montage ISO5211, SCS14,50A<\/a><\/p>\n<p>&nbsp;<\/p>","protected":false},"featured_media":4839,"template":"","meta":[],"product_brand":[],"product_cat":[43,80,78,53],"product_tag":[879,877,878,880],"class_list":{"0":"post-4837","1":"product","2":"type-product","3":"status-publish","4":"has-post-thumbnail","6":"product_cat-ball-valve","7":"product_cat-flange-ball-valve","8":"product_cat-floating-ball-valve","9":"product_cat-stainless-steel-ball-valve","10":"product_tag-50a-ball-valve","11":"product_tag-china-jis-10k-flanged-ball-valve","12":"product_tag-iso5211-mounting-pad-ball-valve","13":"product_tag-scs14-ball-valve-manufacture","15":"first","16":"instock","17":"shipping-taxable","18":"product-type-simple"},"_links":{"self":[{"href":"https:\/\/www.stvvalves.com\/fr\/wp-json\/wp\/v2\/product\/4837","targetHints":{"allow":["GET"]}}],"collection":[{"href":"https:\/\/www.stvvalves.com\/fr\/wp-json\/wp\/v2\/product"}],"about":[{"href":"https:\/\/www.stvvalves.com\/fr\/wp-json\/wp\/v2\/types\/product"}],"wp:featuredmedia":[{"embeddable":true,"href":"https:\/\/www.stvvalves.com\/fr\/wp-json\/wp\/v2\/media\/4839"}],"wp:attachment":[{"href":"https:\/\/www.stvvalves.com\/fr\/wp-json\/wp\/v2\/media?parent=4837"}],"wp:term":[{"taxonomy":"product_brand","embeddable":true,"href":"https:\/\/www.stvvalves.com\/fr\/wp-json\/wp\/v2\/product_brand?post=4837"},{"taxonomy":"product_cat","embeddable":true,"href":"https:\/\/www.stvvalves.com\/fr\/wp-json\/wp\/v2\/product_cat?post=4837"},{"taxonomy":"product_tag","embeddable":true,"href":"https:\/\/www.stvvalves.com\/fr\/wp-json\/wp\/v2\/product_tag?post=4837"}],"curies":[{"name":"wp","href":"https:\/\/api.w.org\/{rel}","templated":true}]}}