{"id":4842,"date":"2019-05-06T01:59:31","date_gmt":"2019-05-06T01:59:31","guid":{"rendered":"https:\/\/www.stvvalves.com\/?post_type=product&#038;p=4842"},"modified":"2025-02-17T18:29:37","modified_gmt":"2025-02-17T10:29:37","slug":"y-type-forged-globe-valve-class-600lb-a105n-hand-wheel-operated-sw-ends-2-inch","status":"publish","type":"product","link":"https:\/\/www.stvvalves.com\/fr\/products\/y-type-forged-globe-valve-class-600lb-a105n-hand-wheel-operated-sw-ends-2-inch\/","title":{"rendered":"Vanne \u00e0 soupape forg\u00e9e de type Y, classe 600 lb, A105N, actionn\u00e9e par volant, extr\u00e9mit\u00e9s pivotantes, 2 pouces"},"content":{"rendered":"<p>Norme de conception\u00a0: API 602.<br \/>\nMat\u00e9riau du corps\u00a0:\u00a0A105N<br \/>\nDiam\u00e8tre nominal : 2 pouces (DN50).<br \/>\nPression : Classe 600.<br \/>\nConnexion finale\u00a0: SW.<br \/>\nFace \u00e0 face\u00a0: ASME B16.10.<br \/>\nTemp\u00e9rature de fonctionnement\u00a0: -29\u00baC~+425\u00baC.<br \/>\nMode de fonctionnement : Volant.<br \/>\nTest et inspection\u00a0: API 598.<\/p>\n<p>Gamme de produits<br \/>\nMat\u00e9riau du corps\u00a0:\u00a0A105, LF2, F5, F11, F22, 304, 304L, 316, 316L, F51, F91, 20#, Inconel, etc.<br \/>\nDiam\u00e8tre normal\u00a0: 1\/2\u2033~3\u2033 (DN15~DN80).<br \/>\nConnexion d&#039;extr\u00e9mit\u00e9\u00a0: NPT, SW, soud\u00e9e bout \u00e0 bout, \u00e0 bride.<br \/>\nPlage de pression : 150 lb ~ 2 500 lb (PN10 ~ PN420).<br \/>\nFonctionnement\u00a0: volant, \u00e9lectrique, actionneur pneumatique<br \/>\nTemp\u00e9rature de fonctionnement\u00a0: -196\u00baC~ +560\u00baC.<\/p>\n<table>\n<tbody>\n<tr>\n<td width=\"200\"><strong>Nom du produit<\/strong><\/td>\n<td width=\"481\">Vanne \u00e0 soupape forg\u00e9e de type Y, classe 600 lb, A105N, actionn\u00e9e par volant, extr\u00e9mit\u00e9s pivotantes, 2 pouces<\/td>\n<\/tr>\n<tr>\n<td width=\"200\">1. Mat\u00e9riel<\/td>\n<td width=\"481\">A105N<\/td>\n<\/tr>\n<tr>\n<td width=\"200\">2. Taille<\/td>\n<td width=\"481\">2&quot;<\/td>\n<\/tr>\n<tr>\n<td width=\"200\">4. Port<\/td>\n<td width=\"481\">Port r\u00e9ducteur<\/td>\n<\/tr>\n<tr>\n<td width=\"200\">5. Pression de travail<\/td>\n<td width=\"481\">600 livres<\/td>\n<\/tr>\n<tr>\n<td width=\"200\">6. Fin de la connexion<\/td>\n<td width=\"481\">Logiciel<\/td>\n<\/tr>\n<tr>\n<td width=\"200\">7. Temp\u00e9rature de travail.<\/td>\n<td width=\"481\">-29~425\u00baC,<\/td>\n<\/tr>\n<tr>\n<td width=\"200\">8. Support appropri\u00e9<\/td>\n<td width=\"481\">Eau, gaz naturel, p\u00e9trole et certains liquides corrosifs<\/td>\n<\/tr>\n<tr>\n<td width=\"200\">9. Exploit\u00e9<\/td>\n<td width=\"481\">Volant<\/td>\n<\/tr>\n<tr>\n<td width=\"200\">10. Inspection et tests<\/td>\n<td width=\"481\">Selon API598<\/td>\n<\/tr>\n<tr>\n<td width=\"200\"><strong>Exp\u00e9dition<\/strong><\/td>\n<td width=\"481\"><\/td>\n<\/tr>\n<tr>\n<td width=\"200\">D\u00e9lai de livraison<\/td>\n<td width=\"481\">30 jours<\/td>\n<\/tr>\n<tr>\n<td width=\"200\">Emballer<\/td>\n<td width=\"481\">Caisse en contreplaqu\u00e9 d&#039;exportation standard<\/td>\n<\/tr>\n<tr>\n<td width=\"200\">Port d&#039;exp\u00e9dition<\/td>\n<td width=\"481\">Ningbo\/Shanghai, Chine<\/td>\n<\/tr>\n<tr>\n<td width=\"200\">Conditions d&#039;exp\u00e9dition<\/td>\n<td width=\"481\">Exw, FOB, CFR, CIF, etc.<\/td>\n<\/tr>\n<tr>\n<td width=\"200\">Modalit\u00e9s de paiement<\/td>\n<td width=\"481\">T\/T, Western Union, PayPal, etc.<\/td>\n<\/tr>\n<tr>\n<td width=\"200\"><\/td>\n<td width=\"481\">Pr\u00e9paiement 30%, solde 70% pay\u00e9 avant l&#039;exp\u00e9dition<\/td>\n<\/tr>\n<tr>\n<td width=\"200\">Pays d&#039;origine<\/td>\n<td width=\"481\">Ville de Wenzhou, Chine<\/td>\n<\/tr>\n<tr>\n<td width=\"200\">Capacit\u00e9 de production<\/td>\n<td width=\"481\">6000 tonnes\/an<\/td>\n<\/tr>\n<tr>\n<td width=\"200\">MOQ<\/td>\n<td width=\"481\">1 pi\u00e8ces\/taille<\/td>\n<\/tr>\n<\/tbody>\n<\/table>","protected":false},"excerpt":{"rendered":"<p>Mod\u00e8le : STV-J65Y-A105N-2\u2033-1500LB<\/p>\n<p>Notre robinet \u00e0 soupape forg\u00e9 de type Y offre des performances sup\u00e9rieures dans diverses applications dans les domaines des produits chimiques,<br \/>\np\u00e9trochimique, gazier et diverses utilisations industrielles et id\u00e9al pour les applications en aval. Ils sont con\u00e7us,<br \/>\ncon\u00e7u et fabriqu\u00e9 en stricte conformit\u00e9 avec les normes API, ASTM, ASME, ANSI et autres normes reconnues.<br \/>\nNos vannes en acier forg\u00e9 ne se caract\u00e9risent pas seulement par des performances, une fiabilit\u00e9 et une qualit\u00e9 exceptionnelles, elles sont \u00e9galement connues pour leurs caract\u00e9ristiques standard normalement en option chez d&#039;autres marques.<\/p>\n<p>STV Valve Technology Group Co., Ltd est un leader professionnel des robinets \u00e0 soupape forg\u00e9s de type Y en Chine, des robinets \u00e0 soupape de classe 600 lb, des robinets \u00e0 soupape en acier au carbone forg\u00e9, des robinets \u00e0 soupape de classe 600 lb, des robinets \u00e0 soupape en acier forg\u00e9 API 602, des robinets \u00e0 soupape \u00e0 extr\u00e9mit\u00e9s pivotantes,2 Fabricant de robinets \u00e0 soupape en pouces de haute qualit\u00e9 et \u00e0 prix comp\u00e9titif.<\/p>\n<p>Veuillez contacter notre sales@stvvalve.com pour d&#039;autres mat\u00e9riaux et d\u00e9tails.<\/p>\n<p>Feuille de dates\u00a0:<a href=\"https:\/\/www.stvvalves.com\/wp-content\/uploads\/2019\/05\/Y-Type-Forged-Globe-Valve-Class-600Lb-A105N-Hand-Wheel-Operated-Sw-Ends-2-Inch-Drawing.pdf\">Vanne \u00e0 soupape forg\u00e9e de type Y, classe 600 lb, A105N, actionn\u00e9e par volant, extr\u00e9mit\u00e9s pivotantes, 2 pouces<\/a><\/p>","protected":false},"featured_media":4845,"template":"","meta":[],"product_brand":[],"product_cat":[64,45],"product_tag":[884,882,439,883,881],"class_list":{"0":"post-4842","1":"product","2":"type-product","3":"status-publish","4":"has-post-thumbnail","6":"product_cat-foreged-steel-globe-valve","7":"product_cat-globe-valve","8":"product_tag-2-inch-globe-valve","9":"product_tag-class-600-lb-globe-valve","10":"product_tag-forged-carbon-steel-globe-valve","11":"product_tag-sw-ends-globe-valve","12":"product_tag-y-type-forged-globe-valve","14":"first","15":"instock","16":"shipping-taxable","17":"product-type-simple"},"_links":{"self":[{"href":"https:\/\/www.stvvalves.com\/fr\/wp-json\/wp\/v2\/product\/4842","targetHints":{"allow":["GET"]}}],"collection":[{"href":"https:\/\/www.stvvalves.com\/fr\/wp-json\/wp\/v2\/product"}],"about":[{"href":"https:\/\/www.stvvalves.com\/fr\/wp-json\/wp\/v2\/types\/product"}],"wp:featuredmedia":[{"embeddable":true,"href":"https:\/\/www.stvvalves.com\/fr\/wp-json\/wp\/v2\/media\/4845"}],"wp:attachment":[{"href":"https:\/\/www.stvvalves.com\/fr\/wp-json\/wp\/v2\/media?parent=4842"}],"wp:term":[{"taxonomy":"product_brand","embeddable":true,"href":"https:\/\/www.stvvalves.com\/fr\/wp-json\/wp\/v2\/product_brand?post=4842"},{"taxonomy":"product_cat","embeddable":true,"href":"https:\/\/www.stvvalves.com\/fr\/wp-json\/wp\/v2\/product_cat?post=4842"},{"taxonomy":"product_tag","embeddable":true,"href":"https:\/\/www.stvvalves.com\/fr\/wp-json\/wp\/v2\/product_tag?post=4842"}],"curies":[{"name":"wp","href":"https:\/\/api.w.org\/{rel}","templated":true}]}}