{"id":4846,"date":"2019-05-06T03:29:17","date_gmt":"2019-05-06T03:29:17","guid":{"rendered":"https:\/\/www.stvvalves.com\/?post_type=product&#038;p=4846"},"modified":"2025-02-17T18:32:02","modified_gmt":"2025-02-17T10:32:02","slug":"300lb-bellow-seal-globe-valve-wcb-body-316-bellow-dn50-rf-end","status":"publish","type":"product","link":"https:\/\/www.stvvalves.com\/fr\/products\/300lb-bellow-seal-globe-valve-wcb-body-316-bellow-dn50-rf-end\/","title":{"rendered":"Vanne \u00e0 soupape \u00e0 joint \u00e0 soufflet 300LB, corps WCB, soufflet 316, DN50, extr\u00e9mit\u00e9 RF"},"content":{"rendered":"<p>1. Ce produit a une structure logique, un joint fiable, d&#039;excellentes performances et un design agr\u00e9able.<br \/>\n2. La surface du joint est soud\u00e9e par accumulation avec un alliage dur Co, qui est r\u00e9sistant \u00e0 l&#039;attrition, \u00e0 la corrosion, a une bonne r\u00e9sistance au frottement et une longue dur\u00e9e de vie.<br \/>\n3. La tige est tremp\u00e9e et revenue, et sa surface est trait\u00e9e par traitement \u00e0 l&#039;azote, elle a donc une bonne r\u00e9sistance \u00e0 la corrosion et au frottement.<br \/>\n4. Il a une double capacit\u00e9 d\u2019\u00e9tanch\u00e9it\u00e9, ce qui le rend plus fiable.<br \/>\n5. La tige peut indiquer la position de levage, elle est donc plus claire.<br \/>\n6. Le mat\u00e9riau de la pi\u00e8ce, la bride et la dimension de l&#039;extr\u00e9mit\u00e9 de la soudure bout \u00e0 bout peuvent \u00eatre s\u00e9lectionn\u00e9s en fonction des conditions de fonctionnement actuelles et des exigences des utilisateurs, afin de r\u00e9pondre aux exigences de diverses techniques.<br \/>\nFormation structurelle\u00a0: BB-BG-OS&amp;Y<br \/>\n7, mat\u00e9riaux : WCB, WC6, SS304, SS316<br \/>\n8, mat\u00e9riaux de soufflet : SS304, SS316, SS316L, SS310, Hastelly C.<br \/>\n9, gamme de tailles : 2\u2033-16\u2033<br \/>\n10, pression: 150LB-900LB<br \/>\n11. Mode de conduite\u00a0: \u00e0 commande manuelle, \u00e0 commande \u00e9lectrique<\/p>\n<p>Caract\u00e9ristiques<\/p>\n<p>Conception\u00a0: AP1600,AP16D<br \/>\nFace \u00e0 face\u00a0: ASME B16.10<br \/>\nExtr\u00e9mit\u00e9s de bride\u00a0: ASME B16.5<br \/>\nTest et inspection\u00a0: AP1598, AP16D<\/p>\n<table>\n<tbody>\n<tr>\n<td width=\"200\"><strong>Nom du produit<\/strong><\/td>\n<td width=\"481\">Vanne \u00e0 soupape \u00e0 joint \u00e0 soufflet 300LB, corps WCB, soufflet 316, DN50, extr\u00e9mit\u00e9 RF<\/td>\n<\/tr>\n<tr>\n<td width=\"200\">1. Mat\u00e9riel<\/td>\n<td width=\"481\">WCB<\/td>\n<\/tr>\n<tr>\n<td width=\"200\">2. Taille<\/td>\n<td width=\"481\">2&quot;<\/td>\n<\/tr>\n<tr>\n<td width=\"200\">4. Port<\/td>\n<td width=\"481\">Port complet<\/td>\n<\/tr>\n<tr>\n<td width=\"200\">5. Pression de travail<\/td>\n<td width=\"481\">300 livres<\/td>\n<\/tr>\n<tr>\n<td width=\"200\">6. Fin de la connexion<\/td>\n<td width=\"481\">RF<\/td>\n<\/tr>\n<tr>\n<td width=\"200\">7. Temp\u00e9rature de travail.<\/td>\n<td width=\"481\">-29~425\u00baC,<\/td>\n<\/tr>\n<tr>\n<td width=\"200\">8. Support appropri\u00e9<\/td>\n<td width=\"481\">Eau, gaz naturel, p\u00e9trole et certains liquides corrosifs<\/td>\n<\/tr>\n<tr>\n<td width=\"200\">9. Exploit\u00e9<\/td>\n<td width=\"481\">Volant<\/td>\n<\/tr>\n<tr>\n<td width=\"200\">10. Inspection et tests<\/td>\n<td width=\"481\">Selon API598<\/td>\n<\/tr>\n<tr>\n<td width=\"200\"><strong>Exp\u00e9dition<\/strong><\/td>\n<td width=\"481\"><\/td>\n<\/tr>\n<tr>\n<td width=\"200\">D\u00e9lai de livraison<\/td>\n<td width=\"481\">30 jours<\/td>\n<\/tr>\n<tr>\n<td width=\"200\">Emballer<\/td>\n<td width=\"481\">Caisse en contreplaqu\u00e9 d&#039;exportation standard<\/td>\n<\/tr>\n<tr>\n<td width=\"200\">Port d&#039;exp\u00e9dition<\/td>\n<td width=\"481\">Ningbo\/Shanghai, Chine<\/td>\n<\/tr>\n<tr>\n<td width=\"200\">Conditions d&#039;exp\u00e9dition<\/td>\n<td width=\"481\">Exw, FOB, CFR, CIF, etc.<\/td>\n<\/tr>\n<tr>\n<td width=\"200\">Modalit\u00e9s de paiement<\/td>\n<td width=\"481\">T\/T, Western Union, PayPal, etc.<\/td>\n<\/tr>\n<tr>\n<td width=\"200\"><\/td>\n<td width=\"481\">Pr\u00e9paiement 30%, solde 70% pay\u00e9 avant l&#039;exp\u00e9dition<\/td>\n<\/tr>\n<tr>\n<td width=\"200\">Pays d&#039;origine<\/td>\n<td width=\"481\">Ville de Wenzhou, Chine<\/td>\n<\/tr>\n<tr>\n<td width=\"200\">Capacit\u00e9 de production<\/td>\n<td width=\"481\">6000 tonnes\/an<\/td>\n<\/tr>\n<tr>\n<td width=\"200\">MOQ<\/td>\n<td width=\"481\">1 pi\u00e8ces\/taille<\/td>\n<\/tr>\n<\/tbody>\n<\/table>","protected":false},"excerpt":{"rendered":"<p>Mod\u00e8le\u00a0: STV-WJ41H-300LB-DN50-WCB<\/p>\n<p>La vanne \u00e0 soupape \u00e0 joint \u00e0 soufflet de 300 LB avec joint \u00e0 soufflet selon ANSI est applicable \u00e0 la coupe, \u00e0 la commutation et au r\u00e9glage du fluide. Milieu utilis\u00e9 dans diverses industries telles que le p\u00e9trole, l&#039;industrie chimique, la pharmacie, les engrais chimiques, l&#039;industrie de l&#039;\u00e9nergie \u00e9lectrique, etc. sous une pression nominale de CLASS150-900LBS et une temp\u00e9rature de fonctionnement de -29~350\u00b0C.<br \/>\nUne prise parabolique pour l&#039;interrupteur et le r\u00e9glage du fluide est disponible.<\/p>\n<p>STV Valve Technology Group Co., Ltd est un leader professionnel des vannes \u00e0 soupape \u00e0 soufflet en Chine, des vannes \u00e0 soupape \u00e0 joint \u00e0 soufflet de 300 LB, des vannes \u00e0 soupape \u00e0 joint \u00e0 soufflet WCB, des vannes \u00e0 soupape \u00e0 joint \u00e0 soufflet 316, un fabricant chinois de vannes \u00e0 soupape \u00e0 joint \u00e0 soufflet moul\u00e9 de haute qualit\u00e9 et \u00e0 des prix comp\u00e9titifs.<\/p>\n<p>Veuillez contacter notre sales@stvvalve.com pour d&#039;autres mat\u00e9riaux et d\u00e9tails.<\/p>\n<p>Feuille de dates\u00a0:<a href=\"https:\/\/www.stvvalves.com\/wp-content\/uploads\/2019\/05\/300lb-bellow-seal-globe-valve-wcb-body-316-bellow-dn50-rf-end-drawing.pdf\">Vanne \u00e0 soupape \u00e0 joint \u00e0 soufflet 300LB, corps WCB, soufflet 316, DN50, extr\u00e9mit\u00e9 RF<\/a><\/p>","protected":false},"featured_media":4849,"template":"","meta":[],"product_brand":[],"product_cat":[65,45],"product_tag":[885,886,357,887,375],"class_list":{"0":"post-4846","1":"product","2":"type-product","3":"status-publish","4":"has-post-thumbnail","6":"product_cat-bellow-seal-globe-valve","7":"product_cat-globe-valve","8":"product_tag-300lb-bellow-seal-globe-valve","9":"product_tag-316-bellow-seal-globe-valve","10":"product_tag-bellows-seal-valves","11":"product_tag-cast-bellows-seal-globe-valve","12":"product_tag-wcb-bellow-seal-globe-valve","14":"first","15":"instock","16":"shipping-taxable","17":"product-type-simple"},"_links":{"self":[{"href":"https:\/\/www.stvvalves.com\/fr\/wp-json\/wp\/v2\/product\/4846","targetHints":{"allow":["GET"]}}],"collection":[{"href":"https:\/\/www.stvvalves.com\/fr\/wp-json\/wp\/v2\/product"}],"about":[{"href":"https:\/\/www.stvvalves.com\/fr\/wp-json\/wp\/v2\/types\/product"}],"wp:featuredmedia":[{"embeddable":true,"href":"https:\/\/www.stvvalves.com\/fr\/wp-json\/wp\/v2\/media\/4849"}],"wp:attachment":[{"href":"https:\/\/www.stvvalves.com\/fr\/wp-json\/wp\/v2\/media?parent=4846"}],"wp:term":[{"taxonomy":"product_brand","embeddable":true,"href":"https:\/\/www.stvvalves.com\/fr\/wp-json\/wp\/v2\/product_brand?post=4846"},{"taxonomy":"product_cat","embeddable":true,"href":"https:\/\/www.stvvalves.com\/fr\/wp-json\/wp\/v2\/product_cat?post=4846"},{"taxonomy":"product_tag","embeddable":true,"href":"https:\/\/www.stvvalves.com\/fr\/wp-json\/wp\/v2\/product_tag?post=4846"}],"curies":[{"name":"wp","href":"https:\/\/api.w.org\/{rel}","templated":true}]}}