{"id":4852,"date":"2019-05-07T03:22:03","date_gmt":"2019-05-07T03:22:03","guid":{"rendered":"https:\/\/www.stvvalves.com\/?post_type=product&#038;p=4852"},"modified":"2025-02-17T18:32:01","modified_gmt":"2025-02-17T10:32:01","slug":"forged-steel-flange-y-strainer-pn40-a105n-body-dn50","status":"publish","type":"product","link":"https:\/\/www.stvvalves.com\/fr\/products\/forged-steel-flange-y-strainer-pn40-a105n-body-dn50\/","title":{"rendered":"Cr\u00e9pine en Y \u00e0 bride en acier forg\u00e9, PN40, corps A105N, DN50"},"content":{"rendered":"<p>Cr\u00e9pine de type Y en acier forg\u00e9, classe Ansi 800LBS, SW, NPT, extr\u00e9mit\u00e9s BW, capot boulonn\u00e9, capot soud\u00e9, acier au carbone, acier inoxydable, acier duplex, fournisseur et fabricant de cr\u00e9pines de type Y forg\u00e9es en acier alli\u00e9. Sp\u00e9cifications pour la cr\u00e9pine forg\u00e9e de type Y 800LBS<br \/>\n1. Tailles\u00a0: 1\/2\u2033 -2\u2033<br \/>\n2. Pression nominale\u00a0: ANSI 800Lbs-2500LB<br \/>\n3. Milieu appropri\u00e9 : Eau, gaz, p\u00e9trole, vapeur, etc.<br \/>\n4. Mat\u00e9riau du corps\u00a0: A105, LF2, SS304, SS316, SS304L, SS316L, F51, F53, alliage 20, etc.<br \/>\n5. \u00c9cran\u00a0: Acier inoxydable (304SS, 316SS)<br \/>\n6. Connexion d&#039;extr\u00e9mit\u00e9\u00a0: Bride, BW, SW, NPT (filet\u00e9e, viss\u00e9e)<br \/>\n7. Autres sur demande<\/p>\n<div id=\"attachment_4853\" style=\"width: 2525px\" class=\"wp-caption alignleft\"><img loading=\"lazy\" decoding=\"async\" aria-describedby=\"caption-attachment-4853\" class=\"size-full wp-image-4853\" src=\"https:\/\/www.stvvalves.com\/wp-content\/uploads\/2019\/05\/forged-steel-flange-y-strainer-pn40-a105n-body-dn50-catalog.jpg\" alt=\"\" width=\"2515\" height=\"1718\" srcset=\"https:\/\/www.stvvalves.com\/wp-content\/uploads\/2019\/05\/forged-steel-flange-y-strainer-pn40-a105n-body-dn50-catalog.jpg 2515w, https:\/\/www.stvvalves.com\/wp-content\/uploads\/2019\/05\/forged-steel-flange-y-strainer-pn40-a105n-body-dn50-catalog-600x410.jpg 600w, https:\/\/www.stvvalves.com\/wp-content\/uploads\/2019\/05\/forged-steel-flange-y-strainer-pn40-a105n-body-dn50-catalog-300x205.jpg 300w, https:\/\/www.stvvalves.com\/wp-content\/uploads\/2019\/05\/forged-steel-flange-y-strainer-pn40-a105n-body-dn50-catalog-768x525.jpg 768w, https:\/\/www.stvvalves.com\/wp-content\/uploads\/2019\/05\/forged-steel-flange-y-strainer-pn40-a105n-body-dn50-catalog-1030x704.jpg 1030w, https:\/\/www.stvvalves.com\/wp-content\/uploads\/2019\/05\/forged-steel-flange-y-strainer-pn40-a105n-body-dn50-catalog-1500x1025.jpg 1500w, https:\/\/www.stvvalves.com\/wp-content\/uploads\/2019\/05\/forged-steel-flange-y-strainer-pn40-a105n-body-dn50-catalog-705x482.jpg 705w\" sizes=\"auto, (max-width: 2515px) 100vw, 2515px\" \/><p id=\"caption-attachment-4853\" class=\"wp-caption-text\">Cr\u00e9pine de type Y en acier forg\u00e9 de Chine, cr\u00e9pine de type Y en acier moul\u00e9. Cr\u00e9pine en Y \u00e0 extr\u00e9mit\u00e9 \u00e0 bride API, cr\u00e9pine en Y \u00e0 extr\u00e9mit\u00e9 \u00e0 bride PN40, cr\u00e9pine de type Y DN50, fabricant de cr\u00e9pine de type Y \u00e0 corps A105N<\/p><\/div>","protected":false},"excerpt":{"rendered":"<p>Mod\u00e8le\u00a0: STV-GL41H-PN40-DN50<\/p>\n<p>Notre cr\u00e9pine en Y \u00e0 bride en acier forg\u00e9 utilise des m\u00e9thodes de forgeage pour produire une vari\u00e9t\u00e9 de pi\u00e8ces forg\u00e9es et de pi\u00e8ces forg\u00e9es. La qualit\u00e9 des pi\u00e8ces en acier forg\u00e9 est sup\u00e9rieure \u00e0 celle des pi\u00e8ces moul\u00e9es en acier, peut r\u00e9sister \u00e0 des forces d&#039;impact importantes, \u00e0 des temp\u00e9ratures et \u00e0 des pressions \u00e9lev\u00e9es, et sa plasticit\u00e9, sa t\u00e9nacit\u00e9 et ses autres propri\u00e9t\u00e9s m\u00e9caniques sont \u00e9galement sup\u00e9rieures \u00e0 celles des filtres de type \u00fd en acier moul\u00e9, de sorte que certaines machines et \u00e9quipement Il est pr\u00e9f\u00e9rable d&#039;utiliser un filtre de type \u00fd en acier forg\u00e9 comme dispositif de filtrage dans des conditions de travail importantes et compliqu\u00e9es. Ce produit n&#039;aura pas de fuite externe caus\u00e9e par la manipulation de collisions et le moulage de trous de sable.<\/p>\n<p>La cr\u00e9pine de type y forg\u00e9e (cr\u00e9pine en y forg\u00e9e) est con\u00e7ue pour des al\u00e9sages de 1\/2 pouce \u00e0 2 pouces, \u00e0 la fois pour les extr\u00e9mit\u00e9s \u00e0 souder et les extr\u00e9mit\u00e9s filet\u00e9es\u00a0; les mat\u00e9riaux sont en acier au carbone forg\u00e9 et en acier inoxydable ; plage de pression nominale de 150LBS \u00e0 2500LBS.<\/p>\n<div class=\"woocommerce-product-details__short-description\">\n<p>STV Valve Technology Group Co., Ltd est un leader professionnel forg\u00e9 en Chine<em>\u00a0Acier<\/em> Cr\u00e9pine de type Y, cr\u00e9pine de type Y en acier moul\u00e9. Cr\u00e9pine en Y \u00e0 extr\u00e9mit\u00e9 \u00e0 bride API, cr\u00e9pine en Y \u00e0 extr\u00e9mit\u00e9 \u00e0 bride PN40, cr\u00e9pine de type DN50 Y, fabricant de cr\u00e9pine de type Y \u00e0 corps A105N de haute qualit\u00e9 et \u00e0 prix comp\u00e9titif.<\/p>\n<p>Veuillez contacter notre sales@stvvalve.com pour d&#039;autres mat\u00e9riaux et d\u00e9tails.<\/p>\n<p>Feuille de dates\u00a0:<a href=\"https:\/\/www.stvvalves.com\/wp-content\/uploads\/2019\/05\/forged-steel-flange-y-strainer-pn40-a105n-body-dn50-catalog.jpg\">Cr\u00e9pine en Y \u00e0 bride en acier forg\u00e9, PN40, corps A105N, DN50<\/a><\/p>\n<\/div>","protected":false},"featured_media":4854,"template":"","meta":[],"product_brand":[],"product_cat":[964,48],"product_tag":[891,888,233,890,284,889],"class_list":{"0":"post-4852","1":"product","2":"type-product","3":"status-publish","4":"has-post-thumbnail","6":"product_cat-forged-steel-y-type-strainer","7":"product_cat-y-strainer","8":"product_tag-a105n-body-y-type-strainer","9":"product_tag-api-flanged-end-y-strainer","10":"product_tag-cast-steel-y-type-strainer","11":"product_tag-dn50-y-type-strainer","12":"product_tag-forged-steel-y-type-strainer","13":"product_tag-pn40-flanged-end-y-strainer","15":"first","16":"instock","17":"shipping-taxable","18":"product-type-simple"},"_links":{"self":[{"href":"https:\/\/www.stvvalves.com\/fr\/wp-json\/wp\/v2\/product\/4852","targetHints":{"allow":["GET"]}}],"collection":[{"href":"https:\/\/www.stvvalves.com\/fr\/wp-json\/wp\/v2\/product"}],"about":[{"href":"https:\/\/www.stvvalves.com\/fr\/wp-json\/wp\/v2\/types\/product"}],"wp:featuredmedia":[{"embeddable":true,"href":"https:\/\/www.stvvalves.com\/fr\/wp-json\/wp\/v2\/media\/4854"}],"wp:attachment":[{"href":"https:\/\/www.stvvalves.com\/fr\/wp-json\/wp\/v2\/media?parent=4852"}],"wp:term":[{"taxonomy":"product_brand","embeddable":true,"href":"https:\/\/www.stvvalves.com\/fr\/wp-json\/wp\/v2\/product_brand?post=4852"},{"taxonomy":"product_cat","embeddable":true,"href":"https:\/\/www.stvvalves.com\/fr\/wp-json\/wp\/v2\/product_cat?post=4852"},{"taxonomy":"product_tag","embeddable":true,"href":"https:\/\/www.stvvalves.com\/fr\/wp-json\/wp\/v2\/product_tag?post=4852"}],"curies":[{"name":"wp","href":"https:\/\/api.w.org\/{rel}","templated":true}]}}